{"id":14826,"date":"2014-04-23T16:14:38","date_gmt":"2014-04-23T13:14:38","guid":{"rendered":"http:\/\/the7.dream-demo.com\/?page_id=14826"},"modified":"2024-01-18T16:14:03","modified_gmt":"2024-01-18T15:14:03","slug":"contacto","status":"publish","type":"page","link":"https:\/\/goldmanservice.com\/en\/contacto\/","title":{"rendered":"Contacto"},"content":{"rendered":"<div class=\"wpb-content-wrapper\"><div data-vc-full-width=\"true\" data-vc-full-width-temp=\"true\" data-vc-full-width-init=\"false\" class=\"vc_row wpb_row vc_row-fluid wpb_animate_when_almost_visible wpb_fadeInUp fadeInUp vc_custom_1653410347532 vc_row-has-fill vc_row-o-equal-height vc_row-flex\"><div class=\"wpb_column vc_column_container vc_col-sm-12 vc_col-lg-offset-1 vc_col-lg-10 vc_col-md-offset-0 vc_col-md-12 vc_col-sm-offset-0\"><div class=\"vc_column-inner vc_custom_1491991848941\"><div class=\"wpb_wrapper\"><div class=\"vc_row wpb_row vc_inner vc_row-fluid vc_row-o-equal-height vc_row-flex\"><div class=\"wpb_column vc_column_container vc_col-sm-4\"><div class=\"vc_column-inner vc_custom_1479032888299\"><div class=\"wpb_wrapper\"><div id=\"ultimate-heading-46346a0966be1e6c7\" class=\"uvc-heading ult-adjust-bottom-margin ultimate-heading-46346a0966be1e6c7 uvc-9969 color-title accent-icon-color\" data-hspacer=\"icon_only\"  data-halign=\"center\" style=\"text-align:center\"><div class=\"uvc-heading-spacer icon_only\" style=\"margin-bottom:20px;\"><div class=\"ult-just-icon-wrapper\"><div class=\"align-icon\" style=\"text-align:center;\">\n<div class=\"aio-icon none\"  style=\"font-size:48px;display:inline-block;\">\n\t<i class=\"icomoon-font-awesome-14x14-globe\"><\/i>\n<\/div><\/div><\/div><\/div><div class=\"uvc-main-heading ult-responsive\"  data-ultimate-target='.uvc-heading.ultimate-heading-46346a0966be1e6c7 h2'  data-responsive-json-new='{\"font-size\":\"desktop:14px;\",\"line-height\":\"desktop:24px;\"}' ><h2 style=\"font-weight:bold;color:#aaaaaa;margin-bottom:4px;\">ESTAMOS EN<\/h2><\/div><div class=\"uvc-sub-heading ult-responsive\"  data-ultimate-target='.uvc-heading.ultimate-heading-46346a0966be1e6c7 .uvc-sub-heading '  data-responsive-json-new='{\"font-size\":\"desktop:20px;\",\"line-height\":\"desktop:30px;\"}'  style=\"font-family:&#039;Roboto Condensed&#039;;font-weight:700;margin-bottom:0px;\">C\/ Benadalid 33, 29006 M\u00e1laga (Espa\u00f1a)<\/div><\/div><\/div><\/div><\/div><div class=\"wpb_column vc_column_container vc_col-sm-4\"><div class=\"vc_column-inner vc_custom_1479032916919\"><div class=\"wpb_wrapper\"><div id=\"ultimate-heading-69946a0966be1ea76\" class=\"uvc-heading ult-adjust-bottom-margin ultimate-heading-69946a0966be1ea76 uvc-3896 color-title accent-icon-color\" data-hspacer=\"icon_only\"  data-halign=\"center\" style=\"text-align:center\"><div class=\"uvc-heading-spacer icon_only\" style=\"margin-bottom:20px;\"><div class=\"ult-just-icon-wrapper\"><div class=\"align-icon\" style=\"text-align:center;\">\n<div class=\"aio-icon none\"  style=\"font-size:48px;display:inline-block;\">\n\t<i class=\"icomoon-font-awesome-14x14-phone-square\"><\/i>\n<\/div><\/div><\/div><\/div><div class=\"uvc-main-heading ult-responsive\"  data-ultimate-target='.uvc-heading.ultimate-heading-69946a0966be1ea76 h2'  data-responsive-json-new='{\"font-size\":\"desktop:14px;\",\"line-height\":\"desktop:24px;\"}' ><h2 style=\"font-weight:bold;color:#aaaaaa;margin-bottom:4px;\">LL\u00c1MANOS AL<\/h2><\/div><div class=\"uvc-sub-heading ult-responsive\"  data-ultimate-target='.uvc-heading.ultimate-heading-69946a0966be1ea76 .uvc-sub-heading '  data-responsive-json-new='{\"font-size\":\"desktop:20px;\",\"line-height\":\"desktop:30px;\"}'  style=\"font-family:&#039;Roboto Condensed&#039;;font-weight:700;margin-bottom:0px;\">+34 951 133 712<\/div><\/div><\/div><\/div><\/div><div class=\"wpb_column vc_column_container vc_col-sm-4\"><div class=\"vc_column-inner vc_custom_1479032922138\"><div class=\"wpb_wrapper\"><div id=\"ultimate-heading-78646a0966be1ed9f\" class=\"uvc-heading ult-adjust-bottom-margin ultimate-heading-78646a0966be1ed9f uvc-8452 color-title accent-icon-color\" data-hspacer=\"icon_only\"  data-halign=\"center\" style=\"text-align:center\"><div class=\"uvc-heading-spacer icon_only\" style=\"margin-bottom:20px;\"><div class=\"ult-just-icon-wrapper\"><div class=\"align-icon\" style=\"text-align:center;\">\n<div class=\"aio-icon none\"  style=\"font-size:48px;display:inline-block;\">\n\t<i class=\"icomoon-font-awesome-14x14-envelope-square\"><\/i>\n<\/div><\/div><\/div><\/div><div class=\"uvc-main-heading ult-responsive\"  data-ultimate-target='.uvc-heading.ultimate-heading-78646a0966be1ed9f h2'  data-responsive-json-new='{\"font-size\":\"desktop:14px;\",\"line-height\":\"desktop:24px;\"}' ><h2 style=\"font-weight:bold;color:#aaaaaa;margin-bottom:4px;\">ESCR\u00cdBENOS<\/h2><\/div><div class=\"uvc-sub-heading ult-responsive\"  data-ultimate-target='.uvc-heading.ultimate-heading-78646a0966be1ed9f .uvc-sub-heading '  data-responsive-json-new='{\"font-size\":\"desktop:20px;\",\"line-height\":\"desktop:30px;\"}'  style=\"font-family:&#039;Roboto Condensed&#039;;font-weight:700;margin-bottom:0px;\">info@goldmanservice.com<\/div><\/div><\/div><\/div><\/div><\/div><\/div><\/div><\/div><div class=\"wpb_column vc_column_container vc_col-sm-12 vc_col-lg-offset-2 vc_col-lg-8 vc_col-md-offset-1 vc_col-md-11 vc_col-sm-offset-0\"><div class=\"vc_column-inner\"><div class=\"wpb_wrapper\"><div class=\"wpb_gmaps_widget wpb_content_element\"><div class=\"wpb_wrapper\"><div class=\"wpb_map_wraper\"><iframe src=\"https:\/\/www.google.com\/maps\/embed?pb=!1m18!1m12!1m3!1d3198.878185861046!2d-4.467968!3d36.701465000000006!2m3!1f0!2f0!3f0!3m2!1i1024!2i768!4f13.1!3m3!1m2!1s0xd72f74b0709b35b%3A0x60f05d6f8fab0e54!2sGOLDMAN%20SERVICE%20TRADING%2C%20S.L.!5e0!3m2!1ses!2ses!4v1705590757356!5m2!1ses!2ses\" width=\"600\" height=\"450\" style=\"border:0;\" allowfullscreen=\"\" loading=\"lazy\" referrerpolicy=\"no-referrer-when-downgrade\"><\/iframe><\/div><\/div><\/div><div id=\"ultimate-heading-10026a0966be1f41d\" class=\"uvc-heading ult-adjust-bottom-margin ultimate-heading-10026a0966be1f41d uvc-5854\" data-hspacer=\"line_with_icon\" data-hline_width=\"230\" data-hicon_type=\"selector\" data-hborder_style=\"solid\" data-hborder_height=\"2\" data-hborder_color=\"rgba(204,204,204,0.85)\" data-icon_width=\"14\" data-hfixer=\"10\"  data-halign=\"center\" style=\"text-align:center\"><div class=\"uvc-main-heading ult-responsive\"  data-ultimate-target='.uvc-heading.ultimate-heading-10026a0966be1f41d h2'  data-responsive-json-new='{\"font-size\":\"desktop:20px;\",\"line-height\":\"desktop:30px;\"}' ><h2 style=\"font-weight:bold;margin-top:30px;\">\u00bfTIENES ALGUNA PREGUNTA PARA NOSOTROS?<\/h2><\/div><div class=\"uvc-heading-spacer line_with_icon\" style=\"margin-bottom:40px;height:14px;\"><div class=\"ult-just-icon-wrapper\"><div class=\"align-icon\" style=\"text-align:center;\">\n<div class=\"aio-icon none\"  style=\"color:#cccccc;font-size:14px;display:inline-block;\">\n\t<i class=\"icomoon-font-awesome-14x14-star\"><\/i>\n<\/div><\/div><\/div><\/div><\/div>\n\t<div class=\"wpb_text_column wpb_content_element  vc_custom_1653302111113\" >\n\t\t<div class=\"wpb_wrapper\">\n\t\t\t<p style=\"text-align: center;\">Para cualquier duda o consulta que tengas, estaremos encantado de ayudarte y responderte. D\u00e9janos un mensaje a continuaci\u00f3n:<\/p>\n\n\t\t<\/div>\n\t<\/div>\n\n<div class=\"wpcf7 no-js\" id=\"wpcf7-f37486-o1\" lang=\"en-US\" dir=\"ltr\" data-wpcf7-id=\"37486\">\n<div class=\"screen-reader-response\"><p role=\"status\" aria-live=\"polite\" aria-atomic=\"true\"><\/p> <ul><\/ul><\/div>\n<form action=\"\/en\/wp-json\/wp\/v2\/pages\/14826#wpcf7-f37486-o1\" method=\"post\" class=\"wpcf7-form init\" aria-label=\"Contact form\" novalidate=\"novalidate\" data-status=\"init\" data-trp-original-action=\"\/en\/wp-json\/wp\/v2\/pages\/14826#wpcf7-f37486-o1\">\n<fieldset class=\"hidden-fields-container\"><input type=\"hidden\" name=\"_wpcf7\" value=\"37486\" \/><input type=\"hidden\" name=\"_wpcf7_version\" value=\"6.1.6\" \/><input type=\"hidden\" name=\"_wpcf7_locale\" value=\"en_US\" \/><input type=\"hidden\" name=\"_wpcf7_unit_tag\" value=\"wpcf7-f37486-o1\" \/><input type=\"hidden\" name=\"_wpcf7_container_post\" value=\"0\" \/><input type=\"hidden\" name=\"_wpcf7_posted_data_hash\" value=\"\" \/><input type=\"hidden\" name=\"_wpcf7_recaptcha_response\" value=\"\" \/>\n<\/fieldset>\n<div class=\"form-contacto\">\n\t<p><span class=\"wpcf7-form-control-wrap\" data-name=\"nombre\"><input size=\"40\" maxlength=\"400\" class=\"wpcf7-form-control wpcf7-text wpcf7-validates-as-required\" aria-required=\"true\" aria-invalid=\"false\" placeholder=\"Nombre*\" value=\"\" type=\"text\" name=\"nombre\" \/><\/span><br \/>\n<span class=\"wpcf7-form-control-wrap\" data-name=\"email\"><input size=\"40\" maxlength=\"400\" class=\"wpcf7-form-control wpcf7-email wpcf7-validates-as-required wpcf7-text wpcf7-validates-as-email\" aria-required=\"true\" aria-invalid=\"false\" placeholder=\"Email*\" value=\"\" type=\"email\" name=\"email\" \/><\/span>\n\t<\/p>\n\t<p><span class=\"wpcf7-form-control-wrap\" data-name=\"phone\"><input size=\"40\" maxlength=\"400\" class=\"wpcf7-form-control wpcf7-text wpcf7-validates-as-required\" aria-required=\"true\" aria-invalid=\"false\" placeholder=\"Tel\u00e9fono\" value=\"\" type=\"text\" name=\"phone\" \/><\/span>\n\t<\/p>\n\t<p><span class=\"wpcf7-form-control-wrap\" data-name=\"mensaje\"><textarea cols=\"3\" rows=\"2\" maxlength=\"2000\" class=\"wpcf7-form-control wpcf7-textarea\" aria-invalid=\"false\" placeholder=\"Comentarios\" name=\"mensaje\"><\/textarea><\/span>\n\t<\/p>\n\t<p><span class=\"wpcf7-form-control-wrap\" data-name=\"aceptacion\"><span class=\"wpcf7-form-control wpcf7-acceptance\"><span class=\"wpcf7-list-item\"><label><input type=\"checkbox\" name=\"aceptacion\" value=\"1\" aria-invalid=\"false\" \/><span class=\"wpcf7-list-item-label\">He le\u00eddo y acepto la informaci\u00f3n sobre protecci\u00f3n de datos:<\/span><\/label><\/span><\/span><\/span><br \/>\n<small>Sus datos son utilizados para gestionar las consultas que se realizan a trav\u00e9s de nuestra web mediante su tratamiento como \"Formulario Web\". La base legal para el<br \/>\ntratamiento de sus datos es su consentimiento expl\u00edcito, prestado a trav\u00e9s de la aceptaci\u00f3n del Checkbox. No se ceder\u00e1n datos a terceros, salvo obligaci\u00f3n legal. Podr\u00e1 acceder, rectificar y suprimir los datos as\u00ed como otros derechos, tal y como se explica en la informaci\u00f3n adicional. La informaci\u00f3n adicional la encontrar\u00e1 en el<br \/>\nAVISO LEGAL de nuestra p\u00e1gina web.<br \/>\n\t\t<span class=\"wpcf7-form-control-wrap recaptcha\" data-name=\"recaptcha\"><span data-sitekey=\"6Ldd6pYqAAAAAKlUTvf_XkxASTqPGkLJUz8SODhG\" class=\"wpcf7-form-control wpcf7-recaptcha g-recaptcha\"><\/span>\r\n<noscript>\r\n\t<div class=\"grecaptcha-noscript\">\r\n\t\t<iframe loading=\"lazy\" src=\"https:\/\/www.google.com\/recaptcha\/api\/fallback?k=6Ldd6pYqAAAAAKlUTvf_XkxASTqPGkLJUz8SODhG\" frameborder=\"0\" scrolling=\"no\" width=\"310\" height=\"430\">\r\n\t\t<\/iframe>\r\n\t\t<textarea name=\"g-recaptcha-response\" rows=\"3\" cols=\"40\" placeholder=\"reCaptcha Response Here\">\r\n\t\t<\/textarea>\r\n\t<\/div>\r\n<\/noscript>\r\n<\/span><br \/>\n<input class=\"wpcf7-form-control wpcf7-submit has-spinner button\" type=\"submit\" value=\"Enviar\" \/><\/small>\n\t<\/p>\n<\/div><div class=\"wpcf7-response-output\" aria-hidden=\"true\"><\/div>\n<input type=\"hidden\" name=\"trp-form-language\" value=\"en\"\/><\/form>\n<\/div>\n<\/div><\/div><\/div><\/div><div class=\"vc_row-full-width vc_clearfix\"><\/div><!-- Row Backgrounds --><div class=\"upb_color\" data-bg-override=\"0\" data-bg-color=\"#ffffff\" data-fadeout=\"\" data-fadeout-percentage=\"30\" data-parallax-content=\"\" data-parallax-content-sense=\"30\" data-row-effect-mobile-disable=\"true\" data-img-parallax-mobile-disable=\"true\" data-rtl=\"false\"  data-custom-vc-row=\"\"  data-vc=\"8.7.2\"  data-is_old_vc=\"\"  data-theme-support=\"\"   data-overlay=\"false\" data-overlay-color=\"\" data-overlay-pattern=\"\" data-overlay-pattern-opacity=\"\" data-overlay-pattern-size=\"\"    ><\/div>\n<\/div>","protected":false},"excerpt":{"rendered":"<p>ESTAMOS ENC\/ Benadalid 33, 29006 M\u00e1laga (Espa\u00f1a) LL\u00c1MANOS AL+34 951 133 712 ESCR\u00cdBENOSinfo@goldmanservice.com\u00bfTIENES ALGUNA PREGUNTA PARA NOSOTROS? Para cualquier duda o consulta que tengas, estaremos encantado de ayudarte y responderte. D\u00e9janos un mensaje a continuaci\u00f3n: He le\u00eddo y acepto la informaci\u00f3n sobre protecci\u00f3n de datos: Sus datos son utilizados para gestionar las consultas que se&hellip;<\/p>","protected":false},"author":8,"featured_media":0,"parent":0,"menu_order":995,"comment_status":"closed","ping_status":"closed","template":"","meta":{"footnotes":""},"class_list":["post-14826","page","type-page","status-publish","hentry","description-off"],"_links":{"self":[{"href":"https:\/\/goldmanservice.com\/en\/wp-json\/wp\/v2\/pages\/14826","targetHints":{"allow":["GET"]}}],"collection":[{"href":"https:\/\/goldmanservice.com\/en\/wp-json\/wp\/v2\/pages"}],"about":[{"href":"https:\/\/goldmanservice.com\/en\/wp-json\/wp\/v2\/types\/page"}],"author":[{"embeddable":true,"href":"https:\/\/goldmanservice.com\/en\/wp-json\/wp\/v2\/users\/8"}],"replies":[{"embeddable":true,"href":"https:\/\/goldmanservice.com\/en\/wp-json\/wp\/v2\/comments?post=14826"}],"version-history":[{"count":10,"href":"https:\/\/goldmanservice.com\/en\/wp-json\/wp\/v2\/pages\/14826\/revisions"}],"predecessor-version":[{"id":38127,"href":"https:\/\/goldmanservice.com\/en\/wp-json\/wp\/v2\/pages\/14826\/revisions\/38127"}],"wp:attachment":[{"href":"https:\/\/goldmanservice.com\/en\/wp-json\/wp\/v2\/media?parent=14826"}],"curies":[{"name":"wp","href":"https:\/\/api.w.org\/{rel}","templated":true}]}}