{"id":1315,"date":"2022-02-18T05:56:11","date_gmt":"2022-02-18T04:56:11","guid":{"rendered":"https:\/\/goldmanservice.com\/?post_type=product&#038;p=1315"},"modified":"2023-12-12T12:31:53","modified_gmt":"2023-12-12T11:31:53","slug":"kit-2-botellas-freeze-32-organico-de-recarga-de-gas-refrigerante-para-aire-acondicionado-valvula-de-servicio-manguera-de-carga-rapida-bombona-de-gas-organico-ecologico-sustituto-de-r410a-r32","status":"publish","type":"product","link":"https:\/\/goldmanservice.com\/en\/climatizacion\/aire-acondicionado\/kit-2-botellas-freeze-32-organico-de-recarga-de-gas-refrigerante-para-aire-acondicionado-valvula-de-servicio-manguera-de-carga-rapida-bombona-de-gas-organico-ecologico-sustituto-de-r410a-r32\/","title":{"rendered":"Kit 2 botellas Freeze +32 Org\u00e1nico Recarga de Gas Refrigerante"},"content":{"rendered":"<p>Kit 2 botellas Freeze +32 Org\u00e1nico de Recarga de Gas Refrigerante para Aire Acondicionado + V\u00e1lvula de Servicio + Manguera de Carga r\u00e1pida. Bombona de Gas org\u00e1nico ecol\u00f3gico sustituto de R410A, R32.<\/p>\n<p>Dimensiones del paquete: \u200e30 x 23 x 11 cm; 1.2 kilogramos<br \/>\nMaterial: \u200eG<\/p>","protected":false},"excerpt":{"rendered":"<ul class=\"a-unordered-list a-vertical a-spacing-mini\">\n<li><span class=\"a-list-item\">2 botes Gas Refrigerante Freeze +32, 100% org\u00e1nico y ecol\u00f3gico. La Carga del gas es compatible como sustituto R410A, R32. Es un nuevo gas que sustituye sin problemas a la mayor\u00eda de gases contaminantes, y debido a su car\u00e1cter no contaminante no es necesario permisos ni el pago de tasas.<\/span><\/li>\n<li><span class=\"a-list-item\">El kit recarga para maquinas de aire acondicionado, incluye adem\u00e1s la v\u00e1lvula de servicio, la manguera de primera calidad, muy \u00fatil para hacer cargas en aires acondicionado. Muy f\u00e1cil de usar, utilizado por profesionales que aprovechan el refrigerante del aparato y solo rellena la falta hasta la carga completa, con el consiguiente ahorro econ\u00f3mico y ecol\u00f3gico.<\/span><\/li>\n<li><span class=\"a-list-item\">La instalaci\u00f3n y manejo es compatibles para el uso con cualquier tipo de bomba de vac\u00edo, man\u00f3metros, v\u00e1lvulas, mangueras y , tapafugas y dem\u00e1s herramientas de instalaci\u00f3n, reparaci\u00f3n y mantenimiento de equipos de aire acondicionado.<\/span><\/li>\n<li><span class=\"a-list-item\">La composici\u00f3n del Gas Freeze+32, esta formulado con ingredientes m\u00e1s puros y refinados, al ser ecol\u00f3gico no da\u00f1a la capa atmosf\u00e9rica.<\/span><\/li>\n<li><span class=\"a-list-item\">El gas Freeze+32 es cap\u00e1z de ofrecer un mayor ahorro de energ\u00eda y da una mayor vida al aparato, disminuyendo los costes de mantenimiento.<\/span><\/li>\n<\/ul>","protected":false},"featured_media":37743,"template":"","meta":[],"product_brand":[],"product_cat":[340,88],"product_tag":[],"class_list":{"0":"post-1315","1":"product","2":"type-product","3":"status-publish","4":"has-post-thumbnail","6":"product_cat-aire-acondicionado","7":"product_cat-climatizacion","8":"description-off","10":"first","11":"outofstock","12":"taxable","13":"shipping-taxable","14":"product-type-simple"},"_links":{"self":[{"href":"https:\/\/goldmanservice.com\/en\/wp-json\/wp\/v2\/product\/1315","targetHints":{"allow":["GET"]}}],"collection":[{"href":"https:\/\/goldmanservice.com\/en\/wp-json\/wp\/v2\/product"}],"about":[{"href":"https:\/\/goldmanservice.com\/en\/wp-json\/wp\/v2\/types\/product"}],"wp:featuredmedia":[{"embeddable":true,"href":"https:\/\/goldmanservice.com\/en\/wp-json\/wp\/v2\/media\/37743"}],"wp:attachment":[{"href":"https:\/\/goldmanservice.com\/en\/wp-json\/wp\/v2\/media?parent=1315"}],"wp:term":[{"taxonomy":"product_brand","embeddable":true,"href":"https:\/\/goldmanservice.com\/en\/wp-json\/wp\/v2\/product_brand?post=1315"},{"taxonomy":"product_cat","embeddable":true,"href":"https:\/\/goldmanservice.com\/en\/wp-json\/wp\/v2\/product_cat?post=1315"},{"taxonomy":"product_tag","embeddable":true,"href":"https:\/\/goldmanservice.com\/en\/wp-json\/wp\/v2\/product_tag?post=1315"}],"curies":[{"name":"wp","href":"https:\/\/api.w.org\/{rel}","templated":true}]}}