{"id":1336,"date":"2022-02-19T20:59:12","date_gmt":"2022-02-19T19:59:12","guid":{"rendered":"https:\/\/goldmanservice.com\/?post_type=product&#038;p=1336"},"modified":"2024-09-23T12:13:37","modified_gmt":"2024-09-23T10:13:37","slug":"ventilador-fan-axial-para-cassette-de-chimeneas-insertable-alta-temperatura-de-aspas-metalicas-universal-92x92x38mm","status":"publish","type":"product","link":"https:\/\/goldmanservice.com\/en\/climatizacion\/ventilacion\/ventilador-fan-axial-para-cassette-de-chimeneas-insertable-alta-temperatura-de-aspas-metalicas-universal-92x92x38mm\/","title":{"rendered":"Ventilador fan Axial para Cassette de chimeneas (92x92x38mm)"},"content":{"rendered":"<div class=\"wpb-content-wrapper\"><div class=\"vc_row wpb_row vc_row-fluid\"><div class=\"wpb_column vc_column_container vc_col-sm-6\"><div class=\"vc_column-inner\"><div class=\"wpb_wrapper\"><div id=\"ultimate-video-145869dff9c3a3896\" class=\"ult-video  ult-adjust-bottom-margin ultimate-video-145869dff9c3a3896 ultv-9360\"><div class=\"ultv-video ultv-aspect-ratio-16_9 ultv-subscribe-responsive-none\" data-videotype=\"uv_iframe\">\n\t\t\t\t\t\t<div class=\"ultv-video__outer-wrap\" data-autoplay=\"0\" data-device=\"false\"  data-iconbg=\"#3A3A3A\" data-overcolor=\"\" data-defaultbg=\"#dd3333\" data-defaultplay=\"defaulticon\"><div class=\"ultv-video__play\" data-src=\"https:\/\/www.youtube.com\/embed\/aDAtHPWSlE8?rel=0&#038;start&#038;end&#038;controls=1&#038;mute=0&#038;modestbranding=0&#038;autoplay=1\">\n\t\t\t\t\t\t\t\t<img decoding=\"async\" class=\"ultv-video__thumb\" src=\"https:\/\/goldmanservice.com\/wp-content\/uploads\/2022\/02\/aDAtHPWSlE8_640x480.jpg\"\/>\n\t\t\t\t\t\t\t\t<div class=\"ultv-video__play-icon  ultv-animation-none\" style=\"width:75px\"><svg height=\"100%\" version=\"1.1\" viewbox=\"0 0 68 48\" width=\"100%\"><path class=\"ultv-youtube-icon-bg\" d=\"m .66,37.62 c 0,0 .66,4.70 2.70,6.77 2.58,2.71 5.98,2.63 7.49,2.91 5.43,.52 23.10,.68 23.12,.68 .00,-1.3e-5 14.29,-0.02 23.81,-0.71 1.32,-0.15 4.22,-0.17 6.81,-2.89 2.03,-2.07 2.70,-6.77 2.70,-6.77 0,0 .67,-5.52 .67,-11.04 l 0,-5.17 c 0,-5.52 -0.67,-11.04 -0.67,-11.04 0,0 -0.66,-4.70 -2.70,-6.77 C 62.03,.86 59.13,.84 57.80,.69 48.28,0 34.00,0 34.00,0 33.97,0 19.69,0 10.18,.69 8.85,.84 5.95,.86 3.36,3.58 1.32,5.65 .66,10.35 .66,10.35 c 0,0 -0.55,4.50 -0.66,9.45 l 0,8.36 c .10,4.94 .66,9.45 .66,9.45 z\" fill=\"#1f1f1e\" ><\/path><path d=\"m 26.96,13.67 18.37,9.62 -18.37,9.55 -0.00,-19.17 z\" fill=\"#fff\"><\/path><path d=\"M 45.02,23.46 45.32,23.28 26.96,13.67 43.32,22.34 45.02,23.46 z\" fill=\"#ccc\"><\/path><\/svg><\/div> <\/div> <\/div><\/div><\/div><\/div><\/div><\/div><div class=\"wpb_column vc_column_container vc_col-sm-6\"><div class=\"vc_column-inner\"><div class=\"wpb_wrapper\">\n\t<div class=\"wpb_text_column wpb_content_element\" >\n\t\t<div class=\"wpb_wrapper\">\n\t\t\t<p><a href=\"https:\/\/goldmanservice.com\/en\/ventilacion\/\">Ventilador fan Axial para Cassette de chimeneas<\/a> insertable alta temperatura de aspas met\u00e1licas universal. (92x92x38mm)<\/p>\n<ul>\n<li><span class=\"OYPEnA font-feature-liga-off font-feature-clig-off font-feature-calt-off text-decoration-none text-strikethrough-none\">Dimensiones: 92x 92 x 38 mm<\/span><\/li>\n<li><span class=\"OYPEnA font-feature-liga-off font-feature-clig-off font-feature-calt-off text-decoration-none text-strikethrough-none\">Certificados: CE,<\/span> <span class=\"OYPEnA font-feature-liga-off font-feature-clig-off font-feature-calt-off text-decoration-none text-strikethrough-none\">Rohs<\/span><\/li>\n<li><span class=\"OYPEnA font-feature-liga-off font-feature-clig-off font-feature-calt-off text-decoration-none text-strikethrough-none\">Voltaje: 220-240V<\/span><\/li>\n<li><span class=\"OYPEnA font-feature-liga-off font-feature-clig-off font-feature-calt-off text-decoration-none text-strikethrough-none\">Potencia: 19W<\/span><\/li>\n<li><span class=\"OYPEnA font-feature-liga-off font-feature-clig-off font-feature-calt-off text-decoration-none text-strikethrough-none\">Frecuencia: 50\/60 Hz<\/span><\/li>\n<li><span class=\"OYPEnA font-feature-liga-off font-feature-clig-off font-feature-calt-off text-decoration-none text-strikethrough-none\">Revoluciones por Minuto (RPM): 2600-3000<\/span><\/li>\n<li><span class=\"OYPEnA font-feature-liga-off font-feature-clig-off font-feature-calt-off text-decoration-none text-strikethrough-none\">Caudal de Aire: 46-56 CFM (78 &#8211; 95 m\u00b3\/h)<\/span><\/li>\n<li><span class=\"OYPEnA font-feature-liga-off font-feature-clig-off font-feature-calt-off text-decoration-none text-strikethrough-none\">Nivel de Ruido: 37- 42 dBA<\/span><\/li>\n<li><span class=\"OYPEnA font-feature-liga-off font-feature-clig-off font-feature-calt-off text-decoration-none text-strikethrough-none\">Temperatura M\u00e1xima de Trabajo: 125\u00b0C (continuo), hasta 135\u00b0C (picos moment\u00e1neos)<\/span><\/li>\n<li><span class=\"OYPEnA font-feature-liga-off font-feature-clig-off font-feature-calt-off text-decoration-none text-strikethrough-none\">Material: Aspas y cuerpo met\u00e1licos<\/span><\/li>\n<li><span class=\"OYPEnA font-feature-liga-off font-feature-clig-off font-feature-calt-off text-decoration-none text-strikethrough-none\">Peso: 480 g<\/span><\/li>\n<li><span class=\"OYPEnA font-feature-liga-off font-feature-clig-off font-feature-calt-off text-decoration-none text-strikethrough-none\">Protecci\u00f3n del motor: protecci\u00f3n de impedancia<\/span><\/li>\n<li><span class=\"OYPEnA font-feature-liga-off font-feature-clig-off font-feature-calt-off text-decoration-none text-strikethrough-none\">Sistema de cojinetes: cojinete de bolas<\/span><\/li>\n<li><span class=\"OYPEnA font-feature-liga-off font-feature-clig-off font-feature-calt-off text-decoration-none text-strikethrough-none\">Clase de aislamiento: clase F<\/span><\/li>\n<\/ul>\n\n\t\t<\/div>\n\t<\/div>\n<\/div><\/div><\/div><\/div>\n<\/div>","protected":false},"excerpt":{"rendered":"<ul class=\"a-unordered-list a-vertical a-spacing-mini\">\n<li class=\"a-spacing-mini\"><span class=\"a-list-item\">Ventilador axial alta temperatura. 92x92x38mm, 220V, 19 W. Con cuerpo y aspas met\u00e1licas. Fan para cassette insertable en chimeneas de le\u00f1a, carb\u00f3n, huesos, estufa de pellets sin humo, gas etc. Funci\u00f3n de ahorro energ\u00e9tico, silencioso y alta calidad.<\/span><\/li>\n<li class=\"a-spacing-mini\"><span class=\"a-list-item\">Nota importante: Este ventilador sirve para aspirar o impulsar el circuito de aire caliente del interior del cassette favoreciendo la conducci\u00f3n del calor hacia habitaciones o zonas que queramos calentar; nunca se debe de instalar en el circuito de combusti\u00f3n ni en el tubo de salida de gases ni le debe llegar el calor directamente de la llama.<\/span><\/li>\n<li class=\"a-spacing-mini\"><span class=\"a-list-item\">30% m\u00e1s eficiente en rendimiento energ\u00e9tico de estufas y chimeneas con el uso del ventilador, consiguiendo que el calor llegue m\u00e1s lejos en la habitaci\u00f3n y menor consumo de combustibles.<\/span><\/li>\n<li class=\"a-spacing-mini\"><span class=\"a-list-item\">La instalaci\u00f3n es f\u00e1cil y sencilla, adaptable a la gran mayor\u00eda de estufas, extractores, chimeneas, estufas de le\u00f1a, incubadora, pellets de madera, calderas de le\u00f1a, turbinas de aire, extractores de barbacoa, estufas de cascaras de almendras.<\/span><\/li>\n<li class=\"a-spacing-mini\"><span class=\"a-list-item\">Incluye integrado conexi\u00f3n el\u00e9ctrico por cable anti cal\u00f3rico resistente a alta temperaturas.<\/span><\/li>\n<\/ul>","protected":false},"featured_media":38380,"template":"","meta":[],"product_brand":[],"product_cat":[88,336],"product_tag":[],"class_list":{"0":"post-1336","1":"product","2":"type-product","3":"status-publish","4":"has-post-thumbnail","6":"product_cat-climatizacion","7":"product_cat-ventilacion","8":"description-off","10":"first","11":"instock","12":"taxable","13":"shipping-taxable","14":"purchasable","15":"product-type-simple"},"_links":{"self":[{"href":"https:\/\/goldmanservice.com\/en\/wp-json\/wp\/v2\/product\/1336","targetHints":{"allow":["GET"]}}],"collection":[{"href":"https:\/\/goldmanservice.com\/en\/wp-json\/wp\/v2\/product"}],"about":[{"href":"https:\/\/goldmanservice.com\/en\/wp-json\/wp\/v2\/types\/product"}],"wp:featuredmedia":[{"embeddable":true,"href":"https:\/\/goldmanservice.com\/en\/wp-json\/wp\/v2\/media\/38380"}],"wp:attachment":[{"href":"https:\/\/goldmanservice.com\/en\/wp-json\/wp\/v2\/media?parent=1336"}],"wp:term":[{"taxonomy":"product_brand","embeddable":true,"href":"https:\/\/goldmanservice.com\/en\/wp-json\/wp\/v2\/product_brand?post=1336"},{"taxonomy":"product_cat","embeddable":true,"href":"https:\/\/goldmanservice.com\/en\/wp-json\/wp\/v2\/product_cat?post=1336"},{"taxonomy":"product_tag","embeddable":true,"href":"https:\/\/goldmanservice.com\/en\/wp-json\/wp\/v2\/product_tag?post=1336"}],"curies":[{"name":"wp","href":"https:\/\/api.w.org\/{rel}","templated":true}]}}