{"id":1360,"date":"2022-02-20T16:02:27","date_gmt":"2022-02-20T15:02:27","guid":{"rendered":"https:\/\/goldmanservice.com\/?post_type=product&#038;p=1360"},"modified":"2024-07-17T11:12:00","modified_gmt":"2024-07-17T09:12:00","slug":"abocardador-excentrico-aire-acondicionado-calefaccion","status":"publish","type":"product","link":"https:\/\/goldmanservice.com\/en\/climatizacion\/aire-acondicionado\/abocardador-excentrico-aire-acondicionado-calefaccion\/","title":{"rendered":"Abocardador aire acondicionado"},"content":{"rendered":"<div class=\"wpb-content-wrapper\"><div class=\"vc_row wpb_row vc_row-fluid\"><div class=\"wpb_column vc_column_container vc_col-sm-6\"><div class=\"vc_column-inner\"><div class=\"wpb_wrapper\"><div id=\"ultimate-video-769669dffda82aebc\" class=\"ult-video  ult-adjust-bottom-margin ultimate-video-769669dffda82aebc ultv-486\"><div class=\"ultv-video ultv-aspect-ratio-16_9 ultv-subscribe-responsive-none\" data-videotype=\"uv_iframe\">\n\t\t\t\t\t\t<div class=\"ultv-video__outer-wrap\" data-autoplay=\"0\" data-device=\"false\"  data-iconbg=\"#3A3A3A\" data-overcolor=\"\" data-defaultbg=\"#1f1f1e\" data-defaultplay=\"defaulticon\"><div class=\"ultv-video__play\" data-src=\"https:\/\/www.youtube.com\/embed\/NIo59TnCnl8?rel=0&#038;start&#038;end&#038;controls=1&#038;mute=0&#038;modestbranding=0&#038;autoplay=1\">\n\t\t\t\t\t\t\t\t<img decoding=\"async\" class=\"ultv-video__thumb\" src=\"https:\/\/goldmanservice.com\/wp-content\/uploads\/2022\/02\/NIo59TnCnl8_320x180.jpg\"\/>\n\t\t\t\t\t\t\t\t<div class=\"ultv-video__play-icon  ultv-animation-none\" style=\"width:75px\"><svg height=\"100%\" version=\"1.1\" viewbox=\"0 0 68 48\" width=\"100%\"><path class=\"ultv-youtube-icon-bg\" d=\"m .66,37.62 c 0,0 .66,4.70 2.70,6.77 2.58,2.71 5.98,2.63 7.49,2.91 5.43,.52 23.10,.68 23.12,.68 .00,-1.3e-5 14.29,-0.02 23.81,-0.71 1.32,-0.15 4.22,-0.17 6.81,-2.89 2.03,-2.07 2.70,-6.77 2.70,-6.77 0,0 .67,-5.52 .67,-11.04 l 0,-5.17 c 0,-5.52 -0.67,-11.04 -0.67,-11.04 0,0 -0.66,-4.70 -2.70,-6.77 C 62.03,.86 59.13,.84 57.80,.69 48.28,0 34.00,0 34.00,0 33.97,0 19.69,0 10.18,.69 8.85,.84 5.95,.86 3.36,3.58 1.32,5.65 .66,10.35 .66,10.35 c 0,0 -0.55,4.50 -0.66,9.45 l 0,8.36 c .10,4.94 .66,9.45 .66,9.45 z\" fill=\"#1f1f1e\" ><\/path><path d=\"m 26.96,13.67 18.37,9.62 -18.37,9.55 -0.00,-19.17 z\" fill=\"#fff\"><\/path><path d=\"M 45.02,23.46 45.32,23.28 26.96,13.67 43.32,22.34 45.02,23.46 z\" fill=\"#ccc\"><\/path><\/svg><\/div> <\/div> <\/div><\/div><\/div><\/div><\/div><\/div><div class=\"wpb_column vc_column_container vc_col-sm-6\"><div class=\"vc_column-inner\"><div class=\"wpb_wrapper\">\n\t<div class=\"wpb_text_column wpb_content_element\" >\n\t\t<div class=\"wpb_wrapper\">\n\t\t\t<p>Abocardador exc\u00e9ntrico de Tubos para Aire Acondicionado y calefacci\u00f3n. Abocinador expansor de fontaner\u00eda para tuber\u00eda de Cobre. 3\/16&#8243; hasta 5\/8&#8243;.<\/p>\n<p>Dimensiones del producto: \u200e16 x 11 x 5.5 cm; 1.03 kilogramos<br \/>\nMaterial: \u200eMetal<\/p>\n\n\t\t<\/div>\n\t<\/div>\n<\/div><\/div><\/div><\/div>\n<\/div>","protected":false},"excerpt":{"rendered":"<ul class=\"a-unordered-list a-vertical a-spacing-mini\">\n<li><span class=\"a-list-item\">Funcionalidad: Herramienta para abocardar tubos de las instalaciones que requieran tubos , como puede ser una instalaci\u00f3n de aire acondicionado o de calefacci\u00f3n. a un tama\u00f1o de troquelado desde 3\/16&#8243;, 1\/4&#8243;,5\/16&#8243;,3\/8&#8243;, 1\/2&#8243; y 5\/8&#8243;.<\/span><\/li>\n<li><span class=\"a-list-item\">Caracter\u00edsticas: La herramienta consta de 3 partes; 1- El embrague de la empu\u00f1adura que se utiliza sobre el tornillo con el fin de hacerlo girar y penetrar dando forma al tubo hasta que el abocinado est\u00e1 completo. 2- Un tornillo con mango de goma que debemos girar para fijar el tubo. 3- En el extremo se encuentra una barra con diferentes medidas de agujeros atrincherados de abocardado para tubos, para lo que debemos seleccionar la medida adecuada al tubo.<\/span><\/li>\n<li><span class=\"a-list-item\">Material: Acero cromado de gran calidad y resistencia. Con materiales testados para que su uso perdure en el tiempo y facilite las instalaciones de equipos de refrigeraci\u00f3n y fontaner\u00eda.<\/span><\/li>\n<li><span class=\"a-list-item\">Indicaciones: herramientas manual que se utiliza para ensanchar los extremos de un tubo o tuber\u00eda con el fin de facilitar el acople con otro tubo o tuber\u00eda, nuestro abocardador permite por su calidad, dise\u00f1o y materiales que esta uni\u00f3n sea totalmente estanca para evitar p\u00e9rdidas.<\/span><\/li>\n<li><span class=\"a-list-item\">Uso: para realizar abocardados simples o dobles en tubos de cobre, lat\u00f3n y aluminio de paredes delgadas, y recomendable para t\u00e9cnicos instaladores, fontaneros, talleres mec\u00e1nicos, industrias metal\u00fargicas, plomeros.<\/span><\/li>\n<\/ul>","protected":false},"featured_media":37763,"template":"","meta":[],"product_brand":[],"product_cat":[340,88],"product_tag":[],"class_list":{"0":"post-1360","1":"product","2":"type-product","3":"status-publish","4":"has-post-thumbnail","6":"product_cat-aire-acondicionado","7":"product_cat-climatizacion","8":"description-off","10":"first","11":"instock","12":"taxable","13":"shipping-taxable","14":"purchasable","15":"product-type-simple"},"_links":{"self":[{"href":"https:\/\/goldmanservice.com\/en\/wp-json\/wp\/v2\/product\/1360","targetHints":{"allow":["GET"]}}],"collection":[{"href":"https:\/\/goldmanservice.com\/en\/wp-json\/wp\/v2\/product"}],"about":[{"href":"https:\/\/goldmanservice.com\/en\/wp-json\/wp\/v2\/types\/product"}],"wp:featuredmedia":[{"embeddable":true,"href":"https:\/\/goldmanservice.com\/en\/wp-json\/wp\/v2\/media\/37763"}],"wp:attachment":[{"href":"https:\/\/goldmanservice.com\/en\/wp-json\/wp\/v2\/media?parent=1360"}],"wp:term":[{"taxonomy":"product_brand","embeddable":true,"href":"https:\/\/goldmanservice.com\/en\/wp-json\/wp\/v2\/product_brand?post=1360"},{"taxonomy":"product_cat","embeddable":true,"href":"https:\/\/goldmanservice.com\/en\/wp-json\/wp\/v2\/product_cat?post=1360"},{"taxonomy":"product_tag","embeddable":true,"href":"https:\/\/goldmanservice.com\/en\/wp-json\/wp\/v2\/product_tag?post=1360"}],"curies":[{"name":"wp","href":"https:\/\/api.w.org\/{rel}","templated":true}]}}