{"id":1376,"date":"2022-02-20T16:08:55","date_gmt":"2022-02-20T15:08:55","guid":{"rendered":"https:\/\/goldmanservice.com\/?post_type=product&#038;p=1376"},"modified":"2024-08-29T13:15:08","modified_gmt":"2024-08-29T11:15:08","slug":"calentador-hervidor-agua-electrico-portatil","status":"publish","type":"product","link":"https:\/\/goldmanservice.com\/en\/hosteleria\/accesorios\/calentador-hervidor-agua-electrico-portatil\/","title":{"rendered":"Calentador hervidor de agua el\u00e9ctrico port\u00e1til XL"},"content":{"rendered":"<div class=\"wpb-content-wrapper\"><div class=\"vc_row wpb_row vc_row-fluid\"><div class=\"wpb_column vc_column_container vc_col-sm-6\"><div class=\"vc_column-inner\"><div class=\"wpb_wrapper\"><div id=\"ultimate-video-536569e00d8d8a06c\" class=\"ult-video  ult-adjust-bottom-margin ultimate-video-536569e00d8d8a06c ultv-1798\"><div class=\"ultv-video ultv-aspect-ratio-16_9 ultv-subscribe-responsive-none\" data-videotype=\"uv_iframe\">\n\t\t\t\t\t\t<div class=\"ultv-video__outer-wrap\" data-autoplay=\"0\" data-device=\"false\"  data-iconbg=\"#3A3A3A\" data-overcolor=\"\" data-defaultbg=\"#dd3333\" data-defaultplay=\"defaulticon\"><div class=\"ultv-video__play\" data-src=\"https:\/\/www.youtube.com\/embed\/kzuIN6exLjY?rel=0&#038;start&#038;end&#038;controls=1&#038;mute=0&#038;modestbranding=0&#038;autoplay=1\">\n\t\t\t\t\t\t\t\t<img decoding=\"async\" class=\"ultv-video__thumb\" src=\"https:\/\/goldmanservice.com\/wp-content\/uploads\/2022\/02\/kzuIN6exLjY_320x180.jpg\"\/>\n\t\t\t\t\t\t\t\t<div class=\"ultv-video__play-icon  ultv-animation-none\" style=\"width:75px\"><svg height=\"100%\" version=\"1.1\" viewbox=\"0 0 68 48\" width=\"100%\"><path class=\"ultv-youtube-icon-bg\" d=\"m .66,37.62 c 0,0 .66,4.70 2.70,6.77 2.58,2.71 5.98,2.63 7.49,2.91 5.43,.52 23.10,.68 23.12,.68 .00,-1.3e-5 14.29,-0.02 23.81,-0.71 1.32,-0.15 4.22,-0.17 6.81,-2.89 2.03,-2.07 2.70,-6.77 2.70,-6.77 0,0 .67,-5.52 .67,-11.04 l 0,-5.17 c 0,-5.52 -0.67,-11.04 -0.67,-11.04 0,0 -0.66,-4.70 -2.70,-6.77 C 62.03,.86 59.13,.84 57.80,.69 48.28,0 34.00,0 34.00,0 33.97,0 19.69,0 10.18,.69 8.85,.84 5.95,.86 3.36,3.58 1.32,5.65 .66,10.35 .66,10.35 c 0,0 -0.55,4.50 -0.66,9.45 l 0,8.36 c .10,4.94 .66,9.45 .66,9.45 z\" fill=\"#1f1f1e\" ><\/path><path d=\"m 26.96,13.67 18.37,9.62 -18.37,9.55 -0.00,-19.17 z\" fill=\"#fff\"><\/path><path d=\"M 45.02,23.46 45.32,23.28 26.96,13.67 43.32,22.34 45.02,23.46 z\" fill=\"#ccc\"><\/path><\/svg><\/div> <\/div> <\/div><\/div><\/div><\/div><\/div><\/div><div class=\"wpb_column vc_column_container vc_col-sm-6\"><div class=\"vc_column-inner\"><div class=\"wpb_wrapper\">\n\t<div class=\"wpb_text_column wpb_content_element\" >\n\t\t<div class=\"wpb_wrapper\">\n\t\t\t<p>Calentador hervidor de agua el\u00e9ctrico port\u00e1til grande XL con resistencia de inmersi\u00f3n calienta cubos, 230V.<br \/>\nDos potencia disponibles (1500W\/2000W). Seleccione la potencia deseada para su compra.<br \/>\nEl calentador de agua el\u00e9ctrico port\u00e1til con resistencia de inmersi\u00f3n, es un aparato muy \u00fatil en numerosas situaciones, para usos de hogar, viajes, excursiones, usos profesionales como industria, restauraci\u00f3n, hoster\u00eda y en definitiva cualquier uso que requiera calentar agua de forma r\u00e1pida. Producto de calidad fabricado con los mejores materiales de acero inoxidable y el blindaje herm\u00e9tico de su resistencia, permitiendo un largo uso del producto en el tiempo. El calentador de inmersi\u00f3n no se recomienda su uso con otros l\u00edquidos que no sea agua, ya que puede deteriorar a la larga el uso de la resistencia el\u00e9ctrica. Tambi\u00e9n el recipiente ha de ser medianamente grande conteniendo agua suficiente como para cubrir al menos la parte en espiral de la resistencia. Recipientes resistentes al calor como ollas grandes, bidones. Su uso no requiere la supervisi\u00f3n de un profesional, puede ser usada por particulares, siempre que se guarden determinadas precauciones, como que la parte de la resistencia en espiral este siempre sumergida en contacto con el l\u00edquido que se desea calentar, de lo contrario puede sufrir un sobrecalentamiento y provocar su deterioro. No es adecuado para recipientes peque\u00f1os. Prohibido el uso por menores de edad. Caracter\u00edsticas t\u00e9cnicas: 2 Potencias1500W\/2000W, 230V, Longitud sumergible 41cm, Cable de conexi\u00f3n 135cm. Mango negro de 16cm. Di\u00e1metro de la espiral de la resistencia de 10.5 cm. Mango con tope negro de sujeci\u00f3n. Resistencia de acero inoxidable. Peso 635gr.<\/p>\n\n\t\t<\/div>\n\t<\/div>\n<\/div><\/div><\/div><\/div>\n<\/div>","protected":false},"excerpt":{"rendered":"<ul>\n<li>Caracter\u00edsticas: Resistencia para calentar l\u00edquidos tama\u00f1o grande XXL con longitud sumergible 41cm, Dos potencia disponibles (1500W\/2000W). Seleccione la potencia deseada para su compra, 230V. Di\u00e1metro de la espiral de la resistencia de 10.5 cm. Mango con tope negro de sujeci\u00f3n y acero inoxidable.<\/li>\n<li>Modo de uso: Calentador de l\u00edquidos mediante inmersi\u00f3n de la resistencia, hervidor de agua en recipientes grandes de m\u00e1s de 5 litros. Calienta agua de forma r\u00e1pida y segura.<\/li>\n<li>Aplicaciones: calienta de forma r\u00e1pida agua muy \u00fatil en excursiones, viajes, campamentos, usos profesionales como construcci\u00f3n e industria, restauraci\u00f3n, hosteler\u00eda.<\/li>\n<li>Seguridad: producto con homologaci\u00f3n europea, con cable con funda protectora.<\/li>\n<li>Su uso f\u00e1cil y sencillo, no requiere la supervisi\u00f3n de un profesional, puede ser usada por particulares, siempre que se guarden determinadas precauciones.<\/li>\n<\/ul>","protected":false},"featured_media":37758,"template":"","meta":[],"product_brand":[],"product_cat":[339,87],"product_tag":[],"class_list":{"0":"post-1376","1":"product","2":"type-product","3":"status-publish","4":"has-post-thumbnail","6":"product_cat-accesorios","7":"product_cat-hosteleria","8":"description-off","10":"first","11":"instock","12":"taxable","13":"shipping-taxable","14":"purchasable","15":"product-type-variable","16":"has-default-attributes"},"_links":{"self":[{"href":"https:\/\/goldmanservice.com\/en\/wp-json\/wp\/v2\/product\/1376","targetHints":{"allow":["GET"]}}],"collection":[{"href":"https:\/\/goldmanservice.com\/en\/wp-json\/wp\/v2\/product"}],"about":[{"href":"https:\/\/goldmanservice.com\/en\/wp-json\/wp\/v2\/types\/product"}],"wp:featuredmedia":[{"embeddable":true,"href":"https:\/\/goldmanservice.com\/en\/wp-json\/wp\/v2\/media\/37758"}],"wp:attachment":[{"href":"https:\/\/goldmanservice.com\/en\/wp-json\/wp\/v2\/media?parent=1376"}],"wp:term":[{"taxonomy":"product_brand","embeddable":true,"href":"https:\/\/goldmanservice.com\/en\/wp-json\/wp\/v2\/product_brand?post=1376"},{"taxonomy":"product_cat","embeddable":true,"href":"https:\/\/goldmanservice.com\/en\/wp-json\/wp\/v2\/product_cat?post=1376"},{"taxonomy":"product_tag","embeddable":true,"href":"https:\/\/goldmanservice.com\/en\/wp-json\/wp\/v2\/product_tag?post=1376"}],"curies":[{"name":"wp","href":"https:\/\/api.w.org\/{rel}","templated":true}]}}