{"id":1466,"date":"2022-02-20T16:51:28","date_gmt":"2022-02-20T15:51:28","guid":{"rendered":"https:\/\/goldmanservice.com\/?post_type=product&#038;p=1466"},"modified":"2024-04-15T16:06:40","modified_gmt":"2024-04-15T14:06:40","slug":"motor-fan-ventilador-botellero-10w-con-anclaje-multifuncion-para-refrigerador-congelador-camara-frigorifica-industrial-compatible-con-las-principales-grandes-marcas","status":"publish","type":"product","link":"https:\/\/goldmanservice.com\/en\/climatizacion\/ventilacion\/motor-fan-ventilador-botellero-10w-con-anclaje-multifuncion-para-refrigerador-congelador-camara-frigorifica-industrial-compatible-con-las-principales-grandes-marcas\/","title":{"rendered":"Motor fan ventilador botellero 10W"},"content":{"rendered":"<div class=\"wpb-content-wrapper\"><div class=\"vc_row wpb_row vc_row-fluid\"><div class=\"wpb_column vc_column_container vc_col-sm-6\"><div class=\"vc_column-inner\"><div class=\"wpb_wrapper\"><div id=\"ultimate-video-950469dffda53c451\" class=\"ult-video  ult-adjust-bottom-margin ultimate-video-950469dffda53c451 ultv-5887\"><div class=\"ultv-video ultv-aspect-ratio-16_9 ultv-subscribe-responsive-none\" data-videotype=\"uv_iframe\">\n\t\t\t\t\t\t<div class=\"ultv-video__outer-wrap\" data-autoplay=\"0\" data-device=\"false\"  data-iconbg=\"#3A3A3A\" data-overcolor=\"\" data-defaultbg=\"#dd3333\" data-defaultplay=\"defaulticon\"><div class=\"ultv-video__play\" data-src=\"https:\/\/www.youtube.com\/embed\/wDw7AJuzbnI?rel=0&#038;start&#038;end&#038;controls=1&#038;mute=0&#038;modestbranding=0&#038;autoplay=1\">\n\t\t\t\t\t\t\t\t<img decoding=\"async\" class=\"ultv-video__thumb\" src=\"https:\/\/goldmanservice.com\/wp-content\/uploads\/2022\/02\/wDw7AJuzbnI_320x180-1.jpg\"\/>\n\t\t\t\t\t\t\t\t<div class=\"ultv-video__play-icon  ultv-animation-none\" style=\"width:75px\"><svg height=\"100%\" version=\"1.1\" viewbox=\"0 0 68 48\" width=\"100%\"><path class=\"ultv-youtube-icon-bg\" d=\"m .66,37.62 c 0,0 .66,4.70 2.70,6.77 2.58,2.71 5.98,2.63 7.49,2.91 5.43,.52 23.10,.68 23.12,.68 .00,-1.3e-5 14.29,-0.02 23.81,-0.71 1.32,-0.15 4.22,-0.17 6.81,-2.89 2.03,-2.07 2.70,-6.77 2.70,-6.77 0,0 .67,-5.52 .67,-11.04 l 0,-5.17 c 0,-5.52 -0.67,-11.04 -0.67,-11.04 0,0 -0.66,-4.70 -2.70,-6.77 C 62.03,.86 59.13,.84 57.80,.69 48.28,0 34.00,0 34.00,0 33.97,0 19.69,0 10.18,.69 8.85,.84 5.95,.86 3.36,3.58 1.32,5.65 .66,10.35 .66,10.35 c 0,0 -0.55,4.50 -0.66,9.45 l 0,8.36 c .10,4.94 .66,9.45 .66,9.45 z\" fill=\"#1f1f1e\" ><\/path><path d=\"m 26.96,13.67 18.37,9.62 -18.37,9.55 -0.00,-19.17 z\" fill=\"#fff\"><\/path><path d=\"M 45.02,23.46 45.32,23.28 26.96,13.67 43.32,22.34 45.02,23.46 z\" fill=\"#ccc\"><\/path><\/svg><\/div> <\/div> <\/div><\/div><\/div><\/div><\/div><\/div><div class=\"wpb_column vc_column_container vc_col-sm-6\"><div class=\"vc_column-inner\"><div class=\"wpb_wrapper\">\n\t<div class=\"wpb_text_column wpb_content_element\" >\n\t\t<div class=\"wpb_wrapper\">\n\t\t\t<p>Motor fan ventilador botellero 10W, con anclaje multifunci\u00f3n para Refrigerador congelador, c\u00e1mara frigor\u00edfica industrial, compatible con las principales grandes marcas.<\/p>\n<p>Caballos de potencia: 10.00 vatios<br \/>\nComponentes incluidos: Motor ventilador fan 10W<br \/>\nMaterial Carcasa de Aluminio cromado<br \/>\nN\u00famero de pieza: 1<br \/>\nTipo de fuente de alimentaci\u00f3n: AC<br \/>\nVataje: 10.00 vatios<br \/>\nVelocidad: 1550.00 rpm<br \/>\nVoltaje: 230.00 voltios<\/p>\n\n\t\t<\/div>\n\t<\/div>\n<\/div><\/div><\/div><\/div>\n<\/div>","protected":false},"excerpt":{"rendered":"<ul>\n<li>Caracter\u00edsticas: Motor ventilador frigor\u00edfico 10W, 230W AC, 1300\/1550 rpm, medidas 82X82X70mm. Cable 45cm. No incluye patas de sujeci\u00f3n, ni aspas del ventilador.<\/li>\n<li>Motor Ventilador axial universal para aplicaciones est\u00e1ndar compatible con principales marcas de aparatos de refrigeraci\u00f3n, con sistema multianclaje, y varias posibilidades de fijaci\u00f3n, ya sea en soporte o pata o sobre rejilla, con tornillos para la fijaci\u00f3n.<\/li>\n<li>Aplicaciones: Para su uso en ventilaci\u00f3n, extracci\u00f3n de armarios botelleros y c\u00e1maras refrigeraci\u00f3n frigor\u00edficas industriales, aire acondicionado, congelaci\u00f3n, evaporador de c\u00e1mara frigor\u00edfica, vitrinas expositoras, heladeras, y aplicaciones est\u00e1ndar industriales de refrigeraci\u00f3n.<\/li>\n<li>Alta calidad duradero y de larga vida, alta velocidad y bajo consumo el\u00e9ctrico. El ventilador por su funci\u00f3n de extracci\u00f3n proporciona al equipo una mayor vida \u00fatil, y un mayor rendimiento con el consiguiente ahorro energ\u00e9tico.<\/li>\n<li>Su instalaci\u00f3n y sustituci\u00f3n es f\u00e1cil, no requiere un especialista. Gracias a los diferentes tipos de anclajes permite su instalaci\u00f3n de una manera muy orientativa.<\/li>\n<\/ul>","protected":false},"featured_media":37440,"template":"","meta":[],"product_brand":[],"product_cat":[88,336],"product_tag":[],"class_list":{"0":"post-1466","1":"product","2":"type-product","3":"status-publish","4":"has-post-thumbnail","6":"product_cat-climatizacion","7":"product_cat-ventilacion","8":"description-off","10":"first","11":"instock","12":"taxable","13":"shipping-taxable","14":"purchasable","15":"product-type-simple"},"_links":{"self":[{"href":"https:\/\/goldmanservice.com\/en\/wp-json\/wp\/v2\/product\/1466","targetHints":{"allow":["GET"]}}],"collection":[{"href":"https:\/\/goldmanservice.com\/en\/wp-json\/wp\/v2\/product"}],"about":[{"href":"https:\/\/goldmanservice.com\/en\/wp-json\/wp\/v2\/types\/product"}],"wp:featuredmedia":[{"embeddable":true,"href":"https:\/\/goldmanservice.com\/en\/wp-json\/wp\/v2\/media\/37440"}],"wp:attachment":[{"href":"https:\/\/goldmanservice.com\/en\/wp-json\/wp\/v2\/media?parent=1466"}],"wp:term":[{"taxonomy":"product_brand","embeddable":true,"href":"https:\/\/goldmanservice.com\/en\/wp-json\/wp\/v2\/product_brand?post=1466"},{"taxonomy":"product_cat","embeddable":true,"href":"https:\/\/goldmanservice.com\/en\/wp-json\/wp\/v2\/product_cat?post=1466"},{"taxonomy":"product_tag","embeddable":true,"href":"https:\/\/goldmanservice.com\/en\/wp-json\/wp\/v2\/product_tag?post=1466"}],"curies":[{"name":"wp","href":"https:\/\/api.w.org\/{rel}","templated":true}]}}