{"id":1515,"date":"2022-02-20T18:49:57","date_gmt":"2022-02-20T17:49:57","guid":{"rendered":"https:\/\/goldmanservice.com\/?post_type=product&#038;p=1515"},"modified":"2025-02-18T10:44:15","modified_gmt":"2025-02-18T09:44:15","slug":"grifo-extensible-rociador-ducha-para-fregadero-de-cocina-uso-hogar-y-profesional-con-alcachofa-muelle-flexo-negra-pulverizadora-de-aclarado-y-grifo-monomando-mezclador-de-codo","status":"publish","type":"product","link":"https:\/\/goldmanservice.com\/en\/hosteleria\/griferia-industrial\/grifo-extensible-rociador-ducha-para-fregadero-de-cocina-uso-hogar-y-profesional-con-alcachofa-muelle-flexo-negra-pulverizadora-de-aclarado-y-grifo-monomando-mezclador-de-codo\/","title":{"rendered":"Grifo extensible rociador ducha"},"content":{"rendered":"<p>Grifo extensible rociador ducha para fregadero de cocina uso hogar y profesional, con alcachofa muelle flexo negra pulverizadora de aclarado y grifo monomando mezclador de codo.<\/p>\n<p>Dimensiones del paquete: \u200e79.8 x 25 x 7.4 cm; 4.4 kilogramos<br \/>\nTama\u00f1o: \u200eMediano<br \/>\nEstilo: \u200eModerno<br \/>\nAcabado: \u200eAcero inoxidable<br \/>\nMaterial: \u200eAcero<br \/>\nFuente de alimentaci\u00f3n: \u200eHidr\u00e1ulico<br \/>\nM\u00e9todo de instalaci\u00f3n: \u200eUn solo orificio<br \/>\nN\u00famero de agujeros: \u200e1<br \/>\nAltura del ca\u00f1o: \u200e70 Cent\u00edmetros<br \/>\nTipo de cabeza: \u200eCil\u00edndrica<br \/>\nPosici\u00f3n de la empu\u00f1adura: \u200eCentro<br \/>\nN\u00famero de empu\u00f1aduras: \u200e1<br \/>\nUso: \u200eParticular hogar casas; Profesional industrial hosteler\u00eda<br \/>\nComponentes incluidos:\u200eG rifo extensible rociador ducha para fregadero de cocina uso hogar y profesional, con alcachofa muelle flexo negra pulverizadora de aclarado y grifo monomando mezclador de codo.<br \/>\nIncluye bater\u00edas: \u200eNo<br \/>\nNecesita bater\u00edas: \u200eNo<\/p>","protected":false},"excerpt":{"rendered":"<ul class=\"a-unordered-list a-vertical a-spacing-mini\">\n<li><span class=\"a-list-item\">Usos: grifo cocina fregadero v\u00e1lido tanto para usos particulares en cocinas del hogar aportando un toque moderno, como usos hosteler\u00eda industrial, fregaderos de cocinas y restaurantes, restauraci\u00f3n, bares, gastronom\u00eda, aclarado y limpieza de vajilla, industrias c\u00e1rnicas, pescader\u00eda, cocina profesional, hoteles, colegios, comedores, lavander\u00edas, hoteles, albergues, lavaderos.<\/span><\/li>\n<li><span class=\"a-list-item\">Higiene sanitaria hospitalaria: El grifo fregadero gerontol\u00f3gico monomando largo con maneta reguladora de temperatura con codo sin necesidad de usar las manos, y mantener los procedimientos higi\u00e9nicos sanitarios profesionales, tales como hospitales, laboratorios, farmac\u00e9uticos.<\/span><\/li>\n<li><span class=\"a-list-item\">Incluye: Kit de Alcachofa ducha pulverizadora con mango negro, manguera larga de malla reforzada, muelle de acero flexible, cabeza de grifo monomando giratorio, grifo ca\u00f1o alto intermedio de cocina, 2 manguitos de 3\/8&#8243;, con todos los anclajes y juntas del equipo necesarios para su montaje en fregadero.<\/span><\/li>\n<li><span class=\"a-list-item\">Material: Alta calidad en acero inoxidable, tubo Inox, y acabados de goma negra, que lo hacen de una gran calidad y duraderos en el tiempo. Permite recambios de accesorios de manera independiente sin necesidad de cambiar el equipo.<\/span><\/li>\n<li><span class=\"a-list-item\">Instalaci\u00f3n: f\u00e1cil y segura, con fijaci\u00f3n en fregadero y anclado a la pared. El kit de grifo industrial incluye dos manguitos de rosca 3\/8&#8243; para la conexi\u00f3n del suministro de agua al sistema regulador.<\/span><\/li>\n<\/ul>","protected":false},"featured_media":37736,"template":"","meta":[],"product_brand":[],"product_cat":[335,87],"product_tag":[],"class_list":{"0":"post-1515","1":"product","2":"type-product","3":"status-publish","4":"has-post-thumbnail","6":"product_cat-griferia-industrial","7":"product_cat-hosteleria","8":"description-off","10":"first","11":"instock","12":"taxable","13":"shipping-taxable","14":"purchasable","15":"product-type-simple"},"_links":{"self":[{"href":"https:\/\/goldmanservice.com\/en\/wp-json\/wp\/v2\/product\/1515","targetHints":{"allow":["GET"]}}],"collection":[{"href":"https:\/\/goldmanservice.com\/en\/wp-json\/wp\/v2\/product"}],"about":[{"href":"https:\/\/goldmanservice.com\/en\/wp-json\/wp\/v2\/types\/product"}],"wp:featuredmedia":[{"embeddable":true,"href":"https:\/\/goldmanservice.com\/en\/wp-json\/wp\/v2\/media\/37736"}],"wp:attachment":[{"href":"https:\/\/goldmanservice.com\/en\/wp-json\/wp\/v2\/media?parent=1515"}],"wp:term":[{"taxonomy":"product_brand","embeddable":true,"href":"https:\/\/goldmanservice.com\/en\/wp-json\/wp\/v2\/product_brand?post=1515"},{"taxonomy":"product_cat","embeddable":true,"href":"https:\/\/goldmanservice.com\/en\/wp-json\/wp\/v2\/product_cat?post=1515"},{"taxonomy":"product_tag","embeddable":true,"href":"https:\/\/goldmanservice.com\/en\/wp-json\/wp\/v2\/product_tag?post=1515"}],"curies":[{"name":"wp","href":"https:\/\/api.w.org\/{rel}","templated":true}]}}