{"id":1548,"date":"2022-02-20T19:22:54","date_gmt":"2022-02-20T18:22:54","guid":{"rendered":"https:\/\/goldmanservice.com\/?post_type=product&#038;p=1548"},"modified":"2026-01-25T17:34:35","modified_gmt":"2026-01-25T16:34:35","slug":"ventilador-fan-axial-cassette-chimeneas-silencioso","status":"publish","type":"product","link":"https:\/\/goldmanservice.com\/en\/climatizacion\/ventilacion\/ventilador-fan-axial-cassette-chimeneas-silencioso\/","title":{"rendered":"Ventilador axial cassette chimeneas silencioso"},"content":{"rendered":"<div class=\"wpb-content-wrapper\"><div class=\"vc_row wpb_row vc_row-fluid\"><div class=\"wpb_column vc_column_container vc_col-sm-6\"><div class=\"vc_column-inner\"><div class=\"wpb_wrapper\"><div id=\"ultimate-video-610769dffda026c64\" class=\"ult-video  ult-adjust-bottom-margin ultimate-video-610769dffda026c64 ultv-871\"><div class=\"ultv-video ultv-aspect-ratio-16_9 ultv-subscribe-responsive-none\" data-videotype=\"uv_iframe\">\n\t\t\t\t\t\t<div class=\"ultv-video__outer-wrap\" data-autoplay=\"0\" data-device=\"false\"  data-iconbg=\"#3A3A3A\" data-overcolor=\"\" data-defaultbg=\"#dd3333\" data-defaultplay=\"defaulticon\"><div class=\"ultv-video__play\" data-src=\"https:\/\/www.youtube.com\/embed\/KUU8L2kJzXM?rel=0&#038;start&#038;end&#038;controls=1&#038;mute=0&#038;modestbranding=0&#038;autoplay=1\">\n\t\t\t\t\t\t\t\t<img decoding=\"async\" class=\"ultv-video__thumb\" src=\"https:\/\/goldmanservice.com\/wp-content\/uploads\/2022\/02\/KUU8L2kJzXM_320x180.jpg\"\/>\n\t\t\t\t\t\t\t\t<div class=\"ultv-video__play-icon  ultv-animation-none\" style=\"width:75px\"><svg height=\"100%\" version=\"1.1\" viewbox=\"0 0 68 48\" width=\"100%\"><path class=\"ultv-youtube-icon-bg\" d=\"m .66,37.62 c 0,0 .66,4.70 2.70,6.77 2.58,2.71 5.98,2.63 7.49,2.91 5.43,.52 23.10,.68 23.12,.68 .00,-1.3e-5 14.29,-0.02 23.81,-0.71 1.32,-0.15 4.22,-0.17 6.81,-2.89 2.03,-2.07 2.70,-6.77 2.70,-6.77 0,0 .67,-5.52 .67,-11.04 l 0,-5.17 c 0,-5.52 -0.67,-11.04 -0.67,-11.04 0,0 -0.66,-4.70 -2.70,-6.77 C 62.03,.86 59.13,.84 57.80,.69 48.28,0 34.00,0 34.00,0 33.97,0 19.69,0 10.18,.69 8.85,.84 5.95,.86 3.36,3.58 1.32,5.65 .66,10.35 .66,10.35 c 0,0 -0.55,4.50 -0.66,9.45 l 0,8.36 c .10,4.94 .66,9.45 .66,9.45 z\" fill=\"#1f1f1e\" ><\/path><path d=\"m 26.96,13.67 18.37,9.62 -18.37,9.55 -0.00,-19.17 z\" fill=\"#fff\"><\/path><path d=\"M 45.02,23.46 45.32,23.28 26.96,13.67 43.32,22.34 45.02,23.46 z\" fill=\"#ccc\"><\/path><\/svg><\/div> <\/div> <\/div><\/div><\/div><\/div><\/div><\/div><div class=\"wpb_column vc_column_container vc_col-sm-6\"><div class=\"vc_column-inner\"><div class=\"wpb_wrapper\">\n\t<div class=\"wpb_text_column wpb_content_element\" >\n\t\t<div class=\"wpb_wrapper\">\n\t\t\t<p>Ventilador cassette chimeneas insertable alta temperatura de aspas met\u00e1licas universal. 120x120x38 mm.<\/p>\n<p>Dimensiones del producto: \u200e12 x 3.8 x 12 cm; 580 gramos<br \/>\nColor: \u200eNegro<br \/>\nAcabado: \u200eMetalizado<br \/>\nFuente de alimentaci\u00f3n: \u200eCorriente el\u00e9ctrica<br \/>\nVoltaje: \u200e230 Voltios (CA)<br \/>\nPotencia el\u00e9ctrica: \u200e23 vatios<br \/>\nM\u00e1xima potencia: \u200e23 Vatios<br \/>\nHercios: 50\/60 HZ<br \/>\nSonido: Decibelios 42\/48 dBa<br \/>\nRevoluciones Por Minuto: 2600\/ 2700 R.P.M<br \/>\nCaudal: \u200e170 Metros c\u00fabicos por hora<br \/>\nTemperatura de trabajo: Temperatura nominal de trabajo es de 105 \u00baC, pudiendo aguantar picos moment\u00e1neos de hasta 150 \u00baC. En continuo, la temperatura de trabajo m\u00e1xima es de 120\u00baC<br \/>\nLongitud del cable: \u200e25 Cent\u00edmetros<br \/>\nTipo de sujecci\u00f3n de accesorio: \u200eCable el\u00e9ctrico<br \/>\nCaracter\u00edsticas especiales: \u200eAspas met\u00e1licas<br \/>\nComponentes incluidos: \u200eVentilador<br \/>\nNecesita bater\u00edas : No<\/p>\n<p>El producto no incluye incluye rejilla caja, solo el ventilador<\/p>\n\n\t\t<\/div>\n\t<\/div>\n<\/div><\/div><\/div><\/div>\n<\/div>","protected":false},"excerpt":{"rendered":"<ul class=\"a-unordered-list a-vertical a-spacing-mini\">\n<li><span class=\"a-list-item\">Ventilador axial alta temperatura. 120x120x38 mm. 220V. 23W Fan para cassette insertable en chimeneas de le\u00f1a, carb\u00f3n, huesos, estufa de pellets sin humo, gas etc. Funci\u00f3n de ahorro energ\u00e9tico, silencioso y alta calidad.<\/span><\/li>\n<li><span class=\"a-list-item\">Uso para impulsi\u00f3n de aire caliente en conductos para el calentamiento de habitaciones y de todo el hogar con el consiguiente ahorro de energ\u00eda, la mejora en la efectividad del calor, el confort y bienestar, provocando un calor m\u00e1s uniforme.<\/span><\/li>\n<li><span class=\"a-list-item\">30% m\u00e1s eficiente en rendimiento energ\u00e9tico de estufas y chimeneas con el uso del ventilador, consiguiendo que el calor llegue m\u00e1s lejos en la habitaci\u00f3n y menor consumo de combustibles.<\/span><\/li>\n<li><span class=\"a-list-item\">La instalaci\u00f3n es f\u00e1cil y sencilla, adaptable a la gran mayor\u00eda de estufas, extractores, chimeneas, estufas de le\u00f1a, incubadora, pellets de madera, calderas de le\u00f1a, turbinas de aire, extractores de barbacoa, estufas de cascaras de almendras.<\/span><\/li>\n<li><span class=\"a-list-item\">Incluye cable anti cal\u00f3rico resistente a alta temperaturas de 25cm de largo ya conectado al ventilador de cassette de chimenea.<\/span><\/li>\n<li>El producto no incluye incluye rejilla caja, solo el ventilador<\/li>\n<\/ul>","protected":false},"featured_media":37648,"template":"","meta":[],"product_brand":[],"product_cat":[88,336],"product_tag":[],"class_list":{"0":"post-1548","1":"product","2":"type-product","3":"status-publish","4":"has-post-thumbnail","6":"product_cat-climatizacion","7":"product_cat-ventilacion","8":"description-off","10":"first","11":"instock","12":"taxable","13":"shipping-taxable","14":"purchasable","15":"product-type-simple"},"_links":{"self":[{"href":"https:\/\/goldmanservice.com\/en\/wp-json\/wp\/v2\/product\/1548","targetHints":{"allow":["GET"]}}],"collection":[{"href":"https:\/\/goldmanservice.com\/en\/wp-json\/wp\/v2\/product"}],"about":[{"href":"https:\/\/goldmanservice.com\/en\/wp-json\/wp\/v2\/types\/product"}],"wp:featuredmedia":[{"embeddable":true,"href":"https:\/\/goldmanservice.com\/en\/wp-json\/wp\/v2\/media\/37648"}],"wp:attachment":[{"href":"https:\/\/goldmanservice.com\/en\/wp-json\/wp\/v2\/media?parent=1548"}],"wp:term":[{"taxonomy":"product_brand","embeddable":true,"href":"https:\/\/goldmanservice.com\/en\/wp-json\/wp\/v2\/product_brand?post=1548"},{"taxonomy":"product_cat","embeddable":true,"href":"https:\/\/goldmanservice.com\/en\/wp-json\/wp\/v2\/product_cat?post=1548"},{"taxonomy":"product_tag","embeddable":true,"href":"https:\/\/goldmanservice.com\/en\/wp-json\/wp\/v2\/product_tag?post=1548"}],"curies":[{"name":"wp","href":"https:\/\/api.w.org\/{rel}","templated":true}]}}