{"id":1563,"date":"2022-02-20T19:41:07","date_gmt":"2022-02-20T18:41:07","guid":{"rendered":"https:\/\/goldmanservice.com\/?post_type=product&#038;p=1563"},"modified":"2026-03-21T09:44:43","modified_gmt":"2026-03-21T08:44:43","slug":"guantes-de-cocina-para-horno-profesionales-manoplas-protectoras-para-uso-en-barbacoa-parrilla-chimenea-cocina-de-lena-resistentes-a-altas-temperaturas-de-250-oc","status":"publish","type":"product","link":"https:\/\/goldmanservice.com\/en\/hosteleria\/guantes-de-cocina-para-horno-profesionales-manoplas-protectoras-para-uso-en-barbacoa-parrilla-chimenea-cocina-de-lena-resistentes-a-altas-temperaturas-de-250-oc\/","title":{"rendered":"Guantes de Cocina para Horno Profesionales."},"content":{"rendered":"<div class=\"wpb-content-wrapper\"><div class=\"vc_row wpb_row vc_row-fluid\"><div class=\"wpb_column vc_column_container vc_col-sm-6\"><div class=\"vc_column-inner\"><div class=\"wpb_wrapper\"><div id=\"ultimate-video-99276a03b1b8a6855\" class=\"ult-video  ult-adjust-bottom-margin ultimate-video-99276a03b1b8a6855 ultv-4266\"><div class=\"ultv-video ultv-aspect-ratio-16_9 ultv-subscribe-responsive-none\" data-videotype=\"uv_iframe\">\n\t\t\t\t\t\t<div class=\"ultv-video__outer-wrap\" data-autoplay=\"0\" data-device=\"false\"  data-iconbg=\"#3A3A3A\" data-overcolor=\"\" data-defaultbg=\"#dd3333\" data-defaultplay=\"defaulticon\"><div class=\"ultv-video__play\" data-src=\"https:\/\/www.youtube.com\/embed\/apsY6-5bAsc?rel=0&#038;start&#038;end&#038;controls=1&#038;mute=0&#038;modestbranding=0&#038;autoplay=1\">\n\t\t\t\t\t\t\t\t<img decoding=\"async\" class=\"ultv-video__thumb\" src=\"https:\/\/goldmanservice.com\/wp-content\/uploads\/2022\/02\/apsY6-5bAsc_320x180.jpg\"\/>\n\t\t\t\t\t\t\t\t<div class=\"ultv-video__play-icon  ultv-animation-none\" style=\"width:75px\"><svg height=\"100%\" version=\"1.1\" viewbox=\"0 0 68 48\" width=\"100%\"><path class=\"ultv-youtube-icon-bg\" d=\"m .66,37.62 c 0,0 .66,4.70 2.70,6.77 2.58,2.71 5.98,2.63 7.49,2.91 5.43,.52 23.10,.68 23.12,.68 .00,-1.3e-5 14.29,-0.02 23.81,-0.71 1.32,-0.15 4.22,-0.17 6.81,-2.89 2.03,-2.07 2.70,-6.77 2.70,-6.77 0,0 .67,-5.52 .67,-11.04 l 0,-5.17 c 0,-5.52 -0.67,-11.04 -0.67,-11.04 0,0 -0.66,-4.70 -2.70,-6.77 C 62.03,.86 59.13,.84 57.80,.69 48.28,0 34.00,0 34.00,0 33.97,0 19.69,0 10.18,.69 8.85,.84 5.95,.86 3.36,3.58 1.32,5.65 .66,10.35 .66,10.35 c 0,0 -0.55,4.50 -0.66,9.45 l 0,8.36 c .10,4.94 .66,9.45 .66,9.45 z\" fill=\"#1f1f1e\" ><\/path><path d=\"m 26.96,13.67 18.37,9.62 -18.37,9.55 -0.00,-19.17 z\" fill=\"#fff\"><\/path><path d=\"M 45.02,23.46 45.32,23.28 26.96,13.67 43.32,22.34 45.02,23.46 z\" fill=\"#ccc\"><\/path><\/svg><\/div> <\/div> <\/div><\/div><\/div><\/div><\/div><\/div><div class=\"wpb_column vc_column_container vc_col-sm-6\"><div class=\"vc_column-inner\"><div class=\"wpb_wrapper\">\n\t<div class=\"wpb_text_column wpb_content_element\" >\n\t\t<div class=\"wpb_wrapper\">\n\t\t\t<p>Guantes de Cocina para Horno Profesionales. Manoplas Protectoras para Uso en Barbacoa, Parrilla, Chimenea, Cocina de le\u00f1a, Resistentes a Altas temperaturas de 250 \u00baC.<\/p>\n<p>Color: \u200eBeige<br \/>\nDimensiones del producto: \u200e36 x 12 x 1.5 cm; 320 gramos<br \/>\nMaterial: \u200eTela algod\u00f3n<\/p>\n\n\t\t<\/div>\n\t<\/div>\n<\/div><\/div><\/div><\/div>\n<\/div>","protected":false},"excerpt":{"rendered":"<ul class=\"a-unordered-list a-vertical a-spacing-mini\">\n<li><span class=\"a-list-item\">Resistente al calor: su composici\u00f3n de aislante t\u00e9rmico proporcionan protecci\u00f3n de hasta 250 \u00b0C \/ 482 \u00b0F de resistencia al calor.<\/span><\/li>\n<li><span class=\"a-list-item\">Medida \/ Talla: Talla \u00fanica, mide 36 cm de largo. Por favor, consulten las medidas en la foto.<\/span><\/li>\n<li><span class=\"a-list-item\">Ventaja: resistencia de 5 dedos, para un mejor agarre de objetos caliente y mejor destreza. La manga larga mantiene sus manos, mu\u00f1ecas y antebrazos seguros, evitando as\u00ed quemaduras durante los trabajos.<\/span><\/li>\n<li><span class=\"a-list-item\">Usos y aplicaciones: para uso profesional en alimentaci\u00f3n, pizzer\u00eda, pasteler\u00eda, panader\u00eda, hogar y cocina, barbacoa, hornos de le\u00f1a, cocina a la brasa, parrillas, chimeneas. Recomendado para cristaler\u00eda, metalurgia, fundici\u00f3n y manipulaci\u00f3n de objetos calientes en industria del pl\u00e1stico.<\/span><\/li>\n<li><span class=\"a-list-item\">Cualidades: su forma de agarraderas con dedos y su material aislante t\u00e9rmico natural lo hacen un art\u00edculo id\u00f3neo para trabajos a alta temperatura. Permite f\u00e1cilmente el lavado y seca f\u00e1cilmente.<\/span><\/li>\n<\/ul>","protected":false},"featured_media":37759,"template":"","meta":[],"product_brand":[],"product_cat":[87,339],"product_tag":[],"class_list":{"0":"post-1563","1":"product","2":"type-product","3":"status-publish","4":"has-post-thumbnail","6":"product_cat-hosteleria","7":"product_cat-accesorios","8":"description-off","10":"first","11":"instock","12":"taxable","13":"shipping-taxable","14":"purchasable","15":"product-type-simple"},"_links":{"self":[{"href":"https:\/\/goldmanservice.com\/en\/wp-json\/wp\/v2\/product\/1563","targetHints":{"allow":["GET"]}}],"collection":[{"href":"https:\/\/goldmanservice.com\/en\/wp-json\/wp\/v2\/product"}],"about":[{"href":"https:\/\/goldmanservice.com\/en\/wp-json\/wp\/v2\/types\/product"}],"wp:featuredmedia":[{"embeddable":true,"href":"https:\/\/goldmanservice.com\/en\/wp-json\/wp\/v2\/media\/37759"}],"wp:attachment":[{"href":"https:\/\/goldmanservice.com\/en\/wp-json\/wp\/v2\/media?parent=1563"}],"wp:term":[{"taxonomy":"product_brand","embeddable":true,"href":"https:\/\/goldmanservice.com\/en\/wp-json\/wp\/v2\/product_brand?post=1563"},{"taxonomy":"product_cat","embeddable":true,"href":"https:\/\/goldmanservice.com\/en\/wp-json\/wp\/v2\/product_cat?post=1563"},{"taxonomy":"product_tag","embeddable":true,"href":"https:\/\/goldmanservice.com\/en\/wp-json\/wp\/v2\/product_tag?post=1563"}],"curies":[{"name":"wp","href":"https:\/\/api.w.org\/{rel}","templated":true}]}}