{"id":1586,"date":"2022-02-20T19:53:46","date_gmt":"2022-02-20T18:53:46","guid":{"rendered":"https:\/\/goldmanservice.com\/?post_type=product&#038;p=1586"},"modified":"2025-04-28T08:11:47","modified_gmt":"2025-04-28T06:11:47","slug":"manguera-latiguillo-flexo-metalica-reforzado-universal-de-recambio-para-fregadero-de-hosteleria-repuestos-para-grifos-extensibles-pulverizadores-de-cocinas-de-restaurantes-rosca-1-2-largo-104cm","status":"publish","type":"product","link":"https:\/\/goldmanservice.com\/en\/hosteleria\/accesorios\/manguera-latiguillo-flexo-metalica-reforzado-universal-de-recambio-para-fregadero-de-hosteleria-repuestos-para-grifos-extensibles-pulverizadores-de-cocinas-de-restaurantes-rosca-1-2-largo-104cm\/","title":{"rendered":"Manguera latiguillo flexo met\u00e1lica de hosteler\u00eda. Rosca 1\/2&#8243;, Largo 95cm."},"content":{"rendered":"<p>Manguera latiguillo flexo met\u00e1lica reforzado universal de recambio para fregadero de hosteler\u00eda. Repuestos para grifos extensibles pulverizadores de cocinas de restaurantes. Rosca 1\/2&#8243;, Largo 95 cm.<\/p>\n<p>Dimensiones del paquete: \u200e25.3 x 17.1 x 3.8 cm; 540 gramos<br \/>\nAcabado: \u200eAcero<br \/>\nMaterial: \u200eAcero<br \/>\nM\u00e9todo de instalaci\u00f3n: \u200eEnroscado<br \/>\nN\u00famero de productos: \u200e1<br \/>\nUso: \u200eProfesional<br \/>\nComponentes incluidos: \u200eManguera 104cm 1\/2&#8243; y juntas de goma<br \/>\nIncluye bater\u00edas: \u200eNo<br \/>\nNecesita bater\u00edas: \u200eNo<\/p>","protected":false},"excerpt":{"rendered":"<ul class=\"a-unordered-list a-vertical a-spacing-mini\">\n<li><span class=\"a-list-item\">Material: Alta calidad, tubo PVC interior con malla de acero inoxidable, con refuerzos en los extremos, recubierto y acabado de goma transparente, que lo hacen de una gran calidad y duraderos en el tiempo. Incluye: Manguera y juntas de gomas necesarios para el cambio del equipo.<\/span><\/li>\n<li><span class=\"a-list-item\">Usos principales: manguera de grifer\u00eda flexo ducha para hosteler\u00eda y uso industrial, fregaderos, lavabos de cocinas y restaurantes, gastronom\u00eda, limpieza de vajilla, industrias c\u00e1rnicas, pescader\u00eda, cocina profesional. Para conectar a grifos pulverizadores alcachofas spray de cocina industrial.<\/span><\/li>\n<li><span class=\"a-list-item\">Permite recambios grifo cocina universal de accesorios de manera independiente sin necesidad de cambiar el equipo y compatible con cualquier tipo de grifos. Doble entrada hembra con rosca de 1\/2&#8243;. Largo total 104cm. Incluye dos juntas para evitar fugas.<\/span><\/li>\n<li><span class=\"a-list-item\">Instalaci\u00f3n: f\u00e1cil y segura, con un suave giro queda instalado r\u00e1pidamente.<\/span><\/li>\n<li><span class=\"a-list-item\">Su acabado reforzado de acero en los extremos de la manguera lo hacen un recambio duradero para trabajos profesionales y usos prolongados, evitando que el tubo se rompa y se produzcan fugas de agua.<\/span><\/li>\n<\/ul>","protected":false},"featured_media":37744,"template":"","meta":[],"product_brand":[],"product_cat":[339,87],"product_tag":[],"class_list":{"0":"post-1586","1":"product","2":"type-product","3":"status-publish","4":"has-post-thumbnail","6":"product_cat-accesorios","7":"product_cat-hosteleria","8":"description-off","10":"first","11":"outofstock","12":"taxable","13":"shipping-taxable","14":"purchasable","15":"product-type-simple"},"_links":{"self":[{"href":"https:\/\/goldmanservice.com\/en\/wp-json\/wp\/v2\/product\/1586","targetHints":{"allow":["GET"]}}],"collection":[{"href":"https:\/\/goldmanservice.com\/en\/wp-json\/wp\/v2\/product"}],"about":[{"href":"https:\/\/goldmanservice.com\/en\/wp-json\/wp\/v2\/types\/product"}],"wp:featuredmedia":[{"embeddable":true,"href":"https:\/\/goldmanservice.com\/en\/wp-json\/wp\/v2\/media\/37744"}],"wp:attachment":[{"href":"https:\/\/goldmanservice.com\/en\/wp-json\/wp\/v2\/media?parent=1586"}],"wp:term":[{"taxonomy":"product_brand","embeddable":true,"href":"https:\/\/goldmanservice.com\/en\/wp-json\/wp\/v2\/product_brand?post=1586"},{"taxonomy":"product_cat","embeddable":true,"href":"https:\/\/goldmanservice.com\/en\/wp-json\/wp\/v2\/product_cat?post=1586"},{"taxonomy":"product_tag","embeddable":true,"href":"https:\/\/goldmanservice.com\/en\/wp-json\/wp\/v2\/product_tag?post=1586"}],"curies":[{"name":"wp","href":"https:\/\/api.w.org\/{rel}","templated":true}]}}