{"id":1595,"date":"2022-02-20T19:56:38","date_gmt":"2022-02-20T18:56:38","guid":{"rendered":"https:\/\/goldmanservice.com\/?post_type=product&#038;p=1595"},"modified":"2024-04-15T16:13:24","modified_gmt":"2024-04-15T14:13:24","slug":"grifo-pulsador-con-temporizador-cromado-para-lavabo-automatico-uso-en-hosteleria-e-industria","status":"publish","type":"product","link":"https:\/\/goldmanservice.com\/en\/hosteleria\/griferia-industrial\/grifo-pulsador-con-temporizador-cromado-para-lavabo-automatico-uso-en-hosteleria-e-industria\/","title":{"rendered":"Grifo pulsador con temporizador. Uso en hosteler\u00eda e industria"},"content":{"rendered":"<div class=\"wpb-content-wrapper\"><div class=\"vc_row wpb_row vc_row-fluid\"><div class=\"wpb_column vc_column_container vc_col-sm-6\"><div class=\"vc_column-inner\"><div class=\"wpb_wrapper\"><div id=\"ultimate-video-443469f2c0bebd495\" class=\"ult-video  ult-adjust-bottom-margin ultimate-video-443469f2c0bebd495 ultv-5249\"><div class=\"ultv-video ultv-aspect-ratio-16_9 ultv-subscribe-responsive-none\" data-videotype=\"uv_iframe\">\n\t\t\t\t\t\t<div class=\"ultv-video__outer-wrap\" data-autoplay=\"0\" data-device=\"false\"  data-iconbg=\"#3A3A3A\" data-overcolor=\"\" data-defaultbg=\"#dd3333\" data-defaultplay=\"defaulticon\"><div class=\"ultv-video__play\" data-src=\"https:\/\/www.youtube.com\/embed\/tR-HzG9izqw?rel=0&#038;start&#038;end&#038;controls=1&#038;mute=0&#038;modestbranding=0&#038;autoplay=1\">\n\t\t\t\t\t\t\t\t<img decoding=\"async\" class=\"ultv-video__thumb\" src=\"https:\/\/goldmanservice.com\/wp-content\/uploads\/2022\/02\/tR-HzG9izqw_320x180.jpg\"\/>\n\t\t\t\t\t\t\t\t<div class=\"ultv-video__play-icon  ultv-animation-none\" style=\"width:75px\"><svg height=\"100%\" version=\"1.1\" viewbox=\"0 0 68 48\" width=\"100%\"><path class=\"ultv-youtube-icon-bg\" d=\"m .66,37.62 c 0,0 .66,4.70 2.70,6.77 2.58,2.71 5.98,2.63 7.49,2.91 5.43,.52 23.10,.68 23.12,.68 .00,-1.3e-5 14.29,-0.02 23.81,-0.71 1.32,-0.15 4.22,-0.17 6.81,-2.89 2.03,-2.07 2.70,-6.77 2.70,-6.77 0,0 .67,-5.52 .67,-11.04 l 0,-5.17 c 0,-5.52 -0.67,-11.04 -0.67,-11.04 0,0 -0.66,-4.70 -2.70,-6.77 C 62.03,.86 59.13,.84 57.80,.69 48.28,0 34.00,0 34.00,0 33.97,0 19.69,0 10.18,.69 8.85,.84 5.95,.86 3.36,3.58 1.32,5.65 .66,10.35 .66,10.35 c 0,0 -0.55,4.50 -0.66,9.45 l 0,8.36 c .10,4.94 .66,9.45 .66,9.45 z\" fill=\"#1f1f1e\" ><\/path><path d=\"m 26.96,13.67 18.37,9.62 -18.37,9.55 -0.00,-19.17 z\" fill=\"#fff\"><\/path><path d=\"M 45.02,23.46 45.32,23.28 26.96,13.67 43.32,22.34 45.02,23.46 z\" fill=\"#ccc\"><\/path><\/svg><\/div> <\/div> <\/div><\/div><\/div><\/div><\/div><\/div><div class=\"wpb_column vc_column_container vc_col-sm-6\"><div class=\"vc_column-inner\"><div class=\"wpb_wrapper\">\n\t<div class=\"wpb_text_column wpb_content_element\" >\n\t\t<div class=\"wpb_wrapper\">\n\t\t\t<p>Grifo pulsador con temporizador cromado para lavabo autom\u00e1tico. Uso en hosteler\u00eda e industria.<\/p>\n<p>Dimensiones del paquete: \u200e8.3 x 8.2 x 5.7 cm; 360 gramos<br \/>\nColor \u200eCromado:<br \/>\nIncluye bater\u00edas: \u200eNo<br \/>\nNecesita bater\u00edas:\u200e No<\/p>\n\n\t\t<\/div>\n\t<\/div>\n<\/div><\/div><\/div><\/div>\n<\/div>","protected":false},"excerpt":{"rendered":"<ul class=\"a-unordered-list a-vertical a-spacing-mini\">\n<li><span class=\"a-list-item\">Temporizado: Grifo pulsador con duraci\u00f3n de pulsado de 10 segundos aproximadamente, que permite un ahorro considerable de agua por su sistema temporizado.<\/span><\/li>\n<li><span class=\"a-list-item\">Incluye: El grifo pulsador temporizado incluye los filtros de las tomas. Siendo la entrada y salida de la toma del agua hembra con rosca de 1\/2&#8243;.<\/span><\/li>\n<li><span class=\"a-list-item\">Material: Alta calidad en acero inoxidable, Inox, que lo hacen de una gran calidad y duraderos en el tiempo.<\/span><\/li>\n<li><span class=\"a-list-item\">Usos principales: grifer\u00eda de pie, mano, o rodilla para fuentes u hosteler\u00eda industrial, fregaderos de cocinas y restaurantes, gastronom\u00eda, limpieza de vajilla, industrias c\u00e1rnicas, pescader\u00eda, cocina profesional, usos sanitarios, lavabos.<\/span><\/li>\n<li><span class=\"a-list-item\">Instalaci\u00f3n: f\u00e1cil y segura, compatible con sistemas de fontaner\u00eda universales.<\/span><\/li>\n<\/ul>","protected":false},"featured_media":37740,"template":"","meta":[],"product_brand":[],"product_cat":[335,87],"product_tag":[],"class_list":{"0":"post-1595","1":"product","2":"type-product","3":"status-publish","4":"has-post-thumbnail","6":"product_cat-griferia-industrial","7":"product_cat-hosteleria","8":"description-off","10":"first","11":"instock","12":"taxable","13":"shipping-taxable","14":"purchasable","15":"product-type-simple"},"_links":{"self":[{"href":"https:\/\/goldmanservice.com\/en\/wp-json\/wp\/v2\/product\/1595","targetHints":{"allow":["GET"]}}],"collection":[{"href":"https:\/\/goldmanservice.com\/en\/wp-json\/wp\/v2\/product"}],"about":[{"href":"https:\/\/goldmanservice.com\/en\/wp-json\/wp\/v2\/types\/product"}],"wp:featuredmedia":[{"embeddable":true,"href":"https:\/\/goldmanservice.com\/en\/wp-json\/wp\/v2\/media\/37740"}],"wp:attachment":[{"href":"https:\/\/goldmanservice.com\/en\/wp-json\/wp\/v2\/media?parent=1595"}],"wp:term":[{"taxonomy":"product_brand","embeddable":true,"href":"https:\/\/goldmanservice.com\/en\/wp-json\/wp\/v2\/product_brand?post=1595"},{"taxonomy":"product_cat","embeddable":true,"href":"https:\/\/goldmanservice.com\/en\/wp-json\/wp\/v2\/product_cat?post=1595"},{"taxonomy":"product_tag","embeddable":true,"href":"https:\/\/goldmanservice.com\/en\/wp-json\/wp\/v2\/product_tag?post=1595"}],"curies":[{"name":"wp","href":"https:\/\/api.w.org\/{rel}","templated":true}]}}