{"id":1609,"date":"2022-02-20T20:14:01","date_gmt":"2022-02-20T19:14:01","guid":{"rendered":"https:\/\/goldmanservice.com\/?post_type=product&#038;p=1609"},"modified":"2024-10-02T09:51:44","modified_gmt":"2024-10-02T07:51:44","slug":"2-latiguillos-fontaneria-macho-hembra-acero-inoxidable","status":"publish","type":"product","link":"https:\/\/goldmanservice.com\/en\/hosteleria\/accesorios\/2-latiguillos-fontaneria-macho-hembra-acero-inoxidable\/","title":{"rendered":"Juego de 2 Latiguillos de fontaner\u00eda Macho-Hembra &#8211; 50cm 1\/2&#8243;"},"content":{"rendered":"<p>Juego de 2 Latiguillos de fontaner\u00eda Macho &#8211; Hembra, 1\/2&#8243;, Manguera Largo 50 cm. Manguitos con malla reforzada flexible de acero inoxidable.<\/p>\n<p>Dimensiones del paquete: \u200e23.9 x 18.1 x 2.5 cm; 240 gramos<br \/>\nTama\u00f1o: \u200e50cm 1\/2&#8243;<br \/>\nMaterial: \u200eMalla<br \/>\nN\u00famero de piezas: \u200e2<br \/>\nIncluye bater\u00edas: \u200eNo<br \/>\nNecesita bater\u00edas: \u200eNo<\/p>","protected":false},"excerpt":{"rendered":"<ul class=\"a-unordered-list a-vertical a-spacing-mini\">\n<li><span class=\"a-list-item\">Caracter\u00edsticas: Incluimos dos piezas de latiguillo con roscas de conexi\u00f3n standar Macho- Hembra 1\/2 \u00bb (pulgadas). Grosor del tubo 13mm. Largo total 1 metro.<\/span><\/li>\n<li><span class=\"a-list-item\">Latiguillo de tubos flexibles de material pl\u00e1stico revestidos con una malla exterior trenzada fabricada en acero inoxidable con un tubo interior EPDM de alta presi\u00f3n, no toxico para agua potable, antienvejecimiento, no se oxida.<\/span><\/li>\n<li><span class=\"a-list-item\">Usos: Algunos de los latiguillos de uso dom\u00e9stico, profesional e industrial m\u00e1s habituales son: Ideal para utilizar en termos, calentadores, calderas y lavavajillas. Tambi\u00e9n para grifer\u00eda, lavabos, fregaderos, cocinas, ba\u00f1os, lavavajillas, termos el\u00e9ctricos, WC, Bid\u00e9.<\/span><\/li>\n<li><span class=\"a-list-item\">Flexible: su dise\u00f1o de acero inoxidable trenzado flexible, resistente a la presi\u00f3n y al calor. Presi\u00f3n \/ Temperatura de trabajo: 10 BAR \/ 90\u00baC, es resistente a altas temperaturas y al agrietamiento.<\/span><\/li>\n<li><span class=\"a-list-item\">Manguera para Grifo o Ducha de Acero Inoxidable, Flexo para lavabo, grifos, cocina. Recambio de fontaner\u00eda con sistema giratorio, con anclaje de rosca de f\u00e1cil instalaci\u00f3n y compatible con el uso de cualquier herramienta, no se retuerce gracias a su sistema giratorio.<\/span><\/li>\n<\/ul>","protected":false},"featured_media":37742,"template":"","meta":[],"product_brand":[],"product_cat":[339,87],"product_tag":[],"class_list":{"0":"post-1609","1":"product","2":"type-product","3":"status-publish","4":"has-post-thumbnail","6":"product_cat-accesorios","7":"product_cat-hosteleria","8":"description-off","10":"first","11":"instock","12":"taxable","13":"shipping-taxable","14":"purchasable","15":"product-type-simple"},"_links":{"self":[{"href":"https:\/\/goldmanservice.com\/en\/wp-json\/wp\/v2\/product\/1609","targetHints":{"allow":["GET"]}}],"collection":[{"href":"https:\/\/goldmanservice.com\/en\/wp-json\/wp\/v2\/product"}],"about":[{"href":"https:\/\/goldmanservice.com\/en\/wp-json\/wp\/v2\/types\/product"}],"wp:featuredmedia":[{"embeddable":true,"href":"https:\/\/goldmanservice.com\/en\/wp-json\/wp\/v2\/media\/37742"}],"wp:attachment":[{"href":"https:\/\/goldmanservice.com\/en\/wp-json\/wp\/v2\/media?parent=1609"}],"wp:term":[{"taxonomy":"product_brand","embeddable":true,"href":"https:\/\/goldmanservice.com\/en\/wp-json\/wp\/v2\/product_brand?post=1609"},{"taxonomy":"product_cat","embeddable":true,"href":"https:\/\/goldmanservice.com\/en\/wp-json\/wp\/v2\/product_cat?post=1609"},{"taxonomy":"product_tag","embeddable":true,"href":"https:\/\/goldmanservice.com\/en\/wp-json\/wp\/v2\/product_tag?post=1609"}],"curies":[{"name":"wp","href":"https:\/\/api.w.org\/{rel}","templated":true}]}}