{"id":1668,"date":"2022-02-21T00:52:59","date_gmt":"2022-02-20T23:52:59","guid":{"rendered":"https:\/\/goldmanservice.com\/?post_type=product&#038;p=1668"},"modified":"2025-08-06T12:04:35","modified_gmt":"2025-08-06T10:04:35","slug":"grifo-gerontologico-higienico-de-codo-para-fregaderos-de-cocinas-industriales-de-hosteleria-con-rociador-pulverizador-ducha-flexo-extensible-y-mezclador-monomando","status":"publish","type":"product","link":"https:\/\/goldmanservice.com\/en\/hosteleria\/griferia-industrial\/grifo-gerontologico-higienico-de-codo-para-fregaderos-de-cocinas-industriales-de-hosteleria-con-rociador-pulverizador-ducha-flexo-extensible-y-mezclador-monomando\/","title":{"rendered":"Grifo gerontol\u00f3gico de cocinas industriales hosteler\u00eda"},"content":{"rendered":"<p>Grifo gerontol\u00f3gico higi\u00e9nico de codo para fregaderos de cocinas industriales hosteler\u00eda con rociador pulverizador ducha flexo extensible y mezclador monomando.<\/p>\n<p>Dimensiones del paquete: \u200e80.5 x 24.5 x 7.5 cm; 4.6 kilogramos<br \/>\nReferencia del fabricante: \u200epart_B08MWT3JNN<br \/>\nColor: \u200eInox<br \/>\nAcabado: \u200eInoxidable<br \/>\nMaterial: \u200eAcero inoxidable<br \/>\nN\u00famero de empu\u00f1aduras: \u200e1<br \/>\nMaterial de la empu\u00f1adura: \u200eAcero de aleaci\u00f3n<br \/>\nTipo de montaje: \u200eMontaje en pared<br \/>\nIncluye bater\u00edas: \u200eNo<br \/>\nNecesita bater\u00edas: \u200eNo<\/p>","protected":false},"excerpt":{"rendered":"<ul class=\"a-unordered-list a-vertical a-spacing-mini\">\n<li><span class=\"a-list-item\">Incluye: Kit de Alcachofa ducha negra, manguera larga de malla reforzada, muelle flexible de acero, cabeza de grifo mono mando con maneta negra reguladora de temperatura con codo.<\/span><\/li>\n<li><span class=\"a-list-item\">Material: Alta calidad en acero inoxidable, INOX, y acabados de goma negra, gran calidad y duraderos en el tiempo.<\/span><\/li>\n<li><span class=\"a-list-item\">Alcachofa y manguera flexibles: pr\u00e1ctico mango de spray pulverizador, regular la presi\u00f3n con un suave movimiento de mu\u00f1eca y muelle flexor en espiral. Manguera de malla resistente y flexible con capa plastificada protectora. Monomando regulador de agua fr\u00eda y caliente.<\/span><\/li>\n<li><span class=\"a-list-item\">Usos principales: cabeza de grifo cocina para hosteler\u00eda industrial, fregaderos de cocinas y restaurantes, gastronom\u00eda, hospitales y usos sanitarios, limpieza de vajilla, industrias c\u00e1rnicas, pescader\u00eda, cocina profesional.<\/span><\/li>\n<li><span class=\"a-list-item\">Instalaci\u00f3n: montaje f\u00e1cil y seguro, con fijaci\u00f3n en fregadero y anclado a la pared. El kit de grifo industrial incluye los manguitos para el suministro de agua.<\/span><\/li>\n<\/ul>","protected":false},"featured_media":37765,"template":"","meta":[],"product_brand":[],"product_cat":[335,87],"product_tag":[],"class_list":{"0":"post-1668","1":"product","2":"type-product","3":"status-publish","4":"has-post-thumbnail","6":"product_cat-griferia-industrial","7":"product_cat-hosteleria","8":"description-off","10":"first","11":"outofstock","12":"taxable","13":"shipping-taxable","14":"purchasable","15":"product-type-simple"},"_links":{"self":[{"href":"https:\/\/goldmanservice.com\/en\/wp-json\/wp\/v2\/product\/1668","targetHints":{"allow":["GET"]}}],"collection":[{"href":"https:\/\/goldmanservice.com\/en\/wp-json\/wp\/v2\/product"}],"about":[{"href":"https:\/\/goldmanservice.com\/en\/wp-json\/wp\/v2\/types\/product"}],"wp:featuredmedia":[{"embeddable":true,"href":"https:\/\/goldmanservice.com\/en\/wp-json\/wp\/v2\/media\/37765"}],"wp:attachment":[{"href":"https:\/\/goldmanservice.com\/en\/wp-json\/wp\/v2\/media?parent=1668"}],"wp:term":[{"taxonomy":"product_brand","embeddable":true,"href":"https:\/\/goldmanservice.com\/en\/wp-json\/wp\/v2\/product_brand?post=1668"},{"taxonomy":"product_cat","embeddable":true,"href":"https:\/\/goldmanservice.com\/en\/wp-json\/wp\/v2\/product_cat?post=1668"},{"taxonomy":"product_tag","embeddable":true,"href":"https:\/\/goldmanservice.com\/en\/wp-json\/wp\/v2\/product_tag?post=1668"}],"curies":[{"name":"wp","href":"https:\/\/api.w.org\/{rel}","templated":true}]}}