{"id":1773,"date":"2022-02-21T01:57:50","date_gmt":"2022-02-21T00:57:50","guid":{"rendered":"https:\/\/goldmanservice.com\/?post_type=product&#038;p=1773"},"modified":"2024-04-18T13:25:23","modified_gmt":"2024-04-18T11:25:23","slug":"mando-universal-aire-acondicionado","status":"publish","type":"product","link":"https:\/\/goldmanservice.com\/en\/climatizacion\/aire-acondicionado\/mando-universal-aire-acondicionado\/","title":{"rendered":"Mando Universal Aire Acondicionado"},"content":{"rendered":"<p>Mando Universal Aire Acondicionado climatizador Inverter para Split Bomba de Calor y Frio, Compatible con Grandes Marcas.<\/p>\n<p>Nombre del modelo: \u200eKT-9018E<br \/>\nDimensiones del producto: \u200e11.5 x 4.6 x 1.5 cm; 70 gramos<br \/>\nPilas: \u200e2 AAA (Tipo de pila necesaria)<br \/>\nAparatos compatibles: \u200eAire acondicionado<br \/>\nDescripci\u00f3n de la bater\u00eda: \u200eAlcalina<br \/>\nPilas \/ bater\u00edas incluidas: \u200eNo<br \/>\nComposici\u00f3n de la pila de la bater\u00eda: \u200eZinc-carbono<br \/>\nTipo de conector: \u200eInfrarrojos<\/p>","protected":false},"excerpt":{"rendered":"<ul class=\"a-unordered-list a-vertical a-spacing-mini\">\n<li><span class=\"a-list-item\">Mando aire acondicionado universal compatible con todas las grandes marcas como LG, Mitsubishi, Daikin, Johnson, Fujitsu, Panasonic, Carrier, Samsung, General electric, compatible hasta 1000 marcas principales.<\/span><\/li>\n<li><span class=\"a-list-item\">Control remoto con gran pantalla LCD. Distancia de alcance, 8 metros. B\u00fasqueda autom\u00e1tica del c\u00f3digo, f\u00e1cil de configurar, incluye instrucciones.<\/span><\/li>\n<li><span class=\"a-list-item\">Permite controlar todas las funciones habilitadas en los mandos de aire acondicionado y aparatos est\u00e1ndard de climatizaci\u00f3n. Control de programaci\u00f3n de encendido y apagado, direcci\u00f3n del flujo del aire, velocidad del aire y temperatura.<\/span><\/li>\n<li><span class=\"a-list-item\">Permite el cambio de funci\u00f3n de bomba de calor a frio, autom\u00e1tico y aire seco del equipo.<\/span><\/li>\n<li><span class=\"a-list-item\">Control remoto de aires acondicionado de bonito dise\u00f1o, muy ligero y funcional. Incluye en la pantalla un reloj digital. Producto de calidad.<\/span><\/li>\n<\/ul>","protected":false},"featured_media":38009,"template":"","meta":[],"product_brand":[],"product_cat":[340,88],"product_tag":[],"class_list":{"0":"post-1773","1":"product","2":"type-product","3":"status-publish","4":"has-post-thumbnail","6":"product_cat-aire-acondicionado","7":"product_cat-climatizacion","8":"description-off","10":"first","11":"instock","12":"featured","13":"taxable","14":"shipping-taxable","15":"purchasable","16":"product-type-simple"},"_links":{"self":[{"href":"https:\/\/goldmanservice.com\/en\/wp-json\/wp\/v2\/product\/1773","targetHints":{"allow":["GET"]}}],"collection":[{"href":"https:\/\/goldmanservice.com\/en\/wp-json\/wp\/v2\/product"}],"about":[{"href":"https:\/\/goldmanservice.com\/en\/wp-json\/wp\/v2\/types\/product"}],"wp:featuredmedia":[{"embeddable":true,"href":"https:\/\/goldmanservice.com\/en\/wp-json\/wp\/v2\/media\/38009"}],"wp:attachment":[{"href":"https:\/\/goldmanservice.com\/en\/wp-json\/wp\/v2\/media?parent=1773"}],"wp:term":[{"taxonomy":"product_brand","embeddable":true,"href":"https:\/\/goldmanservice.com\/en\/wp-json\/wp\/v2\/product_brand?post=1773"},{"taxonomy":"product_cat","embeddable":true,"href":"https:\/\/goldmanservice.com\/en\/wp-json\/wp\/v2\/product_cat?post=1773"},{"taxonomy":"product_tag","embeddable":true,"href":"https:\/\/goldmanservice.com\/en\/wp-json\/wp\/v2\/product_tag?post=1773"}],"curies":[{"name":"wp","href":"https:\/\/api.w.org\/{rel}","templated":true}]}}