{"id":37261,"date":"2022-08-19T09:09:03","date_gmt":"2022-08-19T07:09:03","guid":{"rendered":"https:\/\/goldmanservice.com\/?post_type=product&#038;p=37261"},"modified":"2024-09-11T10:42:20","modified_gmt":"2024-09-11T08:42:20","slug":"grifo-monomando-industrial-extensible-rociador-azul-para-fregadero-de-cocina-hosteleria-alcachofa-flexo-pulverizadora-cano-alto","status":"publish","type":"product","link":"https:\/\/goldmanservice.com\/en\/hosteleria\/griferia-industrial\/grifo-monomando-industrial-extensible-rociador-azul-para-fregadero-de-cocina-hosteleria-alcachofa-flexo-pulverizadora-cano-alto\/","title":{"rendered":"Grifo Monomando Industrial Extensible Rociador Azul"},"content":{"rendered":"<p>Grifo Monomando Industrial Extensible Rociador Azul para fregadero de cocina Hosteler\u00eda + Alcachofa Flexo Pulverizadora + Ca\u00f1o alto<\/p>\n<p>Dimensiones del producto: \u200e114 x 34 x 114 cm; 4.5 kilogramos<br \/>\nN\u00famero de modelo del producto: \u200e22009<br \/>\nTama\u00f1o: \u200eGrande<br \/>\nColor: \u200eAzul<br \/>\nEstilo: \u200ePalanca<br \/>\nAcabado: \u200eBrillante<br \/>\nMaterial: \u200eAcero inoxidable<br \/>\nFuente de alimentaci\u00f3n: \u200eHidr\u00e1ulico<br \/>\nM\u00e9todo de instalaci\u00f3n: \u200eEncimera, y anclado en pared<br \/>\nAltura del ca\u00f1o: \u200e44 Cent\u00edmetros<br \/>\nAlcance del ca\u00f1o: \u200e44 Cent\u00edmetros<br \/>\nMaterial de la empu\u00f1adura: \u200eAcero inoxidable y Acr\u00edlico<br \/>\nTipo de montaje: \u200eMontaje en pared<br \/>\nUso: \u200eProfesional<br \/>\nComponentes incluidos: \u200eSet Grifo industrial, completo para la instalaci\u00f3n<br \/>\nNecesita bater\u00edas: \u200eNo<\/p>","protected":false},"excerpt":{"rendered":"<ul>\n<li>Incluye: Alcachofa azul, manguera, muelle flexible azul, grifo monomando regulador mezclador de temperatura, grifo ca\u00f1o alto de cocina, todos los anclajes y juntas del equipo necesarios para su montaje.<\/li>\n<li>Material: Alta calidad en acero inoxidable, Inox, y acabados PVC azul, que lo hacen de una gran calidad y duraderos en el tiempo. Permite recambios de accesorios de manera independiente sin necesidad de cambiar el equipo.<\/li>\n<li>Alcachofa y manguera flexibles: pr\u00e1ctico mango de spray pulverizador, permite regular la presi\u00f3n con un suave movimiento de mu\u00f1eca de manera c\u00f3moda gracias a su muelle flexor en espiral azul. Manguera de malla resistente y flexible con capa plastificada. Monomando regulador de agua fr\u00eda y caliente.<\/li>\n<li>Usos principales: cabeza de grifer\u00eda para hosteler\u00eda industrial, fregaderos de cocinas y restaurantes, gastronom\u00eda, limpieza de vajilla, industrias c\u00e1rnicas, pescader\u00eda, cocina profesional, hospitalario y sanitario, laboratorios, qu\u00edmicas.<\/li>\n<li>Instalaci\u00f3n: f\u00e1cil y segura, con fijaci\u00f3n en fregadero o lavabo y anclado a la pared. El kit de grifo industrial incluye los manguitos para el suministro de agua al sistema regulador. Anclaje en fregadero o encimera y sujeci\u00f3n en pared.<\/li>\n<\/ul>","protected":false},"featured_media":37734,"template":"","meta":[],"product_brand":[],"product_cat":[335,87],"product_tag":[],"class_list":{"0":"post-37261","1":"product","2":"type-product","3":"status-publish","4":"has-post-thumbnail","6":"product_cat-griferia-industrial","7":"product_cat-hosteleria","8":"description-off","10":"first","11":"instock","12":"taxable","13":"shipping-taxable","14":"purchasable","15":"product-type-simple"},"_links":{"self":[{"href":"https:\/\/goldmanservice.com\/en\/wp-json\/wp\/v2\/product\/37261","targetHints":{"allow":["GET"]}}],"collection":[{"href":"https:\/\/goldmanservice.com\/en\/wp-json\/wp\/v2\/product"}],"about":[{"href":"https:\/\/goldmanservice.com\/en\/wp-json\/wp\/v2\/types\/product"}],"wp:featuredmedia":[{"embeddable":true,"href":"https:\/\/goldmanservice.com\/en\/wp-json\/wp\/v2\/media\/37734"}],"wp:attachment":[{"href":"https:\/\/goldmanservice.com\/en\/wp-json\/wp\/v2\/media?parent=37261"}],"wp:term":[{"taxonomy":"product_brand","embeddable":true,"href":"https:\/\/goldmanservice.com\/en\/wp-json\/wp\/v2\/product_brand?post=37261"},{"taxonomy":"product_cat","embeddable":true,"href":"https:\/\/goldmanservice.com\/en\/wp-json\/wp\/v2\/product_cat?post=37261"},{"taxonomy":"product_tag","embeddable":true,"href":"https:\/\/goldmanservice.com\/en\/wp-json\/wp\/v2\/product_tag?post=37261"}],"curies":[{"name":"wp","href":"https:\/\/api.w.org\/{rel}","templated":true}]}}