{"id":37275,"date":"2022-08-19T09:28:38","date_gmt":"2022-08-19T07:28:38","guid":{"rendered":"https:\/\/goldmanservice.com\/?post_type=product&#038;p=37275"},"modified":"2023-11-30T09:54:21","modified_gmt":"2023-11-30T08:54:21","slug":"grifo-pedal-mezclador-para-fregaderos-industriales-de-hosteleria-adaptador-conexion-para-dos-aguas-fria-caliente","status":"publish","type":"product","link":"https:\/\/goldmanservice.com\/en\/hosteleria\/griferia-industrial\/grifo-pedal-mezclador-para-fregaderos-industriales-de-hosteleria-adaptador-conexion-para-dos-aguas-fria-caliente\/","title":{"rendered":"Grifo pedal mezclador para fregaderos industriales de hosteler\u00eda"},"content":{"rendered":"<div class=\"wpb-content-wrapper\"><div class=\"vc_row wpb_row vc_row-fluid wpb_animate_when_almost_visible wpb_zoomIn zoomIn vc_row-o-content-middle vc_row-flex\"><div class=\"wpb_column vc_column_container vc_col-sm-6\"><div class=\"vc_column-inner\"><div class=\"wpb_wrapper\">\n\t<div class=\"wpb_text_column wpb_content_element\" >\n\t\t<div class=\"wpb_wrapper\">\n\t\t\t<div style=\"width: 1200px;\" class=\"wp-video\"><video class=\"wp-video-shortcode\" id=\"video-37275-1\" width=\"1200\" height=\"675\" preload=\"metadata\" controls=\"controls\"><source type=\"video\/mp4\" src=\"https:\/\/goldmanservice.com\/wp-content\/uploads\/2022\/08\/Padal-Simple.mp4?_=1\" \/><a href=\"https:\/\/goldmanservice.com\/wp-content\/uploads\/2022\/08\/Padal-Simple.mp4\">https:\/\/goldmanservice.com\/wp-content\/uploads\/2022\/08\/Padal-Simple.mp4<\/a><\/video><\/div>\n\n\t\t<\/div>\n\t<\/div>\n<\/div><\/div><\/div><div class=\"wpb_column vc_column_container vc_col-sm-6\"><div class=\"vc_column-inner\"><div class=\"wpb_wrapper\"><div id=\"ultimate-heading-548269f5390259e8c\" class=\"uvc-heading ult-adjust-bottom-margin ultimate-heading-548269f5390259e8c uvc-3143\" data-hspacer=\"line_only\"  data-halign=\"left\" style=\"text-align:left\"><div class=\"uvc-main-heading ult-responsive\"  data-ultimate-target='.uvc-heading.ultimate-heading-548269f5390259e8c h2'  data-responsive-json-new='{\"font-size\":\"desktop:17px;\",\"line-height\":\"desktop:19px;\"}' ><h2 style=\"--font-weight:theme;color:#000000;margin-bottom:10px;\">Grifo pedal mezclador para fregaderos industriales de hosteler\u00eda + Adaptador conexi\u00f3n para dos aguas Fr\u00eda - Caliente<\/h2><\/div><div class=\"uvc-heading-spacer line_only\" style=\"margin-bottom:15px;height:3px;\"><span class=\"uvc-headings-line\" style=\"border-style:solid;border-bottom-width:3px;border-color:#dd0000;width:150px;\"><\/span><\/div><div class=\"uvc-sub-heading ult-responsive\"  data-ultimate-target='.uvc-heading.ultimate-heading-548269f5390259e8c .uvc-sub-heading '  data-responsive-json-new='{\"font-size\":\"\",\"line-height\":\"\"}'  style=\"font-weight:normal;\"><strong>Dimensiones del producto:<\/strong> \u200e22.3 x 8.3 x 5.9 cm; 1.14 kilogramos<br \/>\n<strong>Tama\u00f1o<\/strong>: \u200eMediano<br \/>\n<strong>Color<\/strong>: \u200ePlateado<br \/>\n<strong>Acabado<\/strong>: \u200ePulido<br \/>\n<strong>Material<\/strong>: \u200eAcero inoxidable<br \/>\n<strong>M\u00e9todo de instalaci\u00f3n<\/strong>: \u200eDividido<br \/>\n<strong>Posici\u00f3n de la empu\u00f1adura<\/strong>: \u200eCentro<br \/>\n<strong>N\u00famero de empu\u00f1aduras<\/strong>: \u200e1<br \/>\n<strong>Material de la empu\u00f1adura<\/strong>: \u200eAcero inoxidable<br \/>\n<strong>Tipo de montaje<\/strong>: \u200eMontaje en superficie<br \/>\n<strong>Componentes<\/strong>: incluidos \u200eGrifo pedal, adaptador T, anclajes, filtro<br \/>\n<strong>Incluye bater\u00edas<\/strong>: \u200eNo<br \/>\n<strong>Necesita bater\u00edas<\/strong>: \u200eNo<\/div><\/div>\n\t<div class=\"wpb_text_column wpb_content_element\" >\n\t\t<div class=\"wpb_wrapper\">\n\t\t\t\n\t\t<\/div>\n\t<\/div>\n<\/div><\/div><\/div><\/div><!-- Row Backgrounds --><div class=\"upb_color\" data-bg-override=\"0\" data-bg-color=\"#f2f2f2\" data-fadeout=\"\" data-fadeout-percentage=\"30\" data-parallax-content=\"\" data-parallax-content-sense=\"30\" data-row-effect-mobile-disable=\"true\" data-img-parallax-mobile-disable=\"true\" data-rtl=\"false\"  data-custom-vc-row=\"\"  data-vc=\"8.7.2\"  data-is_old_vc=\"\"  data-theme-support=\"\"   data-overlay=\"false\" data-overlay-color=\"\" data-overlay-pattern=\"\" data-overlay-pattern-opacity=\"\" data-overlay-pattern-size=\"\"    ><\/div>\n<\/div>","protected":false},"excerpt":{"rendered":"<ul>\n<li>Sistema Dos Usos: Conexi\u00f3n vers\u00e1til mediante un adaptador incluido para mezclar las dos aguas (Fr\u00eda &#8211; Caliente) o uso simple con una sola entrada de agua.<\/li>\n<li>Usos principales: grifer\u00eda de pie para hosteler\u00eda, fregaderos de cocinas y restaurantes, gastronom\u00eda, cocina profesional, limpieza de vajilla, industrial, c\u00e1rnicas, pescader\u00eda, lavamanos a pedal, sanitarios, laboratorios hospitalarios.<\/li>\n<li>Higi\u00e9nico: Mantener la higiene en los procesos de manipulaci\u00f3n alimentaria y hospitalaria mediante el uso del pie.<\/li>\n<li>Material: Grifo de acero de pie con pedal pulsador de Alta calidad inoxidable y duraderos en el tiempo, acabado Inox.<\/li>\n<li>Instalaci\u00f3n: f\u00e1cil y segura, incluye anclajes para fijaci\u00f3n en el suelo de la v\u00e1lvula. Conexi\u00f3n: salida y entrada hembra de 1\/2&#8243;.<\/li>\n<\/ul>","protected":false},"featured_media":37739,"template":"","meta":[],"product_brand":[],"product_cat":[335,87],"product_tag":[],"class_list":{"0":"post-37275","1":"product","2":"type-product","3":"status-publish","4":"has-post-thumbnail","6":"product_cat-griferia-industrial","7":"product_cat-hosteleria","8":"description-off","10":"first","11":"instock","12":"taxable","13":"shipping-taxable","14":"purchasable","15":"product-type-simple"},"_links":{"self":[{"href":"https:\/\/goldmanservice.com\/en\/wp-json\/wp\/v2\/product\/37275","targetHints":{"allow":["GET"]}}],"collection":[{"href":"https:\/\/goldmanservice.com\/en\/wp-json\/wp\/v2\/product"}],"about":[{"href":"https:\/\/goldmanservice.com\/en\/wp-json\/wp\/v2\/types\/product"}],"wp:featuredmedia":[{"embeddable":true,"href":"https:\/\/goldmanservice.com\/en\/wp-json\/wp\/v2\/media\/37739"}],"wp:attachment":[{"href":"https:\/\/goldmanservice.com\/en\/wp-json\/wp\/v2\/media?parent=37275"}],"wp:term":[{"taxonomy":"product_brand","embeddable":true,"href":"https:\/\/goldmanservice.com\/en\/wp-json\/wp\/v2\/product_brand?post=37275"},{"taxonomy":"product_cat","embeddable":true,"href":"https:\/\/goldmanservice.com\/en\/wp-json\/wp\/v2\/product_cat?post=37275"},{"taxonomy":"product_tag","embeddable":true,"href":"https:\/\/goldmanservice.com\/en\/wp-json\/wp\/v2\/product_tag?post=37275"}],"curies":[{"name":"wp","href":"https:\/\/api.w.org\/{rel}","templated":true}]}}