{"id":37294,"date":"2022-08-19T10:17:06","date_gmt":"2022-08-19T08:17:06","guid":{"rendered":"https:\/\/goldmanservice.com\/?post_type=product&#038;p=37294"},"modified":"2025-01-21T08:22:03","modified_gmt":"2025-01-21T07:22:03","slug":"grifo-pulsador-temporizado-mural-cromado-cierre-automatico-con-embellecedor-m-m-1-2","status":"publish","type":"product","link":"https:\/\/goldmanservice.com\/en\/hosteleria\/griferia-industrial\/grifo-pulsador-temporizado-mural-cromado-cierre-automatico-con-embellecedor-m-m-1-2\/","title":{"rendered":"Grifo Pulsador temporizado"},"content":{"rendered":"<div class=\"wp-playlist wp-video-playlist wp-playlist-light\">\n\t\t<video controls=\"controls\" preload=\"none\" width=\"1178\"\n\t\t height=\"663\"\t><\/video>\n\t<div class=\"wp-playlist-next\"><\/div>\n\t<div class=\"wp-playlist-prev\"><\/div>\n\t<noscript>\n\t<ol>\n\t\t<li><a href='https:\/\/goldmanservice.com\/wp-content\/uploads\/2022\/08\/Grifo-Pulsador-B.mp4'>Grifo Pulsador Temporizado<\/a><\/li>\t<\/ol>\n\t<\/noscript>\n\t<script type=\"application\/json\" class=\"wp-playlist-script\">{\"type\":\"video\",\"tracklist\":true,\"tracknumbers\":true,\"images\":true,\"artists\":true,\"tracks\":[{\"src\":\"https:\/\/goldmanservice.com\/wp-content\/uploads\/2022\/08\/Grifo-Pulsador-B.mp4\",\"type\":\"video\/mp4\",\"title\":\"Grifo Pulsador Temporizado\",\"caption\":\"\",\"description\":\"Descubre las caracter\\u00edsticas y calidad de nuestro grifo pulsador\",\"meta\":{\"length_formatted\":\"0:35\"},\"dimensions\":{\"original\":{\"width\":1920,\"height\":1080},\"resized\":{\"width\":1178,\"height\":663}},\"image\":{\"src\":\"https:\/\/goldmanservice.com\/wp-includes\/images\/media\/video.svg\",\"width\":48,\"height\":64},\"thumb\":{\"src\":\"https:\/\/goldmanservice.com\/wp-includes\/images\/media\/video.svg\",\"width\":48,\"height\":64}}]}<\/script>\n<\/div>\n\t\n<p>Grifo Pulsador temporizado mural cromado cierre autom\u00e1tico con embellecedor. M-M 1\/2&#8243;<\/p>\n<p>Dimensiones del producto: \u200e8 x 8 x 7.6 cm; 430 gramos<br \/>\nTama\u00f1o: \u200eMediano<br \/>\nColor: \u200ePlateado<br \/>\nAcabado: \u200ePulido<br \/>\nMaterial: \u200eLat\u00f3n cromado Inox<br \/>\nFuente de alimentaci\u00f3n: \u200eHidr\u00e1ulico<br \/>\nM\u00e9todo de instalaci\u00f3n: \u200eMontaje en pared, suelo.<br \/>\nIncluye bater\u00edas: \u200eNo<br \/>\nNecesita bater\u00edas: \u200eNo<\/p>\n","protected":false},"excerpt":{"rendered":"<ul>\n<li>Ahorro: Grifo pulsador con sistema temporizado de 3 a 5 segundos aprox. que permite un considerable ahorro de agua de hasta un 60%.<\/li>\n<li>Usos: Instalaciones de uso p\u00fablico (Colegios, estaciones de servicio, hospitales, centros comerciales). Hosteler\u00eda industrial, fregaderos de cocinas y restaurantes, gastronom\u00eda, limpieza de vajilla, industrias c\u00e1rnicas, pescader\u00edas.<\/li>\n<li>Higi\u00e9nico Sanitario: ideales para hospitales, laboratorios. Entornos en los que la higiene es primordial. Grifer\u00eda Hidrosanitaria.<\/li>\n<li>Funcionamiento: Grifo empotrado mural de paso recto, sistema pulsador de apertura con mano, pie, rodilla o codo con presi\u00f3n suave. Instalaci\u00f3n en lavabos, fregaderos, duchas, urinarios, fuentes.<\/li>\n<li>Material: Alta calidad en acero inoxidable con pulsador redondeado y embellecedor, Inox, que lo hacen de una gran calidad y duraderos en el tiempo.<\/li>\n<\/ul>","protected":false},"featured_media":37296,"template":"","meta":[],"product_brand":[],"product_cat":[335,87],"product_tag":[],"class_list":{"0":"post-37294","1":"product","2":"type-product","3":"status-publish","4":"has-post-thumbnail","6":"product_cat-griferia-industrial","7":"product_cat-hosteleria","8":"description-off","10":"first","11":"instock","12":"taxable","13":"shipping-taxable","14":"purchasable","15":"product-type-simple"},"_links":{"self":[{"href":"https:\/\/goldmanservice.com\/en\/wp-json\/wp\/v2\/product\/37294","targetHints":{"allow":["GET"]}}],"collection":[{"href":"https:\/\/goldmanservice.com\/en\/wp-json\/wp\/v2\/product"}],"about":[{"href":"https:\/\/goldmanservice.com\/en\/wp-json\/wp\/v2\/types\/product"}],"wp:featuredmedia":[{"embeddable":true,"href":"https:\/\/goldmanservice.com\/en\/wp-json\/wp\/v2\/media\/37296"}],"wp:attachment":[{"href":"https:\/\/goldmanservice.com\/en\/wp-json\/wp\/v2\/media?parent=37294"}],"wp:term":[{"taxonomy":"product_brand","embeddable":true,"href":"https:\/\/goldmanservice.com\/en\/wp-json\/wp\/v2\/product_brand?post=37294"},{"taxonomy":"product_cat","embeddable":true,"href":"https:\/\/goldmanservice.com\/en\/wp-json\/wp\/v2\/product_cat?post=37294"},{"taxonomy":"product_tag","embeddable":true,"href":"https:\/\/goldmanservice.com\/en\/wp-json\/wp\/v2\/product_tag?post=37294"}],"curies":[{"name":"wp","href":"https:\/\/api.w.org\/{rel}","templated":true}]}}