{"id":37326,"date":"2022-08-19T10:52:28","date_gmt":"2022-08-19T08:52:28","guid":{"rendered":"https:\/\/goldmanservice.com\/?post_type=product&#038;p=37326"},"modified":"2024-04-15T15:57:23","modified_gmt":"2024-04-15T13:57:23","slug":"kit-de-herramientas-de-fontaneria-de-abocardador-excentrico-de-tubos-aire-acondicionado-y-calefaccion-abocinador-expansor-cortador-de-tubo-con-estuche","status":"publish","type":"product","link":"https:\/\/goldmanservice.com\/en\/climatizacion\/aire-acondicionado\/kit-de-herramientas-de-fontaneria-de-abocardador-excentrico-de-tubos-aire-acondicionado-y-calefaccion-abocinador-expansor-cortador-de-tubo-con-estuche\/","title":{"rendered":"Kit de herramientas de fontaner\u00eda de Abocardador"},"content":{"rendered":"<div class=\"wpb-content-wrapper\"><div class=\"vc_row wpb_row vc_row-fluid\"><div class=\"wpb_column vc_column_container vc_col-sm-6\"><div class=\"vc_column-inner\"><div class=\"wpb_wrapper\"><div id=\"ultimate-video-215569dfff8530c80\" class=\"ult-video  ult-adjust-bottom-margin ultimate-video-215569dfff8530c80 ultv-1029\"><div class=\"ultv-video ultv-aspect-ratio-16_9 ultv-subscribe-responsive-none\" data-videotype=\"uv_iframe\">\n\t\t\t\t\t\t<div class=\"ultv-video__outer-wrap\" data-autoplay=\"0\" data-device=\"false\"  data-iconbg=\"#3A3A3A\" data-overcolor=\"\" data-defaultbg=\"#dd3333\" data-defaultplay=\"defaulticon\"><div class=\"ultv-video__play\" data-src=\"https:\/\/www.youtube.com\/embed\/rYoKxOwIf0A?rel=0&#038;start&#038;end&#038;controls=1&#038;mute=0&#038;modestbranding=0&#038;autoplay=1\">\n\t\t\t\t\t\t\t\t<img decoding=\"async\" class=\"ultv-video__thumb\" src=\"https:\/\/goldmanservice.com\/wp-content\/uploads\/2022\/08\/rYoKxOwIf0A_320x180-1.jpg\"\/>\n\t\t\t\t\t\t\t\t<div class=\"ultv-video__play-icon  ultv-animation-none\" style=\"width:75px\"><svg height=\"100%\" version=\"1.1\" viewbox=\"0 0 68 48\" width=\"100%\"><path class=\"ultv-youtube-icon-bg\" d=\"m .66,37.62 c 0,0 .66,4.70 2.70,6.77 2.58,2.71 5.98,2.63 7.49,2.91 5.43,.52 23.10,.68 23.12,.68 .00,-1.3e-5 14.29,-0.02 23.81,-0.71 1.32,-0.15 4.22,-0.17 6.81,-2.89 2.03,-2.07 2.70,-6.77 2.70,-6.77 0,0 .67,-5.52 .67,-11.04 l 0,-5.17 c 0,-5.52 -0.67,-11.04 -0.67,-11.04 0,0 -0.66,-4.70 -2.70,-6.77 C 62.03,.86 59.13,.84 57.80,.69 48.28,0 34.00,0 34.00,0 33.97,0 19.69,0 10.18,.69 8.85,.84 5.95,.86 3.36,3.58 1.32,5.65 .66,10.35 .66,10.35 c 0,0 -0.55,4.50 -0.66,9.45 l 0,8.36 c .10,4.94 .66,9.45 .66,9.45 z\" fill=\"#1f1f1e\" ><\/path><path d=\"m 26.96,13.67 18.37,9.62 -18.37,9.55 -0.00,-19.17 z\" fill=\"#fff\"><\/path><path d=\"M 45.02,23.46 45.32,23.28 26.96,13.67 43.32,22.34 45.02,23.46 z\" fill=\"#ccc\"><\/path><\/svg><\/div> <\/div> <\/div><\/div><\/div><\/div><\/div><\/div><div class=\"wpb_column vc_column_container vc_col-sm-6\"><div class=\"vc_column-inner\"><div class=\"wpb_wrapper\">\n\t<div class=\"wpb_text_column wpb_content_element\" >\n\t\t<div class=\"wpb_wrapper\">\n\t\t\t<p>Kit de herramientas de fontaner\u00eda de Abocardador exc\u00e9ntrico de tubos aire acondicionado y calefacci\u00f3n. Abocinador expansor, cortador de tubo con estuche.<\/p>\n<p>Dimensiones del producto: \u200e37 x 18 x 5 cm; 2.56 kilogramos<br \/>\nAcabado: \u200eInoxidable<br \/>\nMaterial: \u200eAcero<\/p>\n\n\t\t<\/div>\n\t<\/div>\n<\/div><\/div><\/div><\/div>\n<\/div>","protected":false},"excerpt":{"rendered":"<ul>\n<li>Incluye: Herramienta de abocardado, Autocentrado, con yugo de acero de rosca f\u00e1cilmente intercambiable. Dos barras abrazaderas de tubo en pulgadas con 9 m\u00e9tricas: 1\/8\u201d, 3\/16\u201d,1\/4\u201d, 5\/16\u201d, 3\/8\u201d, 7\/16\u201d, 1\/2&#8243;, 5\/8\u201d, 3\/4&#8243;<\/li>\n<li>Incluye: Cortador de tubos de: 1\/8 \u00bb~ 1-1\/8\u00bb (3-28mm) Incluye 5 adaptadores giratorios Swage para 7 tama\u00f1os de tubos: 3\/16 \u00bb, 1\/4\u00bb, 5\/16 \u00bb, 3\/8\u00bb, 1\/2 \u00bb, 5\/8\u00bb, 3\/4\u00bb. Llave de trinquete de carraca de para: 1\/4 \u00bb, 3\/8\u00bb, 3\/16 \u00bb, 5\/16\u00bb. Malet\u00edn de pasta dura para transportar.<\/li>\n<li>Uso: El kit expandidor de tubos es \u00fatil para trabajos t\u00e9cnicos de instaladores, fontaneros, talleres mec\u00e1nicos, industrias metal\u00fargicas, plomeros. En electrodom\u00e9sticos como aire acondicionado, calefacci\u00f3n, gas y refrigeraci\u00f3n. Para prensar y expandir las l\u00edneas de refrigeraci\u00f3n y tuber\u00edas blandas y realizar abocardados simples o dobles en tubos de cobre, lat\u00f3n y aluminio de paredes delgadas.<\/li>\n<li>Materiales de acero de primera calidad y aleaci\u00f3n de aluminio de gran resistencia que permite una prolongada vida de uso y de bajo desgaste. Su estructura pesada y fundida de sus materiales permiten el desarrollo de un buen trabajo para profesionales.<\/li>\n<li>Todas las piezas cuidadosamente ordenadas en un estuche duro para almacenar, f\u00e1cil de transportar, ordenar y usar como Kit para instalaci\u00f3n de aire acondicionado.<\/li>\n<\/ul>","protected":false},"featured_media":37741,"template":"","meta":[],"product_brand":[],"product_cat":[340,88],"product_tag":[],"class_list":{"0":"post-37326","1":"product","2":"type-product","3":"status-publish","4":"has-post-thumbnail","6":"product_cat-aire-acondicionado","7":"product_cat-climatizacion","8":"description-off","10":"first","11":"instock","12":"taxable","13":"shipping-taxable","14":"purchasable","15":"product-type-simple"},"_links":{"self":[{"href":"https:\/\/goldmanservice.com\/en\/wp-json\/wp\/v2\/product\/37326","targetHints":{"allow":["GET"]}}],"collection":[{"href":"https:\/\/goldmanservice.com\/en\/wp-json\/wp\/v2\/product"}],"about":[{"href":"https:\/\/goldmanservice.com\/en\/wp-json\/wp\/v2\/types\/product"}],"wp:featuredmedia":[{"embeddable":true,"href":"https:\/\/goldmanservice.com\/en\/wp-json\/wp\/v2\/media\/37741"}],"wp:attachment":[{"href":"https:\/\/goldmanservice.com\/en\/wp-json\/wp\/v2\/media?parent=37326"}],"wp:term":[{"taxonomy":"product_brand","embeddable":true,"href":"https:\/\/goldmanservice.com\/en\/wp-json\/wp\/v2\/product_brand?post=37326"},{"taxonomy":"product_cat","embeddable":true,"href":"https:\/\/goldmanservice.com\/en\/wp-json\/wp\/v2\/product_cat?post=37326"},{"taxonomy":"product_tag","embeddable":true,"href":"https:\/\/goldmanservice.com\/en\/wp-json\/wp\/v2\/product_tag?post=37326"}],"curies":[{"name":"wp","href":"https:\/\/api.w.org\/{rel}","templated":true}]}}