{"id":37335,"date":"2022-08-19T10:57:38","date_gmt":"2022-08-19T08:57:38","guid":{"rendered":"https:\/\/goldmanservice.com\/?post_type=product&#038;p=37335"},"modified":"2024-06-12T12:48:13","modified_gmt":"2024-06-12T10:48:13","slug":"ventilador-axial-refrigeracion","status":"publish","type":"product","link":"https:\/\/goldmanservice.com\/en\/climatizacion\/ventilacion\/ventilador-axial-refrigeracion\/","title":{"rendered":"Ventilador axial de refrigeraci\u00f3n"},"content":{"rendered":"<div class=\"wpb-content-wrapper\"><div class=\"vc_row wpb_row vc_row-fluid\"><div class=\"wpb_column vc_column_container vc_col-sm-6\"><div class=\"vc_column-inner\"><div class=\"wpb_wrapper\"><div id=\"ultimate-video-86816a095979d2eac\" class=\"ult-video  ult-adjust-bottom-margin ultimate-video-86816a095979d2eac ultv-4670\"><div class=\"ultv-video ultv-aspect-ratio-16_9 ultv-subscribe-responsive-none\" data-videotype=\"uv_iframe\">\n\t\t\t\t\t\t<div class=\"ultv-video__outer-wrap\" data-autoplay=\"0\" data-device=\"false\"  data-iconbg=\"#3A3A3A\" data-overcolor=\"\" data-defaultbg=\"#dd3333\" data-defaultplay=\"defaulticon\"><div class=\"ultv-video__play\" data-src=\"https:\/\/www.youtube.com\/embed\/Oc3nDX3sjo4?rel=0&#038;start&#038;end&#038;controls=1&#038;mute=0&#038;modestbranding=0&#038;autoplay=1\">\n\t\t\t\t\t\t\t\t<img decoding=\"async\" class=\"ultv-video__thumb\" src=\"https:\/\/i.ytimg.com\/vi\/Oc3nDX3sjo4\/maxresdefault.jpg\"\/>\n\t\t\t\t\t\t\t\t<div class=\"ultv-video__play-icon  ultv-animation-none\" style=\"width:75px\"><svg height=\"100%\" version=\"1.1\" viewbox=\"0 0 68 48\" width=\"100%\"><path class=\"ultv-youtube-icon-bg\" d=\"m .66,37.62 c 0,0 .66,4.70 2.70,6.77 2.58,2.71 5.98,2.63 7.49,2.91 5.43,.52 23.10,.68 23.12,.68 .00,-1.3e-5 14.29,-0.02 23.81,-0.71 1.32,-0.15 4.22,-0.17 6.81,-2.89 2.03,-2.07 2.70,-6.77 2.70,-6.77 0,0 .67,-5.52 .67,-11.04 l 0,-5.17 c 0,-5.52 -0.67,-11.04 -0.67,-11.04 0,0 -0.66,-4.70 -2.70,-6.77 C 62.03,.86 59.13,.84 57.80,.69 48.28,0 34.00,0 34.00,0 33.97,0 19.69,0 10.18,.69 8.85,.84 5.95,.86 3.36,3.58 1.32,5.65 .66,10.35 .66,10.35 c 0,0 -0.55,4.50 -0.66,9.45 l 0,8.36 c .10,4.94 .66,9.45 .66,9.45 z\" fill=\"#1f1f1e\" ><\/path><path d=\"m 26.96,13.67 18.37,9.62 -18.37,9.55 -0.00,-19.17 z\" fill=\"#fff\"><\/path><path d=\"M 45.02,23.46 45.32,23.28 26.96,13.67 43.32,22.34 45.02,23.46 z\" fill=\"#ccc\"><\/path><\/svg><\/div> <\/div> <\/div><\/div><\/div><\/div><\/div><\/div><div class=\"wpb_column vc_column_container vc_col-sm-6\"><div class=\"vc_column-inner\"><div class=\"wpb_wrapper\">\n\t<div class=\"wpb_text_column wpb_content_element\" >\n\t\t<div class=\"wpb_wrapper\">\n\t\t\t<p>Ventilador fan Axial de refrigeraci\u00f3n 120 x 120 x 38 mm. Extractor de aire para enfriamiento de m\u00e1quinas y circulaci\u00f3n de aire.<\/p>\n<p>No apto como ventiladores insertables en cassette de chimenea.<br \/>\nNo soporta altas temperaturas de chimeneas.<br \/>\nLos fans axiales proporcionan las soluciones de enfriamiento de aire forzado para los usos termo sensibles. El alto flujo de aire y los fans axiales de poco ruido se dise\u00f1an para la ventilaci\u00f3n y para las zonas activas de enfriamiento en componentes internos de la maquinaria, especialmente en \u00e1reas confinadas. Una variedad de fans de la AC (corriente alterna) en diversos tama\u00f1os, vol\u00famenes de aire y presiones, cubren todas las necesidades industriales.<br \/>\nTensi\u00f3n de Alimentaci\u00f3n: 220 \u2192 240 V AC<br \/>\nDimensiones :120 x 120 x 38mm<br \/>\nFuncionamiento AC<br \/>\nConsumo de energ\u00eda 28W<br \/>\nCorriente M\u00e1xima 140 mA<br \/>\nFlujo de Aire 161.4m\u00b3\/h<br \/>\nNivel de Ruido 49dB<br \/>\nVelocidad del Ventilador 3100rpm<br \/>\nTipo de Cojinete Sleeve<br \/>\nPeso ventilador 445gr<br \/>\nPeso con embalaje 495gr<br \/>\nEl ventilador viene presentado en una caja personalizada Goldman Service.<\/p>\n<p>&nbsp;<\/p>\n\n\t\t<\/div>\n\t<\/div>\n<\/div><\/div><\/div><\/div>\n<\/div>","protected":false},"excerpt":{"rendered":"<ul>\n<li>Ventilador Axial de refrigeraci\u00f3n de 120 x 120 x 38 mm. 28W. 220 &#8211; 240V. AC. 50\/60 Hz. 0,14 A. Bajo consumo. Fan Ventilador axial de enfriamiento, fabricaci\u00f3n ball bearing: con rodamientos a bolas de alta calidad que asegura un funcionamiento silencioso y una larga vida \u00fatil.<\/li>\n<li>Se utiliza para disipar el calor en infinidad de maquinas, vitrinas refrigeradas, botelleros, electrodom\u00e9sticos como frigor\u00edficos y secadoras, incubadoras, m\u00e1quinas de soldar, instrumentaci\u00f3n, gabinetes, humidificadores, sistemas de refrigeraci\u00f3n, y cualquier otro lugar que queramos disipar un foco de calor de departamentos o cabinas estanco.<\/li>\n<li>El ventilador disipador de calor est\u00e1 montado sobre un marco met\u00e1lico que facilita su instalaci\u00f3n en cualquier posici\u00f3n al tiempo que su protecci\u00f3n. Posee unas flechas indicativas de salida del flujo y direcci\u00f3n de las aspas.<\/li>\n<li>Especialmente dise\u00f1ado para una mejor disipaci\u00f3n del calor de la m\u00e1quina en la que se instala, evitando as\u00ed aver\u00edas de los equipos. Su dise\u00f1o de bajo consumo de 28W permite un ahorro energ\u00e9tico considerable.<\/li>\n<li>El ventilador axial para la circulaci\u00f3n del aire de \u00e1reas estancas, incluye ya instalados dentro del mismo, los conectores para el suministro el\u00e9ctrico. Posee protecci\u00f3n de impedancia.<\/li>\n<\/ul>","protected":false},"featured_media":37760,"template":"","meta":[],"product_brand":[],"product_cat":[88,336],"product_tag":[],"class_list":{"0":"post-37335","1":"product","2":"type-product","3":"status-publish","4":"has-post-thumbnail","6":"product_cat-climatizacion","7":"product_cat-ventilacion","8":"description-off","10":"first","11":"instock","12":"featured","13":"taxable","14":"shipping-taxable","15":"purchasable","16":"product-type-simple"},"_links":{"self":[{"href":"https:\/\/goldmanservice.com\/en\/wp-json\/wp\/v2\/product\/37335","targetHints":{"allow":["GET"]}}],"collection":[{"href":"https:\/\/goldmanservice.com\/en\/wp-json\/wp\/v2\/product"}],"about":[{"href":"https:\/\/goldmanservice.com\/en\/wp-json\/wp\/v2\/types\/product"}],"wp:featuredmedia":[{"embeddable":true,"href":"https:\/\/goldmanservice.com\/en\/wp-json\/wp\/v2\/media\/37760"}],"wp:attachment":[{"href":"https:\/\/goldmanservice.com\/en\/wp-json\/wp\/v2\/media?parent=37335"}],"wp:term":[{"taxonomy":"product_brand","embeddable":true,"href":"https:\/\/goldmanservice.com\/en\/wp-json\/wp\/v2\/product_brand?post=37335"},{"taxonomy":"product_cat","embeddable":true,"href":"https:\/\/goldmanservice.com\/en\/wp-json\/wp\/v2\/product_cat?post=37335"},{"taxonomy":"product_tag","embeddable":true,"href":"https:\/\/goldmanservice.com\/en\/wp-json\/wp\/v2\/product_tag?post=37335"}],"curies":[{"name":"wp","href":"https:\/\/api.w.org\/{rel}","templated":true}]}}