{"id":37344,"date":"2022-08-19T11:06:47","date_gmt":"2022-08-19T09:06:47","guid":{"rendered":"https:\/\/goldmanservice.com\/?post_type=product&#038;p=37344"},"modified":"2023-12-12T13:17:40","modified_gmt":"2023-12-12T12:17:40","slug":"set-de-3-mangueras-recarga-de-gas-refrigerante-ac-adaptador-compatible-con-sistemas-universales-de-aire-acondicionado-de-coche-o-split-largo-150-cm-60","status":"publish","type":"product","link":"https:\/\/goldmanservice.com\/en\/climatizacion\/aire-acondicionado\/set-de-3-mangueras-recarga-de-gas-refrigerante-ac-adaptador-compatible-con-sistemas-universales-de-aire-acondicionado-de-coche-o-split-largo-150-cm-60\/","title":{"rendered":"Set de 3 Mangueras Recarga de gas refrigerante AC + Adaptador"},"content":{"rendered":"<p>Set de 3 Mangueras Recarga de gas refrigerante AC + Adaptador. Compatible con sistemas Universales de Aire Acondicionado de Coche o Split. Largo 150 cm, 60&#8243;<\/p>\n<p>Dimensiones del paquete: \u200e24.6 x 22 x 5.4 cm; 730 gramos<br \/>\nColor: \u200eAzul, Rojo Y Amarillo<br \/>\nN\u00famero de productos: \u200e4<br \/>\nUso: \u200eProfesional \/ Comercial \/ Particular<br \/>\nComponentes incluidos: \u200e3 Mangueras recarga, Adaptador<br \/>\nNecesita bater\u00edas: \u200eNo<\/p>","protected":false},"excerpt":{"rendered":"<ul>\n<li>Caracter\u00edsticas: 3 Mangueras de 3 colores (Rojo, Azul y Amarillo) + Adaptador. Largo 150 cm, 60&#8243;. Conexiones: Mangueras \u00bc\u201d SAE Hembra &#8211; Hembra + Adaptador \u00bc\u201d SAE Macho &#8211; 5\/16\u201d SAE Hembra.<\/li>\n<li>Compatible: Mangueras para gas de carga compatible con cualquier Sistema universal de Aire Acondicionado HVAC. Gases: R134a &#8211; R502 &#8211; R407 &#8211; R410A &#8211; R32. Permite la recarga en cualquier sistema de AC independientemente de la rosca que tenga, gracias al Adaptador \u00bc\u201d SAE Macho &#8211; 5\/16\u201d SAE Hembra.<\/li>\n<li>Uso: Coches, sector automovil\u00edstico, Aires acondicionados dom\u00e9sticos hogar y refrigeraci\u00f3n industrial. La instalaci\u00f3n y manejo es compatibles para el uso con cualquier tipo de bomba de vac\u00edo, man\u00f3metros, v\u00e1lvulas, tapafugas y dem\u00e1s herramientas de instalaci\u00f3n, reparaci\u00f3n y mantenimiento de equipos de aire acondicionado, frigor\u00edficos, equipos refrigerantes de coches, maquinarias de hosteler\u00eda, Aerotermia etc.<\/li>\n<li>Calidad: Conexiones Tuerca de lat\u00f3n macizo de ajuste r\u00e1pido con fuerte resistencia al desgaste. Resistente a alta presi\u00f3n de trabajo: M\u00ednima: 500 psi M\u00e1xima: 2500 psi.<\/li>\n<li>F\u00e1cil de usar: F\u00e1cil reconocimiento rojo para alta presi\u00f3n, azul para baja presi\u00f3n, amarillo para botella de refrigerante.<\/li>\n<\/ul>","protected":false},"featured_media":37345,"template":"","meta":[],"product_brand":[],"product_cat":[340,88],"product_tag":[],"class_list":{"0":"post-37344","1":"product","2":"type-product","3":"status-publish","4":"has-post-thumbnail","6":"product_cat-aire-acondicionado","7":"product_cat-climatizacion","8":"description-off","10":"first","11":"instock","12":"taxable","13":"shipping-taxable","14":"purchasable","15":"product-type-simple"},"_links":{"self":[{"href":"https:\/\/goldmanservice.com\/en\/wp-json\/wp\/v2\/product\/37344","targetHints":{"allow":["GET"]}}],"collection":[{"href":"https:\/\/goldmanservice.com\/en\/wp-json\/wp\/v2\/product"}],"about":[{"href":"https:\/\/goldmanservice.com\/en\/wp-json\/wp\/v2\/types\/product"}],"wp:featuredmedia":[{"embeddable":true,"href":"https:\/\/goldmanservice.com\/en\/wp-json\/wp\/v2\/media\/37345"}],"wp:attachment":[{"href":"https:\/\/goldmanservice.com\/en\/wp-json\/wp\/v2\/media?parent=37344"}],"wp:term":[{"taxonomy":"product_brand","embeddable":true,"href":"https:\/\/goldmanservice.com\/en\/wp-json\/wp\/v2\/product_brand?post=37344"},{"taxonomy":"product_cat","embeddable":true,"href":"https:\/\/goldmanservice.com\/en\/wp-json\/wp\/v2\/product_cat?post=37344"},{"taxonomy":"product_tag","embeddable":true,"href":"https:\/\/goldmanservice.com\/en\/wp-json\/wp\/v2\/product_tag?post=37344"}],"curies":[{"name":"wp","href":"https:\/\/api.w.org\/{rel}","templated":true}]}}