{"id":37361,"date":"2022-08-19T11:20:42","date_gmt":"2022-08-19T09:20:42","guid":{"rendered":"https:\/\/goldmanservice.com\/?post_type=product&#038;p=37361"},"modified":"2023-02-21T21:31:37","modified_gmt":"2023-02-21T20:31:37","slug":"1-anodo-de-magnesio-22x350mm-para-termo-electrico-1-adaptador-para-diferentes-roscas-m8-a-m6-anodo-sacrificio-para-calentador-compatible-y-valida-para-principales-marcas-comerciales","status":"publish","type":"product","link":"https:\/\/goldmanservice.com\/en\/recambios\/1-anodo-de-magnesio-22x350mm-para-termo-electrico-1-adaptador-para-diferentes-roscas-m8-a-m6-anodo-sacrificio-para-calentador-compatible-y-valida-para-principales-marcas-comerciales\/","title":{"rendered":"1 \u00c1nodo de magnesio 22x350mm"},"content":{"rendered":"<p>1 \u00c1nodo de magnesio 22x350mm para termo el\u00e9ctrico + 1 Adaptador para diferentes roscas M8 a M6. \u00c1nodo sacrificio para calentador compatible y v\u00e1lida para principales marcas comerciales<\/p>\n<p>Dimensiones del producto: \u200e350 x 22 x 22 cm; 260 gramos<br \/>\nMaterial: \u200eMAGNESIO<\/p>","protected":false},"excerpt":{"rendered":"<ul>\n<li>Kit de recambio: \u00c1nodo sacrificio para calentador compatible y v\u00e1lido para la mayor\u00eda de las principales marcas comerciales y aplicaciones standar. \u00c1nodo de magnesio para termo, caldera, acumulador de agua el\u00e9ctrico, o deposito de energ\u00eda solar. Incluye 1 \u00e1nodo de magnesio y 1 adaptador de 8M. a M6 para su f\u00e1cil instalaci\u00f3n en cualquier aparato.<\/li>\n<li>Caracter\u00edsticas: \u00c1nodo de magnesio o tambi\u00e9n llamado \u00e1nodo de sacrificio que es su nombre gen\u00e9rico, para termo horizontal o vertical d\u00fao o simple, resistencia envainada o sumergida, para evitar la cal y la oxidaci\u00f3n del termo.<\/li>\n<li>Misi\u00f3n: El \u00e1nodo evita la corrosi\u00f3n que los componentes met\u00e1licos del equipo, resistencias el\u00e9ctricas, v\u00e1lvula seguridad, caldera o boiler, termostato, sufrir\u00edan por contacto directo o indirecto el agua, seg\u00fan una reacci\u00f3n galv\u00e1nica y electrol\u00edtica.<\/li>\n<li>Proceso: Es el magnesio quien se \u201csacrifica\u201d generando una protecci\u00f3n cat\u00f3dica, para que otros materiales, como el acero o el cobre que se mantengan inalterables por m\u00e1s tiempo.<\/li>\n<li>Necesitas saber: Los \u00e1nodos barra de magnesio est\u00e1n presentes en todos los aparatos de acumulaci\u00f3n de agua calliente desde su fabricaci\u00f3n de todas las marcas, imprescindibles y deben cambiarse peri\u00f3dicamente cada dos o tres a\u00f1os antes de que se consuman totalmente.<\/li>\n<\/ul>","protected":false},"featured_media":37750,"template":"","meta":[],"product_brand":[],"product_cat":[89],"product_tag":[],"class_list":{"0":"post-37361","1":"product","2":"type-product","3":"status-publish","4":"has-post-thumbnail","6":"product_cat-recambios","7":"description-off","9":"first","10":"instock","11":"taxable","12":"shipping-taxable","13":"purchasable","14":"product-type-simple"},"_links":{"self":[{"href":"https:\/\/goldmanservice.com\/en\/wp-json\/wp\/v2\/product\/37361","targetHints":{"allow":["GET"]}}],"collection":[{"href":"https:\/\/goldmanservice.com\/en\/wp-json\/wp\/v2\/product"}],"about":[{"href":"https:\/\/goldmanservice.com\/en\/wp-json\/wp\/v2\/types\/product"}],"wp:featuredmedia":[{"embeddable":true,"href":"https:\/\/goldmanservice.com\/en\/wp-json\/wp\/v2\/media\/37750"}],"wp:attachment":[{"href":"https:\/\/goldmanservice.com\/en\/wp-json\/wp\/v2\/media?parent=37361"}],"wp:term":[{"taxonomy":"product_brand","embeddable":true,"href":"https:\/\/goldmanservice.com\/en\/wp-json\/wp\/v2\/product_brand?post=37361"},{"taxonomy":"product_cat","embeddable":true,"href":"https:\/\/goldmanservice.com\/en\/wp-json\/wp\/v2\/product_cat?post=37361"},{"taxonomy":"product_tag","embeddable":true,"href":"https:\/\/goldmanservice.com\/en\/wp-json\/wp\/v2\/product_tag?post=37361"}],"curies":[{"name":"wp","href":"https:\/\/api.w.org\/{rel}","templated":true}]}}