{"id":37377,"date":"2022-08-19T11:42:53","date_gmt":"2022-08-19T09:42:53","guid":{"rendered":"https:\/\/goldmanservice.com\/?post_type=product&#038;p=37377"},"modified":"2024-04-15T16:03:59","modified_gmt":"2024-04-15T14:03:59","slug":"multimetro-digital-profesional-polimetro-tester-electricista-amperimetro-ohmimetro-voltimetro-comprobador-medidor-de-corriente-pantalla-lcd","status":"publish","type":"product","link":"https:\/\/goldmanservice.com\/en\/climatizacion\/aire-acondicionado\/multimetro-digital-profesional-polimetro-tester-electricista-amperimetro-ohmimetro-voltimetro-comprobador-medidor-de-corriente-pantalla-lcd\/","title":{"rendered":"Mult\u00edmetro Digital profesional"},"content":{"rendered":"<div class=\"wpb-content-wrapper\"><div class=\"vc_row wpb_row vc_row-fluid\"><div class=\"wpb_column vc_column_container vc_col-sm-6\"><div class=\"vc_column-inner\"><div class=\"wpb_wrapper\"><div id=\"ultimate-video-319369e3458481d69\" class=\"ult-video  ult-adjust-bottom-margin ultimate-video-319369e3458481d69 ultv-4268\"><div class=\"ultv-video ultv-aspect-ratio-16_9 ultv-subscribe-responsive-none\" data-videotype=\"uv_iframe\">\n\t\t\t\t\t\t<div class=\"ultv-video__outer-wrap\" data-autoplay=\"0\" data-device=\"false\"  data-iconbg=\"#3A3A3A\" data-overcolor=\"\" data-defaultbg=\"#1f1f1e\" data-defaultplay=\"defaulticon\"><div class=\"ultv-video__play\" data-src=\"https:\/\/www.youtube.com\/embed\/33ZigXsxMRw?rel=0&#038;start&#038;end&#038;controls=1&#038;mute=0&#038;modestbranding=0&#038;autoplay=1\">\n\t\t\t\t\t\t\t\t<img decoding=\"async\" class=\"ultv-video__thumb\" src=\"https:\/\/goldmanservice.com\/wp-content\/uploads\/2022\/08\/33ZigXsxMRw_320x180.jpg\"\/>\n\t\t\t\t\t\t\t\t<div class=\"ultv-video__play-icon  ultv-animation-none\" style=\"width:75px\"><svg height=\"100%\" version=\"1.1\" viewbox=\"0 0 68 48\" width=\"100%\"><path class=\"ultv-youtube-icon-bg\" d=\"m .66,37.62 c 0,0 .66,4.70 2.70,6.77 2.58,2.71 5.98,2.63 7.49,2.91 5.43,.52 23.10,.68 23.12,.68 .00,-1.3e-5 14.29,-0.02 23.81,-0.71 1.32,-0.15 4.22,-0.17 6.81,-2.89 2.03,-2.07 2.70,-6.77 2.70,-6.77 0,0 .67,-5.52 .67,-11.04 l 0,-5.17 c 0,-5.52 -0.67,-11.04 -0.67,-11.04 0,0 -0.66,-4.70 -2.70,-6.77 C 62.03,.86 59.13,.84 57.80,.69 48.28,0 34.00,0 34.00,0 33.97,0 19.69,0 10.18,.69 8.85,.84 5.95,.86 3.36,3.58 1.32,5.65 .66,10.35 .66,10.35 c 0,0 -0.55,4.50 -0.66,9.45 l 0,8.36 c .10,4.94 .66,9.45 .66,9.45 z\" fill=\"#1f1f1e\" ><\/path><path d=\"m 26.96,13.67 18.37,9.62 -18.37,9.55 -0.00,-19.17 z\" fill=\"#fff\"><\/path><path d=\"M 45.02,23.46 45.32,23.28 26.96,13.67 43.32,22.34 45.02,23.46 z\" fill=\"#ccc\"><\/path><\/svg><\/div> <\/div> <\/div><\/div><\/div><\/div><\/div><\/div><div class=\"wpb_column vc_column_container vc_col-sm-6\"><div class=\"vc_column-inner\"><div class=\"wpb_wrapper\">\n\t<div class=\"wpb_text_column wpb_content_element\" >\n\t\t<div class=\"wpb_wrapper\">\n\t\t\t<p>Mult\u00edmetro Digital profesional, Pol\u00edmetro Tester electricista Amper\u00edmetro Ohm\u00edmetro Volt\u00edmetro. Comprobador medidor de corriente. Pantalla LCD<\/p>\n<p>Componentes incluidos: Mult\u00edmetro, 2 Cables sonda, Caja e instrucciones<br \/>\nDimensiones del producto: \u200e 19 x 9 x 3.3 cm; 227 gramos<br \/>\nPrecisi\u00f3n de medici\u00f3n: Digital<br \/>\nTipo de fuente de alimentaci\u00f3n: Funciona con bater\u00eda<br \/>\nTipo de pantalla: LCD<\/p>\n\n\t\t<\/div>\n\t<\/div>\n<\/div><\/div><\/div><\/div>\n<\/div>","protected":false},"excerpt":{"rendered":"<ul>\n<li>MULTIFUNCI\u00d3N: Herramienta de prueba el\u00e9ctrica de Rango Manual multiusos como amper\u00edmetro, ohm\u00edmetro, volt\u00edmetro, term\u00f3metro. Voltaje CA\/CC, Amperios CA\/CC, Prueba de Transistor hFE, Resistencia, Diodo y examen de Continuidad, Capacitancia.<\/li>\n<li>APLICACIONES: Herramienta profesional para electricistas, talleres mec\u00e1nicos, coches automoci\u00f3n, industria, laboratorios, educaci\u00f3n, ingenier\u00eda, circuitos, bricolaje y uso dom\u00e9stico (DIY).<\/li>\n<li>FACIL USO: R\u00e1pido, seguro y preciso de medir seleccionando la funci\u00f3n adecuada, gire el selector de funci\u00f3n a la posici\u00f3n a medir, entonces puede conectar f\u00e1cilmente los cables de prueba.<\/li>\n<li>CARACTER\u00cdSTICAS: Dise\u00f1o compacto con Pantalla regulable grande LCD (67 x 42 mm) de f\u00e1cil lectura. Funda de goma gruesa aislante extra\u00edble que protege de golpes. Equipado con un soporte ajustable hasta 90\u00b0para buen \u00e1ngulo de visi\u00f3n y manos libres. Auto apagado. Indicador de bater\u00eda baja.<\/li>\n<li>CONTIENE: Mult\u00edmetro digital, 2 cables sonda rojo negro con punta met\u00e1lica, Bater\u00eda de 9V, caja de almacenaje e instrucciones.<\/li>\n<\/ul>","protected":false},"featured_media":37378,"template":"","meta":[],"product_brand":[],"product_cat":[340,88],"product_tag":[],"class_list":{"0":"post-37377","1":"product","2":"type-product","3":"status-publish","4":"has-post-thumbnail","6":"product_cat-aire-acondicionado","7":"product_cat-climatizacion","8":"description-off","10":"first","11":"instock","12":"featured","13":"taxable","14":"shipping-taxable","15":"purchasable","16":"product-type-simple"},"_links":{"self":[{"href":"https:\/\/goldmanservice.com\/en\/wp-json\/wp\/v2\/product\/37377","targetHints":{"allow":["GET"]}}],"collection":[{"href":"https:\/\/goldmanservice.com\/en\/wp-json\/wp\/v2\/product"}],"about":[{"href":"https:\/\/goldmanservice.com\/en\/wp-json\/wp\/v2\/types\/product"}],"wp:featuredmedia":[{"embeddable":true,"href":"https:\/\/goldmanservice.com\/en\/wp-json\/wp\/v2\/media\/37378"}],"wp:attachment":[{"href":"https:\/\/goldmanservice.com\/en\/wp-json\/wp\/v2\/media?parent=37377"}],"wp:term":[{"taxonomy":"product_brand","embeddable":true,"href":"https:\/\/goldmanservice.com\/en\/wp-json\/wp\/v2\/product_brand?post=37377"},{"taxonomy":"product_cat","embeddable":true,"href":"https:\/\/goldmanservice.com\/en\/wp-json\/wp\/v2\/product_cat?post=37377"},{"taxonomy":"product_tag","embeddable":true,"href":"https:\/\/goldmanservice.com\/en\/wp-json\/wp\/v2\/product_tag?post=37377"}],"curies":[{"name":"wp","href":"https:\/\/api.w.org\/{rel}","templated":true}]}}