{"id":37400,"date":"2022-08-19T17:48:25","date_gmt":"2022-08-19T15:48:25","guid":{"rendered":"https:\/\/goldmanservice.com\/?post_type=product&#038;p=37400"},"modified":"2024-01-16T15:49:36","modified_gmt":"2024-01-16T14:49:36","slug":"termostato-cable-para-plancha-de-asar-electrica-valida-compatible-para-diferentes-modelos-de-grandes-marcas-de-parrilla-electrica-recambio-termostato-grill-asado-modelo-ctw-300","status":"publish","type":"product","link":"https:\/\/goldmanservice.com\/en\/recambios\/termostato-cable-para-plancha-de-asar-electrica-valida-compatible-para-diferentes-modelos-de-grandes-marcas-de-parrilla-electrica-recambio-termostato-grill-asado-modelo-ctw-300\/","title":{"rendered":"Termostato cable para plancha de asar el\u00e9ctrica."},"content":{"rendered":"<div class=\"wpb-content-wrapper\"><div class=\"vc_row wpb_row vc_row-fluid\"><div class=\"wpb_column vc_column_container vc_col-sm-6\"><div class=\"vc_column-inner\"><div class=\"wpb_wrapper\"><div id=\"ultimate-video-843769e0f4689265d\" class=\"ult-video  ult-adjust-bottom-margin ultimate-video-843769e0f4689265d ultv-9754\"><div class=\"ultv-video ultv-aspect-ratio-16_9 ultv-subscribe-responsive-none\" data-videotype=\"uv_iframe\">\n\t\t\t\t\t\t<div class=\"ultv-video__outer-wrap\" data-autoplay=\"0\" data-device=\"false\"  data-iconbg=\"#3A3A3A\" data-overcolor=\"\" data-defaultbg=\"#dd3333\" data-defaultplay=\"defaulticon\"><div class=\"ultv-video__play\" data-src=\"https:\/\/www.youtube.com\/embed\/NGYLA9xE0KU?rel=0&#038;start&#038;end&#038;controls=1&#038;mute=0&#038;modestbranding=0&#038;autoplay=1\">\n\t\t\t\t\t\t\t\t<img decoding=\"async\" class=\"ultv-video__thumb\" src=\"https:\/\/i.ytimg.com\/vi\/NGYLA9xE0KU\/maxresdefault.jpg\"\/>\n\t\t\t\t\t\t\t\t<div class=\"ultv-video__play-icon  ultv-animation-none\" style=\"width:75px\"><svg height=\"100%\" version=\"1.1\" viewbox=\"0 0 68 48\" width=\"100%\"><path class=\"ultv-youtube-icon-bg\" d=\"m .66,37.62 c 0,0 .66,4.70 2.70,6.77 2.58,2.71 5.98,2.63 7.49,2.91 5.43,.52 23.10,.68 23.12,.68 .00,-1.3e-5 14.29,-0.02 23.81,-0.71 1.32,-0.15 4.22,-0.17 6.81,-2.89 2.03,-2.07 2.70,-6.77 2.70,-6.77 0,0 .67,-5.52 .67,-11.04 l 0,-5.17 c 0,-5.52 -0.67,-11.04 -0.67,-11.04 0,0 -0.66,-4.70 -2.70,-6.77 C 62.03,.86 59.13,.84 57.80,.69 48.28,0 34.00,0 34.00,0 33.97,0 19.69,0 10.18,.69 8.85,.84 5.95,.86 3.36,3.58 1.32,5.65 .66,10.35 .66,10.35 c 0,0 -0.55,4.50 -0.66,9.45 l 0,8.36 c .10,4.94 .66,9.45 .66,9.45 z\" fill=\"#1f1f1e\" ><\/path><path d=\"m 26.96,13.67 18.37,9.62 -18.37,9.55 -0.00,-19.17 z\" fill=\"#fff\"><\/path><path d=\"M 45.02,23.46 45.32,23.28 26.96,13.67 43.32,22.34 45.02,23.46 z\" fill=\"#ccc\"><\/path><\/svg><\/div> <\/div> <\/div><\/div><\/div><\/div><\/div><\/div><div class=\"wpb_column vc_column_container vc_col-sm-6\"><div class=\"vc_column-inner\"><div class=\"wpb_wrapper\">\n\t<div class=\"wpb_text_column wpb_content_element\" >\n\t\t<div class=\"wpb_wrapper\">\n\t\t\t<p>Termostato cable para plancha de asar el\u00e9ctrica. V\u00e1lida compatible para diferentes modelos de grandes marcas de parrilla el\u00e9ctrica. Recambio Termostato Grill asado. Modelo CTW-300.<\/p>\n<p>Dimensiones del paquete: \u200e20 x 15.2 x 5.8 cm; 270 gramos<br \/>\nVoltaje: \u200e250 Voltios<\/p>\n\n\t\t<\/div>\n\t<\/div>\n<\/div><\/div><\/div><\/div>\n<\/div>","protected":false},"excerpt":{"rendered":"<ul>\n<li>El cable para plancha de asado con termostato regulable ajustable de temperatura universal: modelo CTW-300 de 250V y 10A.<\/li>\n<li>Compatible v\u00e1lida con para algunos modelos de grandes marcas de plancha el\u00e9ctrica de asado. Comprobar medidas y similitud en foto. Atenci\u00f3n: \u00a1Aseg\u00farese de tener en cuenta las dimensiones de la conexi\u00f3n en nuestra descripci\u00f3n y en las im\u00e1genes!<\/li>\n<li>Usos principales: Suministro y control el\u00e9ctrico y de la temperatura de aparatos el\u00e9ctricos de cocina.<\/li>\n<li>V\u00e1lido para diferentes modelos de plancha de asar y tambi\u00e9n para otros peque\u00f1os electrodom\u00e9sticos de cocina como parrillas, arroceras, paelleras, cacerolas, wok , bandeja de pizza, bandeja de hornear, sartenes, panificadora BBW, olla caliente el\u00e9ctricas.<\/li>\n<li>F\u00e1cil instalaci\u00f3n y fabricado con materiales duraderos que permiten un mayor ahorro energ\u00e9tico y mayor durabilidad a su aparato. Alta calidad y vida \u00fatil.<\/li>\n<\/ul>","protected":false},"featured_media":37748,"template":"","meta":[],"product_brand":[],"product_cat":[89],"product_tag":[],"class_list":{"0":"post-37400","1":"product","2":"type-product","3":"status-publish","4":"has-post-thumbnail","6":"product_cat-recambios","7":"description-off","9":"first","10":"instock","11":"taxable","12":"shipping-taxable","13":"purchasable","14":"product-type-simple"},"_links":{"self":[{"href":"https:\/\/goldmanservice.com\/en\/wp-json\/wp\/v2\/product\/37400","targetHints":{"allow":["GET"]}}],"collection":[{"href":"https:\/\/goldmanservice.com\/en\/wp-json\/wp\/v2\/product"}],"about":[{"href":"https:\/\/goldmanservice.com\/en\/wp-json\/wp\/v2\/types\/product"}],"wp:featuredmedia":[{"embeddable":true,"href":"https:\/\/goldmanservice.com\/en\/wp-json\/wp\/v2\/media\/37748"}],"wp:attachment":[{"href":"https:\/\/goldmanservice.com\/en\/wp-json\/wp\/v2\/media?parent=37400"}],"wp:term":[{"taxonomy":"product_brand","embeddable":true,"href":"https:\/\/goldmanservice.com\/en\/wp-json\/wp\/v2\/product_brand?post=37400"},{"taxonomy":"product_cat","embeddable":true,"href":"https:\/\/goldmanservice.com\/en\/wp-json\/wp\/v2\/product_cat?post=37400"},{"taxonomy":"product_tag","embeddable":true,"href":"https:\/\/goldmanservice.com\/en\/wp-json\/wp\/v2\/product_tag?post=37400"}],"curies":[{"name":"wp","href":"https:\/\/api.w.org\/{rel}","templated":true}]}}