{"id":37471,"date":"2022-08-20T08:06:47","date_gmt":"2022-08-20T08:06:47","guid":{"rendered":"https:\/\/goldmanservice.com\/?post_type=product&#038;p=37471"},"modified":"2025-08-30T13:40:32","modified_gmt":"2025-08-30T11:40:32","slug":"resistencia-curva-termo-electrico-flange-anodo-magnesio-junta-goma-tornillo-fijacion-kit-recambio-calentador-de-agua-valido-y-compatible-para-termos-electrico-de-grandes-marcas-2000-w","status":"publish","type":"product","link":"https:\/\/goldmanservice.com\/en\/recambios\/resistencia-curva-termo-electrico-flange-anodo-magnesio-junta-goma-tornillo-fijacion-kit-recambio-calentador-de-agua-valido-y-compatible-para-termos-electrico-de-grandes-marcas-2000-w\/","title":{"rendered":"Resistencia termo + Anodo + junta goma + Tornillo"},"content":{"rendered":"<div class=\"wpb-content-wrapper\"><div class=\"vc_row wpb_row vc_row-fluid\"><div class=\"wpb_column vc_column_container vc_col-sm-12\"><div class=\"vc_column-inner\"><div class=\"wpb_wrapper\"><div id=\"ultimate-video-241069e21077bac0c\" class=\"ult-video  ult-adjust-bottom-margin ultimate-video-241069e21077bac0c ultv-4755\"><div class=\"ultv-video ultv-aspect-ratio-16_9 ultv-subscribe-responsive-none\" data-videotype=\"uv_iframe\">\n\t\t\t\t\t\t<div class=\"ultv-video__outer-wrap\" data-autoplay=\"0\" data-device=\"false\"  data-iconbg=\"#3A3A3A\" data-overcolor=\"\" data-defaultbg=\"#dd3333\" data-defaultplay=\"defaulticon\"><div class=\"ultv-video__play\" data-src=\"https:\/\/www.youtube.com\/embed\/VZYLYQ3KE0c?rel=0&#038;start&#038;end&#038;controls=1&#038;mute=0&#038;modestbranding=0&#038;autoplay=1\">\n\t\t\t\t\t\t\t\t<img decoding=\"async\" class=\"ultv-video__thumb\" src=\"https:\/\/i.ytimg.com\/vi\/VZYLYQ3KE0c\/hqdefault.jpg\"\/>\n\t\t\t\t\t\t\t\t<div class=\"ultv-video__play-icon  ultv-animation-none\" style=\"width:75px\"><svg height=\"100%\" version=\"1.1\" viewbox=\"0 0 68 48\" width=\"100%\"><path class=\"ultv-youtube-icon-bg\" d=\"m .66,37.62 c 0,0 .66,4.70 2.70,6.77 2.58,2.71 5.98,2.63 7.49,2.91 5.43,.52 23.10,.68 23.12,.68 .00,-1.3e-5 14.29,-0.02 23.81,-0.71 1.32,-0.15 4.22,-0.17 6.81,-2.89 2.03,-2.07 2.70,-6.77 2.70,-6.77 0,0 .67,-5.52 .67,-11.04 l 0,-5.17 c 0,-5.52 -0.67,-11.04 -0.67,-11.04 0,0 -0.66,-4.70 -2.70,-6.77 C 62.03,.86 59.13,.84 57.80,.69 48.28,0 34.00,0 34.00,0 33.97,0 19.69,0 10.18,.69 8.85,.84 5.95,.86 3.36,3.58 1.32,5.65 .66,10.35 .66,10.35 c 0,0 -0.55,4.50 -0.66,9.45 l 0,8.36 c .10,4.94 .66,9.45 .66,9.45 z\" fill=\"#1f1f1e\" ><\/path><path d=\"m 26.96,13.67 18.37,9.62 -18.37,9.55 -0.00,-19.17 z\" fill=\"#fff\"><\/path><path d=\"M 45.02,23.46 45.32,23.28 26.96,13.67 43.32,22.34 45.02,23.46 z\" fill=\"#ccc\"><\/path><\/svg><\/div> <\/div> <\/div><\/div><\/div><\/div><\/div><\/div><\/div>\n<\/div>","protected":false},"excerpt":{"rendered":"<p>Dos tama\u00f1os de potencia disponibles: 1500W \/ 2000W, elija su potencia m\u00e1s adecuada.<\/p>\n<ul class=\"a-unordered-list a-vertical a-spacing-mini\">\n<li><span class=\"a-list-item\">Caracter\u00edsticas T\u00e9cnicas: Resistencia el\u00e9ctrica blindada sumergida de cobre tipo flange para acumulador de agua, \u00e1nodo de sacrificio de magnesio para evitar corrosi\u00f3n, junta de goma para la brida y tornillo de fijaci\u00f3n de resistencia a pletina. Compatible con principales marcas comerciales de Termos El\u00e9ctrico de Grandes Marcas. A\u00fan as\u00ed, verifique las dimensiones y las im\u00e1genes del cat\u00e1logo para asegurarse de que nuestro producto satisfaga exactamente sus necesidades.<\/span><\/li>\n<li><span class=\"a-list-item\">Utilidades: para termos el\u00e9ctricos vertical y horizontal a partir de 100 Litros. Resistencia de apoyo para dep\u00f3sitos de placas de energ\u00eda solar.<\/span><\/li>\n<li><span class=\"a-list-item\">Montaje: kit completo para reparaci\u00f3n de aver\u00edas en dep\u00f3sitos de agua caliente, de f\u00e1cil montaje e instalaci\u00f3n tanto profesional como particulares sin experiencia. Desmontable e intercambiable para sustituci\u00f3n peri\u00f3dica.<\/span><\/li>\n<li><span class=\"a-list-item\">Materiales: fabricado con materiales de calidad con homologaci\u00f3n CE, de larga duraci\u00f3n y a trav\u00e9s \u00e1nodo de sacrificio de magnesio. Recomendable cambiar cada dos a\u00f1os para proteger el termo.<\/span><\/li>\n<li><span class=\"a-list-item\">ATENCI\u00d3N: Nunca opere la resistencia en seco. \u00a1Los elementos calefactores deben cubrirse completamente con agua antes de ponerlos en funcionamiento!<\/span><\/li>\n<\/ul>","protected":false},"featured_media":37472,"template":"","meta":[],"product_brand":[],"product_cat":[89],"product_tag":[],"class_list":{"0":"post-37471","1":"product","2":"type-product","3":"status-publish","4":"has-post-thumbnail","6":"product_cat-recambios","7":"description-off","9":"first","10":"instock","11":"taxable","12":"shipping-taxable","13":"purchasable","14":"product-type-variable"},"_links":{"self":[{"href":"https:\/\/goldmanservice.com\/en\/wp-json\/wp\/v2\/product\/37471","targetHints":{"allow":["GET"]}}],"collection":[{"href":"https:\/\/goldmanservice.com\/en\/wp-json\/wp\/v2\/product"}],"about":[{"href":"https:\/\/goldmanservice.com\/en\/wp-json\/wp\/v2\/types\/product"}],"wp:featuredmedia":[{"embeddable":true,"href":"https:\/\/goldmanservice.com\/en\/wp-json\/wp\/v2\/media\/37472"}],"wp:attachment":[{"href":"https:\/\/goldmanservice.com\/en\/wp-json\/wp\/v2\/media?parent=37471"}],"wp:term":[{"taxonomy":"product_brand","embeddable":true,"href":"https:\/\/goldmanservice.com\/en\/wp-json\/wp\/v2\/product_brand?post=37471"},{"taxonomy":"product_cat","embeddable":true,"href":"https:\/\/goldmanservice.com\/en\/wp-json\/wp\/v2\/product_cat?post=37471"},{"taxonomy":"product_tag","embeddable":true,"href":"https:\/\/goldmanservice.com\/en\/wp-json\/wp\/v2\/product_tag?post=37471"}],"curies":[{"name":"wp","href":"https:\/\/api.w.org\/{rel}","templated":true}]}}