{"id":37474,"date":"2022-08-20T08:10:14","date_gmt":"2022-08-20T06:10:14","guid":{"rendered":"https:\/\/goldmanservice.com\/?post_type=product&#038;p=37474"},"modified":"2024-04-23T11:19:12","modified_gmt":"2024-04-23T09:19:12","slug":"resistencia-termo-electrico-tipo-pinza-monoblock","status":"publish","type":"product","link":"https:\/\/goldmanservice.com\/en\/recambios\/resistencia-termo-electrico-tipo-pinza-monoblock\/","title":{"rendered":"Resistencia termo el\u00e9ctrico"},"content":{"rendered":"<p>Material: \u200eAc<br \/>\nFuente de alimentaci\u00f3n: \u200eCable el\u00e9ctrico<br \/>\nVoltaje: \u200e230 Voltios (CA)<br \/>\nUso: \u200eProfesional y particular<br \/>\nComponentes incluidos: \u200eResistencia termo el\u00e9ctrico<\/p>\n<ul>\n<li>\n<h4>Disponible en 3 potencias el\u00e9ctricas 1200W, 1000W, 800W. Antes de comprarlo, compruebe y escoja la potencia en funci\u00f3n del volumen de litros de agua que se vaya a calentar.<\/h4>\n<\/li>\n<\/ul>","protected":false},"excerpt":{"rendered":"<p>Recambio compatible y v\u00e1lido para grandes marcas principales de calentadores el\u00e9ctricos del mercado.<\/p>\n<ul>\n<li>Resistencia recambio blindada y envainada en portavainas, para calentadores, acumuladores y calderas de agua el\u00e9ctricas, recambio compatible y v\u00e1lido para grandes marcas de principales de calentadores el\u00e9ctricos del mercado.<\/li>\n<li>Disponible en 3 potencias el\u00e9ctricas 1200W, 1000W, 800W. Antes de comprarlo, compruebe y escoja la potencia en funci\u00f3n del volumen de litros de agua que se vaya a calentar.<\/li>\n<li>Tipo de conexi\u00f3n: Conector Faston, 230V (AC).<\/li>\n<li>Recambios dNo sumergida y de f\u00e1cil sustituci\u00f3n , si necesita sustituir la resistencia, puedes hacerlo sin necesidad de vaciar el dep\u00f3sito de agua caliente, ya que la resistencia no tiene contacto con el agua interior del termo.e Resistencia monoblock de calentador el\u00e9ctrico tanto para usos profesionales, industriales as\u00ed como reparaciones particulares.<\/li>\n<li>Recambios de Resistencia monoblock de calentador el\u00e9ctrico tanto para usos profesionales, industriales as\u00ed como reparaciones particulares.<\/li>\n<\/ul>","protected":false},"featured_media":37764,"template":"","meta":[],"product_brand":[],"product_cat":[89],"product_tag":[],"class_list":{"0":"post-37474","1":"product","2":"type-product","3":"status-publish","4":"has-post-thumbnail","6":"product_cat-recambios","7":"description-off","9":"first","10":"instock","11":"taxable","12":"shipping-taxable","13":"purchasable","14":"product-type-variable"},"_links":{"self":[{"href":"https:\/\/goldmanservice.com\/en\/wp-json\/wp\/v2\/product\/37474","targetHints":{"allow":["GET"]}}],"collection":[{"href":"https:\/\/goldmanservice.com\/en\/wp-json\/wp\/v2\/product"}],"about":[{"href":"https:\/\/goldmanservice.com\/en\/wp-json\/wp\/v2\/types\/product"}],"wp:featuredmedia":[{"embeddable":true,"href":"https:\/\/goldmanservice.com\/en\/wp-json\/wp\/v2\/media\/37764"}],"wp:attachment":[{"href":"https:\/\/goldmanservice.com\/en\/wp-json\/wp\/v2\/media?parent=37474"}],"wp:term":[{"taxonomy":"product_brand","embeddable":true,"href":"https:\/\/goldmanservice.com\/en\/wp-json\/wp\/v2\/product_brand?post=37474"},{"taxonomy":"product_cat","embeddable":true,"href":"https:\/\/goldmanservice.com\/en\/wp-json\/wp\/v2\/product_cat?post=37474"},{"taxonomy":"product_tag","embeddable":true,"href":"https:\/\/goldmanservice.com\/en\/wp-json\/wp\/v2\/product_tag?post=37474"}],"curies":[{"name":"wp","href":"https:\/\/api.w.org\/{rel}","templated":true}]}}