{"id":37626,"date":"2022-12-24T14:17:40","date_gmt":"2022-12-24T13:17:40","guid":{"rendered":"https:\/\/goldmanservice.com\/?post_type=product&#038;p=37626"},"modified":"2024-06-12T12:52:27","modified_gmt":"2024-06-12T10:52:27","slug":"resistencia-de-silicona-cable-calefactor-flexible-calentador","status":"publish","type":"product","link":"https:\/\/goldmanservice.com\/en\/hosteleria\/accesorios\/resistencia-de-silicona-cable-calefactor-flexible-calentador\/","title":{"rendered":"Resistencia de silicona. Cable calefactor flexible calentador."},"content":{"rendered":"<p>Nuestra resistencia incluye dos terminales faston para poder conectar de forma c\u00f3moda y sencilla a la corriente sin necesidad de utilizar transformadores, se puede conectar directamente a la electricidad. Nuestra resistencia de silicona o cable calefactor o cable t\u00e9rmico siliconado se emplea en m\u00faltiples aplicaciones.<\/p>\n<p>El cable calefactor es adecuado para conectar a termostatos anal\u00f3gicos o digitales controlador de temperatura del espacio que necesitamos regular, se recomienda combinar su uso con aplicaci\u00f3n con sondas de temperatura, ventiladores de refrigeraci\u00f3n, controlador de temperatura de acuarios, sensor de temperatura de humedad elementos que te ayudar\u00e1n a crear el micro clima adecuado. Su uso y aplicaciones no requiere la ayuda de un profesional, pero se recomienda usas las debidas precauciones al manipular las conexiones el\u00e9ctricas en el montaje.<\/p>\n<p>Otros usos a los que se puede aplicar el cable calentador, son el cultivo o germinaci\u00f3n de semillas, para crear el clima adecuado para su germinaci\u00f3n. Para evitar humedades o condensaciones en paredes, suelos, cristales o puertas, en aparatos frigor\u00edficos o de cualquier uso. F\u00e1cil de pegar a cualquier superficie exterior o interior con silicona u otro sistema de sujeci\u00f3n, te permite fabricar mesas calientes, estantes, vitrinas, armarios o cualquier otro espacio que necesite mantener una temperatura.<\/p>\n<p>Calentador de Acuarios, pecera tortugas de agua grande, tortugueros, terrarios reptiles, incubadora, cr\u00eda de pollitos, ranas. Adem\u00e1s de los usos arriba mencionados, podemos a\u00f1adir en la fabricaci\u00f3n alimentaria y hosteler\u00eda tales como: Fermentaci\u00f3n, f\u00e1brica de cerveza, Maceraci\u00f3n, Yogurt o bebidas fermentadas, levaduras.<\/p>","protected":false},"excerpt":{"rendered":"<p>Seleccione el tama\u00f1o y pontencia deseada.<\/p>\n<ul class=\"a-unordered-list a-vertical a-spacing-mini\">\n<li><span class=\"a-list-item\">[CARACTER\u00cdSTICAS]: 220V C.A. Por su flexibilidad y facilidad de instalaci\u00f3n en cualquiera de tus proyectos o necesidades, particulares o profesionales. La acompa\u00f1amos de un juego de conectores faston para su f\u00e1cil instalaci\u00f3n o conexi\u00f3n a un elemento regulador.<\/span><\/li>\n<li><span class=\"a-list-item\">[USOS]: Para evitar humedades o condensaciones en paredes, suelos, cristales o puertas, en aparatos frigor\u00edficos o de cualquier uso. F\u00e1cil de pegar a cualquier superficie exterior o interior con silicona u otro sistema de sujeci\u00f3n, te permite fabricar, mesas calientes, estantes, vitrinas, armarios o cualquier otro espacio que necesite mantener una temperatura.<\/span><\/li>\n<li><span class=\"a-list-item\">[FUNCIONALIDAD]: Para fabricar tu propio semillero, incubadora, terrario, reptiles, acuario, peque\u00f1o invernadero o cualquier otro sitio que necesites de un aporte de temperatura suave. Para sitios donde la temperatura ha de ser exacta como en las incubadoras se debe de regular con un termostato digital o anal\u00f3gico.<\/span><\/li>\n<li><span class=\"a-list-item\">[OTROS USOS]: Para fabricaci\u00f3n de algunas bebidas como vino cerveza sidras, y otras. Para licuar o derretir miel, cremas, grasas o cualquier otro producto es suficiente con rodear el envase con el cable para mantener la temperatura id\u00f3nea.<\/span><\/li>\n<li><span class=\"a-list-item\">[CALIDAD]: Nuestra resistencia de silicona esta fabricada con materiales de gran calidad esta totalmente aislada, y aporta un calor constante y suave tiene 30 Vatios por metro, elija la longitud mas apropiada para cada necesidad y tenga en cuenta que no se puede cortar ni empalmar con otra.<\/span><\/li>\n<\/ul>\n","protected":false},"featured_media":37757,"template":"","meta":[],"product_brand":[],"product_cat":[339,87],"product_tag":[],"class_list":{"0":"post-37626","1":"product","2":"type-product","3":"status-publish","4":"has-post-thumbnail","6":"product_cat-accesorios","7":"product_cat-hosteleria","8":"description-off","10":"first","11":"instock","12":"taxable","13":"shipping-taxable","14":"purchasable","15":"product-type-variable"},"_links":{"self":[{"href":"https:\/\/goldmanservice.com\/en\/wp-json\/wp\/v2\/product\/37626","targetHints":{"allow":["GET"]}}],"collection":[{"href":"https:\/\/goldmanservice.com\/en\/wp-json\/wp\/v2\/product"}],"about":[{"href":"https:\/\/goldmanservice.com\/en\/wp-json\/wp\/v2\/types\/product"}],"wp:featuredmedia":[{"embeddable":true,"href":"https:\/\/goldmanservice.com\/en\/wp-json\/wp\/v2\/media\/37757"}],"wp:attachment":[{"href":"https:\/\/goldmanservice.com\/en\/wp-json\/wp\/v2\/media?parent=37626"}],"wp:term":[{"taxonomy":"product_brand","embeddable":true,"href":"https:\/\/goldmanservice.com\/en\/wp-json\/wp\/v2\/product_brand?post=37626"},{"taxonomy":"product_cat","embeddable":true,"href":"https:\/\/goldmanservice.com\/en\/wp-json\/wp\/v2\/product_cat?post=37626"},{"taxonomy":"product_tag","embeddable":true,"href":"https:\/\/goldmanservice.com\/en\/wp-json\/wp\/v2\/product_tag?post=37626"}],"curies":[{"name":"wp","href":"https:\/\/api.w.org\/{rel}","templated":true}]}}