{"id":37719,"date":"2023-01-31T11:25:17","date_gmt":"2023-01-31T10:25:17","guid":{"rendered":"https:\/\/goldmanservice.com\/?post_type=product&#038;p=37719"},"modified":"2025-03-04T09:26:16","modified_gmt":"2025-03-04T08:26:16","slug":"grifo-industrial-llenado-ollas","status":"publish","type":"product","link":"https:\/\/goldmanservice.com\/en\/hosteleria\/griferia-industrial\/grifo-industrial-llenado-ollas\/","title":{"rendered":"Grifo llenado de Ollas"},"content":{"rendered":"<div class=\"wpb-content-wrapper\"><div class=\"vc_row wpb_row vc_row-fluid\"><div class=\"wpb_column vc_column_container vc_col-sm-6\"><div class=\"vc_column-inner\"><div class=\"wpb_wrapper\"><div id=\"ultimate-video-542969e02229c89ae\" class=\"ult-video  ult-adjust-bottom-margin ultimate-video-542969e02229c89ae ultv-4950\"><div class=\"ultv-video ultv-aspect-ratio-16_9 ultv-subscribe-responsive-none\" data-videotype=\"uv_iframe\">\n\t\t\t\t\t\t<div class=\"ultv-video__outer-wrap\" data-autoplay=\"0\" data-device=\"false\"  data-iconbg=\"#3A3A3A\" data-overcolor=\"\" data-defaultbg=\"#1f1f1e\" data-defaultplay=\"defaulticon\"><div class=\"ultv-video__play\" data-src=\"https:\/\/www.youtube.com\/embed\/ZUCDHBu5jGw?rel=0&#038;start&#038;end&#038;controls=1&#038;mute=0&#038;modestbranding=0&#038;autoplay=1\">\n\t\t\t\t\t\t\t\t<img decoding=\"async\" class=\"ultv-video__thumb\" src=\"https:\/\/goldmanservice.com\/wp-content\/uploads\/2023\/01\/ZUCDHBu5jGw_320x180.jpg\"\/>\n\t\t\t\t\t\t\t\t<div class=\"ultv-video__play-icon  ultv-animation-none\" style=\"width:75px\"><svg height=\"100%\" version=\"1.1\" viewbox=\"0 0 68 48\" width=\"100%\"><path class=\"ultv-youtube-icon-bg\" d=\"m .66,37.62 c 0,0 .66,4.70 2.70,6.77 2.58,2.71 5.98,2.63 7.49,2.91 5.43,.52 23.10,.68 23.12,.68 .00,-1.3e-5 14.29,-0.02 23.81,-0.71 1.32,-0.15 4.22,-0.17 6.81,-2.89 2.03,-2.07 2.70,-6.77 2.70,-6.77 0,0 .67,-5.52 .67,-11.04 l 0,-5.17 c 0,-5.52 -0.67,-11.04 -0.67,-11.04 0,0 -0.66,-4.70 -2.70,-6.77 C 62.03,.86 59.13,.84 57.80,.69 48.28,0 34.00,0 34.00,0 33.97,0 19.69,0 10.18,.69 8.85,.84 5.95,.86 3.36,3.58 1.32,5.65 .66,10.35 .66,10.35 c 0,0 -0.55,4.50 -0.66,9.45 l 0,8.36 c .10,4.94 .66,9.45 .66,9.45 z\" fill=\"#1f1f1e\" ><\/path><path d=\"m 26.96,13.67 18.37,9.62 -18.37,9.55 -0.00,-19.17 z\" fill=\"#fff\"><\/path><path d=\"M 45.02,23.46 45.32,23.28 26.96,13.67 43.32,22.34 45.02,23.46 z\" fill=\"#ccc\"><\/path><\/svg><\/div> <\/div> <\/div><\/div><\/div><\/div><\/div><\/div><div class=\"wpb_column vc_column_container vc_col-sm-6\"><div class=\"vc_column-inner\"><div class=\"wpb_wrapper\">\n\t<div class=\"wpb_text_column wpb_content_element\" >\n\t\t<div class=\"wpb_wrapper\">\n\t\t\t<p>Grifo de columna de alta calidad. Para un uso intensivo y continuo en las cocinas profesionales m\u00e1s exigentes. Tiene una altura de 53 cm. Nuestro grifo pomo de columna es un grifo fregadero industrial sobremesa con ca\u00f1o giratorio 360\u00ba, elevado de un agua.<\/p>\n<p>Dise\u00f1ado especialmente para instalaciones de grandes cocinas. Cuando se necesitan llenar grandes ollas o recipientes este grifo aporta una soluci\u00f3n fiable y de calidad industrial. Tiene mucha altura para llenar cualquier tipo de recipientes, marmitas o enseres de gran volumen. Tiene un caudal excepcional de hasta 21 litros\/minuto.<\/p>\n<p>El grifo de columna es muy demandado por su altura y versatilidad, para poner los recipientes en el suelo o a una gran distancia de la salida de agua. Con una maneta de rosca (pomo triangular) de un agua de f\u00e1cil manejo y cierre herm\u00e9tico.<\/p>\n<p>Principales caracter\u00edsticas:<\/p>\n<p>Altura total 530mm Altura de salida 390mm Largo ca\u00f1o alto (desde la columna hasta el pomo): max. 54 cm Distancia salida agua desde columna: max. 70 cm &#8211; min. 24 cm (ca\u00f1o alto giratorio 360\u00ba)<\/p>\n<p>Di\u00e1metro rosca del ca\u00f1o alto: 25 mm (conexi\u00f3n), 22 mm (salida) Di\u00e1metro columna: 30 mm Di\u00e1metro fijaci\u00f3n: 26 mm<\/p>\n<p>Conexi\u00f3n de agua: 1\/2&#8243; Caudal: 21 l\/min Peso: kg Piezas para su montaje incluidas.<\/p>\n<p>Embalaje de cart\u00f3n reciclable.<\/p>\n\n\t\t<\/div>\n\t<\/div>\n<\/div><\/div><\/div><\/div>\n<\/div>","protected":false},"excerpt":{"rendered":"<ul class=\"a-unordered-list a-vertical a-spacing-mini\">\n<li><span class=\"a-list-item\">USO: grifo &#8211; con pomo y ca\u00f1o alto &#8211; muy \u00fatil y utilizado en hospitales, laboratorios, hosteler\u00eda, comedores, talleres, cl\u00ednicas veterinarios; areas de sanidad, educaci\u00f3n, y de industria; ideal para llenado de ollas y recipientes grandes, para limpiar objetos grandes.\u00a0<\/span><\/li>\n<li><span class=\"a-list-item\">HIGIENE: Su altura permite la limpieza de ollas y cacerolas de mayor tama\u00f1o f\u00e1cilmente.<\/span><\/li>\n<li><span class=\"a-list-item\">CALIDAD: Fabricado en resistente lat\u00f3n cromado inoxidable de alta calidad y durabilidad en el tiempo y f\u00e1cil de limpiar.<\/span><\/li>\n<li><span class=\"a-list-item\">INCLUYE: kit de piezas de sujecci\u00f3n y anclaje para sobremesa fregadero y lavabos horizontales; f\u00e1cil de instalar sin necesidad de profesionales. Utiliza conexiones de 1\/2 Pulgada.<\/span><\/li>\n<li><span class=\"a-list-item\">DISE\u00d1O: sencillo, moderno y elegante, un dise\u00f1o especialmente indicado para utilizaciones intensivas y continuadas. Se adapta perfectamente a sobremesas de grandes cocinas, comedores, laboratorios, talleres, cl\u00ednicas<\/span><\/li>\n<\/ul>","protected":false},"featured_media":37723,"template":"","meta":[],"product_brand":[],"product_cat":[335,87],"product_tag":[],"class_list":{"0":"post-37719","1":"product","2":"type-product","3":"status-publish","4":"has-post-thumbnail","6":"product_cat-griferia-industrial","7":"product_cat-hosteleria","8":"description-off","10":"first","11":"instock","12":"taxable","13":"shipping-taxable","14":"purchasable","15":"product-type-simple"},"_links":{"self":[{"href":"https:\/\/goldmanservice.com\/en\/wp-json\/wp\/v2\/product\/37719","targetHints":{"allow":["GET"]}}],"collection":[{"href":"https:\/\/goldmanservice.com\/en\/wp-json\/wp\/v2\/product"}],"about":[{"href":"https:\/\/goldmanservice.com\/en\/wp-json\/wp\/v2\/types\/product"}],"wp:featuredmedia":[{"embeddable":true,"href":"https:\/\/goldmanservice.com\/en\/wp-json\/wp\/v2\/media\/37723"}],"wp:attachment":[{"href":"https:\/\/goldmanservice.com\/en\/wp-json\/wp\/v2\/media?parent=37719"}],"wp:term":[{"taxonomy":"product_brand","embeddable":true,"href":"https:\/\/goldmanservice.com\/en\/wp-json\/wp\/v2\/product_brand?post=37719"},{"taxonomy":"product_cat","embeddable":true,"href":"https:\/\/goldmanservice.com\/en\/wp-json\/wp\/v2\/product_cat?post=37719"},{"taxonomy":"product_tag","embeddable":true,"href":"https:\/\/goldmanservice.com\/en\/wp-json\/wp\/v2\/product_tag?post=37719"}],"curies":[{"name":"wp","href":"https:\/\/api.w.org\/{rel}","templated":true}]}}