{"id":37817,"date":"2023-04-28T18:00:41","date_gmt":"2023-04-28T16:00:41","guid":{"rendered":"https:\/\/goldmanservice.com\/?post_type=product&#038;p=37817"},"modified":"2024-01-16T16:05:58","modified_gmt":"2024-01-16T15:05:58","slug":"kit-resistencia-termo-electrico-monoblock-1500w-roscada-de-1%c2%bc-pulgadas-termostato-anodo-magnesio","status":"publish","type":"product","link":"https:\/\/goldmanservice.com\/en\/recambios\/kit-resistencia-termo-electrico-monoblock-1500w-roscada-de-1%c2%bc-pulgadas-termostato-anodo-magnesio\/","title":{"rendered":"Kit Resistencia Termo El\u00e9ctrico Monoblock Roscada de 1\u00bc Pulgadas &#8211; Termostato &#8211; Anodo Magnesio"},"content":{"rendered":"<div class=\"wpb-content-wrapper\"><div class=\"vc_row wpb_row vc_row-fluid\"><div class=\"wpb_column vc_column_container vc_col-sm-6\"><div class=\"vc_column-inner\"><div class=\"wpb_wrapper\"><div id=\"ultimate-video-503569e037a3ba993\" class=\"ult-video  ult-adjust-bottom-margin ultimate-video-503569e037a3ba993 ultv-4222\"><div class=\"ultv-video ultv-aspect-ratio-16_9 ultv-subscribe-responsive-none\" data-videotype=\"uv_iframe\">\n\t\t\t\t\t\t<div class=\"ultv-video__outer-wrap\" data-autoplay=\"0\" data-device=\"false\"  data-iconbg=\"#3A3A3A\" data-overcolor=\"\" data-defaultbg=\"#dd3333\" data-defaultplay=\"defaulticon\"><div class=\"ultv-video__play\" data-src=\"https:\/\/www.youtube.com\/embed\/1cZlnGFk2Mc?rel=0&#038;start&#038;end&#038;controls=1&#038;mute=0&#038;modestbranding=0&#038;autoplay=1\">\n\t\t\t\t\t\t\t\t<img decoding=\"async\" class=\"ultv-video__thumb\" src=\"https:\/\/i.ytimg.com\/vi\/1cZlnGFk2Mc\/hqdefault.jpg\"\/>\n\t\t\t\t\t\t\t\t<div class=\"ultv-video__play-icon  ultv-animation-none\" style=\"width:75px\"><svg height=\"100%\" version=\"1.1\" viewbox=\"0 0 68 48\" width=\"100%\"><path class=\"ultv-youtube-icon-bg\" d=\"m .66,37.62 c 0,0 .66,4.70 2.70,6.77 2.58,2.71 5.98,2.63 7.49,2.91 5.43,.52 23.10,.68 23.12,.68 .00,-1.3e-5 14.29,-0.02 23.81,-0.71 1.32,-0.15 4.22,-0.17 6.81,-2.89 2.03,-2.07 2.70,-6.77 2.70,-6.77 0,0 .67,-5.52 .67,-11.04 l 0,-5.17 c 0,-5.52 -0.67,-11.04 -0.67,-11.04 0,0 -0.66,-4.70 -2.70,-6.77 C 62.03,.86 59.13,.84 57.80,.69 48.28,0 34.00,0 34.00,0 33.97,0 19.69,0 10.18,.69 8.85,.84 5.95,.86 3.36,3.58 1.32,5.65 .66,10.35 .66,10.35 c 0,0 -0.55,4.50 -0.66,9.45 l 0,8.36 c .10,4.94 .66,9.45 .66,9.45 z\" fill=\"#1f1f1e\" ><\/path><path d=\"m 26.96,13.67 18.37,9.62 -18.37,9.55 -0.00,-19.17 z\" fill=\"#fff\"><\/path><path d=\"M 45.02,23.46 45.32,23.28 26.96,13.67 43.32,22.34 45.02,23.46 z\" fill=\"#ccc\"><\/path><\/svg><\/div> <\/div> <\/div><\/div><\/div><\/div><\/div><\/div><div class=\"wpb_column vc_column_container vc_col-sm-6\"><div class=\"vc_column-inner\"><div class=\"wpb_wrapper\">\n\t<div class=\"wpb_text_column wpb_content_element\" >\n\t\t<div class=\"wpb_wrapper\">\n\t\t\t<h3>ATENCI\u00d3N: Nunca opere la resistencia en seco. \u00a1Los elementos calefactores deben cubrirse completamente con agua antes de ponerlos en funcionamiento!<\/h3>\n<p>\u00bfC\u00f3mo se si es la resistencia adecuada para mi equipo?<\/p>\n<p>Si consigue verificar dichos puntos le garantizamos que es su resistencia, siga los siguientes pasos:<\/p>\n<p>\u2705 Primero: vaciar el deposito de agua y tomar todas las precauciones desconectando el suministro el\u00e9ctrico, para poder desmontar la resistencia, y poder comprobar si la resistencia que necesita es la nuestra o no.<\/p>\n<p>\u2705 Segundo: Una vez retiramos la tapa inferior del calentador el\u00e9ctrico, veremos el termostato regulable que va encajado directamente a la resistencia.<\/p>\n<p>\u2705 Tercero: Se ver\u00e1n los terminales, que en el caso de nuestra resistencia han de estar separados por 29 mm.<\/p>\n<p>Conclusiones:<\/p>\n<p>Si tras estas confirmaciones, esto es as\u00ed, podemos llegar a la conclusi\u00f3n de que nuestra resistencia es compatible y v\u00e1lida para nuestro equipo.<\/p>\n<p>Para estar totalmente seguros, y si todav\u00eda tiene dudas, desmontar totalmente la vieja y compararla con la de la imagen principal de nuestra resistencia, compruebe sobre todo que es roscada de m\u00e9trica de 1 \u00bc Pulgadas.<\/p>\n<p>Nuestra resistencia mejora la eficiencia energ\u00e9tica de cualquier instalaci\u00f3n de agua caliente.<\/p>\n<p>V\u00e1lida para instalaciones nuevas, reparaci\u00f3n de aver\u00edas o apoyo en circuitos de agua caliente de cualquier tipo: energ\u00eda solar, saunas, dep\u00f3sitos acumuladores para gimnasios, ganader\u00eda, construcci\u00f3n, hospitales, hoteles, restauraci\u00f3n, gastronom\u00eda, industrias, ba\u00f1o Mar\u00eda, camping, caravanas, \u00a1y mucho m\u00e1s!<\/p>\n<p>Datos T\u00e9cnicos:<\/p>\n<p>Resistencia roscable: Dos potencias disponibles (1500W y 2000W), (230V) m\u00e9trica: 1\u00bc Pulgadas. Elija la potencia que m\u00e1s se adapte a su aparto.<br \/>\nConexi\u00f3n terminales faston.<\/p>\n<p>Termostato bipolar varilla de v\u00e1stago regulador temperatura con doble seguridad y rearme manual: Largo 270mm<\/p>\n<p>\u00c1nodo de magnesio: Largo 250mm<\/p>\n<p>Junta: m\u00e9trica: 1\u00bc Pulgadas<\/p>\n<p>Peso Kit completo: 375gr<\/p>\n\n\t\t<\/div>\n\t<\/div>\n<\/div><\/div><\/div><\/div>\n<\/div>","protected":false},"excerpt":{"rendered":"<p id=\"title\" class=\"a-size-large a-spacing-none\"><span id=\"productTitle\" class=\"a-size-large product-title-word-break\">Kit Resistencia Termo El\u00e9ctrico Monoblock 1500W Roscada de 1\u00bc Pulgadas &#8211; Termostato &#8211; Anodo Magnesio &#8211; Junta. Recambio para Calentador de agua, Acumulador Solar, Caldera<\/span><\/p>\n<ul class=\"a-unordered-list a-vertical a-spacing-mini\">\n<li><span class=\"a-list-item\">\u2705INCLUYE: 1 Resistencia Monoblock de Rosca 1 \u00bc Pulgadas. Dos potencias disponibles (1500W y 2000W), Termostato varilla regulador de temperatura L270mm, 1 \u00c1nodo de magnesio L250mm , 1 junta aislante de 1 \u00bc Pulgadas. Elija la potencia que m\u00e1s se adapte a su aparto.<\/span><\/li>\n<li><span class=\"a-list-item\"> \u2705USOS: Termos el\u00e9ctricos, calentador agua , dep\u00f3sitos de energ\u00eda solar, calderas, acumuladores, bidones y tanques, ya sean abiertos o estancos cerrados, con presi\u00f3n o sin ella, con circulaci\u00f3n o sin ella. Mejorar la eficiencia y ahorro energ\u00e9tico <\/span><\/li>\n<li><span class=\"a-list-item\"> \u2705APLICACIONES: Instalaciones nuevas, reparaci\u00f3n de aver\u00edas o apoyo en circuitos de agua caliente de cualquier tipo: energ\u00eda solar, saunas, dep\u00f3sitos acumuladores para gimnasios, ganader\u00eda, construcci\u00f3n, hospitales, hoteles, industrias, ba\u00f1o Mar\u00eda, camping, caravanas, \u00a1y mucho m\u00e1s! <\/span><\/li>\n<li><span class=\"a-list-item\"> \u2705MATERIAL: Fabricado con materiales de calidad homologaci\u00f3n CE. Larga duraci\u00f3n a trav\u00e9s del \u00e1nodo de sacrificio de magnesio y el termostato regulador de temperatura. Recomendable cambiar el Anodo magnesio cada dos a\u00f1os para proteger el sistema <\/span><\/li>\n<li><span class=\"a-list-item\"> \u2705COMPATIBLE: F\u00e1cil instalaci\u00f3n en cualquier circuito que disponga de tuercas est\u00e1ndar de 1 \u00bc Pulgadas, pudi\u00e9ndose montar tantas resistencias como sean necesarias en el mismo circuito para elevar y regular la temperatura del agua al nivel deseado a trav\u00e9s del termostato <\/span><\/li>\n<\/ul>","protected":false},"featured_media":37818,"template":"","meta":[],"product_brand":[],"product_cat":[89],"product_tag":[],"class_list":{"0":"post-37817","1":"product","2":"type-product","3":"status-publish","4":"has-post-thumbnail","6":"product_cat-recambios","7":"description-off","9":"first","10":"instock","11":"taxable","12":"shipping-taxable","13":"purchasable","14":"product-type-variable","15":"has-default-attributes"},"_links":{"self":[{"href":"https:\/\/goldmanservice.com\/en\/wp-json\/wp\/v2\/product\/37817","targetHints":{"allow":["GET"]}}],"collection":[{"href":"https:\/\/goldmanservice.com\/en\/wp-json\/wp\/v2\/product"}],"about":[{"href":"https:\/\/goldmanservice.com\/en\/wp-json\/wp\/v2\/types\/product"}],"wp:featuredmedia":[{"embeddable":true,"href":"https:\/\/goldmanservice.com\/en\/wp-json\/wp\/v2\/media\/37818"}],"wp:attachment":[{"href":"https:\/\/goldmanservice.com\/en\/wp-json\/wp\/v2\/media?parent=37817"}],"wp:term":[{"taxonomy":"product_brand","embeddable":true,"href":"https:\/\/goldmanservice.com\/en\/wp-json\/wp\/v2\/product_brand?post=37817"},{"taxonomy":"product_cat","embeddable":true,"href":"https:\/\/goldmanservice.com\/en\/wp-json\/wp\/v2\/product_cat?post=37817"},{"taxonomy":"product_tag","embeddable":true,"href":"https:\/\/goldmanservice.com\/en\/wp-json\/wp\/v2\/product_tag?post=37817"}],"curies":[{"name":"wp","href":"https:\/\/api.w.org\/{rel}","templated":true}]}}