{"id":37826,"date":"2023-04-28T18:13:17","date_gmt":"2023-04-28T16:13:17","guid":{"rendered":"https:\/\/goldmanservice.com\/?post_type=product&#038;p=37826"},"modified":"2025-02-18T10:43:37","modified_gmt":"2025-02-18T09:43:37","slug":"valvula-de-seguridad-de-caldera-para-alivio-de-presion-premium-g1-2-3bar-dn15","status":"publish","type":"product","link":"https:\/\/goldmanservice.com\/en\/recambios\/valvula-de-seguridad-de-caldera-para-alivio-de-presion-premium-g1-2-3bar-dn15\/","title":{"rendered":"V\u00e1lvula de Seguridad de Caldera para Alivio de Presi\u00f3n Premium G1\/2 \u00bb (3Bar DN15)"},"content":{"rendered":"<p class=\"default\"><span style=\"font-size: 14px; font-weight: normal;\">La v\u00e1lvula de alivio de presi\u00f3n de la caldera es un componente crucial para garantizar la seguridad y el rendimiento \u00f3ptimo de una caldera. Esta v\u00e1lvula de seguridad de lat\u00f3n premium G1\/2 \u00bb Macho, es una excelente opci\u00f3n para aquellos que buscan una soluci\u00f3n confiable y duradera para sus necesidades de seguridad de la caldera.<br \/>\n<\/span>Hecha de materiales de alta calidad, esta v\u00e1lvula de seguridad es resistente al calor y al envejecimiento, y cuenta con una tapa giratoria de pasta roja resistente.<br \/>\nSu dise\u00f1o de buena estanqueidad asegura un rendimiento \u00f3ptimo de sellado, lo que garantiza la seguridad de la caldera, con un rango de temperatura de trabajo: -10\u00b0 a +120 \u00b0C.<br \/>\nLa v\u00e1lvula de seguridad tambi\u00e9n es capaz de soportar una presi\u00f3n de hasta 3 bar, lo que la hace adecuada para diferentes tipos de calderas. Adem\u00e1s, su f\u00e1cil instalaci\u00f3n simplemente siguiendo el sentido de la flecha.<br \/>\nCompatibilidad universal con calderas de diversas marcas principales, incluyendo Saunier Duval, Vaillant, Junkers, Ferroli, Roca, Baxi, y m\u00e1s, hacen que esta v\u00e1lvula de seguridad sea una opci\u00f3n conveniente y vers\u00e1til.<br \/>\nNuestro compromiso con la satisfacci\u00f3n del cliente es primordial, y nuestra empresa ofrece productos y servicios confiables. Si tiene alg\u00fan problema con su compra, p\u00f3ngase en contacto con nuestro servicio al cliente y lo resolveremos en 24 horas. Compre con confianza y proteja su caldera con la v\u00e1lvula de alivio de presi\u00f3n de la caldera de seguridad de lat\u00f3n Premium 3Bar G1\/2\u201d.<br \/>\nDatos t\u00e9cnicos:<br \/>\nPresi\u00f3n: 3Bar<br \/>\nM\u00e9trica: Macho G1\/2&#8243; (DN15)<br \/>\nTemperatura de trabajo: -10\u00b0 a +120 \u00b0C<\/p>","protected":false},"excerpt":{"rendered":"<p class=\"a-size-large a-spacing-none\"><span class=\"a-size-medium product-title-word-break product-title-resize\">V\u00e1lvula de Seguridad de Caldera para Alivio de Presi\u00f3n Premium G1\/2 \u00bb (3Bar DN15) &#8211; Instalaci\u00f3n compatible con Calderas de Principales Marcas.<br \/>\n<\/span><\/p>\n<ul class=\"a-unordered-list a-vertical a-spacing-mini\">\n<li><span class=\"a-list-item\">\u2705CALIDAD: V\u00e1lvula de seguridad de alta calidad hecha de lat\u00f3n Premium resistente al calor y al envejecimiento, con una tapa giratoria de pasta roja resistente<\/span><\/li>\n<li><span class=\"a-list-item\">\u2705ESTANQUEIDAD: esta v\u00e1lvula de seguridad para calderas de agua cerradas asegura un rendimiento \u00f3ptimo de sellado, evitando fugas<\/span><\/li>\n<li><span class=\"a-list-item\">\u2705RESISTENCIA: La v\u00e1lvula soporta una presi\u00f3n de hasta 3 bar, lo que la hace adecuada para diferentes tipos de calderas. Rango de temperatura de trabajo: -10 a +120 \u00b0C<\/span><\/li>\n<li><span class=\"a-list-item\">\u2705F\u00c1CIL INSTALACI\u00d3N: la v\u00e1lvula de seguridad para caldera de lat\u00f3n es f\u00e1cil de instalar y debe instalarse en la direcci\u00f3n de la flecha<\/span><\/li>\n<li><span class=\"a-list-item\">\u2705COMPATIVILIDAD: Recambios calderas v\u00e1lvula Universal de seguridad compatible con calderas de diversas y principales marcas del mercado, incluyendo Saunier Duval, Vaillant, Junkers, Ferroli, Roca, Baxi, y m\u00e1s<\/span><\/li>\n<\/ul>\n<p id=\"title\" class=\"a-size-large a-spacing-none\"><span id=\"productTitle\" class=\"a-size-medium product-title-word-break product-title-resize\">\u00a0<\/span><\/p>","protected":false},"featured_media":37828,"template":"","meta":[],"product_brand":[],"product_cat":[89],"product_tag":[],"class_list":{"0":"post-37826","1":"product","2":"type-product","3":"status-publish","4":"has-post-thumbnail","6":"product_cat-recambios","7":"description-off","9":"first","10":"instock","11":"taxable","12":"shipping-taxable","13":"purchasable","14":"product-type-simple"},"_links":{"self":[{"href":"https:\/\/goldmanservice.com\/en\/wp-json\/wp\/v2\/product\/37826","targetHints":{"allow":["GET"]}}],"collection":[{"href":"https:\/\/goldmanservice.com\/en\/wp-json\/wp\/v2\/product"}],"about":[{"href":"https:\/\/goldmanservice.com\/en\/wp-json\/wp\/v2\/types\/product"}],"wp:featuredmedia":[{"embeddable":true,"href":"https:\/\/goldmanservice.com\/en\/wp-json\/wp\/v2\/media\/37828"}],"wp:attachment":[{"href":"https:\/\/goldmanservice.com\/en\/wp-json\/wp\/v2\/media?parent=37826"}],"wp:term":[{"taxonomy":"product_brand","embeddable":true,"href":"https:\/\/goldmanservice.com\/en\/wp-json\/wp\/v2\/product_brand?post=37826"},{"taxonomy":"product_cat","embeddable":true,"href":"https:\/\/goldmanservice.com\/en\/wp-json\/wp\/v2\/product_cat?post=37826"},{"taxonomy":"product_tag","embeddable":true,"href":"https:\/\/goldmanservice.com\/en\/wp-json\/wp\/v2\/product_tag?post=37826"}],"curies":[{"name":"wp","href":"https:\/\/api.w.org\/{rel}","templated":true}]}}