{"id":37834,"date":"2023-04-29T18:04:47","date_gmt":"2023-04-29T16:04:47","guid":{"rendered":"https:\/\/goldmanservice.com\/?post_type=product&#038;p=37834"},"modified":"2024-06-12T12:39:20","modified_gmt":"2024-06-12T10:39:20","slug":"valvula-seguridad-termo-electrico-tubo-drenaje","status":"publish","type":"product","link":"https:\/\/goldmanservice.com\/en\/recambios\/valvula-seguridad-termo-electrico-tubo-drenaje\/","title":{"rendered":"V\u00e1lvula de Seguridad Termo y Tubo desag\u00fce"},"content":{"rendered":"<h2>V\u00e1lvulas de seguridad Termo:<\/h2>\n<p>Al instalarse en la toma de agua fr\u00eda, ejerce dos funciones:<\/p>\n<ul>\n<li>Impide que el agua caliente del calentador retorne a la tuber\u00eda de agua fr\u00eda.<\/li>\n<li>Limita la presi\u00f3n que expulsa para proteger la caldera de sobrepresiones que podr\u00edan causar su rotura.<\/li>\n<li>Y sobre todo y la m\u00e1s importante es la de seguridad. Si, por alg\u00fan motivo, aumenta la presi\u00f3n del termo a medida que se calienta, por la v\u00e1lvula de seguridad se expulsar\u00e1 el agua necesaria, evitando aver\u00edas graves y un exceso peligroso de presi\u00f3n. Lo normal es que la posible agua expulsada se derive a trav\u00e9s de un peque\u00f1o tubo de pl\u00e1stico hacia la canalizaci\u00f3n de desag\u00fce de la casa, por dicho motivo nuestro Set incluye una manguera de desag\u00fce transparente de 1 metro.<\/li>\n<\/ul>\n<p><strong>F\u00e1cil de cambiar.<\/strong> Elementos fundamentales para la seguridad de los termos el\u00e9ctricos.<br \/>\n<strong>Pasos para cambiar la v\u00e1lvula de seguridad:<\/strong><\/p>\n<ol>\n<li>Desconectamos el termo: Desconectar el termo de la red el\u00e9ctrica, cerrar las llaves de entrada y de salida de agua de nuestro termo<\/li>\n<li>Desde un grifo cercano y en la posici\u00f3n de agua caliente lo abriremos hasta que deje de salir agua cerr\u00e1ndolo de inmediato.<\/li>\n<li>A continuaci\u00f3n, quitar el manguito que une nuestra tuber\u00eda con la v\u00e1lvula deteriora.<\/li>\n<li>Sustituir la v\u00e1lvula: Cuando deje de caer agua, conectar la nueva v\u00e1lvula en la toma de entrada, y aplicando tefl\u00f3n a la rosca macho donde va conectada, unir la nueva.<\/li>\n<li>Una vez la v\u00e1lvula est\u00e9 conectada abrir solamente la llave de entrada de agua comprobando de que no haya de fugas de agua.<\/li>\n<li>En el caso de que todo se encuentre correcto abrir la llave de salida. Siendo importante abrir el grifo m\u00e1s cercano en la posici\u00f3n de caliente de manera que purguemos todo el aire de la tuber\u00eda de agua caliente.<\/li>\n<\/ol>\n<p><strong>Caracter\u00edsticas t\u00e9cnicas<\/strong>: Material: Lat\u00f3n Presi\u00f3n de apertura de 0,9 mPa (9 Bares) \u00b1 0,5 Bar Temperatura m\u00e1xima de trabajo de 180\u00b0C Conexi\u00f3n: 1\/2 pulgadas Hembra \u2013 Macho Manguera :1 metro Peso Valvula 92gr Tama\u00f1o: Aprox. 45 x 60 mm\/1.8 x 2.4 pulgadas<\/p>","protected":false},"excerpt":{"rendered":"<p id=\"title\" class=\"a-size-large a-spacing-none\"><span id=\"productTitle\" class=\"a-size-medium product-title-word-break product-title-resize\">V\u00e1lvula de Seguridad para Termo El\u00e9ctrico. Llave de Alivio de Presi\u00f3n (0,9 mPa) 1\/2 Pulgada Macho &#8211; Hembra + Tubo de Drenaje de 1 metro<\/span><\/p>\n<ul class=\"a-unordered-list a-vertical a-spacing-mini\">\n<li><span class=\"a-list-item\">INCLUYE: 1 V\u00e1lvula de seguridad para termo el\u00e9ctrico con palanca de bloqueo + 1 Tubo transparente de longitud 1 metro.<\/span><\/li>\n<li><span class=\"a-list-item\">USOS: V\u00e1lvula de seguridad, Alivio de presi\u00f3n, Purgador y Antiretorno para termos y calentadores el\u00e9ctricos. V\u00e1lida tanto para equipos del hogar, como usos Industriales.<\/span><\/li>\n<li><span class=\"a-list-item\">FUNCIONES: Impide el retorno de agua caliente a la tuber\u00eda de agua fr\u00eda, limita la presi\u00f3n y protege de sobrepresiones que podr\u00edan causar la rotura del termo. Elemento fundamental para la seguridad del equipo. La manguera permite evacuar el agua a un desag\u00fce lejano.<\/span><\/li>\n<li><span class=\"a-list-item\">CARACTER\u00cdSTICAS: Soporta un presi\u00f3n de apertura de 0,9 mPa (9 Bares) \u00b1 0,5 Bar. Soporta una temperatura m\u00e1xima de trabajo de 180\u00b0C. Conexi\u00f3n: 1\/2 In H- M + Manguera de pl\u00e1stico de 1 metro para alivio del presi\u00f3n.<\/span><\/li>\n<li><span class=\"a-list-item\">CALIDAD: Cuerpo de la v\u00e1lvula fabricado con materiales de lat\u00f3n reforzado niquelado. Muelles en acero inoxidables. Juntas, llave de cierre y tubo de desag\u00fce de PVC.<\/span><\/li>\n<\/ul>","protected":false},"featured_media":37835,"template":"","meta":[],"product_brand":[],"product_cat":[89],"product_tag":[],"class_list":{"0":"post-37834","1":"product","2":"type-product","3":"status-publish","4":"has-post-thumbnail","6":"product_cat-recambios","7":"description-off","9":"first","10":"instock","11":"taxable","12":"shipping-taxable","13":"purchasable","14":"product-type-simple"},"_links":{"self":[{"href":"https:\/\/goldmanservice.com\/en\/wp-json\/wp\/v2\/product\/37834","targetHints":{"allow":["GET"]}}],"collection":[{"href":"https:\/\/goldmanservice.com\/en\/wp-json\/wp\/v2\/product"}],"about":[{"href":"https:\/\/goldmanservice.com\/en\/wp-json\/wp\/v2\/types\/product"}],"wp:featuredmedia":[{"embeddable":true,"href":"https:\/\/goldmanservice.com\/en\/wp-json\/wp\/v2\/media\/37835"}],"wp:attachment":[{"href":"https:\/\/goldmanservice.com\/en\/wp-json\/wp\/v2\/media?parent=37834"}],"wp:term":[{"taxonomy":"product_brand","embeddable":true,"href":"https:\/\/goldmanservice.com\/en\/wp-json\/wp\/v2\/product_brand?post=37834"},{"taxonomy":"product_cat","embeddable":true,"href":"https:\/\/goldmanservice.com\/en\/wp-json\/wp\/v2\/product_cat?post=37834"},{"taxonomy":"product_tag","embeddable":true,"href":"https:\/\/goldmanservice.com\/en\/wp-json\/wp\/v2\/product_tag?post=37834"}],"curies":[{"name":"wp","href":"https:\/\/api.w.org\/{rel}","templated":true}]}}