{"id":37842,"date":"2023-04-29T18:16:41","date_gmt":"2023-04-29T16:16:41","guid":{"rendered":"https:\/\/goldmanservice.com\/?post_type=product&#038;p=37842"},"modified":"2026-02-11T15:12:35","modified_gmt":"2026-02-11T14:12:35","slug":"set-de-grifo-pedal-cano-alto-vertical-giratorio-latiguillo-de-fontaneria","status":"publish","type":"product","link":"https:\/\/goldmanservice.com\/en\/hosteleria\/griferia-industrial\/set-de-grifo-pedal-cano-alto-vertical-giratorio-latiguillo-de-fontaneria\/","title":{"rendered":"Set de Grifo Pedal &#8211; Ca\u00f1o Alto Vertical Giratorio &#8211; Latiguillo de Fontaner\u00eda"},"content":{"rendered":"<div class=\"wpb-content-wrapper\"><div class=\"vc_row wpb_row vc_row-fluid\"><div class=\"wpb_column vc_column_container vc_col-sm-6\"><div class=\"vc_column-inner\"><div class=\"wpb_wrapper\"><div id=\"ultimate-video-339669e1e1b84be15\" class=\"ult-video  ult-adjust-bottom-margin ultimate-video-339669e1e1b84be15 ultv-8379\"><div class=\"ultv-video ultv-aspect-ratio-16_9 ultv-subscribe-responsive-none\" data-videotype=\"uv_iframe\">\n\t\t\t\t\t\t<div class=\"ultv-video__outer-wrap\" data-autoplay=\"0\" data-device=\"false\"  data-iconbg=\"#3A3A3A\" data-overcolor=\"\" data-defaultbg=\"#dd3333\" data-defaultplay=\"defaulticon\"><div class=\"ultv-video__play\" data-src=\"https:\/\/www.youtube.com\/embed\/YZfAj9Co0dY?rel=0&#038;start&#038;end&#038;controls=1&#038;mute=0&#038;modestbranding=0&#038;autoplay=1\">\n\t\t\t\t\t\t\t\t<img decoding=\"async\" class=\"ultv-video__thumb\" src=\"https:\/\/i.ytimg.com\/vi\/YZfAj9Co0dY\/hqdefault.jpg\"\/>\n\t\t\t\t\t\t\t\t<div class=\"ultv-video__play-icon  ultv-animation-none\" style=\"width:75px\"><svg height=\"100%\" version=\"1.1\" viewbox=\"0 0 68 48\" width=\"100%\"><path class=\"ultv-youtube-icon-bg\" d=\"m .66,37.62 c 0,0 .66,4.70 2.70,6.77 2.58,2.71 5.98,2.63 7.49,2.91 5.43,.52 23.10,.68 23.12,.68 .00,-1.3e-5 14.29,-0.02 23.81,-0.71 1.32,-0.15 4.22,-0.17 6.81,-2.89 2.03,-2.07 2.70,-6.77 2.70,-6.77 0,0 .67,-5.52 .67,-11.04 l 0,-5.17 c 0,-5.52 -0.67,-11.04 -0.67,-11.04 0,0 -0.66,-4.70 -2.70,-6.77 C 62.03,.86 59.13,.84 57.80,.69 48.28,0 34.00,0 34.00,0 33.97,0 19.69,0 10.18,.69 8.85,.84 5.95,.86 3.36,3.58 1.32,5.65 .66,10.35 .66,10.35 c 0,0 -0.55,4.50 -0.66,9.45 l 0,8.36 c .10,4.94 .66,9.45 .66,9.45 z\" fill=\"#1f1f1e\" ><\/path><path d=\"m 26.96,13.67 18.37,9.62 -18.37,9.55 -0.00,-19.17 z\" fill=\"#fff\"><\/path><path d=\"M 45.02,23.46 45.32,23.28 26.96,13.67 43.32,22.34 45.02,23.46 z\" fill=\"#ccc\"><\/path><\/svg><\/div> <\/div> <\/div><\/div><\/div><\/div><\/div><\/div><div class=\"wpb_column vc_column_container vc_col-sm-6\"><div class=\"vc_column-inner\"><div class=\"wpb_wrapper\">\n\t<div class=\"wpb_text_column wpb_content_element\" >\n\t\t<div class=\"wpb_wrapper\">\n\t\t\t<p>El Set de Grifo de Pedal Doble Mezclador para Fregaderos Industriales de Hosteler\u00eda con ca\u00f1o alto largo vertical giratorio y latiguillo de fontaner\u00eda, es un conjunto imprescindible para cualquier negocio de hosteler\u00eda que busque un mayor control y precisi\u00f3n en la temperatura del agua y una mayor higiene en la manipulaci\u00f3n de alimentos. Su dise\u00f1o robusto y de alta calidad garantiza un buen rendimiento a largo plazo y una mayor eficiencia en el trabajo diario.<\/p>\n<p>\u00bfQu\u00e9 es un grifo de pie? Los grifos pedal de hosteler\u00eda son aquellos que est\u00e1n sujetos al suelo y su salida de agua se acciona con el pie, pudiendo calcular la presi\u00f3n de salida del agua con la acci\u00f3n del pie, seg\u00fan la presi\u00f3n que ejercemos sobre el mismo. El agua deja de salir inmediatamente cuando se levanta el pie del pedal. Otras de las principales ventajas del grifo pedal es el ahorro considerable de agua. Su dise\u00f1o ergon\u00f3mico facilita el uso por personas discapacitadas o de mayor edad.<\/p>\n<p>\u00bfPara qu\u00e9 se usa un grifo de pie?<\/p>\n<p>Usos principales: Muy \u00fatil en hosteler\u00eda, restauraci\u00f3n, industrias c\u00e1rnicas, pescader\u00eda o alimentaci\u00f3n. Su uso es muy recomendado en centros p\u00fablicos y colectividades para evitar el contagio de bacterias y hongos. Hospitales, centros sanitarios y laboratorios.<\/p>\n<p>Caracter\u00edsticas del Set:<\/p>\n<p>1 Grifo pedal doble, todos los anclajes y juntas del equipo necesarios para su instalaci\u00f3n. Conexiones entrada y salida Hembra \u00bd Pulgada.<\/p>\n<p>1 Ca\u00f1o vertical alto extra largo cuello de Cisne. La extensi\u00f3n del ca\u00f1o tiene una altura de 28cm y un alcance de 30cm. Conexi\u00f3n Macho \u00bd Pulgada.<\/p>\n<p>1 Latiguillo \u00bd Pulgadas. Hembra \u2013 Macho.<\/p>\n<p>Pesos: Pedal: 1850gr, Ca\u00f1o: 328gr, Latiguillo: 172gr.<\/p>\n\n\t\t<\/div>\n\t<\/div>\n<\/div><\/div><\/div><\/div>\n<\/div>","protected":false},"excerpt":{"rendered":"<h4 class=\"a-size-large a-spacing-none\"><span class=\"a-size-large product-title-word-break\">Set de Grifo Pedal Doble Mezclador para Fregaderos Industriales Hosteler\u00eda &#8211; Ca\u00f1o Alto Vertical Giratorio &#8211; Latiguillo de Fontaner\u00eda<br \/>\n<\/span><\/h4>\n<ul class=\"a-unordered-list a-vertical a-spacing-mini\">\n<li><span class=\"a-list-item\">\u2705INCLUYE: Set de 1 Grifo pedal mezclador dos aguas + 1 Ca\u00f1o alto vertical giratorio + 1 Latiguillos Manguera de fontaner\u00eda<\/span><\/li>\n<li><span class=\"a-list-item\">\u2705PEDAL DOBLE: Grifo pedal mezclador dos aguas para fregaderos industriales de hosteler\u00eda, lavamanos a pedal. Grifo de pie con dos pedales pulsadores de agua AZUL fr\u00eda y ROJA caliente. Conexiones entrada y salida hembra de 1\/2 Pulgada. Incluye anclajes para suelo<\/span><\/li>\n<li><span class=\"a-list-item\">\u2705CA\u00d1O ALTO: Ca\u00f1o vertical largo giratorio con mayor alcance que otros del mercado. Cromado en acero inoxidable con rosca macho de 1\/2&#8243;, para anclaje en fregaderos y lavabos industriales, fabricado con materiales inoxidables<\/span><\/li>\n<li><span class=\"a-list-item\">\u2705LATIGUILLO: 1 Manguera de fontaner\u00eda. Rosca Macho &#8211; Hembra, 1\/2 Pulgada, Largo 1 Metro. Manguitos con malla reforzada flexible de acero. Grosor del tubo 13mm. \u00datil para conectar el ca\u00f1o con el pedal<\/span><\/li>\n<li><span class=\"a-list-item\">\u2705USOS: Grifer\u00eda para hosteler\u00eda industrial, fregaderos y lavabos de cocinas y restaurantes, gastronom\u00eda, comedores, limpieza de vajilla, industrias c\u00e1rnicas, pescader\u00eda, cocina profesional, usos sanitarios, laboratorios<\/span><\/li>\n<\/ul>\n<h4 id=\"title\" class=\"a-size-large a-spacing-none\"><span id=\"productTitle\" class=\"a-size-large product-title-word-break\">\u00a0<\/span><\/h4>\n<p>&nbsp;<\/p>","protected":false},"featured_media":37843,"template":"","meta":[],"product_brand":[],"product_cat":[335,87],"product_tag":[],"class_list":{"0":"post-37842","1":"product","2":"type-product","3":"status-publish","4":"has-post-thumbnail","6":"product_cat-griferia-industrial","7":"product_cat-hosteleria","8":"description-off","10":"first","11":"instock","12":"taxable","13":"shipping-taxable","14":"purchasable","15":"product-type-simple"},"_links":{"self":[{"href":"https:\/\/goldmanservice.com\/en\/wp-json\/wp\/v2\/product\/37842","targetHints":{"allow":["GET"]}}],"collection":[{"href":"https:\/\/goldmanservice.com\/en\/wp-json\/wp\/v2\/product"}],"about":[{"href":"https:\/\/goldmanservice.com\/en\/wp-json\/wp\/v2\/types\/product"}],"wp:featuredmedia":[{"embeddable":true,"href":"https:\/\/goldmanservice.com\/en\/wp-json\/wp\/v2\/media\/37843"}],"wp:attachment":[{"href":"https:\/\/goldmanservice.com\/en\/wp-json\/wp\/v2\/media?parent=37842"}],"wp:term":[{"taxonomy":"product_brand","embeddable":true,"href":"https:\/\/goldmanservice.com\/en\/wp-json\/wp\/v2\/product_brand?post=37842"},{"taxonomy":"product_cat","embeddable":true,"href":"https:\/\/goldmanservice.com\/en\/wp-json\/wp\/v2\/product_cat?post=37842"},{"taxonomy":"product_tag","embeddable":true,"href":"https:\/\/goldmanservice.com\/en\/wp-json\/wp\/v2\/product_tag?post=37842"}],"curies":[{"name":"wp","href":"https:\/\/api.w.org\/{rel}","templated":true}]}}