{"id":37850,"date":"2023-04-29T18:23:26","date_gmt":"2023-04-29T16:23:26","guid":{"rendered":"https:\/\/goldmanservice.com\/?post_type=product&#038;p=37850"},"modified":"2025-09-18T07:49:19","modified_gmt":"2025-09-18T05:49:19","slug":"manguera-flexible-metalica-reforzada-para-grifos-de-hosteleria-industriales-rosca-1-2-pulgadas-largo-100-cm","status":"publish","type":"product","link":"https:\/\/goldmanservice.com\/en\/hosteleria\/accesorios\/manguera-flexible-metalica-reforzada-para-grifos-de-hosteleria-industriales-rosca-1-2-pulgadas-largo-100-cm\/","title":{"rendered":"Manguera Flexible Met\u00e1lica Reforzada para grifos de Hosteler\u00eda Industriales. Rosca 1\/2 Pulgadas Largo 95 cm"},"content":{"rendered":"<div class=\"wpb-content-wrapper\"><div class=\"vc_row wpb_row vc_row-fluid\"><div class=\"wpb_column vc_column_container vc_col-sm-6\"><div class=\"vc_column-inner\"><div class=\"wpb_wrapper\"><div id=\"ultimate-video-225569e49f3ee0c88\" class=\"ult-video  ult-adjust-bottom-margin ultimate-video-225569e49f3ee0c88 ultv-6408\"><div class=\"ultv-video ultv-aspect-ratio-16_9 ultv-subscribe-responsive-none\" data-videotype=\"uv_iframe\">\n\t\t\t\t\t\t<div class=\"ultv-video__outer-wrap\" data-autoplay=\"0\" data-device=\"false\"  data-iconbg=\"#3A3A3A\" data-overcolor=\"\" data-defaultbg=\"#dd3333\" data-defaultplay=\"defaulticon\"><div class=\"ultv-video__play\" data-src=\"https:\/\/www.youtube.com\/embed\/hx1QwLnhgOc?rel=0&#038;start&#038;end&#038;controls=1&#038;mute=0&#038;modestbranding=0&#038;autoplay=1\">\n\t\t\t\t\t\t\t\t<img decoding=\"async\" class=\"ultv-video__thumb\" src=\"https:\/\/goldmanservice.com\/wp-content\/uploads\/2023\/04\/hx1QwLnhgOc_320x180.jpg\"\/>\n\t\t\t\t\t\t\t\t<div class=\"ultv-video__play-icon  ultv-animation-none\" style=\"width:75px\"><svg height=\"100%\" version=\"1.1\" viewbox=\"0 0 68 48\" width=\"100%\"><path class=\"ultv-youtube-icon-bg\" d=\"m .66,37.62 c 0,0 .66,4.70 2.70,6.77 2.58,2.71 5.98,2.63 7.49,2.91 5.43,.52 23.10,.68 23.12,.68 .00,-1.3e-5 14.29,-0.02 23.81,-0.71 1.32,-0.15 4.22,-0.17 6.81,-2.89 2.03,-2.07 2.70,-6.77 2.70,-6.77 0,0 .67,-5.52 .67,-11.04 l 0,-5.17 c 0,-5.52 -0.67,-11.04 -0.67,-11.04 0,0 -0.66,-4.70 -2.70,-6.77 C 62.03,.86 59.13,.84 57.80,.69 48.28,0 34.00,0 34.00,0 33.97,0 19.69,0 10.18,.69 8.85,.84 5.95,.86 3.36,3.58 1.32,5.65 .66,10.35 .66,10.35 c 0,0 -0.55,4.50 -0.66,9.45 l 0,8.36 c .10,4.94 .66,9.45 .66,9.45 z\" fill=\"#1f1f1e\" ><\/path><path d=\"m 26.96,13.67 18.37,9.62 -18.37,9.55 -0.00,-19.17 z\" fill=\"#fff\"><\/path><path d=\"M 45.02,23.46 45.32,23.28 26.96,13.67 43.32,22.34 45.02,23.46 z\" fill=\"#ccc\"><\/path><\/svg><\/div> <\/div> <\/div><\/div><\/div><\/div><\/div><\/div><div class=\"wpb_column vc_column_container vc_col-sm-6\"><div class=\"vc_column-inner\"><div class=\"wpb_wrapper\">\n\t<div class=\"wpb_text_column wpb_content_element\" >\n\t\t<div class=\"wpb_wrapper\">\n\t\t\t<p>La manguera reforzada se trata de un recambio universal para grifos industriales de cocina de hosteler\u00eda y restauraci\u00f3n.<br \/>\nLa conexi\u00f3n Rosca \u00bd Pulgada Hembra \u2013 Hembra con Largo Total de 95 cm lo hacen compatible con cualquier sistema de conexi\u00f3n que tenga dicha medida.<br \/>\nMaterial: latiguillo met\u00e1lico de Alta calidad en acero inoxidable, acabados de goma transparente, que lo hacen de una gran calidad y duraderos en el tiempo.<br \/>\nPermite recambios de accesorios de manera independiente sin necesidad de cambiar el equipo y compatible con cualquier tipo de grifos.<br \/>\nManguera ducha flexibles: Manguera de malla resistente y flexible con capa plastificada, y refuerzos en los extremos, ya que por su uso en fregaderos industriales y en hosteler\u00eda necesita un buen refuerzo para evitar fugas y roturas.<br \/>\nUsos: hosteler\u00eda industrial, fregaderos de cocinas y restaurantes, restauraci\u00f3n, bares, gastronom\u00eda, aclarado y limpieza de vajilla, industrias c\u00e1rnicas, pescader\u00eda, cocina profesional, hoteles, colegios, comedores, lavander\u00edas, hoteles, albergues, lavaderos.<br \/>\nDatos T\u00e9cnicos:<br \/>\nLargo Total: 95 cm<br \/>\nPeso: 500 gramos<br \/>\nConexi\u00f3n: \u00bd Pulgadas \/ Inches<br \/>\nNota Importante: el producto solo incluye el latiguillo manguera y las juntas, el rest de art\u00edculos mostrados en las fotos del producto solo son para mostrar su utilidad como recambio en grifos industriales.<\/p>\n\n\t\t<\/div>\n\t<\/div>\n<\/div><\/div><\/div><\/div>\n<\/div>","protected":false},"excerpt":{"rendered":"<h4 id=\"title\" class=\"a-size-large a-spacing-none\"><span id=\"productTitle\" class=\"a-size-medium product-title-word-break product-title-resize\">Manguera Flexible Met\u00e1lica Reforzada para grifos de Hosteler\u00eda Industriales. Repuesto Universal para fregaderos de cocinas de Restaurantes. Rosca 1\/2 Pulgadas Largo 100 cm<\/span><\/h4>\n<ul class=\"a-unordered-list a-vertical a-spacing-mini\">\n<li><span class=\"a-list-item\">MATERIAL: tubo flexo de PVC interior con malla de acero inoxidable, con refuerzos met\u00e1licos en los extremos, recubierto y acabado de goma transparente.<\/span><\/li>\n<li><span class=\"a-list-item\">USOS: Manguera para grifer\u00eda flexo extensible ducha para hosteler\u00eda y uso industrial, fregaderos, lavabos de cocinas y restaurantes, gastronom\u00eda, limpieza de vajilla, industrias c\u00e1rnicas, pescader\u00eda.<\/span><\/li>\n<li><span class=\"a-list-item\">RECAMBIO UNIVERSAL: Permite recambios grifo cocina universal de accesorios de manera independiente sin necesidad de cambiar el equipo y compatible con cualquier tipo de grifos. Doble entrada hembra con rosca de 1\/2&#8243;. Largo total 95 cm.<\/span><\/li>\n<li><span class=\"a-list-item\">INSTALACI\u00d3N: f\u00e1cil y segura, con un suave giro queda instalado r\u00e1pidamente. Incluye: Manguera y juntas de gomas.<\/span><\/li>\n<li><span class=\"a-list-item\">REFORZADA: Acabado reforzado de acero en los extremos lo hacen un recambio duradero para trabajos profesionales y usos prolongados, evitando que el tubo se rompa y se produzcan fugas de agua.<\/span><\/li>\n<\/ul>","protected":false},"featured_media":37851,"template":"","meta":[],"product_brand":[],"product_cat":[339,87],"product_tag":[],"class_list":{"0":"post-37850","1":"product","2":"type-product","3":"status-publish","4":"has-post-thumbnail","6":"product_cat-accesorios","7":"product_cat-hosteleria","8":"description-off","10":"first","11":"instock","12":"taxable","13":"shipping-taxable","14":"purchasable","15":"product-type-simple"},"_links":{"self":[{"href":"https:\/\/goldmanservice.com\/en\/wp-json\/wp\/v2\/product\/37850","targetHints":{"allow":["GET"]}}],"collection":[{"href":"https:\/\/goldmanservice.com\/en\/wp-json\/wp\/v2\/product"}],"about":[{"href":"https:\/\/goldmanservice.com\/en\/wp-json\/wp\/v2\/types\/product"}],"wp:featuredmedia":[{"embeddable":true,"href":"https:\/\/goldmanservice.com\/en\/wp-json\/wp\/v2\/media\/37851"}],"wp:attachment":[{"href":"https:\/\/goldmanservice.com\/en\/wp-json\/wp\/v2\/media?parent=37850"}],"wp:term":[{"taxonomy":"product_brand","embeddable":true,"href":"https:\/\/goldmanservice.com\/en\/wp-json\/wp\/v2\/product_brand?post=37850"},{"taxonomy":"product_cat","embeddable":true,"href":"https:\/\/goldmanservice.com\/en\/wp-json\/wp\/v2\/product_cat?post=37850"},{"taxonomy":"product_tag","embeddable":true,"href":"https:\/\/goldmanservice.com\/en\/wp-json\/wp\/v2\/product_tag?post=37850"}],"curies":[{"name":"wp","href":"https:\/\/api.w.org\/{rel}","templated":true}]}}