{"id":37863,"date":"2023-04-29T18:32:30","date_gmt":"2023-04-29T16:32:30","guid":{"rendered":"https:\/\/goldmanservice.com\/?post_type=product&#038;p=37863"},"modified":"2024-06-14T08:28:43","modified_gmt":"2024-06-14T06:28:43","slug":"dobladora-de-tubos","status":"publish","type":"product","link":"https:\/\/goldmanservice.com\/en\/climatizacion\/aire-acondicionado\/dobladora-de-tubos\/","title":{"rendered":"Dobladora de Tubos"},"content":{"rendered":"<div class=\"wpb-content-wrapper\"><div class=\"vc_row wpb_row vc_row-fluid\"><div class=\"wpb_column vc_column_container vc_col-sm-6\"><div class=\"vc_column-inner\"><div class=\"wpb_wrapper\"><div id=\"ultimate-video-900769e4a374dfcf7\" class=\"ult-video  ult-adjust-bottom-margin ultimate-video-900769e4a374dfcf7 ultv-6034\"><div class=\"ultv-video ultv-aspect-ratio-16_9 ultv-subscribe-responsive-none\" data-videotype=\"uv_iframe\">\n\t\t\t\t\t\t<div class=\"ultv-video__outer-wrap\" data-autoplay=\"0\" data-device=\"false\"  data-iconbg=\"#3A3A3A\" data-overcolor=\"\" data-defaultbg=\"#dd3333\" data-defaultplay=\"defaulticon\"><div class=\"ultv-video__play\" data-src=\"https:\/\/www.youtube.com\/embed\/RJPdbKtDH7o?rel=0&#038;start&#038;end&#038;controls=1&#038;mute=0&#038;modestbranding=0&#038;autoplay=1\">\n\t\t\t\t\t\t\t\t<img decoding=\"async\" class=\"ultv-video__thumb\" src=\"https:\/\/goldmanservice.com\/wp-content\/uploads\/2023\/04\/RJPdbKtDH7o_640x480.jpg\"\/>\n\t\t\t\t\t\t\t\t<div class=\"ultv-video__play-icon  ultv-animation-none\" style=\"width:75px\"><svg height=\"100%\" version=\"1.1\" viewbox=\"0 0 68 48\" width=\"100%\"><path class=\"ultv-youtube-icon-bg\" d=\"m .66,37.62 c 0,0 .66,4.70 2.70,6.77 2.58,2.71 5.98,2.63 7.49,2.91 5.43,.52 23.10,.68 23.12,.68 .00,-1.3e-5 14.29,-0.02 23.81,-0.71 1.32,-0.15 4.22,-0.17 6.81,-2.89 2.03,-2.07 2.70,-6.77 2.70,-6.77 0,0 .67,-5.52 .67,-11.04 l 0,-5.17 c 0,-5.52 -0.67,-11.04 -0.67,-11.04 0,0 -0.66,-4.70 -2.70,-6.77 C 62.03,.86 59.13,.84 57.80,.69 48.28,0 34.00,0 34.00,0 33.97,0 19.69,0 10.18,.69 8.85,.84 5.95,.86 3.36,3.58 1.32,5.65 .66,10.35 .66,10.35 c 0,0 -0.55,4.50 -0.66,9.45 l 0,8.36 c .10,4.94 .66,9.45 .66,9.45 z\" fill=\"#1f1f1e\" ><\/path><path d=\"m 26.96,13.67 18.37,9.62 -18.37,9.55 -0.00,-19.17 z\" fill=\"#fff\"><\/path><path d=\"M 45.02,23.46 45.32,23.28 26.96,13.67 43.32,22.34 45.02,23.46 z\" fill=\"#ccc\"><\/path><\/svg><\/div> <\/div> <\/div><\/div><\/div><\/div><\/div><\/div><div class=\"wpb_column vc_column_container vc_col-sm-6\"><div class=\"vc_column-inner\"><div class=\"wpb_wrapper\">\n\t<div class=\"wpb_text_column wpb_content_element\" >\n\t\t<div class=\"wpb_wrapper\">\n\t\t\t<p>La Dobladora de Tubos Manual 3 en 1 herramienta imprescindible para doblar tubos con precisi\u00f3n. Para tuber\u00eda de cobre, aluminio, lat\u00f3n y metales blandos. Esta dobladora de tubos manual es perfecta para sistemas de ventilaci\u00f3n y aire acondicionado. Es una herramienta manual y puede curvar tubos hasta 180\u00b0 grados con precisi\u00f3n tubos con di\u00e1metros de 1\/4&#8243;, 5\/16&#8243; y 3\/8&#8243; (6, 8 y 10 mil\u00edmetros).<\/p>\n<p>Tenga en cuenta: para doblar tubos con un grosor de \u22640,8 mm. No apto para tubos de acero macizos y duros.<\/p>\n<p>Especificaciones t\u00e9cnicas:<\/p>\n<p>Tipo de art\u00edculo: Dobladora de tubos manual<\/p>\n<p>Material: acero al carbono<\/p>\n<p>Radio de curvatura: 0-180\u00b0<\/p>\n<p>Aplicaci\u00f3n: Adecuado para tuber\u00edas peque\u00f1as de 1\/4&#8243; (6mm), 5\/16&#8243; (8mm) y 3\/8&#8243; (10mm)<\/p>\n<p>Para tuber\u00edas de refrigerante de aire acondicionado, combustible de autom\u00f3viles. Adecuado para doblar tubos redondos de cobre, tubos de aluminio y tubos de cobre<\/p>\n<p>Incluye caja<\/p>\n<p>C\u00f3mo usar:<\/p>\n<p>1. Primero, levante la manija del doblador de tuber\u00edas y aseg\u00farese de que la tuber\u00eda est\u00e9 en el tama\u00f1o correcto del canal. Aseg\u00farese de que la parte superior de la tuber\u00eda est\u00e9 en contacto con el soporte. 2. Marque en la tuber\u00eda el lugar donde necesite que la curva se haga, asegur\u00e1ndose de que el \u00ab0\u00bb en el mango est\u00e9 alineado con el marcador. Baje lentamente el mango hasta que la \u00abo\u00bb est\u00e9 alineada con el \u00e1ngulo deseado. 3. Si necesita que la curva se haga hacia la izquierda de la marca, alinee la marca de la tuber\u00eda con la letra \u00abL\u00bb y repita el movimiento necesario para doblar la tuber\u00eda. Si necesita la curva hacia la derecha de la marca, coloque la marca en la tuber\u00eda en \u00abR\u00bb.<\/p>\n\n\t\t<\/div>\n\t<\/div>\n<\/div><\/div><\/div><\/div>\n<\/div>","protected":false},"excerpt":{"rendered":"<h4 class=\"a-size-large a-spacing-none\"><span class=\"a-size-medium product-title-word-break product-title-resize\">Dobladora de Tubos Manual 3 en 1 &#8211; Curvadora de 180 Grados para Tubos Huecos de Cobre, Aluminio y Lat\u00f3n. Tama\u00f1os 1\/4&#8243;, 5\/16&#8243; y 3\/8&#8243;<br \/>\n<\/span><\/h4>\n<ul class=\"a-unordered-list a-vertical a-spacing-mini\">\n<li><span class=\"a-list-item\">\u2705CARACTER\u00cdSTICAS: Dobladora de tubos manual cobre, aluminio, lat\u00f3n y otros metales blandos. Dobla tubos 3 en 1 para 3 tama\u00f1os diferentes de tubos huecos delgados con di\u00e1metros de 1\/4&#8243;, 5\/16&#8243; y 3\/8&#8243; (6, 8 y 10 mil\u00edmetros)<\/span><\/li>\n<li><span class=\"a-list-item\">\u2705USOS: Herramienta vers\u00e1til y universal de doblado de tubo aire acondicionado cobre, ampliamente utilizada para instalaciones de sistemas de AC, calefacci\u00f3n y refrigeraci\u00f3n, suministro de aceite, hidr\u00e1ulico, aire comprimido, industria, fontaner\u00eda, autom\u00f3viles, construcci\u00f3n<\/span><\/li>\n<li><span class=\"a-list-item\">\u2705FUNCIONES: Alicates de flexi\u00f3n curvadora tubos permite realizar curvaturas precisas y exactas de tubos hasta desde 0\u00b0 a 180\u00b0, gracias a su cuadro de escalas indicador de \u00e1ngulos de flexi\u00f3n, ahorrando tiempo y esfuerzo<\/span><\/li>\n<li><span class=\"a-list-item\">\u2705DISE\u00d1O: Mango ergon\u00f3mico antideslizante, f\u00e1cil de controlar y operar. El mango superior de la curvadora de tubo de cobre es m\u00e1s largo para minimizar el esfuerzo y facilitar la palanca. Con 3 agujeros de medida para comprobar el tama\u00f1o del tubo de cobre; ligero y port\u00e1til<\/span><\/li>\n<li><span class=\"a-list-item\">\u2705MATERIAL: Doblador de tubos forjado en acero al carbono Premium de alta calidad, que lo hace una herramienta fuerte, resistente al desgaste, inoxidable y con larga vida \u00fatil<\/span><\/li>\n<\/ul>\n<h4 id=\"title\" class=\"a-size-large a-spacing-none\"><span id=\"productTitle\" class=\"a-size-medium product-title-word-break product-title-resize\">\u00a0<\/span><\/h4>","protected":false},"featured_media":37864,"template":"","meta":[],"product_brand":[],"product_cat":[340,88],"product_tag":[],"class_list":{"0":"post-37863","1":"product","2":"type-product","3":"status-publish","4":"has-post-thumbnail","6":"product_cat-aire-acondicionado","7":"product_cat-climatizacion","8":"description-off","10":"first","11":"instock","12":"taxable","13":"shipping-taxable","14":"purchasable","15":"product-type-simple"},"_links":{"self":[{"href":"https:\/\/goldmanservice.com\/en\/wp-json\/wp\/v2\/product\/37863","targetHints":{"allow":["GET"]}}],"collection":[{"href":"https:\/\/goldmanservice.com\/en\/wp-json\/wp\/v2\/product"}],"about":[{"href":"https:\/\/goldmanservice.com\/en\/wp-json\/wp\/v2\/types\/product"}],"wp:featuredmedia":[{"embeddable":true,"href":"https:\/\/goldmanservice.com\/en\/wp-json\/wp\/v2\/media\/37864"}],"wp:attachment":[{"href":"https:\/\/goldmanservice.com\/en\/wp-json\/wp\/v2\/media?parent=37863"}],"wp:term":[{"taxonomy":"product_brand","embeddable":true,"href":"https:\/\/goldmanservice.com\/en\/wp-json\/wp\/v2\/product_brand?post=37863"},{"taxonomy":"product_cat","embeddable":true,"href":"https:\/\/goldmanservice.com\/en\/wp-json\/wp\/v2\/product_cat?post=37863"},{"taxonomy":"product_tag","embeddable":true,"href":"https:\/\/goldmanservice.com\/en\/wp-json\/wp\/v2\/product_tag?post=37863"}],"curies":[{"name":"wp","href":"https:\/\/api.w.org\/{rel}","templated":true}]}}