{"id":37873,"date":"2023-04-29T18:37:21","date_gmt":"2023-04-29T16:37:21","guid":{"rendered":"https:\/\/goldmanservice.com\/?post_type=product&#038;p=37873"},"modified":"2023-12-12T13:10:27","modified_gmt":"2023-12-12T12:10:27","slug":"abocardador-aire-acondicionado-expansor-de-golpe-5-diametros-6-22-mm-1-4-3-4","status":"publish","type":"product","link":"https:\/\/goldmanservice.com\/en\/climatizacion\/aire-acondicionado\/abocardador-aire-acondicionado-expansor-de-golpe-5-diametros-6-22-mm-1-4-3-4\/","title":{"rendered":"Abocardador Aire Acondicionado Expansor de Golpe. 5 Di\u00e1metros: 6-22 mm (1\/4&#8243; &#8211; 3\/4&#8243;)"},"content":{"rendered":"<p>Expansor manual de golpe para tubo aire acondicionado cobre, climatizaci\u00f3n y fontaner\u00eda.<\/p>\n<p>Herramienta 5 en 1 que facilita la abocinaci\u00f3n y abocardado de tubos de cobre y multicapa. Dise\u00f1o ergon\u00f3mico del mango hace que sea f\u00e1cil de usar y que no se fatigue durante el uso.<\/p>\n<p>Se adapta a tuber\u00edas de cobre con tama\u00f1os y m\u00e9tricas:<\/p>\n<p>\u27051\/4\u201d(6mm)<\/p>\n<p>\u27053\/8\u201d(10mm)<\/p>\n<p>\u27051\/2\u201d(12mm)<\/p>\n<p>\u2705 5\/8\u201d(16mm)<\/p>\n<p>\u2705 3\/4\u201d(19mm)<\/p>\n<p>Dise\u00f1o de con forma de punz\u00f3n y agarre antideslizamiento, permiteuna operaci\u00f3n suave y precisa. Ligera y f\u00e1cil de transportar y almacenar. Perfecta para aplicaciones en las que se requiere un trabajo de calidad y precisi\u00f3n. Indispensable para cualquier profesional que necesite trabajar con tuber\u00edas de cobre. Se utiliza para prensar y expandir las l\u00edneas de refrigeraci\u00f3n y tuber\u00edas blandas, realizar abocardados simples o dobles en tubos de cobre, lat\u00f3n y aluminio de paredes delgadas. Se utiliza para ensanchar los extremos de un tubo y que esta uni\u00f3n debe ser estanca para evitar p\u00e9rdidas.<\/p>\n<p>\u00bfC\u00f3mo utilizar?:<\/p>\n<p>1. Limpiar el extremo del tubo y eliminar todas las impurezas que pudiese tener.<\/p>\n<p>2. Conocer la medida del tubo para saber qu\u00e9 tama\u00f1o de la barra met\u00e1lica de abocardador debemos usar.<\/p>\n<p>3. Introducir el extremo del abocinador en el interior del tubo que queremos abocardar hasta llegar a su tope.<\/p>\n<p>4. Apretar bien el mango de la herramienta y girar posteriormente con movimientos circulares hasta que el tubo est\u00e9 expandido en su totalidad.<\/p>","protected":false},"excerpt":{"rendered":"<h4 class=\"a-size-large a-spacing-none\"><span class=\"a-size-medium product-title-word-break product-title-resize\">Abocardador Aire Acondicionado Expansor de Golpe de Tubos de Cobre Punz\u00f3n Manual &#8211; Herramienta de Fontaner\u00eda. 5 Di\u00e1metros: 6-22 mm (1\/4&#8243; &#8211; 3\/4&#8243;)<br \/>\n<\/span><\/h4>\n<ul class=\"a-unordered-list a-vertical a-spacing-mini\">\n<li><span class=\"a-list-item\">\u2705USOS: Expandidor de punz\u00f3n de tubos para trabajos t\u00e9cnicos de instaladores, fontaneros, talleres mec\u00e1nicos, industrias metal\u00fargicas, plomeros. En electrodom\u00e9sticos como aire acondicionado, calefacci\u00f3n, gas y refrigeraci\u00f3n.<\/span><\/li>\n<li><span class=\"a-list-item\">\u2705TAMA\u00d1O: El Abocardador de golpeo tiene 5 tama\u00f1os en 1 en una sola herramienta de troquelado. M\u00e9trica para tubos desde: 1\/4\u201d(6mm) 3\/8\u201d(10mm) 1\/2\u201d(12mm) 5\/8\u201d(16mm) 3\/4\u201d(19mm).<\/span><\/li>\n<li><span class=\"a-list-item\">\u2705MATERIAL: Acero cromado Gran calidad y Resistencia. Con materiales testados para que su uso perdure en el tiempo y facilite las instalaciones de equipos de refrigeraci\u00f3n y fontaner\u00eda.<\/span><\/li>\n<li><span class=\"a-list-item\">\u2705DISE\u00d1O: Expandidor ensanchador de tubos con Mango Ergon\u00f3mico para un uso c\u00f3modo y superficie antideslizante. La herramienta tambi\u00e9n es ligera, lo que la hace f\u00e1cil de transportar y almacenar.<\/span><\/li>\n<li><span class=\"a-list-item\">\u2705F\u00c1CIL DE USAR: Herramientas aire acondicionado con forma de punz\u00f3n que garantizar una operaci\u00f3n suave y precisa, insertando el punz\u00f3n en la boca de la tuber\u00eda de cobre hasta su deformaci\u00f3n.<\/span><\/li>\n<\/ul>\n<h4 id=\"title\" class=\"a-size-large a-spacing-none\"><span id=\"productTitle\" class=\"a-size-medium product-title-word-break product-title-resize\">\u00a0<\/span><\/h4>","protected":false},"featured_media":37874,"template":"","meta":[],"product_brand":[],"product_cat":[340,88],"product_tag":[],"class_list":{"0":"post-37873","1":"product","2":"type-product","3":"status-publish","4":"has-post-thumbnail","6":"product_cat-aire-acondicionado","7":"product_cat-climatizacion","8":"description-off","10":"first","11":"instock","12":"taxable","13":"shipping-taxable","14":"purchasable","15":"product-type-simple"},"_links":{"self":[{"href":"https:\/\/goldmanservice.com\/en\/wp-json\/wp\/v2\/product\/37873","targetHints":{"allow":["GET"]}}],"collection":[{"href":"https:\/\/goldmanservice.com\/en\/wp-json\/wp\/v2\/product"}],"about":[{"href":"https:\/\/goldmanservice.com\/en\/wp-json\/wp\/v2\/types\/product"}],"wp:featuredmedia":[{"embeddable":true,"href":"https:\/\/goldmanservice.com\/en\/wp-json\/wp\/v2\/media\/37874"}],"wp:attachment":[{"href":"https:\/\/goldmanservice.com\/en\/wp-json\/wp\/v2\/media?parent=37873"}],"wp:term":[{"taxonomy":"product_brand","embeddable":true,"href":"https:\/\/goldmanservice.com\/en\/wp-json\/wp\/v2\/product_brand?post=37873"},{"taxonomy":"product_cat","embeddable":true,"href":"https:\/\/goldmanservice.com\/en\/wp-json\/wp\/v2\/product_cat?post=37873"},{"taxonomy":"product_tag","embeddable":true,"href":"https:\/\/goldmanservice.com\/en\/wp-json\/wp\/v2\/product_tag?post=37873"}],"curies":[{"name":"wp","href":"https:\/\/api.w.org\/{rel}","templated":true}]}}