{"id":37879,"date":"2023-04-29T18:41:24","date_gmt":"2023-04-29T16:41:24","guid":{"rendered":"https:\/\/goldmanservice.com\/?post_type=product&#038;p=37879"},"modified":"2024-04-15T15:58:54","modified_gmt":"2024-04-15T13:58:54","slug":"abocardador-aire-acondicionado-7-diametros-6-22-mm-1-4-7-8","status":"publish","type":"product","link":"https:\/\/goldmanservice.com\/en\/climatizacion\/aire-acondicionado\/abocardador-aire-acondicionado-7-diametros-6-22-mm-1-4-7-8\/","title":{"rendered":"Abocardador Aire Acondicionado. 7 Di\u00e1metros: 6-22 mm (1\/4&#8243; &#8211; 7\/8&#8243;)"},"content":{"rendered":"<div class=\"wpb-content-wrapper\"><div class=\"vc_row wpb_row vc_row-fluid\"><div class=\"wpb_column vc_column_container vc_col-sm-6\"><div class=\"vc_column-inner\"><div class=\"wpb_wrapper\"><div id=\"ultimate-video-370069dff996413f0\" class=\"ult-video  ult-adjust-bottom-margin ultimate-video-370069dff996413f0 ultv-5269\"><div class=\"ultv-video ultv-aspect-ratio-16_9 ultv-subscribe-responsive-none\" data-videotype=\"uv_iframe\">\n\t\t\t\t\t\t<div class=\"ultv-video__outer-wrap\" data-autoplay=\"0\" data-device=\"false\"  data-iconbg=\"#3A3A3A\" data-overcolor=\"\" data-defaultbg=\"#dd3333\" data-defaultplay=\"defaulticon\"><div class=\"ultv-video__play\" data-src=\"https:\/\/www.youtube.com\/embed\/vR2JuAxVcjg?rel=0&#038;start&#038;end&#038;controls=1&#038;mute=0&#038;modestbranding=0&#038;autoplay=1\">\n\t\t\t\t\t\t\t\t<img decoding=\"async\" class=\"ultv-video__thumb\" src=\"https:\/\/goldmanservice.com\/wp-content\/uploads\/2023\/04\/vR2JuAxVcjg_320x180.jpg\"\/>\n\t\t\t\t\t\t\t\t<div class=\"ultv-video__play-icon  ultv-animation-none\" style=\"width:75px\"><svg height=\"100%\" version=\"1.1\" viewbox=\"0 0 68 48\" width=\"100%\"><path class=\"ultv-youtube-icon-bg\" d=\"m .66,37.62 c 0,0 .66,4.70 2.70,6.77 2.58,2.71 5.98,2.63 7.49,2.91 5.43,.52 23.10,.68 23.12,.68 .00,-1.3e-5 14.29,-0.02 23.81,-0.71 1.32,-0.15 4.22,-0.17 6.81,-2.89 2.03,-2.07 2.70,-6.77 2.70,-6.77 0,0 .67,-5.52 .67,-11.04 l 0,-5.17 c 0,-5.52 -0.67,-11.04 -0.67,-11.04 0,0 -0.66,-4.70 -2.70,-6.77 C 62.03,.86 59.13,.84 57.80,.69 48.28,0 34.00,0 34.00,0 33.97,0 19.69,0 10.18,.69 8.85,.84 5.95,.86 3.36,3.58 1.32,5.65 .66,10.35 .66,10.35 c 0,0 -0.55,4.50 -0.66,9.45 l 0,8.36 c .10,4.94 .66,9.45 .66,9.45 z\" fill=\"#1f1f1e\" ><\/path><path d=\"m 26.96,13.67 18.37,9.62 -18.37,9.55 -0.00,-19.17 z\" fill=\"#fff\"><\/path><path d=\"M 45.02,23.46 45.32,23.28 26.96,13.67 43.32,22.34 45.02,23.46 z\" fill=\"#ccc\"><\/path><\/svg><\/div> <\/div> <\/div><\/div><\/div><\/div><\/div><\/div><div class=\"wpb_column vc_column_container vc_col-sm-6\"><div class=\"vc_column-inner\"><div class=\"wpb_wrapper\">\n\t<div class=\"wpb_text_column wpb_content_element\" >\n\t\t<div class=\"wpb_wrapper\">\n\t\t\t<p>Expansor manual tubo aire acondicionado cobre, climatizaci\u00f3n y fontaner\u00eda.<\/p>\n<p>Herramienta 7 en 1 que facilita la abocinaci\u00f3n y abocardado de tubos de cobre y multicapa.<\/p>\n<p>Dise\u00f1o ergon\u00f3mico del mango hace que sea f\u00e1cil de usar y que no se fatigue durante el uso.<\/p>\n<p>Se adapta a tuber\u00edas de cobre con tama\u00f1os y m\u00e9tricas:<\/p>\n<p>\u27051\/4\u201d(6mm)<\/p>\n<p>\u27055\/16\u201d(8mm)<\/p>\n<p>\u27053\/8\u201d(10mm)<\/p>\n<p>\u27051\/2\u201d(12mm)<\/p>\n<p>\u27055\/8\u201d(16mm)<\/p>\n<p>\u27053\/4\u201d(19mm)<\/p>\n<p>\u27057\/8\u201d(22mm)<\/p>\n<p>Dise\u00f1o de bisagra con muelle que evita el balanceo, permitiendo una operaci\u00f3n suave y precisa. Ligera y f\u00e1cil de transportar y almacenar. Perfecta para aplicaciones en las que se requiere un trabajo de calidad y precisi\u00f3n. Indispensable para cualquier profesional que necesite trabajar con tuber\u00edas de cobre. Se utiliza para prensar y expandir las l\u00edneas de refrigeraci\u00f3n y tuber\u00edas blandas, realizar abocardados simples o dobles en tubos de cobre, lat\u00f3n y aluminio de paredes delgadas. Se utiliza para ensanchar los extremos de un tubo y que esta uni\u00f3n debe ser estanca para evitar p\u00e9rdidas.<\/p>\n<p>\u00bfC\u00f3mo utilizar?:<\/p>\n<p>Limpiar el extremo del tubo y eliminar todas las impurezas que pudiese tener.<\/p>\n<p>2.Conocer la medida del tubo para saber qu\u00e9 tama\u00f1o de la barra met\u00e1lica de abocardador debemos usar.<\/p>\n<p>3.Introducir el extremo del abocinador en el interior del tubo que queremos abocardar hasta llegar a su tope.<\/p>\n<p>4.Apretar bien el mango de la herramienta y girar posteriormente con movimientos circulares hasta que el tubo est\u00e9 expandido en su totalidad.<\/p>\n\n\t\t<\/div>\n\t<\/div>\n<\/div><\/div><\/div><\/div>\n<\/div>","protected":false},"excerpt":{"rendered":"<h4 class=\"a-size-large a-spacing-none\"><span class=\"a-size-medium product-title-word-break product-title-resize\">Abocardador Aire Acondicionado Expansor Manual de Tubos de cobre &#8211; Herramienta de Fontaner\u00eda. 7 Di\u00e1metros: 6-22 mm (1\/4&#8243; &#8211; 7\/8&#8243;)<br \/>\n<\/span><\/h4>\n<ul class=\"a-unordered-list a-vertical a-spacing-mini\">\n<li><span class=\"a-list-item\">\u2705USOS: Expandidor de tubos para trabajos t\u00e9cnicos de instaladores, fontaneros, talleres mec\u00e1nicos, industrias metal\u00fargicas, plomeros. En electrodom\u00e9sticos como aire acondicionado, calefacci\u00f3n, gas y refrigeraci\u00f3n.<\/span><\/li>\n<li><span class=\"a-list-item\">\u2705TAMA\u00d1O: El Abocardador Exc\u00e9ntrico tiene 7 tama\u00f1os en 1 en una sola herramienta de troquelado. M\u00e9trica para tubos desde: 1\/4\u201d(6mm) 5\/16\u201d(8mm) 3\/8\u201d(10mm) 1\/2\u201d(12mm) 5\/8\u201d(16mm) 3\/4\u201d(19mm) 7\/8\u201d(22mm).<\/span><\/li>\n<li><span class=\"a-list-item\">\u2705MATERIAL: Acero cromado Gran calidad y Resistencia. Con materiales testados para que su uso perdure en el tiempo y facilite las instalaciones de equipos de refrigeraci\u00f3n y fontaner\u00eda.<\/span><\/li>\n<li><span class=\"a-list-item\">\u2705DISE\u00d1O: Expandidor ensanchador de tubos con Mango Ergon\u00f3mico para un uso c\u00f3modo y sin fatiga con clip de cierre. La herramienta tambi\u00e9n es ligera, lo que la hace f\u00e1cil de transportar y almacenar.<\/span><\/li>\n<li><span class=\"a-list-item\">\u2705F\u00c1CIL DE USAR: Herramientas aire acondicionado con Dise\u00f1o de bisagra con muelle para evitar el balanceo y garantizar una operaci\u00f3n suave y precisa.<\/span><\/li>\n<\/ul>\n<p>&nbsp;<\/p>","protected":false},"featured_media":37880,"template":"","meta":[],"product_brand":[],"product_cat":[340,88],"product_tag":[],"class_list":{"0":"post-37879","1":"product","2":"type-product","3":"status-publish","4":"has-post-thumbnail","6":"product_cat-aire-acondicionado","7":"product_cat-climatizacion","8":"description-off","10":"first","11":"instock","12":"taxable","13":"shipping-taxable","14":"purchasable","15":"product-type-simple"},"_links":{"self":[{"href":"https:\/\/goldmanservice.com\/en\/wp-json\/wp\/v2\/product\/37879","targetHints":{"allow":["GET"]}}],"collection":[{"href":"https:\/\/goldmanservice.com\/en\/wp-json\/wp\/v2\/product"}],"about":[{"href":"https:\/\/goldmanservice.com\/en\/wp-json\/wp\/v2\/types\/product"}],"wp:featuredmedia":[{"embeddable":true,"href":"https:\/\/goldmanservice.com\/en\/wp-json\/wp\/v2\/media\/37880"}],"wp:attachment":[{"href":"https:\/\/goldmanservice.com\/en\/wp-json\/wp\/v2\/media?parent=37879"}],"wp:term":[{"taxonomy":"product_brand","embeddable":true,"href":"https:\/\/goldmanservice.com\/en\/wp-json\/wp\/v2\/product_brand?post=37879"},{"taxonomy":"product_cat","embeddable":true,"href":"https:\/\/goldmanservice.com\/en\/wp-json\/wp\/v2\/product_cat?post=37879"},{"taxonomy":"product_tag","embeddable":true,"href":"https:\/\/goldmanservice.com\/en\/wp-json\/wp\/v2\/product_tag?post=37879"}],"curies":[{"name":"wp","href":"https:\/\/api.w.org\/{rel}","templated":true}]}}