{"id":37886,"date":"2023-04-29T18:45:11","date_gmt":"2023-04-29T16:45:11","guid":{"rendered":"https:\/\/goldmanservice.com\/?post_type=product&#038;p=37886"},"modified":"2024-04-15T16:00:42","modified_gmt":"2024-04-15T14:00:42","slug":"mando-universal-aire-acondicionado-compatible-con-6-000-modelos","status":"publish","type":"product","link":"https:\/\/goldmanservice.com\/en\/climatizacion\/aire-acondicionado\/mando-universal-aire-acondicionado-compatible-con-6-000-modelos\/","title":{"rendered":"Mando Universal Aire Acondicionado Compatible con 6.000 Modelos"},"content":{"rendered":"<div class=\"wpb-content-wrapper\"><div class=\"vc_row wpb_row vc_row-fluid\"><div class=\"wpb_column vc_column_container vc_col-sm-6\"><div class=\"vc_column-inner\"><div class=\"wpb_wrapper\"><div id=\"ultimate-video-211469e02227a4e8b\" class=\"ult-video  ult-adjust-bottom-margin ultimate-video-211469e02227a4e8b ultv-2017\"><div class=\"ultv-video ultv-aspect-ratio-16_9 ultv-subscribe-responsive-none\" data-videotype=\"uv_iframe\">\n\t\t\t\t\t\t<div class=\"ultv-video__outer-wrap\" data-autoplay=\"0\" data-device=\"false\"  data-iconbg=\"#3A3A3A\" data-overcolor=\"\" data-defaultbg=\"#dd3333\" data-defaultplay=\"defaulticon\"><div class=\"ultv-video__play\" data-src=\"https:\/\/www.youtube.com\/embed\/NfopKpTCYvk?rel=0&#038;start&#038;end&#038;controls=1&#038;mute=0&#038;modestbranding=0&#038;autoplay=1\">\n\t\t\t\t\t\t\t\t<img decoding=\"async\" class=\"ultv-video__thumb\" src=\"https:\/\/goldmanservice.com\/wp-content\/uploads\/2023\/04\/NfopKpTCYvk_320x180.jpg\"\/>\n\t\t\t\t\t\t\t\t<div class=\"ultv-video__play-icon  ultv-animation-none\" style=\"width:75px\"><svg height=\"100%\" version=\"1.1\" viewbox=\"0 0 68 48\" width=\"100%\"><path class=\"ultv-youtube-icon-bg\" d=\"m .66,37.62 c 0,0 .66,4.70 2.70,6.77 2.58,2.71 5.98,2.63 7.49,2.91 5.43,.52 23.10,.68 23.12,.68 .00,-1.3e-5 14.29,-0.02 23.81,-0.71 1.32,-0.15 4.22,-0.17 6.81,-2.89 2.03,-2.07 2.70,-6.77 2.70,-6.77 0,0 .67,-5.52 .67,-11.04 l 0,-5.17 c 0,-5.52 -0.67,-11.04 -0.67,-11.04 0,0 -0.66,-4.70 -2.70,-6.77 C 62.03,.86 59.13,.84 57.80,.69 48.28,0 34.00,0 34.00,0 33.97,0 19.69,0 10.18,.69 8.85,.84 5.95,.86 3.36,3.58 1.32,5.65 .66,10.35 .66,10.35 c 0,0 -0.55,4.50 -0.66,9.45 l 0,8.36 c .10,4.94 .66,9.45 .66,9.45 z\" fill=\"#1f1f1e\" ><\/path><path d=\"m 26.96,13.67 18.37,9.62 -18.37,9.55 -0.00,-19.17 z\" fill=\"#fff\"><\/path><path d=\"M 45.02,23.46 45.32,23.28 26.96,13.67 43.32,22.34 45.02,23.46 z\" fill=\"#ccc\"><\/path><\/svg><\/div> <\/div> <\/div><\/div><\/div><\/div><\/div><\/div><div class=\"wpb_column vc_column_container vc_col-sm-6\"><div class=\"vc_column-inner\"><div class=\"wpb_wrapper\">\n\t<div class=\"wpb_text_column wpb_content_element\" >\n\t\t<div class=\"wpb_wrapper\">\n\t\t\t<p>MANDO UNIVERSAL PARA AIRE ACONDICIONADO<br \/>\n\u00bfTe has cansado de tener que lidiar con m\u00faltiples controles remotos para tu aire acondicionado?<br \/>\n\u00bfAlguna vez has perdido el control remoto original y has tenido que lidiar con un calor insoportable durante horas? \u00a1No busques m\u00e1s!<br \/>\nEstemando universal para aire acondicionado es la soluci\u00f3n perfecta para todos tus problemas. Este mando a distancia es compatible con m\u00e1s de 6.000 modelos de diferentes marcas de aires acondicionados y bomba de calor calefacci\u00f3n. Funciona con el 98% de las marcas disponibles en el mercado, tiene m\u00e1s compatibilidad que cualquier otro mando a la venta en el mercado. Olv\u00eddate de tener que buscar el control original para cada modelo, este mando universal tiene todo lo que necesitas. Adem\u00e1s, este mando a distancia es f\u00e1cil de programar y utilizar, no necesita configuraciones complicadas, simplemente inserta las pilas tipo AAA (no incluidas), siga las instrucciones y en un minuto estar\u00e1 listo para funcionar.<br \/>\nHay dos forma de configuraci\u00f3n:<br \/>\n-. Selecci\u00f3n de c\u00f3digo manual.<br \/>\n-. Configuraci\u00f3n Autom\u00e1tica. Este control remoto para aire acondicionado tiene todas las funciones necesarias para controlar la temperatura, el modo, la velocidad del ventilador, el temporizador y la direcci\u00f3n del flujo de aire.<br \/>\nLa pantalla LCD de f\u00e1cil lectura muestra la configuraci\u00f3n actual y los botones grandes hacen que sea f\u00e1cil cambiar la configuraci\u00f3n en un instante.<br \/>\nAs\u00ed que no pierdas m\u00e1s tiempo buscando el control remoto original y consigue este mando universal para aire acondicionado y disfrutar de un control f\u00e1cil y c\u00f3modo de tu aire acondicionado. Haz tu compra ahora mismo!<\/p>\n\n\t\t<\/div>\n\t<\/div>\n<\/div><\/div><\/div><\/div>\n<\/div>","protected":false},"excerpt":{"rendered":"<h4 class=\"a-size-large a-spacing-none\"><span class=\"a-size-medium product-title-word-break product-title-resize\">Mando Universal Aire Acondicionado Compatible con 6.000 Modelos | Mando Aire Acondicionado Universal para Aire Acondicionado Fr\u00edo Calor | Mando Aire Acondicionado General<br \/>\n<\/span><\/h4>\n<ul class=\"a-unordered-list a-vertical a-spacing-mini\">\n<li><span class=\"a-list-item\">\u2705\ud835\uddd6\ud835\udde2\ud835\udde0\ud835\udde3\ud835\uddd4\ud835\udde7\ud835\udddc\ud835\uddd5\ud835\udddc\ud835\udddf\ud835\udddc\ud835\uddd7\ud835\uddd4\ud835\uddd7: Este mando universal para aire acondicionado es compatible con m\u00e1s de 6.000 modelos de diferentes marcas. Puede controlar la gran mayor\u00eda aire acondicionado que utilice un control remoto con infrarrojos, compatible con climatizadores inverter para split bomba de calor y fr\u00edo de las principales marcas comerciales<\/span><\/li>\n<li><span class=\"a-list-item\">\u2705\ud835\uddd9\u00c1\ud835\uddd6\ud835\udddc\ud835\udddf \ud835\uddd7\ud835\uddd8 \ud835\udde8\ud835\udde6\ud835\uddd4\ud835\udde5: Este control remoto para aire acondicionado es f\u00e1cil de programar y utilizar. No necesita configuraciones complicadas, simplemente inserte las pilas (AAA no incluidas), siga las instrucciones y en un minuto estar\u00e1 listo para funcionar<\/span><\/li>\n<li><span class=\"a-list-item\">\u2705\ud835\uddd7\ud835\udddc\ud835\udde6\ud835\uddd8\u00d1\ud835\udde2 \ud835\uddd8\ud835\udde5\ud835\uddda\ud835\udde2\ud835\udde1\u00d3\ud835\udde0\ud835\udddc\ud835\uddd6\ud835\udde2: Este mando a distancia tiene un dise\u00f1o ergon\u00f3mico, que lo hace f\u00e1cil y c\u00f3modo de usar. Adem\u00e1s, su tama\u00f1o lo hace ideal para localizarlo r\u00e1pidamente. Incluye pantalla LCD<\/span><\/li>\n<li><span class=\"a-list-item\">\u2705\ud835\uddd9\ud835\udde8\ud835\udde1\ud835\uddd6\ud835\udddc\ud835\udde2\ud835\udde1\ud835\uddd8\ud835\udde6: Este control remoto para aire acondicionado tiene todas las funciones necesarias para controlar la temperatura, el modo, la velocidad del ventilador, el temporizador y la direcci\u00f3n del flujo de aire<\/span><\/li>\n<li><span class=\"a-list-item\">\u2705\ud835\udddc\ud835\udde1\ud835\udde6\ud835\udde7\ud835\udde5\ud835\udde8\ud835\uddd6\ud835\uddd6\ud835\udddc\ud835\udde2\ud835\udde1\ud835\uddd8\ud835\udde6 \ud835\uddec \ud835\uddd4\ud835\udddf\ud835\uddd6\ud835\uddd4\ud835\udde1\ud835\uddd6\ud835\uddd8: Incluye instrucciones en espa\u00f1ol, ingl\u00e9s, franc\u00e9s, alem\u00e1n e italiano. Tiene un alcance de hasta 8 metros, lo que le permite controlar su aire c\u00f3modamente desde cualquier punta de la habitaci\u00f3n<\/span><\/li>\n<\/ul>\n<h4 id=\"title\" class=\"a-size-large a-spacing-none\"><span id=\"productTitle\" class=\"a-size-medium product-title-word-break product-title-resize\">\u00a0<\/span><\/h4>","protected":false},"featured_media":37887,"template":"","meta":[],"product_brand":[],"product_cat":[340,88],"product_tag":[],"class_list":{"0":"post-37886","1":"product","2":"type-product","3":"status-publish","4":"has-post-thumbnail","6":"product_cat-aire-acondicionado","7":"product_cat-climatizacion","8":"description-off","10":"first","11":"instock","12":"taxable","13":"shipping-taxable","14":"purchasable","15":"product-type-simple"},"_links":{"self":[{"href":"https:\/\/goldmanservice.com\/en\/wp-json\/wp\/v2\/product\/37886","targetHints":{"allow":["GET"]}}],"collection":[{"href":"https:\/\/goldmanservice.com\/en\/wp-json\/wp\/v2\/product"}],"about":[{"href":"https:\/\/goldmanservice.com\/en\/wp-json\/wp\/v2\/types\/product"}],"wp:featuredmedia":[{"embeddable":true,"href":"https:\/\/goldmanservice.com\/en\/wp-json\/wp\/v2\/media\/37887"}],"wp:attachment":[{"href":"https:\/\/goldmanservice.com\/en\/wp-json\/wp\/v2\/media?parent=37886"}],"wp:term":[{"taxonomy":"product_brand","embeddable":true,"href":"https:\/\/goldmanservice.com\/en\/wp-json\/wp\/v2\/product_brand?post=37886"},{"taxonomy":"product_cat","embeddable":true,"href":"https:\/\/goldmanservice.com\/en\/wp-json\/wp\/v2\/product_cat?post=37886"},{"taxonomy":"product_tag","embeddable":true,"href":"https:\/\/goldmanservice.com\/en\/wp-json\/wp\/v2\/product_tag?post=37886"}],"curies":[{"name":"wp","href":"https:\/\/api.w.org\/{rel}","templated":true}]}}