{"id":37932,"date":"2023-08-16T19:16:50","date_gmt":"2023-08-16T17:16:50","guid":{"rendered":"https:\/\/goldmanservice.com\/?post_type=product&#038;p=37932"},"modified":"2023-12-12T13:30:03","modified_gmt":"2023-12-12T12:30:03","slug":"motor-fan-ventilador-de-botellero-5-vatios-1300-rpm-5w","status":"publish","type":"product","link":"https:\/\/goldmanservice.com\/en\/climatizacion\/ventilacion\/motor-fan-ventilador-de-botellero-5-vatios-1300-rpm-5w\/","title":{"rendered":"Motor Fan Ventilador de Botellero &#8211; 5 Vatios \/ 1300 rpm (5W)"},"content":{"rendered":"<h2 class=\"default\">Descripci\u00f3n del producto<\/h2>\n<div id=\"productDescription\" class=\"a-section a-spacing-small\">\n<p>\u00a1Presentamos el Motor para Botellero y C\u00e1maras Frigor\u00edficas de 5W (Watts), la soluci\u00f3n perfecta para mantener tus equipos refrigerados de forma eficiente! Este producto es la elecci\u00f3n ideal para aquellos que buscan un rendimiento excepcional y una larga vida \u00fatil.<\/p>\n<p>El paquete incluye el motor de condensaci\u00f3n con arandelas y tornillos de fijaci\u00f3n, instalaci\u00f3n r\u00e1pida y sencilla.<\/p>\n<p>NO INCLUYEN: las aspas ni el soporte, no te preocupes, pues las aplicaciones est\u00e1ndar de este motor te permiten montarlo sobre unas patas o una parrilla, f\u00e1cilmente disponibles en cualquier tienda especializada.<\/p>\n<p>Con una alimentaci\u00f3n de 220-240V AC, este potente motor opera con una potencia de 5W y muy silencioso, permiti\u00e9ndote disfrutar de un flujo de aire \u00f3ptimo para mantener tus aparatos a la temperatura perfecta. Con sus impresionantes 1300 rpm y una capacidad de ventilaci\u00f3n de 455 m\u00b3\/h, este motor asegura un enfriamiento r\u00e1pido y uniforme.<\/p>\n<p>Lo mejor de todo es que este motor cuenta con un dise\u00f1o de rodamiento de bolas, lo que garantiza una vida \u00fatil impresionante de hasta 60,000 horas. Olv\u00eddate de preocuparte por sustituciones frecuentes, \u00a1este motor est\u00e1 construido para durar!<\/p>\n<p>Su carcasa de aluminio protege el motor contra los rigores del uso diario. Con un peso de 800 gramos y unas medidas de 83x83x96 mm con anclaje multifunci\u00f3n, este motor es compacto y f\u00e1cil de instalar en cualquier espacio.<\/p>\n<p>Adem\u00e1s, el cable de 50 cm proporciona la flexibilidad necesaria para ubicar el motor en el lugar \u00f3ptimo sin complicaciones.<\/p>\n<p>En resumen, el Motor para Botellero y C\u00e1maras Frigor\u00edficas de 5 Vatios de Potencia es la elecci\u00f3n perfecta para aquellos que buscan un rendimiento excepcional, durabilidad y facilidad de instalaci\u00f3n. \u00a1No esperes m\u00e1s y adquiere este incre\u00edble motor ahora para mantener tus productos refrigerados en \u00f3ptimas condiciones y deleitar a tus clientes con productos frescos y deliciosos!<\/p>\n<\/div>","protected":false},"excerpt":{"rendered":"<p id=\"title\" class=\"a-size-large a-spacing-none\"><span id=\"productTitle\" class=\"a-size-large product-title-word-break\">Motor Fan Ventilador de Botellero &#8211; 5 Vatios \/ 1300 rpm &#8211; Para Refrigerador Congelador Vertical -Compatible con Grandes Marcas (5W)<\/span><\/p>\n<p><span class=\"a-list-item\">\u2705CARACTER\u00cdSTICAS: Motor ventilador frigor\u00edfico 5W, 220-240V AC, 1300 rpm, 455 m\u00b3\/h, medidas 83X83X96mm con anclaje multifunci\u00f3n. Cable 50 cm. No incluye patas de sujeci\u00f3n, ni aspas del ventilador, Incluye tornillos para fijaci\u00f3n<\/span><\/p>\n<p><span class=\"a-list-item\">\u2705USOS PRINCIPALES: Ventilaci\u00f3n, extracci\u00f3n y evaporador de armarios botelleros y c\u00e1maras de refrigeraci\u00f3n frigor\u00edficas industriales, aire acondicionado, congelaci\u00f3n, neveras vitrinas expositoras, heladeras, repuesto de aplicaciones est\u00e1ndar industriales de refrigeraci\u00f3n<\/span><\/p>\n<p><span class=\"a-list-item\">\u2705COMPATIBLE: Motor Ventilador axial universal para aplicaciones est\u00e1ndar compatible con principales marcas de aparatos de refrigeraci\u00f3n y c\u00e1mara frigor\u00edfica industrial, con sistema multianclaje, y varias posibilidades de fijaci\u00f3n, ya sea en soporte o pata o sobre rejilla<\/span><\/p>\n<p><span class=\"a-list-item\">\u2705 ALTA CALIDAD: Duradero de larga vida, alta velocidad, bajo consumo el\u00e9ctrico y silencioso. El ventilador turbina por su funci\u00f3n de extracci\u00f3n y su funcionamiento proporciona al equipo una mayor vida \u00fatil, y un mayor rendimiento con el consiguiente ahorro energ\u00e9tico. Certificaci\u00f3n CE<\/span><\/p>\n<p>\u2705 F\u00c1CIL INSTALACI\u00d3N: Su instalaci\u00f3n y sustituci\u00f3n es f\u00e1cil, no requiere un especialista. Gracias a los diferentes tipos de anclajes permite su instalaci\u00f3n de una manera muy orientativa<\/p>","protected":false},"featured_media":37933,"template":"","meta":[],"product_brand":[],"product_cat":[88,336],"product_tag":[],"class_list":{"0":"post-37932","1":"product","2":"type-product","3":"status-publish","4":"has-post-thumbnail","6":"product_cat-climatizacion","7":"product_cat-ventilacion","8":"description-off","10":"first","11":"instock","12":"taxable","13":"shipping-taxable","14":"purchasable","15":"product-type-simple"},"_links":{"self":[{"href":"https:\/\/goldmanservice.com\/en\/wp-json\/wp\/v2\/product\/37932","targetHints":{"allow":["GET"]}}],"collection":[{"href":"https:\/\/goldmanservice.com\/en\/wp-json\/wp\/v2\/product"}],"about":[{"href":"https:\/\/goldmanservice.com\/en\/wp-json\/wp\/v2\/types\/product"}],"wp:featuredmedia":[{"embeddable":true,"href":"https:\/\/goldmanservice.com\/en\/wp-json\/wp\/v2\/media\/37933"}],"wp:attachment":[{"href":"https:\/\/goldmanservice.com\/en\/wp-json\/wp\/v2\/media?parent=37932"}],"wp:term":[{"taxonomy":"product_brand","embeddable":true,"href":"https:\/\/goldmanservice.com\/en\/wp-json\/wp\/v2\/product_brand?post=37932"},{"taxonomy":"product_cat","embeddable":true,"href":"https:\/\/goldmanservice.com\/en\/wp-json\/wp\/v2\/product_cat?post=37932"},{"taxonomy":"product_tag","embeddable":true,"href":"https:\/\/goldmanservice.com\/en\/wp-json\/wp\/v2\/product_tag?post=37932"}],"curies":[{"name":"wp","href":"https:\/\/api.w.org\/{rel}","templated":true}]}}