{"id":38104,"date":"2024-01-16T10:11:26","date_gmt":"2024-01-16T09:11:26","guid":{"rendered":"https:\/\/goldmanservice.com\/?post_type=product&#038;p=38104"},"modified":"2024-01-16T10:28:54","modified_gmt":"2024-01-16T09:28:54","slug":"resistencia-termo-electrico-monoblock","status":"publish","type":"product","link":"https:\/\/goldmanservice.com\/en\/recambios\/resistencia-termo-electrico-monoblock\/","title":{"rendered":"Kit Resistencia Termo El\u00e9ctrico &#8211; Termostato &#8211; Anodo Magnesio &#8211; Junta"},"content":{"rendered":"<p>ATENCI\u00d3N: Nunca opere la resistencia en seco. \u00a1Los elementos calefactores deben cubrirse completamente con agua antes de ponerlos en funcionamiento!<br \/>\n\u00bfC\u00f3mo se si es la resistencia adecuada para mi equipo?<br \/>\nSi consigue verificar dichos puntos le garantizamos que es su resistencia, siga los siguientes pasos:<br \/>\n\u2705 Primero: vaciar el deposito de agua y tomar todas las precauciones desconectando el suministro el\u00e9ctrico, para poder desmontar la resistencia, y poder comprobar si la resistencia que necesita es la nuestra o no. \u2705 Segundo: Una vez retiramos la tapa inferior del calentador el\u00e9ctrico, veremos el termostato regulable que va encajado directamente a la resistencia.<br \/>\n\u2705 Tercero: Se ver\u00e1n los terminales, que en el caso de nuestra resistencia han de estar separados por 29 mm.<br \/>\nConclusiones:<br \/>\n\u2022 Si tras estas confirmaciones, esto es as\u00ed, podemos llegar a la conclusi\u00f3n de que nuestra resistencia es compatible y v\u00e1lida para nuestro equipo.<br \/>\n\u2022 Para estar totalmente seguros, y si todav\u00eda tiene dudas, desmontar totalmente la vieja y compararla con la de la imagen principal de nuestra resistencia, compruebe sobre todo que es roscada de m\u00e9trica de 1 \u00bc Pulgadas. Nuestra resistencia mejora la eficiencia energ\u00e9tica de cualquier instalaci\u00f3n de agua caliente. V\u00e1lida para instalaciones nuevas, reparaci\u00f3n de aver\u00edas o apoyo en circuitos de agua caliente de cualquier tipo: energ\u00eda solar, saunas, dep\u00f3sitos acumuladores para gimnasios, ganader\u00eda, construcci\u00f3n, hospitales, hoteles, restauraci\u00f3n, gastronom\u00eda, industrias, ba\u00f1o Mar\u00eda, camping, caravanas, \u00a1y mucho m\u00e1s!<br \/>\nDatos T\u00e9cnicos:<br \/>\nResistencia roscable. Dos potencias disponible 1500W y 2000W, (230V) m\u00e9trica: 1\u00bc Pulgadas. Conexi\u00f3n terminales faston<br \/>\nTermostato bipolar varilla de v\u00e1stago regulador temperatura con doble seguridad y rearme manual: Largo 270mm<br \/>\nAnodo de magnesio: Largo 250mm<br \/>\nJunta: m\u00e9trica: 1\u00bc Pulgadas<br \/>\nPeso Kit completo: 375gr<\/p>","protected":false},"excerpt":{"rendered":"<p>Kit Resistencia Termo El\u00e9ctrico Monoblock Roscada de 1\u00bc Pulgadas &#8211; Termostato &#8211; Anodo Magnesio &#8211; Junta. Recambio para Calentador de agua, Acumulador Solar, Caldera Dos potencias disponible 1500W y 2000W.<\/p>\n<ul class=\"a-unordered-list a-vertical a-spacing-mini\">\n<li class=\"a-spacing-mini\"><span class=\"a-list-item\">\u2705INCLUYE: 1x Resistencia Monoblock de Rosca 1 \u00bc Pulgadas. Dos potencias disponible 1500W y 2000W, 1x Termostato varilla regulador de temperatura L270mm, 1x \u00c1nodo de magnesio L250mm , 1x junta aislante de 1 \u00bc Pulgadas<\/span><\/li>\n<li class=\"a-spacing-mini\"><span class=\"a-list-item\">\u2705USOS: Termos el\u00e9ctricos, calentador agua , dep\u00f3sitos de energ\u00eda solar, calderas, acumuladores, bidones y tanques, ya sean abiertos o estancos cerrados, con presi\u00f3n o sin ella, con circulaci\u00f3n o sin ella. Mejorar la eficiencia y ahorro energ\u00e9tico<\/span><\/li>\n<li class=\"a-spacing-mini\"><span class=\"a-list-item\">\u2705APLICACIONES: Instalaciones nuevas, reparaci\u00f3n de aver\u00edas o apoyo en circuitos de agua caliente de cualquier tipo: energ\u00eda solar, saunas, dep\u00f3sitos acumuladores para gimnasios, ganader\u00eda, construcci\u00f3n, hospitales, hoteles, industrias, ba\u00f1o Mar\u00eda, camping, caravanas, \u00a1y mucho m\u00e1s!<\/span><\/li>\n<li class=\"a-spacing-mini\"><span class=\"a-list-item\">\u2705MATERIAL: Fabricado con materiales de calidad homologaci\u00f3n CE. Larga duraci\u00f3n a trav\u00e9s del \u00e1nodo de sacrificio de magnesio y el termostato regulador de temperatura. Recomendable cambiar el Anodo magnesio cada dos a\u00f1os para proteger el sistema<\/span><\/li>\n<li class=\"a-spacing-mini\"><span class=\"a-list-item\">\u2705COMPATIBLE: F\u00e1cil instalaci\u00f3n en cualquier circuito que disponga de tuercas est\u00e1ndar de 1 \u00bc Pulgadas, pudi\u00e9ndose montar tantas resistencias como sean necesarias en el mismo circuito para elevar y regular la temperatura del agua al nivel deseado a trav\u00e9s del termostato<\/span><\/li>\n<\/ul>","protected":false},"featured_media":38121,"template":"","meta":[],"product_brand":[],"product_cat":[89],"product_tag":[],"class_list":{"0":"post-38104","1":"product","2":"type-product","3":"status-publish","4":"has-post-thumbnail","6":"product_cat-recambios","7":"description-off","9":"first","10":"instock","11":"taxable","12":"shipping-taxable","13":"purchasable","14":"product-type-variable","15":"has-default-attributes"},"_links":{"self":[{"href":"https:\/\/goldmanservice.com\/en\/wp-json\/wp\/v2\/product\/38104","targetHints":{"allow":["GET"]}}],"collection":[{"href":"https:\/\/goldmanservice.com\/en\/wp-json\/wp\/v2\/product"}],"about":[{"href":"https:\/\/goldmanservice.com\/en\/wp-json\/wp\/v2\/types\/product"}],"wp:featuredmedia":[{"embeddable":true,"href":"https:\/\/goldmanservice.com\/en\/wp-json\/wp\/v2\/media\/38121"}],"wp:attachment":[{"href":"https:\/\/goldmanservice.com\/en\/wp-json\/wp\/v2\/media?parent=38104"}],"wp:term":[{"taxonomy":"product_brand","embeddable":true,"href":"https:\/\/goldmanservice.com\/en\/wp-json\/wp\/v2\/product_brand?post=38104"},{"taxonomy":"product_cat","embeddable":true,"href":"https:\/\/goldmanservice.com\/en\/wp-json\/wp\/v2\/product_cat?post=38104"},{"taxonomy":"product_tag","embeddable":true,"href":"https:\/\/goldmanservice.com\/en\/wp-json\/wp\/v2\/product_tag?post=38104"}],"curies":[{"name":"wp","href":"https:\/\/api.w.org\/{rel}","templated":true}]}}