{"id":38148,"date":"2024-01-25T14:35:38","date_gmt":"2024-01-25T13:35:38","guid":{"rendered":"https:\/\/goldmanservice.com\/?post_type=product&#038;p=38148"},"modified":"2024-04-17T16:02:58","modified_gmt":"2024-04-17T14:02:58","slug":"cables-alimentacion-electrica-cee7","status":"publish","type":"product","link":"https:\/\/goldmanservice.com\/en\/recambios\/cables-alimentacion-electrica-cee7\/","title":{"rendered":"Set de 2 Cables de Alimentaci\u00f3n El\u00e9ctrica Flexibles CEE7"},"content":{"rendered":"<div class=\"wpb-content-wrapper\"><div class=\"vc_row wpb_row vc_row-fluid\"><div class=\"wpb_column vc_column_container vc_col-sm-6\"><div class=\"vc_column-inner\"><div class=\"wpb_wrapper\"><div id=\"ultimate-video-6536a03a8b3d7ba6\" class=\"ult-video  ult-adjust-bottom-margin ultimate-video-6536a03a8b3d7ba6 ultv-8495\"><div class=\"ultv-video ultv-aspect-ratio-16_9 ultv-subscribe-responsive-none\" data-videotype=\"uv_iframe\">\n\t\t\t\t\t\t<div class=\"ultv-video__outer-wrap\" data-autoplay=\"0\" data-device=\"false\"  data-iconbg=\"#3A3A3A\" data-overcolor=\"\" data-defaultbg=\"#dd3333\" data-defaultplay=\"defaulticon\"><div class=\"ultv-video__play\" data-src=\"https:\/\/www.youtube.com\/embed\/KXo0tbk1dyE?rel=0&#038;start&#038;end&#038;controls=1&#038;mute=0&#038;modestbranding=0&#038;autoplay=1\">\n\t\t\t\t\t\t\t\t<img decoding=\"async\" class=\"ultv-video__thumb\" src=\"https:\/\/i.ytimg.com\/vi\/KXo0tbk1dyE\/maxresdefault.jpg\"\/>\n\t\t\t\t\t\t\t\t<div class=\"ultv-video__play-icon  ultv-animation-none\" style=\"width:75px\"><svg height=\"100%\" version=\"1.1\" viewbox=\"0 0 68 48\" width=\"100%\"><path class=\"ultv-youtube-icon-bg\" d=\"m .66,37.62 c 0,0 .66,4.70 2.70,6.77 2.58,2.71 5.98,2.63 7.49,2.91 5.43,.52 23.10,.68 23.12,.68 .00,-1.3e-5 14.29,-0.02 23.81,-0.71 1.32,-0.15 4.22,-0.17 6.81,-2.89 2.03,-2.07 2.70,-6.77 2.70,-6.77 0,0 .67,-5.52 .67,-11.04 l 0,-5.17 c 0,-5.52 -0.67,-11.04 -0.67,-11.04 0,0 -0.66,-4.70 -2.70,-6.77 C 62.03,.86 59.13,.84 57.80,.69 48.28,0 34.00,0 34.00,0 33.97,0 19.69,0 10.18,.69 8.85,.84 5.95,.86 3.36,3.58 1.32,5.65 .66,10.35 .66,10.35 c 0,0 -0.55,4.50 -0.66,9.45 l 0,8.36 c .10,4.94 .66,9.45 .66,9.45 z\" fill=\"#1f1f1e\" ><\/path><path d=\"m 26.96,13.67 18.37,9.62 -18.37,9.55 -0.00,-19.17 z\" fill=\"#fff\"><\/path><path d=\"M 45.02,23.46 45.32,23.28 26.96,13.67 43.32,22.34 45.02,23.46 z\" fill=\"#ccc\"><\/path><\/svg><\/div> <\/div> <\/div><\/div><\/div><\/div><\/div><\/div><div class=\"wpb_column vc_column_container vc_col-sm-6\"><div class=\"vc_column-inner\"><div class=\"wpb_wrapper\"><\/div><\/div><\/div><\/div>\n<\/div>","protected":false},"excerpt":{"rendered":"<p id=\"title\" class=\"a-size-large a-spacing-none\"><span id=\"productTitle\" class=\"a-size-large product-title-word-break\">Set de 2 Cables de Alimentaci\u00f3n El\u00e9ctrica Flexibles CEE7 para Dispositivos Port\u00e1tiles y Dom\u00e9sticos | Negro | Largo 1.50 Metros \/ 59 Pulgas<\/span><\/p>\n<p><span class=\"a-list-item\">\u2705APLICACIONES: En espacios dom\u00e9sticos y oficinas. Cable de Alimentaci\u00f3n el\u00e9ctrica de aparatos como por ejemplo: Electrodom\u00e9sticos, aparatos de cocina y hogar, regletas, fuentes de alimentaci\u00f3n, etc<\/span><\/p>\n<p><span class=\"a-list-item\">\u2705MATERIAL: Cable alargador de corriente para Enchufe Schuko a Bornes CEE7 | H05RR-F | Fabricado en 100% hilos de cobre pulido flexible con aislamiento y cubierta de goma ignifuga. Materiales duraderos y de alta calidad. Fabricado seg\u00fan los criterios de la norma UNE EN 50525-2-21s C<\/span><\/p>\n<p><span class=\"a-list-item\">\u2705INCLUYE: Set de 2 Cables de Alimentaci\u00f3n el\u00e9ctrica de color negro clavija enchufe macho de longitud 1,5 metros. Ten siempre una conexi\u00f3n de recambio disponible para las reparaciones de los electrodom\u00e9sticos y aparatos de tu hogar<\/span><\/p>\n<p><span class=\"a-list-item\">\u2705FACIL INSTALACI\u00d3N: Reparar o sustituir cables en aparatos que requieran doble cableado (fase y neutro), listos para ser conectados f\u00e1cilmente al aparato y conector bipolar para enchufar en la toma de corriente de la vivienda<br \/>\n<\/span>\u2705VENTAJAS: Su dise\u00f1o plano permite que no sobresalga demasiado del enchufe ocupando un menor espacio y enrollable. Cables de colores para mejor identificaci\u00f3n. Cable de toma de tierra de protecci\u00f3n contra voltaje incorrecto, cortocircuito, sobrecalentamiento interno<\/p>","protected":false},"featured_media":38155,"template":"","meta":[],"product_brand":[],"product_cat":[89,339,87],"product_tag":[],"class_list":{"0":"post-38148","1":"product","2":"type-product","3":"status-publish","4":"has-post-thumbnail","6":"product_cat-recambios","7":"product_cat-accesorios","8":"product_cat-hosteleria","9":"description-off","11":"first","12":"instock","13":"taxable","14":"shipping-taxable","15":"purchasable","16":"product-type-simple"},"_links":{"self":[{"href":"https:\/\/goldmanservice.com\/en\/wp-json\/wp\/v2\/product\/38148","targetHints":{"allow":["GET"]}}],"collection":[{"href":"https:\/\/goldmanservice.com\/en\/wp-json\/wp\/v2\/product"}],"about":[{"href":"https:\/\/goldmanservice.com\/en\/wp-json\/wp\/v2\/types\/product"}],"wp:featuredmedia":[{"embeddable":true,"href":"https:\/\/goldmanservice.com\/en\/wp-json\/wp\/v2\/media\/38155"}],"wp:attachment":[{"href":"https:\/\/goldmanservice.com\/en\/wp-json\/wp\/v2\/media?parent=38148"}],"wp:term":[{"taxonomy":"product_brand","embeddable":true,"href":"https:\/\/goldmanservice.com\/en\/wp-json\/wp\/v2\/product_brand?post=38148"},{"taxonomy":"product_cat","embeddable":true,"href":"https:\/\/goldmanservice.com\/en\/wp-json\/wp\/v2\/product_cat?post=38148"},{"taxonomy":"product_tag","embeddable":true,"href":"https:\/\/goldmanservice.com\/en\/wp-json\/wp\/v2\/product_tag?post=38148"}],"curies":[{"name":"wp","href":"https:\/\/api.w.org\/{rel}","templated":true}]}}