{"id":38197,"date":"2024-04-03T11:44:17","date_gmt":"2024-04-03T09:44:17","guid":{"rendered":"https:\/\/goldmanservice.com\/?post_type=product&#038;p=38197"},"modified":"2024-04-11T11:58:37","modified_gmt":"2024-04-11T09:58:37","slug":"resistencia-de-inmersion-6000w","status":"publish","type":"product","link":"https:\/\/goldmanservice.com\/en\/recambios\/resistencia-de-inmersion-6000w\/","title":{"rendered":"Resistencia de Inmersi\u00f3n 6000W"},"content":{"rendered":"<div class=\"wpb-content-wrapper\"><div class=\"vc_row wpb_row vc_row-fluid\"><div class=\"wpb_column vc_column_container vc_col-sm-6\"><div class=\"vc_column-inner\"><div class=\"wpb_wrapper\"><div id=\"ultimate-video-587269e01fabbe7e2\" class=\"ult-video  ult-adjust-bottom-margin ultimate-video-587269e01fabbe7e2 ultv-4262\"><div class=\"ultv-video ultv-aspect-ratio-16_9 ultv-subscribe-responsive-none\" data-videotype=\"uv_iframe\">\n\t\t\t\t\t\t<div class=\"ultv-video__outer-wrap\" data-autoplay=\"0\" data-device=\"false\"  data-iconbg=\"#3A3A3A\" data-overcolor=\"\" data-defaultbg=\"#dd3333\" data-defaultplay=\"defaulticon\"><div class=\"ultv-video__play\" data-src=\"https:\/\/www.youtube.com\/embed\/cZ6DD30hqtc?rel=0&#038;start&#038;end&#038;controls=1&#038;mute=0&#038;modestbranding=0&#038;autoplay=1\">\n\t\t\t\t\t\t\t\t<img decoding=\"async\" class=\"ultv-video__thumb\" src=\"https:\/\/goldmanservice.com\/wp-content\/uploads\/2024\/04\/cZ6DD30hqtc_320x180.jpg\"\/>\n\t\t\t\t\t\t\t\t<div class=\"ultv-video__play-icon  ultv-animation-none\" style=\"width:75px\"><svg height=\"100%\" version=\"1.1\" viewbox=\"0 0 68 48\" width=\"100%\"><path class=\"ultv-youtube-icon-bg\" d=\"m .66,37.62 c 0,0 .66,4.70 2.70,6.77 2.58,2.71 5.98,2.63 7.49,2.91 5.43,.52 23.10,.68 23.12,.68 .00,-1.3e-5 14.29,-0.02 23.81,-0.71 1.32,-0.15 4.22,-0.17 6.81,-2.89 2.03,-2.07 2.70,-6.77 2.70,-6.77 0,0 .67,-5.52 .67,-11.04 l 0,-5.17 c 0,-5.52 -0.67,-11.04 -0.67,-11.04 0,0 -0.66,-4.70 -2.70,-6.77 C 62.03,.86 59.13,.84 57.80,.69 48.28,0 34.00,0 34.00,0 33.97,0 19.69,0 10.18,.69 8.85,.84 5.95,.86 3.36,3.58 1.32,5.65 .66,10.35 .66,10.35 c 0,0 -0.55,4.50 -0.66,9.45 l 0,8.36 c .10,4.94 .66,9.45 .66,9.45 z\" fill=\"#1f1f1e\" ><\/path><path d=\"m 26.96,13.67 18.37,9.62 -18.37,9.55 -0.00,-19.17 z\" fill=\"#fff\"><\/path><path d=\"M 45.02,23.46 45.32,23.28 26.96,13.67 43.32,22.34 45.02,23.46 z\" fill=\"#ccc\"><\/path><\/svg><\/div> <\/div> <\/div><\/div><\/div><\/div><\/div><\/div><div class=\"wpb_column vc_column_container vc_col-sm-6\"><div class=\"vc_column-inner\"><div class=\"wpb_wrapper\"><div id=\"ultimate-heading-506569e01fabbf2b5\" class=\"uvc-heading ult-adjust-bottom-margin ultimate-heading-506569e01fabbf2b5 uvc-9117\" data-hspacer=\"line_only\"  data-halign=\"left\" style=\"text-align:left\"><div class=\"uvc-main-heading ult-responsive\"  data-ultimate-target='.uvc-heading.ultimate-heading-506569e01fabbf2b5 h2'  data-responsive-json-new='{\"font-size\":\"desktop:17px;\",\"line-height\":\"desktop:19px;\"}' ><h2 style=\"--font-weight:theme;\">Resistencia de Inmersi\u00f3n<\/h2><\/div><div class=\"uvc-heading-spacer line_only\" style=\"topheight:1px;\"><span class=\"uvc-headings-line\" style=\"border-style:solid;border-bottom-width:1px;border-color:#dd3333;width:149px;\"><\/span><\/div><div class=\"uvc-sub-heading ult-responsive\"  data-ultimate-target='.uvc-heading.ultimate-heading-506569e01fabbf2b5 .uvc-sub-heading '  data-responsive-json-new='{\"font-size\":\"\",\"line-height\":\"\"}'  style=\"font-weight:normal;\">FABRICADA EN EUROPA<\/p>\n<p><strong>ATENCI\u00d3N<\/strong>: Nunca opere la resistencia en seco. \u00a1Los elementos calefactores deben cubrirse completamente con agua antes de ponerlos en funcionamiento!<\/p>\n<p>Nuestra resistencia GOLDMAN SERVICE utilizada como elemento calefactor para aplicaciones a nivel industrial, como apoyo al sistema de calentamiento principal para consumos de agua caliente elevados o evitar arranques innecesarios de la caldera cuando el consumo de agua caliente no es muy grande. Dise\u00f1ada para trabajar sumergida en agua, necesario instalar dispositivos reguladores de temperatura, termostatos.<\/p>\n<p>Fabricado en tuber\u00eda de INCOLOY o acero inoxidable de gran resistencia mec\u00e1nica y a la corrosi\u00f3n. Las resistencia con brida son el componente m\u00e1s utilizado en la industria para conseguir la calefacci\u00f3n de cualquier fluido en tanques o dep\u00f3sitos mediante la inmersi\u00f3n directa de las mismas. La instalaci\u00f3n se recomienda en la parte inferior de los dep\u00f3sitos o tanques donde tiene que existir una boca con contrabrida o racord hembra para poder ser instaladas.<\/p>\n<p>Incluye Junta de aislamiento. Permite la conexi\u00f3n el\u00e9ctrica monof\u00e1sica y trif\u00e1sica.<\/p>\n<p>Podemos calentar grandes vol\u00famenes de agua, cualquier soluci\u00f3n donde sea necesaria la elevaci\u00f3n de la temperatura para poderla utilizar a la temperatura deseada. Mejora la eficiencia energ\u00e9tica de cualquier instalaci\u00f3n de agua caliente. V\u00e1lida para instalaciones nuevas, reparaci\u00f3n de aver\u00edas o apoyo en circuitos de agua caliente de cualquier tipo: energ\u00eda solar, dep\u00f3sitos acumuladores de gimnasios, ganader\u00eda, construcci\u00f3n, hospitales, hoteles, restauraci\u00f3n, gastronom\u00eda, industrias, ba\u00f1o Mar\u00eda, camping, caravanas, \u00a1y mucho m\u00e1s!<\/p>\n<p><strong>Datos T\u00e9cnicos<\/strong>:<\/p>\n<p>Resistencia roscable forma de 3U con tapa met\u00e1lica<\/p>\n<p><strong>Potencia:<\/strong> 6000W<\/p>\n<p><strong>Voltaje:<\/strong> (220V \/ 380V)<\/p>\n<p><strong>M\u00e9trica:<\/strong> 1 \u00bd Pulgadas, equivalencia ancho Rosca: 47,8 mm<\/p>\n<p>Material tubo INCOLOY Acero 800<\/p>\n<p>Rosca de lat\u00f3n<\/p>\n<p><strong>Largo:<\/strong> Hasta rosca 315mm, Total hasta tapa 370 mm<\/p>\n<p><strong>Peso:<\/strong> 770 g<\/div><\/div><\/div><\/div><\/div><\/div><!-- Row Backgrounds --><div class=\"upb_color\" data-bg-override=\"0\" data-bg-color=\"#f2f2f2\" data-fadeout=\"\" data-fadeout-percentage=\"30\" data-parallax-content=\"\" data-parallax-content-sense=\"30\" data-row-effect-mobile-disable=\"true\" data-img-parallax-mobile-disable=\"true\" data-rtl=\"false\"  data-custom-vc-row=\"\"  data-vc=\"8.7.2\"  data-is_old_vc=\"\"  data-theme-support=\"\"   data-overlay=\"false\" data-overlay-color=\"\" data-overlay-pattern=\"\" data-overlay-pattern-opacity=\"\" data-overlay-pattern-size=\"\"    ><\/div>\n<\/div>","protected":false},"excerpt":{"rendered":"<p class=\"a-size-large a-spacing-none\"><span class=\"a-size-large product-title-word-break\">Resistencia de Inmersi\u00f3n | Potencia: 6000W (230\/380V) | M\u00e9trica: 1 \u00bd Pulgadas + Junta | Recambio Dep\u00f3sito Industrial Termo El\u00e9ctrico<br \/>\n<\/span><\/p>\n<p><span class=\"a-list-item\">\u2705INCLUYE: Calentador de agua el\u00e9ctrico de inmersi\u00f3n 6KW, Voltaje: (230\/380V), Rosca M\u00e9trica: 1 \u00bd\u2033 (47,8 mm) Forma de 3U. Longitud 315 mm. Tapa met\u00e1lica con protecci\u00f3n para cable + Junta<\/span><\/p>\n<p><span class=\"a-list-item\">\u2705USOS: Termos el\u00e9ctricos, calentador agua , dep\u00f3sitos de energ\u00eda solar, calderas, acumuladores, bidones y tanques, ya sean abiertos o estancos cerrados, con presi\u00f3n o sin ella, con circulaci\u00f3n o sin ella. Mejora la eficiencia y ahorro energ\u00e9tico<\/span><\/p>\n<p><span class=\"a-list-item\">\u2705APLICACIONES: Recambio para dep\u00f3sitos e instalaciones industriales o comerciales, reparaci\u00f3n de aver\u00edas o apoyo en circuitos de agua caliente de cualquier tipo: termo el\u00e9ctrico, acumulador solar, caldera placas solares, dep\u00f3sitos acumuladores para gimnasios, ganader\u00eda, construcci\u00f3n, hospitales, hoteles, ba\u00f1o Mar\u00eda, camping, \u00a1y mucho m\u00e1s!<\/span><\/p>\n<p><span class=\"a-list-item\">\u2705MATERIAL: Fabricada en Europa con materiales de calidad certificada CE, tubo de sistema INCOLOY, acero 800 de aleaci\u00f3n de n\u00edquel-cromo reconocida por su notable resistencia a elevadas temperaturas y corrosi\u00f3n, rosca de lat\u00f3n<\/span><\/p>\n<p><span class=\"a-list-item\">\u2705COMPATIBLE: F\u00e1cil instalaci\u00f3n en cualquier circuito que disponga de tuercas est\u00e1ndar de 1 \u00bd Pulgadas, pudi\u00e9ndose montar tantas resistencias como sean necesarias en el mismo circuito para elevar y regular la temperatura del agua al nivel deseado a trav\u00e9s del termostato<\/span><\/p>\n<p id=\"title\" class=\"a-size-large a-spacing-none\"><span id=\"productTitle\" class=\"a-size-large product-title-word-break\">\u00a0<\/span><\/p>","protected":false},"featured_media":38203,"template":"","meta":[],"product_brand":[],"product_cat":[89],"product_tag":[],"class_list":{"0":"post-38197","1":"product","2":"type-product","3":"status-publish","4":"has-post-thumbnail","6":"product_cat-recambios","7":"description-off","9":"first","10":"instock","11":"taxable","12":"shipping-taxable","13":"purchasable","14":"product-type-simple"},"_links":{"self":[{"href":"https:\/\/goldmanservice.com\/en\/wp-json\/wp\/v2\/product\/38197","targetHints":{"allow":["GET"]}}],"collection":[{"href":"https:\/\/goldmanservice.com\/en\/wp-json\/wp\/v2\/product"}],"about":[{"href":"https:\/\/goldmanservice.com\/en\/wp-json\/wp\/v2\/types\/product"}],"wp:featuredmedia":[{"embeddable":true,"href":"https:\/\/goldmanservice.com\/en\/wp-json\/wp\/v2\/media\/38203"}],"wp:attachment":[{"href":"https:\/\/goldmanservice.com\/en\/wp-json\/wp\/v2\/media?parent=38197"}],"wp:term":[{"taxonomy":"product_brand","embeddable":true,"href":"https:\/\/goldmanservice.com\/en\/wp-json\/wp\/v2\/product_brand?post=38197"},{"taxonomy":"product_cat","embeddable":true,"href":"https:\/\/goldmanservice.com\/en\/wp-json\/wp\/v2\/product_cat?post=38197"},{"taxonomy":"product_tag","embeddable":true,"href":"https:\/\/goldmanservice.com\/en\/wp-json\/wp\/v2\/product_tag?post=38197"}],"curies":[{"name":"wp","href":"https:\/\/api.w.org\/{rel}","templated":true}]}}