{"id":38230,"date":"2024-04-03T12:41:28","date_gmt":"2024-04-03T10:41:28","guid":{"rendered":"https:\/\/goldmanservice.com\/?post_type=product&#038;p=38230"},"modified":"2024-04-10T16:06:08","modified_gmt":"2024-04-10T14:06:08","slug":"mini-cortatubos-cobre-aire-acondicionado","status":"publish","type":"product","link":"https:\/\/goldmanservice.com\/en\/climatizacion\/aire-acondicionado\/mini-cortatubos-cobre-aire-acondicionado\/","title":{"rendered":"Mini Cortatubos Cobre Aire Acondicionado"},"content":{"rendered":"<p>CORTATUBOS COBRE PROFESIONAL MINI: La Elecci\u00f3n Indiscutible para Fontaner\u00eda y Aire Acondicionado<\/p>\n<p>Descubre el m\u00e1ximo rendimiento en cortatubos con nuestra herramienta de precisi\u00f3n, dise\u00f1ada para profesionales exigentes como t\u00fa. Este Cortatubos Cobre Herramienta Aire Acondicionado Fontaner\u00eda Profesional se destaca como una herramienta fundamental en el mundo de la fontaner\u00eda y la instalaci\u00f3n de aire acondicionado, compatible con otras herramientas de fontaner\u00eda como abocardador, expansor y curvadora de tubos.<\/p>\n<p>DISE\u00d1O AVANZADO PARA UN CORTE PERFECTO:<\/p>\n<p>Nuestro cortatubo utiliza un sistema de corte con rodamiento de bolas que garantiza un corte r\u00e1pido y preciso en tubos de cobre, aluminio, PVC y lat\u00f3n en tubos de tama\u00f1o grosor de 3 &#8211; 22 mm (1\/8&#8243; a 7\/8&#8243;). Herramienta y cuchillas de acero aseguran durabilidad y resistencia, convirti\u00e9ndolo en una herramienta insuperable en el mercado.<\/p>\n<p>INCLUYE: dos cuchillas de recambio de acero.<\/p>\n<p>ERGONOM\u00cdA Y EFICIENCIA UNIDAS<\/p>\n<p>Experimenta el confort y la eficiencia de la herramientas cortar aerodin\u00e1mica y ligera que hemos creado pensando en ti. Agarre c\u00f3modo, permitiendo cortes sin esfuerzo con un solo giro de mu\u00f1eca. No sacrifiques la comodidad por la eficacia, \u00a1tenlo todo!<\/p>\n<p>PRESENTACI\u00d3N IMPECABLE, RENDIMIENTO EXCEPCIONAL<\/p>\n<p>Presentado en un bl\u00edster de PVC duro, garantizamos la llegada intacta de tu herramienta. Galvanizado y azul met\u00e1lico para una est\u00e9tica atractiva y duradera. No solo es una herramienta, es una declaraci\u00f3n de calidad y profesionalismo.<\/p>\n<p>TODO EN UNO: VERSATILIDAD Y MANTENIMIENTO M\u00cdNIMO<\/p>\n<p>Desde tubos de aluminio, cobre hasta PVC, desde fontaner\u00eda, hasta aire acondicionado, nuestro cortatubo es la herramienta polifac\u00e9tica que necesitas. Su dise\u00f1o intuitivo y el sistema de corte tipo rodillo requieren poco mantenimiento, ahorrando tiempo y esfuerzo.<\/p>\n<p>COMPRA CON CONFIANZA: LA HERRAMIENTA DE LOS PROFESIONALES<\/p>","protected":false},"excerpt":{"rendered":"<p class=\"a-size-large a-spacing-none\"><span id=\"productTitle\" class=\"a-size-large product-title-word-break\">Mini Cortatubos Cobre Herramienta Aire Acondicionado Fontaner\u00eda Profesional + 2 Cuchillas Recambio. Tubos Cobre Aluminio PVC Tama\u00f1o: (3-22 mm).<br \/>\n<\/span><\/p>\n<p><span class=\"a-list-item\">\u2705INCLUYE: Set herramienta de fontaner\u00eda Mini corta tubos de cobre de Aire Acondicionado con 2 cuchillas de acero de recambio de alta resistencia.<\/span><\/p>\n<p><span class=\"a-list-item\">\u2705USOS VERS\u00c1TIL: Ideal para cortar tubos blandos de cobre, aluminio, PVC \/ PPR, lat\u00f3n y acero inoxidable con grosor m\u00e1ximo de tubos: 3 &#8211; 22 mm (1\/8&#8243; a 7\/8&#8243;).<\/span><\/p>\n<p><span class=\"a-list-item\">\u2705HERRAMIENTA PROFESIONAL: La elecci\u00f3n perfecta para fontaneros y profesionales de instalaciones de aire acondicionado, fontaner\u00eda, autom\u00f3vil. A\u00d1ADIR AL CARRITO AHORA.<\/span><\/p>\n<p><span class=\"a-list-item\">\u2705CORTE R\u00c1PIDO: Tecnolog\u00eda con Sistema de Corte Avanzada con rodamiento que garantiza resultados profesionales. F\u00e1cil de usar. Corte suave, eficiente y sin esfuerzo. Gira la mu\u00f1eca para un ajuste r\u00e1pido y preciso. Herramienta Ergon\u00f3mica y ligera.<br \/>\n<\/span>\u2705MATERIAL RESISTENTE: Herramienta y cuchillas con hoja afilada fabricada en aleaci\u00f3n de acero. Cuerpo robusto y resistente para un uso intensivo y duradero.<\/p>","protected":false},"featured_media":38236,"template":"","meta":[],"product_brand":[],"product_cat":[340,88],"product_tag":[],"class_list":{"0":"post-38230","1":"product","2":"type-product","3":"status-publish","4":"has-post-thumbnail","6":"product_cat-aire-acondicionado","7":"product_cat-climatizacion","8":"description-off","10":"first","11":"instock","12":"taxable","13":"shipping-taxable","14":"purchasable","15":"product-type-simple"},"_links":{"self":[{"href":"https:\/\/goldmanservice.com\/en\/wp-json\/wp\/v2\/product\/38230","targetHints":{"allow":["GET"]}}],"collection":[{"href":"https:\/\/goldmanservice.com\/en\/wp-json\/wp\/v2\/product"}],"about":[{"href":"https:\/\/goldmanservice.com\/en\/wp-json\/wp\/v2\/types\/product"}],"wp:featuredmedia":[{"embeddable":true,"href":"https:\/\/goldmanservice.com\/en\/wp-json\/wp\/v2\/media\/38236"}],"wp:attachment":[{"href":"https:\/\/goldmanservice.com\/en\/wp-json\/wp\/v2\/media?parent=38230"}],"wp:term":[{"taxonomy":"product_brand","embeddable":true,"href":"https:\/\/goldmanservice.com\/en\/wp-json\/wp\/v2\/product_brand?post=38230"},{"taxonomy":"product_cat","embeddable":true,"href":"https:\/\/goldmanservice.com\/en\/wp-json\/wp\/v2\/product_cat?post=38230"},{"taxonomy":"product_tag","embeddable":true,"href":"https:\/\/goldmanservice.com\/en\/wp-json\/wp\/v2\/product_tag?post=38230"}],"curies":[{"name":"wp","href":"https:\/\/api.w.org\/{rel}","templated":true}]}}