{"id":38242,"date":"2024-04-03T13:04:30","date_gmt":"2024-04-03T11:04:30","guid":{"rendered":"https:\/\/goldmanservice.com\/?post_type=product&#038;p=38242"},"modified":"2024-04-03T16:44:54","modified_gmt":"2024-04-03T14:44:54","slug":"aspas-metalicas-aluminio-motor-botellero","status":"publish","type":"product","link":"https:\/\/goldmanservice.com\/en\/climatizacion\/ventilacion\/aspas-metalicas-aluminio-motor-botellero\/","title":{"rendered":"Recambio Aspas Met\u00e1licas de Aluminio para Motor Botellero | Di\u00e1metro \u00d8200mm"},"content":{"rendered":"<div class=\"wpb-content-wrapper\"><div class=\"vc_row wpb_row vc_row-fluid\"><div class=\"wpb_column vc_column_container vc_col-sm-6\"><div class=\"vc_column-inner\"><div class=\"wpb_wrapper\"><div id=\"ultimate-video-151469e1fdaab7b8c\" class=\"ult-video  ult-adjust-bottom-margin ultimate-video-151469e1fdaab7b8c ultv-849\"><div class=\"ultv-video ultv-aspect-ratio-16_9 ultv-subscribe-responsive-none\" data-videotype=\"uv_iframe\">\n\t\t\t\t\t\t<div class=\"ultv-video__outer-wrap\" data-autoplay=\"0\" data-device=\"false\"  data-iconbg=\"#3A3A3A\" data-overcolor=\"\" data-defaultbg=\"#dd3333\" data-defaultplay=\"defaulticon\"><div class=\"ultv-video__play\" data-src=\"https:\/\/www.youtube.com\/embed\/kiO1v9jch3Q?rel=0&#038;start&#038;end&#038;controls=1&#038;mute=0&#038;modestbranding=0&#038;autoplay=1\">\n\t\t\t\t\t\t\t\t<img decoding=\"async\" class=\"ultv-video__thumb\" src=\"https:\/\/goldmanservice.com\/wp-content\/uploads\/2024\/04\/kiO1v9jch3Q_480x360.jpg\"\/>\n\t\t\t\t\t\t\t\t<div class=\"ultv-video__play-icon  ultv-animation-none\" style=\"width:75px\"><svg height=\"100%\" version=\"1.1\" viewbox=\"0 0 68 48\" width=\"100%\"><path class=\"ultv-youtube-icon-bg\" d=\"m .66,37.62 c 0,0 .66,4.70 2.70,6.77 2.58,2.71 5.98,2.63 7.49,2.91 5.43,.52 23.10,.68 23.12,.68 .00,-1.3e-5 14.29,-0.02 23.81,-0.71 1.32,-0.15 4.22,-0.17 6.81,-2.89 2.03,-2.07 2.70,-6.77 2.70,-6.77 0,0 .67,-5.52 .67,-11.04 l 0,-5.17 c 0,-5.52 -0.67,-11.04 -0.67,-11.04 0,0 -0.66,-4.70 -2.70,-6.77 C 62.03,.86 59.13,.84 57.80,.69 48.28,0 34.00,0 34.00,0 33.97,0 19.69,0 10.18,.69 8.85,.84 5.95,.86 3.36,3.58 1.32,5.65 .66,10.35 .66,10.35 c 0,0 -0.55,4.50 -0.66,9.45 l 0,8.36 c .10,4.94 .66,9.45 .66,9.45 z\" fill=\"#1f1f1e\" ><\/path><path d=\"m 26.96,13.67 18.37,9.62 -18.37,9.55 -0.00,-19.17 z\" fill=\"#fff\"><\/path><path d=\"M 45.02,23.46 45.32,23.28 26.96,13.67 43.32,22.34 45.02,23.46 z\" fill=\"#ccc\"><\/path><\/svg><\/div> <\/div> <\/div><\/div><\/div><\/div><\/div><\/div><div class=\"wpb_column vc_column_container vc_col-sm-6\"><div class=\"vc_column-inner\"><div class=\"wpb_wrapper\"><div id=\"ultimate-heading-577269e1fdaab8037\" class=\"uvc-heading ult-adjust-bottom-margin ultimate-heading-577269e1fdaab8037 uvc-6371\" data-hspacer=\"line_only\"  data-halign=\"left\" style=\"text-align:left\"><div class=\"uvc-main-heading ult-responsive\"  data-ultimate-target='.uvc-heading.ultimate-heading-577269e1fdaab8037 h2'  data-responsive-json-new='{\"font-size\":\"desktop:17px;\",\"line-height\":\"desktop:19px;\"}' ><h2 style=\"--font-weight:theme;\">Recambio Aspas Met\u00e1licas de Aluminio para Motor Botellero<\/h2><\/div><div class=\"uvc-heading-spacer line_only\" style=\"topheight:1px;\"><span class=\"uvc-headings-line\" style=\"border-style:solid;border-bottom-width:1px;border-color:#dd3333;width:150px;\"><\/span><\/div><div class=\"uvc-sub-heading ult-responsive\"  data-ultimate-target='.uvc-heading.ultimate-heading-577269e1fdaab8037 .uvc-sub-heading '  data-responsive-json-new='{\"font-size\":\"\",\"line-height\":\"\"}'  style=\"font-weight:normal;\">\u00a1Optimiza el rendimiento de tu botellero condensador, c\u00e1maras frigor\u00edficas y vitrinas refrigeradas con el Recambio de Aspas h\u00e9lice Met\u00e1licas de aluminio de Motor de Goldman Service!<\/p>\n<p>El recambio incluye:<\/p>\n<p>El producto solo incluye las Aspas met\u00e1licas de aluminio con un di\u00e1metro de \u00d8200mm y Palas con \u00e1ngulo de inclinaci\u00f3n de 28\u00ba para una \u00f3ptima aspiraci\u00f3n.<\/p>\n<p>Este producto es ideal para aplicaciones est\u00e1ndar de ventilaci\u00f3n en sistemas de refrigeraci\u00f3n. Requiere montaje sobre el motor y patas o parrilla del aparato (no incluidas), asegurando as\u00ed una instalaci\u00f3n segura y eficiente. Con varios agujeros para adaptarse a diferentes modelos de motores, la instalaci\u00f3n es r\u00e1pida y sencilla.<\/p>\n<p>Un mantenimiento adecuado es clave para garantizar un rendimiento \u00f3ptimo de tu equipo de refrigeraci\u00f3n. Las aspas del Motor Botellero Refrigerador Goldman Service ofrecen un alto rendimiento, prolongando la vida \u00fatil de tu equipo y reduciendo el consumo energ\u00e9tico.<\/p>\n<p>Datos t\u00e9cnicos de las aspas:<\/p>\n<p><strong>Di\u00e1metro<\/strong>: 200 mm (7,81 Pulgadas)<\/p>\n<p><strong>\u00c1ngulo de inclinaci\u00f3n<\/strong>: 28\u00b0<\/p>\n<p><strong>N\u00famero de cuchillas:<\/strong> 5<\/p>\n<p><strong>Sentido del aire<\/strong>: Succi\u00f3n<\/p>\n<p><strong>Material:<\/strong> Aluminio<\/p>\n<p><strong>Di\u00e1metro del eje:<\/strong> 7 mm<\/p>\n<p><strong>Di\u00e1metro del taladro:<\/strong> 3,6 mm<\/p>\n<p><strong>N\u00famero de taladros:<\/strong> 4<\/p>\n<p>Optimiza la ventilaci\u00f3n y condensaci\u00f3n de tu equipo de refrigeraci\u00f3n con el Recambio de h\u00e9lices Met\u00e1licas de Motor de Goldman Service. \u00a1Asegura un funcionamiento eficiente y prolonga la vida \u00fatil de tu equipo ahora!<\/div><\/div><\/div><\/div><\/div><\/div><!-- Row Backgrounds --><div class=\"upb_color\" data-bg-override=\"0\" data-bg-color=\"#f2f2f2\" data-fadeout=\"\" data-fadeout-percentage=\"30\" data-parallax-content=\"\" data-parallax-content-sense=\"30\" data-row-effect-mobile-disable=\"true\" data-img-parallax-mobile-disable=\"true\" data-rtl=\"false\"  data-custom-vc-row=\"\"  data-vc=\"8.7.2\"  data-is_old_vc=\"\"  data-theme-support=\"\"   data-overlay=\"false\" data-overlay-color=\"\" data-overlay-pattern=\"\" data-overlay-pattern-opacity=\"\" data-overlay-pattern-size=\"\"    ><\/div>\n<\/div>","protected":false},"excerpt":{"rendered":"<p id=\"title\" class=\"a-size-large a-spacing-none\"><span id=\"productTitle\" class=\"a-size-large product-title-word-break\">Recambio Aspas Met\u00e1licas de Aluminio para Motor Fan Ventilador Botellero | Compatible Grandes Marcas | Di\u00e1metro \u00d8200mm<\/span><\/p>\n<p><span class=\"a-list-item\">\u2705 INCLUYE: Aspas met\u00e1licas de aleaci\u00f3n de aluminio. Di\u00e1metro de \u00d8200mm. Palas \u00e1ngulo de inclinaci\u00f3n ASPIRANTE de 28\u00ba para una \u00f3ptima aspiraci\u00f3n. <strong>El producto solo incluye las aspas.<\/strong><\/span><\/p>\n<p><span class=\"a-list-item\">\u2705 COMPATIBLE: Recambio de aspas met\u00e1licas Universal para Motor botellero refrigerador de nevera y aplicaciones est\u00e1ndar compatible con principales marcas de aparatos de refrigeraci\u00f3n, para Ventilador axial con sistema multianclaje, y varias posibilidades de fijaci\u00f3n, ya sea en soporte o pata o sobre rejilla.<\/span><\/p>\n<p><span class=\"a-list-item\">\u2705 USOS: Optimiza la refrigeraci\u00f3n en botelleros, congeladores y c\u00e1maras frigor\u00edficas industriales. Aplicaciones est\u00e1ndar de refrigeraci\u00f3n industrial, incluyendo ventilaci\u00f3n, evaporador, extracci\u00f3n de armarios botelleros y c\u00e1maras de refrigeraci\u00f3n, aire acondicionado, congelaci\u00f3n, evaporador de vitrinas expositoras, heladeras y m\u00e1s.<\/span><\/p>\n<p><span class=\"a-list-item\">\u2705 MATERIAL: Fabricado en aleaci\u00f3n de Aluminio duradero gran calidad, muy ligero y resistente.<\/span><\/p>\n<p><span class=\"a-list-item\">\u2705 \u00a0FACIL INSTALACI\u00d3N: Su instalaci\u00f3n y sustituci\u00f3n es f\u00e1cil, no requiere un especialista. Permite su instalaci\u00f3n de una manera sencilla y muy orientativa.<\/span><\/p>","protected":false},"featured_media":38249,"template":"","meta":[],"product_brand":[],"product_cat":[336,88],"product_tag":[],"class_list":{"0":"post-38242","1":"product","2":"type-product","3":"status-publish","4":"has-post-thumbnail","6":"product_cat-ventilacion","7":"product_cat-climatizacion","8":"description-off","10":"first","11":"instock","12":"taxable","13":"shipping-taxable","14":"purchasable","15":"product-type-simple"},"_links":{"self":[{"href":"https:\/\/goldmanservice.com\/en\/wp-json\/wp\/v2\/product\/38242","targetHints":{"allow":["GET"]}}],"collection":[{"href":"https:\/\/goldmanservice.com\/en\/wp-json\/wp\/v2\/product"}],"about":[{"href":"https:\/\/goldmanservice.com\/en\/wp-json\/wp\/v2\/types\/product"}],"wp:featuredmedia":[{"embeddable":true,"href":"https:\/\/goldmanservice.com\/en\/wp-json\/wp\/v2\/media\/38249"}],"wp:attachment":[{"href":"https:\/\/goldmanservice.com\/en\/wp-json\/wp\/v2\/media?parent=38242"}],"wp:term":[{"taxonomy":"product_brand","embeddable":true,"href":"https:\/\/goldmanservice.com\/en\/wp-json\/wp\/v2\/product_brand?post=38242"},{"taxonomy":"product_cat","embeddable":true,"href":"https:\/\/goldmanservice.com\/en\/wp-json\/wp\/v2\/product_cat?post=38242"},{"taxonomy":"product_tag","embeddable":true,"href":"https:\/\/goldmanservice.com\/en\/wp-json\/wp\/v2\/product_tag?post=38242"}],"curies":[{"name":"wp","href":"https:\/\/api.w.org\/{rel}","templated":true}]}}