{"id":38296,"date":"2024-04-26T08:53:37","date_gmt":"2024-04-26T06:53:37","guid":{"rendered":"https:\/\/goldmanservice.com\/?post_type=product&#038;p=38296"},"modified":"2024-04-26T10:27:07","modified_gmt":"2024-04-26T08:27:07","slug":"termostato-freidora-industrial-hosteleria","status":"publish","type":"product","link":"https:\/\/goldmanservice.com\/en\/recambios\/termostato-freidora-industrial-hosteleria\/","title":{"rendered":"Termostato Freidora Industrial Hosteler\u00eda"},"content":{"rendered":"<div class=\"wpb-content-wrapper\"><div class=\"vc_row wpb_row vc_row-fluid\"><div class=\"wpb_column vc_column_container vc_col-sm-6\"><div class=\"vc_column-inner\"><div class=\"wpb_wrapper\"><div id=\"ultimate-video-51856a0966bbc2064\" class=\"ult-video  ult-adjust-bottom-margin ultimate-video-51856a0966bbc2064 ultv-5356\"><div class=\"ultv-video ultv-aspect-ratio-16_9 ultv-subscribe-responsive-none\" data-videotype=\"uv_iframe\">\n\t\t\t\t\t\t<div class=\"ultv-video__outer-wrap\" data-autoplay=\"0\" data-device=\"false\"  data-iconbg=\"#3A3A3A\" data-overcolor=\"\" data-defaultbg=\"#dd3333\" data-defaultplay=\"defaulticon\"><div class=\"ultv-video__play\" data-src=\"https:\/\/www.youtube.com\/embed\/FqvAq8hpiXM?rel=0&#038;start&#038;end&#038;controls=1&#038;mute=0&#038;modestbranding=0&#038;autoplay=1\">\n\t\t\t\t\t\t\t\t<img decoding=\"async\" class=\"ultv-video__thumb\" src=\"https:\/\/goldmanservice.com\/wp-content\/uploads\/2024\/04\/FqvAq8hpiXM_320x180.jpg\"\/>\n\t\t\t\t\t\t\t\t<div class=\"ultv-video__play-icon  ultv-animation-none\" style=\"width:75px\"><svg height=\"100%\" version=\"1.1\" viewbox=\"0 0 68 48\" width=\"100%\"><path class=\"ultv-youtube-icon-bg\" d=\"m .66,37.62 c 0,0 .66,4.70 2.70,6.77 2.58,2.71 5.98,2.63 7.49,2.91 5.43,.52 23.10,.68 23.12,.68 .00,-1.3e-5 14.29,-0.02 23.81,-0.71 1.32,-0.15 4.22,-0.17 6.81,-2.89 2.03,-2.07 2.70,-6.77 2.70,-6.77 0,0 .67,-5.52 .67,-11.04 l 0,-5.17 c 0,-5.52 -0.67,-11.04 -0.67,-11.04 0,0 -0.66,-4.70 -2.70,-6.77 C 62.03,.86 59.13,.84 57.80,.69 48.28,0 34.00,0 34.00,0 33.97,0 19.69,0 10.18,.69 8.85,.84 5.95,.86 3.36,3.58 1.32,5.65 .66,10.35 .66,10.35 c 0,0 -0.55,4.50 -0.66,9.45 l 0,8.36 c .10,4.94 .66,9.45 .66,9.45 z\" fill=\"#1f1f1e\" ><\/path><path d=\"m 26.96,13.67 18.37,9.62 -18.37,9.55 -0.00,-19.17 z\" fill=\"#fff\"><\/path><path d=\"M 45.02,23.46 45.32,23.28 26.96,13.67 43.32,22.34 45.02,23.46 z\" fill=\"#ccc\"><\/path><\/svg><\/div> <\/div> <\/div><\/div><\/div><\/div><\/div><\/div><div class=\"wpb_column vc_column_container vc_col-sm-6\"><div class=\"vc_column-inner\"><div class=\"wpb_wrapper\">\n\t<div class=\"wpb_text_column wpb_content_element\" >\n\t\t<div class=\"wpb_wrapper\">\n\t\t\t<p>El Termostato Universal para Freidora Industrial GOLDMAN SERVICE con Mando Regulador numerado, el aliado perfecto para optimizar el rendimiento de tu cocina profesional. Con un rango de temperatura de 50\u00ba a 205\u00ba C, este recambio universal es compatible con una amplia variedad de freidoras industriales, como por ejemplo MOVILFRIT, lo que lo convierte en una opci\u00f3n vers\u00e1til y conveniente para diversas aplicaciones en la hosteler\u00eda, restauraci\u00f3n, catering, hoteles, franquicias de comida r\u00e1pida y m\u00e1s.<\/p>\n<p>Destacando su dise\u00f1o robusto y duradero, este termostato est\u00e1 fabricado para resistir los rigores del uso intensivo en cocinas profesionales, garantizando un funcionamiento confiable y de larga duraci\u00f3n. Equipado con un mando regulador numerado, ofrece un control \u00f3ptimo sobre la temperatura del aceite, permitiendo ajustes precisos para adaptarse a las necesidades espec\u00edficas de cada receta.<br \/>\nEl termostato Goldman Service es tambi\u00e9n v\u00e1lido para cualquier otra aplicaci\u00f3n donde se requiera un control de temperatura de las resistencias de cualquier aparato electr\u00f3nico. Termostato de freidora una larga sonda capilar de temperatura, regulador de temperatura, carcasa y tornillos, proporcionando todo lo necesario para una f\u00e1cil instalaci\u00f3n y reemplazo en freidoras industriales de inmersi\u00f3n. Ya sea que est\u00e9s friendo patatas, pollo, pescado u otros alimentos, este termostato asegura resultados consistentes y de alta calidad en cada fritura.<br \/>\nCon su capacidad para mantener una temperatura constante y precisa, este termostato contribuye a preservar la calidad y la textura deseada de los alimentos, evitando el sobrecalentamiento del aceite y asegurando una cocci\u00f3n uniforme, que asegura el cumplimiento de los requisitos de las autoridades sanitarias.<br \/>\nDatos T\u00e9cnicos: Termostato Anal\u00f3gico<br \/>\nRango de temperatura: 50\u00ba a 205\u00ba C (131\u00ba a 401\u00ba F)<br \/>\nAmperios: 16A<br \/>\nVoltaje: 250v<br \/>\nLargo sonda capilar: 1m<br \/>\nBulbo: 6cm<br \/>\nConexi\u00f3n: Fast\u00f3n<\/p>\n\n\t\t<\/div>\n\t<\/div>\n<\/div><\/div><\/div><\/div>\n<\/div>","protected":false},"excerpt":{"rendered":"<p>Recambio Universal con Mando Regulador (50\u00ba a 205\u00ba C)<\/p>\n<ul class=\"a-unordered-list a-vertical a-spacing-mini\">\n<li class=\"a-spacing-mini\"><span class=\"a-list-item\">\u2705 INLUYE: Set de Termostato completo para freidora de aceite industrial de hosteler\u00eda con sonda capilar de 1m y bulbo de 6cm , regulador temperatura, dial y tornillos.<\/span><\/li>\n<li class=\"a-spacing-mini\"><span class=\"a-list-item\">\u2705RECAMBIO UNIVERSAL: Termostato anal\u00f3gico compatible con una variedad de freidoras, convirti\u00e9ndolo en el recambio perfecto, como por ejemplo Movilfrit. Certificaci\u00f3n CE.<\/span><\/li>\n<li class=\"a-spacing-mini\"><span class=\"a-list-item\">\u2705CONTROL TEMPERATURA: Ajusta con facilidad la temperatura de tu freidora de aceite gracias al control \u00f3ptimo del mando regulador temperatura numerado. Selecciona la temperatura exacta para tus recetas favoritas. Rango Temperatura: 50\u00ba a 205\u00ba C (131\u00ba a 401\u00ba F)<\/span><\/li>\n<li class=\"a-spacing-mini\"><span class=\"a-list-item\">\u2705USOS PRINCIPALES: Freidoras industriales de inmersi\u00f3n para usos de Hosteler\u00eda, restauraci\u00f3n, negocios alimentarios, catering, hoteles, franquicias, comida r\u00e1pida, freidur\u00edas, aplicaciones industriales y usos comerciales.<\/span><\/li>\n<li class=\"a-spacing-mini\"><span class=\"a-list-item\">\u2705DURABILIDAD: Fabricado para soportar usos intensivos de cocinas profesionales, con una durabilidad excepcional y una fiabilidad sin igual. Su dise\u00f1o resistente garantiza un funcionamiento consistente y de larga duraci\u00f3n incluso en condiciones de uso continuo. Tambi\u00e9n v\u00e1lido para freidoras de uso dom\u00e9stico.<\/span><\/li>\n<\/ul>","protected":false},"featured_media":38297,"template":"","meta":[],"product_brand":[],"product_cat":[89],"product_tag":[],"class_list":{"0":"post-38296","1":"product","2":"type-product","3":"status-publish","4":"has-post-thumbnail","6":"product_cat-recambios","7":"description-off","9":"first","10":"instock","11":"taxable","12":"shipping-taxable","13":"purchasable","14":"product-type-simple"},"_links":{"self":[{"href":"https:\/\/goldmanservice.com\/en\/wp-json\/wp\/v2\/product\/38296","targetHints":{"allow":["GET"]}}],"collection":[{"href":"https:\/\/goldmanservice.com\/en\/wp-json\/wp\/v2\/product"}],"about":[{"href":"https:\/\/goldmanservice.com\/en\/wp-json\/wp\/v2\/types\/product"}],"wp:featuredmedia":[{"embeddable":true,"href":"https:\/\/goldmanservice.com\/en\/wp-json\/wp\/v2\/media\/38297"}],"wp:attachment":[{"href":"https:\/\/goldmanservice.com\/en\/wp-json\/wp\/v2\/media?parent=38296"}],"wp:term":[{"taxonomy":"product_brand","embeddable":true,"href":"https:\/\/goldmanservice.com\/en\/wp-json\/wp\/v2\/product_brand?post=38296"},{"taxonomy":"product_cat","embeddable":true,"href":"https:\/\/goldmanservice.com\/en\/wp-json\/wp\/v2\/product_cat?post=38296"},{"taxonomy":"product_tag","embeddable":true,"href":"https:\/\/goldmanservice.com\/en\/wp-json\/wp\/v2\/product_tag?post=38296"}],"curies":[{"name":"wp","href":"https:\/\/api.w.org\/{rel}","templated":true}]}}