{"id":38349,"date":"2024-09-18T08:55:25","date_gmt":"2024-09-18T06:55:25","guid":{"rendered":"https:\/\/goldmanservice.com\/?post_type=product&#038;p=38349"},"modified":"2025-03-04T09:28:04","modified_gmt":"2025-03-04T08:28:04","slug":"grifo-pomo-extensible","status":"publish","type":"product","link":"https:\/\/goldmanservice.com\/en\/hogar-y-cocina\/grifo-pomo-extensible\/","title":{"rendered":"Grifo Pomo Extensible para Fregadero Lavabo de Cocina con Grifo Spray"},"content":{"rendered":"<p class=\"default\">Descripci\u00f3n del producto.<\/p>\n<div id=\"productDescription\" class=\"a-section a-spacing-small\">\n<p>El Grifo Cocina cabezal doble de Pomo Extensible de GOLDMAN SERVICE fabricado en Europa, es la elecci\u00f3n perfecta para aquellos que buscan excelencia en su cocina profesional y del hogar. Dise\u00f1ado con precisi\u00f3n y fabricado con los mejores materiales, este grifo ofrece un rendimiento impecable y una funcionalidad excepcional. Con su dise\u00f1o de pomo, podr\u00e1s regular f\u00e1cilmente el flujo de agua y la temperatura. Adem\u00e1s, su funcionalidad extensible, te permite alcanzar incluso las \u00e1reas m\u00e1s dif\u00edciles de lavar, proporcionando una limpieza exhaustiva y sin esfuerzo.<\/p>\n<p>El pulverizador spray integrado y de chorro fijo con su anilla abrazadera, ofrece un chorro potente y direccionable para tareas espec\u00edficas. Ya sea para enjuagar alimentos, limpiar utensilios o lavar el fregadero, este pulverizador te ofrece un control preciso y un rendimiento \u00f3ptimo.<\/p>\n<p>Fabricado con materiales de alta calidad, este grifo cocina fregadero garantiza durabilidad y resistencia a largo plazo. Su construcci\u00f3n robusta soporta el uso intensivo en entornos de hosteler\u00eda, as\u00ed como en un hogar de familias numerosa. El Grifo Industrial Hosteler\u00eda Extensible se destaca por su f\u00e1cil instalaci\u00f3n, disfrutar r\u00e1pidamente de sus beneficios en tu cocina. Adem\u00e1s, su dise\u00f1o elegante y moderno se adapta a cualquier estilo de decoraci\u00f3n, a\u00f1adiendo un toque de sofisticaci\u00f3n en la cocina de tu hogar.<\/p>\n<p>En resumen, el Grifo Industrial Hosteler\u00eda combina funcionalidad, durabilidad y dise\u00f1o en un solo producto. No te conformes con opciones inferiores, elige la calidad y el rendimiento superiores que solo nuestro grifo puede ofrecer.<\/p>\n<p>Agrega un toque de excelencia a tu cocina con el grifo cocina extensible de GOLDMAN SERVICE. \u00a1Experimenta el poder de un grifo que supera todas tus expectativas!<\/p>\n<\/div>","protected":false},"excerpt":{"rendered":"<p class=\"a-size-large a-spacing-none\"><span class=\"a-size-large product-title-word-break\">Grifo Pomo Extensible para Fregadero Lavabo de Cocina con Spray Ducha. Usos Industrial Hosteler\u00eda y Hogar.<br \/>\n<\/span><\/p>\n<p><span class=\"a-list-item\">\u2705USOS PRINCIPALES: Tanto para uso industrial de Hosteler\u00eda como del Hogar. Restaurantes, hoteles y cualquier negocio de hosteler\u00eda. Cocina profesional y comerciales, gastronom\u00eda, bar, limpieza de vajilla, industrias c\u00e1rnicas, pescader\u00eda, albergues.<\/span><\/p>\n<p><span class=\"a-list-item\">\u2705F\u00c1CIL DE USAR: Incluye cabeza de grifo pomo y alcachofa azul con potente spray pulverizador con dise\u00f1o ergon\u00f3mico para un control intuitivo del agua. Funcionalidad extensible con su Manguera Flexible que te permite alcanzar todas las \u00e1reas del fregadero sin esfuerzo.<\/span><\/p>\n<p><span class=\"a-list-item\">\u2705DURABILIDAD Y CALIDAD: Fabricado en Europa con materiales de alta resistencia como acero inoxidable Inox para una larga vida \u00fatil. Resistente a la corrosi\u00f3n y al desgaste, ideal para entornos de cocina exigentes y familias numerosas.<\/span><\/p>\n<p><span class=\"a-list-item\">\u2705FUNCIONALIDAD VERS\u00c1TIL: Grifo prelavado con potente pulverizador spray para una limpieza eficiente, Alargador Extensor de grifo con alcachofa y chorro ajustables con mango ergon\u00f3mico para adaptarse a tus necesidades. \u00a1Elimina los residuos m\u00e1s dif\u00edciles con facilidad!<br \/>\n<\/span>\u2705F\u00c1CIL INSTALACI\u00d3N: Dise\u00f1o de instalaci\u00f3n r\u00e1pida y sencilla, sin necesidad de contratar a un profesional con fijaci\u00f3n en fregadero, incluye todos los accesorios, latiguillo, embellecedor, anclajes, manual de instrucciones para una instalaci\u00f3n sin complicaciones. Compatible con la mayor\u00eda de los sistemas universal de grifer\u00eda est\u00e1ndar.<\/p>\n<p id=\"title\" class=\"a-size-large a-spacing-none\"><span id=\"productTitle\" class=\"a-size-large product-title-word-break\">\u00a0<\/span><\/p>","protected":false},"featured_media":38357,"template":"","meta":[],"product_brand":[],"product_cat":[332,335,87],"product_tag":[],"class_list":{"0":"post-38349","1":"product","2":"type-product","3":"status-publish","4":"has-post-thumbnail","6":"product_cat-hogar-y-cocina","7":"product_cat-griferia-industrial","8":"product_cat-hosteleria","9":"description-off","11":"first","12":"instock","13":"taxable","14":"shipping-taxable","15":"purchasable","16":"product-type-simple"},"_links":{"self":[{"href":"https:\/\/goldmanservice.com\/en\/wp-json\/wp\/v2\/product\/38349","targetHints":{"allow":["GET"]}}],"collection":[{"href":"https:\/\/goldmanservice.com\/en\/wp-json\/wp\/v2\/product"}],"about":[{"href":"https:\/\/goldmanservice.com\/en\/wp-json\/wp\/v2\/types\/product"}],"wp:featuredmedia":[{"embeddable":true,"href":"https:\/\/goldmanservice.com\/en\/wp-json\/wp\/v2\/media\/38357"}],"wp:attachment":[{"href":"https:\/\/goldmanservice.com\/en\/wp-json\/wp\/v2\/media?parent=38349"}],"wp:term":[{"taxonomy":"product_brand","embeddable":true,"href":"https:\/\/goldmanservice.com\/en\/wp-json\/wp\/v2\/product_brand?post=38349"},{"taxonomy":"product_cat","embeddable":true,"href":"https:\/\/goldmanservice.com\/en\/wp-json\/wp\/v2\/product_cat?post=38349"},{"taxonomy":"product_tag","embeddable":true,"href":"https:\/\/goldmanservice.com\/en\/wp-json\/wp\/v2\/product_tag?post=38349"}],"curies":[{"name":"wp","href":"https:\/\/api.w.org\/{rel}","templated":true}]}}