{"id":38482,"date":"2025-02-26T08:54:28","date_gmt":"2025-02-26T07:54:28","guid":{"rendered":"https:\/\/goldmanservice.com\/?post_type=product&#038;p=38482"},"modified":"2025-08-06T12:06:27","modified_gmt":"2025-08-06T10:06:27","slug":"set-grifo-rociador-manguera","status":"publish","type":"product","link":"https:\/\/goldmanservice.com\/en\/hosteleria\/accesorios\/set-grifo-rociador-manguera\/","title":{"rendered":"Set de Grifo rociador para cocina industrial + Manguera"},"content":{"rendered":"<p>Set de Grifo rociador ducha para cocina industrial y manguera flexo de recambio para fregadero de hosteler\u00eda. Repuestos para grifos extensibles pulverizadores de cocinas de restaurantes<\/p>\n<p>Dimensiones del paquete: \u200e29.4 x 24 x 6.4 cm; 1.27 kilogramos<br \/>\nColor \u200eNegro: Plata<br \/>\nAcabado: \u200ePulido<br \/>\nMaterial :\u200eAcero inoxidable<br \/>\nM\u00e9todo de instalaci\u00f3n: \u200eCentral<br \/>\nAltura del ca\u00f1o:30 Cent\u00edmetros<br \/>\nAlcance del ca\u00f1o: \u200e100 Cent\u00edmetros<br \/>\nPosici\u00f3n de la empu\u00f1adura: \u200eCentro<br \/>\nMaterial de la empu\u00f1adura: \u200eAcero inoxidable<br \/>\nComponentes incluidos: \u200eGrifo alcachofa, manguera y juntas<br \/>\nIncluye bater\u00edas: \u200eNo<br \/>\nNecesita bater\u00edas: \u200eNo<\/p>","protected":false},"excerpt":{"rendered":"<ul>\n<li class=\"a-spacing-mini\"><span class=\"a-list-item\">Incluye: Alcachofa, manguera y juntas de gomas necesarios para el cambio del equipo.<\/span><\/li>\n<li class=\"a-spacing-mini\"><span class=\"a-list-item\">Material: Alta calidad en acero inoxidable, Inox, y acabados de goma negra, que lo hacen de una gran calidad y duraderos en el tiempo. Permite recambios de accesorios de manera independiente sin necesidad de cambiar el equipo y compatible con cualquier tipo de grifos.<\/span><\/li>\n<li class=\"a-spacing-mini\"><span class=\"a-list-item\">Alcachofa y manguera flexibles: pr\u00e1ctico mango de spray pulverizador, permite regular la presi\u00f3n con un suave movimiento de mu\u00f1eca de manera c\u00f3moda, con parada autom\u00e1tica. Manguera met\u00e1lica flexible de acero inoxidable muy resistente.<\/span><\/li>\n<li class=\"a-spacing-mini\"><span class=\"a-list-item\">Usos principales: cabeza de grifer\u00eda para hosteler\u00eda industrial, fregaderos de cocinas y restaurantes, gastronom\u00eda, limpieza de vajilla, industrias c\u00e1rnicas, pescader\u00eda, cocina profesional.<\/span><\/li>\n<li class=\"a-spacing-mini\"><span class=\"a-list-item\">Instalaci\u00f3n: f\u00e1cil y segura, con un suave giro queda instalado r\u00e1pidamente.<\/span><\/li>\n<\/ul>","protected":false},"featured_media":38491,"template":"","meta":[],"product_brand":[],"product_cat":[339,87],"product_tag":[71],"class_list":{"0":"post-38482","1":"product","2":"type-product","3":"status-publish","4":"has-post-thumbnail","6":"product_cat-accesorios","7":"product_cat-hosteleria","8":"product_tag-hosteria-e-industria","9":"description-off","11":"first","12":"outofstock","13":"taxable","14":"shipping-taxable","15":"purchasable","16":"product-type-simple"},"_links":{"self":[{"href":"https:\/\/goldmanservice.com\/en\/wp-json\/wp\/v2\/product\/38482","targetHints":{"allow":["GET"]}}],"collection":[{"href":"https:\/\/goldmanservice.com\/en\/wp-json\/wp\/v2\/product"}],"about":[{"href":"https:\/\/goldmanservice.com\/en\/wp-json\/wp\/v2\/types\/product"}],"wp:featuredmedia":[{"embeddable":true,"href":"https:\/\/goldmanservice.com\/en\/wp-json\/wp\/v2\/media\/38491"}],"wp:attachment":[{"href":"https:\/\/goldmanservice.com\/en\/wp-json\/wp\/v2\/media?parent=38482"}],"wp:term":[{"taxonomy":"product_brand","embeddable":true,"href":"https:\/\/goldmanservice.com\/en\/wp-json\/wp\/v2\/product_brand?post=38482"},{"taxonomy":"product_cat","embeddable":true,"href":"https:\/\/goldmanservice.com\/en\/wp-json\/wp\/v2\/product_cat?post=38482"},{"taxonomy":"product_tag","embeddable":true,"href":"https:\/\/goldmanservice.com\/en\/wp-json\/wp\/v2\/product_tag?post=38482"}],"curies":[{"name":"wp","href":"https:\/\/api.w.org\/{rel}","templated":true}]}}