{"id":38511,"date":"2025-02-26T12:13:13","date_gmt":"2025-02-26T11:13:13","guid":{"rendered":"https:\/\/goldmanservice.com\/?post_type=product&#038;p=38511"},"modified":"2026-02-13T12:22:18","modified_gmt":"2026-02-13T11:22:18","slug":"extractor-de-bano-silencioso-potente","status":"publish","type":"product","link":"https:\/\/goldmanservice.com\/en\/climatizacion\/extractor-de-bano-silencioso-potente\/","title":{"rendered":"Extractor de Ba\u00f1o Silencioso | V\u00e1lvula Antirretorno y Mosquitera | Di\u00e1metro: 100 mil\u00edmetros 12W"},"content":{"rendered":"<div class=\"wpb-content-wrapper\"><div class=\"vc_row wpb_row vc_row-fluid\"><div class=\"wpb_column vc_column_container vc_col-sm-6\"><div class=\"vc_column-inner\"><div class=\"wpb_wrapper\"><div id=\"ultimate-video-388669e28a390d32c\" class=\"ult-video  ult-adjust-bottom-margin ultimate-video-388669e28a390d32c ultv-7560\"><div class=\"ultv-video ultv-aspect-ratio-16_9 ultv-subscribe-responsive-none\" data-videotype=\"uv_iframe\">\n\t\t\t\t\t\t<div class=\"ultv-video__outer-wrap\" data-autoplay=\"0\" data-device=\"false\"  data-iconbg=\"#3A3A3A\" data-overcolor=\"#DD3333\" data-defaultbg=\"#1f1f1e\" data-defaultplay=\"defaulticon\"><div class=\"ultv-video__play\" data-src=\"https:\/\/www.youtube.com\/embed\/wPUV0bVhRcI?rel=0&#038;start&#038;end&#038;controls=1&#038;mute=0&#038;modestbranding=0&#038;autoplay=1\">\n\t\t\t\t\t\t\t\t<img decoding=\"async\" class=\"ultv-video__thumb\" src=\"https:\/\/goldmanservice.com\/wp-content\/uploads\/2025\/02\/Extractor-AirFlow-PRO.jpg\"\/>\n\t\t\t\t\t\t\t\t<div class=\"ultv-video__play-icon  ultv-animation-none\" style=\"width:75px\"><svg height=\"100%\" version=\"1.1\" viewbox=\"0 0 68 48\" width=\"100%\"><path class=\"ultv-youtube-icon-bg\" d=\"m .66,37.62 c 0,0 .66,4.70 2.70,6.77 2.58,2.71 5.98,2.63 7.49,2.91 5.43,.52 23.10,.68 23.12,.68 .00,-1.3e-5 14.29,-0.02 23.81,-0.71 1.32,-0.15 4.22,-0.17 6.81,-2.89 2.03,-2.07 2.70,-6.77 2.70,-6.77 0,0 .67,-5.52 .67,-11.04 l 0,-5.17 c 0,-5.52 -0.67,-11.04 -0.67,-11.04 0,0 -0.66,-4.70 -2.70,-6.77 C 62.03,.86 59.13,.84 57.80,.69 48.28,0 34.00,0 34.00,0 33.97,0 19.69,0 10.18,.69 8.85,.84 5.95,.86 3.36,3.58 1.32,5.65 .66,10.35 .66,10.35 c 0,0 -0.55,4.50 -0.66,9.45 l 0,8.36 c .10,4.94 .66,9.45 .66,9.45 z\" fill=\"#1f1f1e\" ><\/path><path d=\"m 26.96,13.67 18.37,9.62 -18.37,9.55 -0.00,-19.17 z\" fill=\"#fff\"><\/path><path d=\"M 45.02,23.46 45.32,23.28 26.96,13.67 43.32,22.34 45.02,23.46 z\" fill=\"#ccc\"><\/path><\/svg><\/div> <\/div> <\/div><\/div><\/div><\/div><\/div><\/div><div class=\"wpb_column vc_column_container vc_col-sm-6\"><div class=\"vc_column-inner\"><div class=\"wpb_wrapper\"><div id=\"ultimate-heading-873269e28a390d800\" class=\"uvc-heading ult-adjust-bottom-margin ultimate-heading-873269e28a390d800 uvc-3118  uvc-heading-default-font-sizes\" data-hspacer=\"no_spacer\"  data-halign=\"center\" style=\"text-align:center\"><div class=\"uvc-heading-spacer no_spacer\" style=\"top\"><\/div><div class=\"uvc-main-heading ult-responsive\"  data-ultimate-target='.uvc-heading.ultimate-heading-873269e28a390d800 h2'  data-responsive-json-new='{\"font-size\":\"\",\"line-height\":\"\"}' ><h2 style=\"--font-weight:theme;\">Extractor Ba\u00f1o AIRFLOW 100PRO<\/h2><\/div><div class=\"uvc-sub-heading ult-responsive\"  data-ultimate-target='.uvc-heading.ultimate-heading-873269e28a390d800 .uvc-sub-heading '  data-responsive-json-new='{\"font-size\":\"\",\"line-height\":\"\"}'  style=\"font-weight:normal;\"><\/p>\n<p style=\"text-align: left;\" data-start=\"50\" data-end=\"149\">Extractor de Ba\u00f1o MODELO: AIRFLOW 100PRO Blanco Silencioso con Alta Eficiencia y Bajo Consumo Energ\u00e9tico GOLDMAN SERVICE<\/p>\n<p style=\"text-align: left;\" data-start=\"151\" data-end=\"533\">Dise\u00f1ado con solo 40 dB(A), este extractor de ba\u00f1o silencioso mantiene tu hogar libre de humedad y olores.<br data-start=\"257\" data-end=\"260\" \/>Volumen de extracci\u00f3n de 30 m\u00b3\/h, este silencioso extractor ba\u00f1o es ideal para mantener tu ba\u00f1o o aseo libre de condensaci\u00f3n y sin malos olores. El motor de alta velocidad asegura una excelente circulaci\u00f3n de aire, y el bajo consumo de 12W garantiza un ahorro de energ\u00eda.<\/p>\n<p style=\"text-align: left;\" data-start=\"535\" data-end=\"653\">Con v\u00e1lvula antirretorno y mosquitera, que impide que los olores externos se filtren y evita la entrada de insectos.<\/p>\n<p style=\"text-align: left;\" data-start=\"655\" data-end=\"1052\">Su di\u00e1metro de 100 mm lo hace perfecto para todo tipo de instalaciones, y su material ABS de alta calidad lo hace resistente a impactos y duradero. El color blanco moderno encaja en cualquier decoraci\u00f3n de ba\u00f1o.<br data-start=\"866\" data-end=\"869\" \/>La instalaci\u00f3n es r\u00e1pida y sencilla, con instrucciones en ingl\u00e9s. Cuenta con un piloto de luz que te avisa cuando est\u00e1 en funcionamiento. V\u00e1lido para instalaciones de pared y techo.<\/p>\n<p style=\"text-align: left;\" data-start=\"1054\" data-end=\"1101\"><strong data-start=\"1054\" data-end=\"1099\">Por qu\u00e9 elegir nuestro extractor de ba\u00f1o:<\/strong><\/p>\n<ul style=\"text-align: left;\" data-start=\"1103\" data-end=\"1686\">\n<li data-start=\"1103\" data-end=\"1232\"><strong data-start=\"1105\" data-end=\"1132\">Silencioso y eficiente:<\/strong> Solo 40 dB(A), apenas notar\u00e1s su presencia, pero disfrutar\u00e1s de un aire fresco y seco en tu ba\u00f1o.<\/li>\n<li data-start=\"1233\" data-end=\"1333\"><strong data-start=\"1235\" data-end=\"1268\">Alta capacidad de extracci\u00f3n:<\/strong> Con 30 m\u00b3\/h, ideal para ba\u00f1os sin ventana o espacios peque\u00f1os.<\/li>\n<li data-start=\"1334\" data-end=\"1424\"><strong data-start=\"1336\" data-end=\"1366\">Energ\u00e9ticamente eficiente:<\/strong> Con solo 12 vatios de potencia, 220-240 Voltios, 50 Hz.<\/li>\n<li data-start=\"1425\" data-end=\"1503\"><strong data-start=\"1427\" data-end=\"1449\">Material duradero:<\/strong> Fabricado en ABS de alta calidad, f\u00e1cil de limpiar.<\/li>\n<li data-start=\"1504\" data-end=\"1686\"><strong data-start=\"1506\" data-end=\"1548\">V\u00e1lvula antirretorno y red mosquitera:<\/strong> Dos caracter\u00edsticas esenciales que evitan la entrada de malos olores y de insectos molestos. El paquete incluye la abrazadera del tubo.<\/li>\n<\/ul>\n<p style=\"text-align: left;\" data-start=\"1688\" data-end=\"1986\">Si buscas un extractor de ba\u00f1o silencioso, potente, de bajo consumo energ\u00e9tico y con una instalaci\u00f3n sencilla, este es el producto que necesitas. Ofrece un rendimiento \u00f3ptimo durante a\u00f1os, mejorando la calidad del aire en tu ba\u00f1o y protegiendo tu hogar del exceso de humedad, moho y malos olores.<\/p>\n<p><\/div><\/div><\/div><\/div><\/div><\/div><div class=\"vc_row wpb_row vc_row-fluid\"><div class=\"wpb_column vc_column_container vc_col-sm-12\"><div class=\"vc_column-inner\"><div class=\"wpb_wrapper\"><div class=\"vc_btn3-container vc_btn3-inline\" ><a class=\"vc_general vc_btn3 vc_btn3-size-lg vc_btn3-shape-rounded vc_btn3-style-modern vc_btn3-color-danger\" href=\"https:\/\/goldmanservice.com\/wp-content\/uploads\/2024\/10\/Extractor-Airflow-100-Pro.pdf\" title=\"Descargar Manual Instrucciones y T\u00e9cnica\">Descarga Manual de Instrucciones<\/a><\/div><\/div><\/div><\/div><\/div>\n<\/div>","protected":false},"excerpt":{"rendered":"<p id=\"title\" class=\"a-size-large a-spacing-none\"><span id=\"productTitle\" class=\"a-size-large product-title-word-break\">MODELO: AIRFLOW 100PRO. Extractor de Ba\u00f1o Silencioso Ventilador Extractor de Aire Potente Anti Humedad Olores V\u00e1lvula Antirretorno y Mosquitera | Di\u00e1metro: 100 mil\u00edmetros 12W<\/span><\/p>\n<p><span class=\"a-list-item\">\u2705SILENCIOSO &#8211; Extractor de ba\u00f1o blanco con solo 40 dB(A), garantiza una ventilaci\u00f3n eficaz sin ruidos molestos, manteniendo tu ba\u00f1o libre de humedad y malos olores.<\/span><\/p>\n<p><span class=\"a-list-item\">\u2705 POTENTE FLUJO DE AIRE &#8211; Extractores de humedad con potente motor extrae hasta 30 m\u00b3\/h, asegurando un ambiente fresco y sin condensaci\u00f3n, ideal para ba\u00f1os y espacios sin ventanas.<\/span><\/p>\n<p><span class=\"a-list-item\">\u2705V\u00c1LVULA ANTIRRETORNO Y MOSQUITERA &#8211; Extractor aire antirretorno evita la entrada de malos olores e insectos gracias a su avanzada v\u00e1lvula antirretorno y su red mosquitera integrada. M\u00e1xima higiene para tu ba\u00f1o. Otros usos: cocinas, \u00e1ticos, dormitorios, s\u00f3tanos, garajes, salas de estar, ventilador ventana.<\/span><\/p>\n<p><span class=\"a-list-item\">\u2705AHORRO ENERG\u00c9TICO &#8211; Con solo 12 vatios de potencia, este extractor ofrece un alto rendimiento con bajo consumo energ\u00e9tico, ideal para usos prolongados y respetuoso con el medio ambiente.<\/span><\/p>\n<p><span class=\"a-list-item\">\u2705F\u00c1CIL INSTALACI\u00d3N &#8211; Extractor de ba\u00f1o 100mm de tubo de di\u00e1metro universal que incluye abrazadera, con piloto de luz que indica su funcionamiento, fabricado en ABS de alta calidad con dise\u00f1o es elegante y resistente. V\u00e1lido instalaci\u00f3n en pared y techo, encendiendo y apagando con el interruptor de la luz.<\/span><\/p>","protected":false},"featured_media":38518,"template":"","meta":[],"product_brand":[],"product_cat":[88,339,332,336],"product_tag":[342,343],"class_list":{"0":"post-38511","1":"product","2":"type-product","3":"status-publish","4":"has-post-thumbnail","6":"product_cat-climatizacion","7":"product_cat-accesorios","8":"product_cat-hogar-y-cocina","9":"product_cat-ventilacion","10":"product_tag-extractor-bano","11":"product_tag-extractor-bano-silencioso","12":"description-off","14":"first","15":"instock","16":"taxable","17":"shipping-taxable","18":"purchasable","19":"product-type-simple"},"_links":{"self":[{"href":"https:\/\/goldmanservice.com\/en\/wp-json\/wp\/v2\/product\/38511","targetHints":{"allow":["GET"]}}],"collection":[{"href":"https:\/\/goldmanservice.com\/en\/wp-json\/wp\/v2\/product"}],"about":[{"href":"https:\/\/goldmanservice.com\/en\/wp-json\/wp\/v2\/types\/product"}],"wp:featuredmedia":[{"embeddable":true,"href":"https:\/\/goldmanservice.com\/en\/wp-json\/wp\/v2\/media\/38518"}],"wp:attachment":[{"href":"https:\/\/goldmanservice.com\/en\/wp-json\/wp\/v2\/media?parent=38511"}],"wp:term":[{"taxonomy":"product_brand","embeddable":true,"href":"https:\/\/goldmanservice.com\/en\/wp-json\/wp\/v2\/product_brand?post=38511"},{"taxonomy":"product_cat","embeddable":true,"href":"https:\/\/goldmanservice.com\/en\/wp-json\/wp\/v2\/product_cat?post=38511"},{"taxonomy":"product_tag","embeddable":true,"href":"https:\/\/goldmanservice.com\/en\/wp-json\/wp\/v2\/product_tag?post=38511"}],"curies":[{"name":"wp","href":"https:\/\/api.w.org\/{rel}","templated":true}]}}