{"id":38521,"date":"2025-02-26T12:35:29","date_gmt":"2025-02-26T11:35:29","guid":{"rendered":"https:\/\/goldmanservice.com\/?post_type=product&#038;p=38521"},"modified":"2026-02-13T12:23:05","modified_gmt":"2026-02-13T11:23:05","slug":"extractor-bano-silencioso-potente-valvula-antirretorno-diametro-100","status":"publish","type":"product","link":"https:\/\/goldmanservice.com\/en\/climatizacion\/extractor-bano-silencioso-potente-valvula-antirretorno-diametro-100\/","title":{"rendered":"Extractor Ba\u00f1o Silencioso Potente V\u00e1lvula Antirretorno | Di\u00e1metro: 100"},"content":{"rendered":"<div class=\"wpb-content-wrapper\"><div class=\"vc_row wpb_row vc_row-fluid\"><div class=\"wpb_column vc_column_container vc_col-sm-6\"><div class=\"vc_column-inner\"><div class=\"wpb_wrapper\"><div id=\"ultimate-video-623269e022255ae26\" class=\"ult-video  ult-adjust-bottom-margin ultimate-video-623269e022255ae26 ultv-6950\"><div class=\"ultv-video ultv-aspect-ratio-16_9 ultv-subscribe-responsive-none\" data-videotype=\"uv_iframe\">\n\t\t\t\t\t\t<div class=\"ultv-video__outer-wrap\" data-autoplay=\"0\" data-device=\"false\"  data-iconbg=\"#3A3A3A\" data-overcolor=\"#DD3333\" data-defaultbg=\"#1f1f1e\" data-defaultplay=\"defaulticon\"><div class=\"ultv-video__play\" data-src=\"https:\/\/www.youtube.com\/embed\/85S_YN2eJc8?rel=0&#038;start&#038;end&#038;controls=1&#038;mute=0&#038;modestbranding=0&#038;autoplay=1\">\n\t\t\t\t\t\t\t\t<img decoding=\"async\" class=\"ultv-video__thumb\" src=\"https:\/\/i.ytimg.com\/vi\/85S_YN2eJc8\/maxresdefault.jpg\"\/>\n\t\t\t\t\t\t\t\t<div class=\"ultv-video__play-icon  ultv-animation-none\" style=\"width:75px\"><svg height=\"100%\" version=\"1.1\" viewbox=\"0 0 68 48\" width=\"100%\"><path class=\"ultv-youtube-icon-bg\" d=\"m .66,37.62 c 0,0 .66,4.70 2.70,6.77 2.58,2.71 5.98,2.63 7.49,2.91 5.43,.52 23.10,.68 23.12,.68 .00,-1.3e-5 14.29,-0.02 23.81,-0.71 1.32,-0.15 4.22,-0.17 6.81,-2.89 2.03,-2.07 2.70,-6.77 2.70,-6.77 0,0 .67,-5.52 .67,-11.04 l 0,-5.17 c 0,-5.52 -0.67,-11.04 -0.67,-11.04 0,0 -0.66,-4.70 -2.70,-6.77 C 62.03,.86 59.13,.84 57.80,.69 48.28,0 34.00,0 34.00,0 33.97,0 19.69,0 10.18,.69 8.85,.84 5.95,.86 3.36,3.58 1.32,5.65 .66,10.35 .66,10.35 c 0,0 -0.55,4.50 -0.66,9.45 l 0,8.36 c .10,4.94 .66,9.45 .66,9.45 z\" fill=\"#1f1f1e\" ><\/path><path d=\"m 26.96,13.67 18.37,9.62 -18.37,9.55 -0.00,-19.17 z\" fill=\"#fff\"><\/path><path d=\"M 45.02,23.46 45.32,23.28 26.96,13.67 43.32,22.34 45.02,23.46 z\" fill=\"#ccc\"><\/path><\/svg><\/div> <\/div> <\/div><\/div><\/div><\/div><\/div><\/div><div class=\"wpb_column vc_column_container vc_col-sm-6\"><div class=\"vc_column-inner\"><div class=\"wpb_wrapper\"><div id=\"ultimate-heading-600169e022255b0a0\" class=\"uvc-heading ult-adjust-bottom-margin ultimate-heading-600169e022255b0a0 uvc-7761  uvc-heading-default-font-sizes\" data-hspacer=\"no_spacer\"  data-halign=\"center\" style=\"text-align:center\"><div class=\"uvc-heading-spacer no_spacer\" style=\"top\"><\/div><div class=\"uvc-main-heading ult-responsive\"  data-ultimate-target='.uvc-heading.ultimate-heading-600169e022255b0a0 h2'  data-responsive-json-new='{\"font-size\":\"\",\"line-height\":\"\"}' ><h2 style=\"--font-weight:theme;\">Extractor Ba\u00f1o AIRFLOW 100LUX<\/h2><\/div><div class=\"uvc-sub-heading ult-responsive\"  data-ultimate-target='.uvc-heading.ultimate-heading-600169e022255b0a0 .uvc-sub-heading '  data-responsive-json-new='{\"font-size\":\"\",\"line-height\":\"\"}'  style=\"font-weight:normal;\"><\/p>\n<p style=\"text-align: left;\" data-start=\"50\" data-end=\"149\">Extractor de Ba\u00f1o Silencioso Blanco con Alta Eficiencia y Bajo Consumo Energ\u00e9tico GOLDMAN SERVICE<\/p>\n<p style=\"text-align: left;\" data-start=\"151\" data-end=\"647\">Dise\u00f1ado con solo 45 dB(A), este extractor de ba\u00f1o silencioso mantiene tu hogar libre de humedad y malos olores.<br data-start=\"263\" data-end=\"266\" \/>Volumen de extracci\u00f3n de 54 m\u00b3\/h, este silencioso extractor ba\u00f1o es ideal para mantener tu ba\u00f1o o aseo libre de condensaci\u00f3n y sin malos olores.<br data-start=\"410\" data-end=\"413\" \/>El motor de alta velocidad asegura una excelente circulaci\u00f3n de aire, y el bajo consumo de 12W garantiza un ahorro de energ\u00eda.<br data-start=\"539\" data-end=\"542\" \/>Con v\u00e1lvula antirretorno, que impide que los olores externos se filtren y evita la entrada de insectos.<\/p>\n<p style=\"text-align: left;\" data-start=\"649\" data-end=\"987\">Su di\u00e1metro de 100 mm lo hace perfecto para todo tipo de instalaciones, y su material ABS de alta calidad lo hace resistente a impactos y duradero.<br data-start=\"796\" data-end=\"799\" \/>El color blanco moderno encaja en cualquier decoraci\u00f3n de ba\u00f1o.<br data-start=\"862\" data-end=\"865\" \/>La instalaci\u00f3n es r\u00e1pida y sencilla gracias a las instrucciones en ingl\u00e9s.<br data-start=\"939\" data-end=\"942\" \/>V\u00e1lido para instalaciones de pared y techo.<\/p>\n<p style=\"text-align: left;\" data-start=\"989\" data-end=\"1036\"><strong data-start=\"989\" data-end=\"1034\">Por qu\u00e9 elegir nuestro extractor de ba\u00f1o:<\/strong><\/p>\n<ul data-start=\"1038\" data-end=\"1608\">\n<li style=\"text-align: left;\" data-start=\"1038\" data-end=\"1167\"><strong data-start=\"1040\" data-end=\"1067\">Silencioso y eficiente:<\/strong> Solo 45 dB(A), apenas notar\u00e1s su presencia, pero disfrutar\u00e1s de un aire fresco y seco en tu ba\u00f1o.<\/li>\n<li style=\"text-align: left;\" data-start=\"1168\" data-end=\"1268\"><strong data-start=\"1170\" data-end=\"1203\">Alta capacidad de extracci\u00f3n:<\/strong> Con 54 m\u00b3\/h, ideal para ba\u00f1os sin ventana o espacios peque\u00f1os.<\/li>\n<li style=\"text-align: left;\" data-start=\"1269\" data-end=\"1359\"><strong data-start=\"1271\" data-end=\"1301\">Energ\u00e9ticamente eficiente:<\/strong> Con solo 12 vatios de potencia, 220-240 Voltios, 50 Hz.<\/li>\n<li style=\"text-align: left;\" data-start=\"1360\" data-end=\"1438\"><strong data-start=\"1362\" data-end=\"1384\">Material duradero:<\/strong> Fabricado en ABS de alta calidad, f\u00e1cil de limpiar.<\/li>\n<li style=\"text-align: left;\" data-start=\"1439\" data-end=\"1608\"><strong data-start=\"1441\" data-end=\"1466\">V\u00e1lvula antirretorno:<\/strong> Dos caracter\u00edsticas esenciales que evitan la entrada de malos olores y de insectos molestos.<br data-start=\"1559\" data-end=\"1562\" \/>El paquete incluye la abrazadera del tubo.<\/li>\n<\/ul>\n<p data-start=\"1610\" data-end=\"1946\">Si buscas un extractor de ba\u00f1o silencioso, potente, de bajo consumo energ\u00e9tico y con una instalaci\u00f3n sencilla, este es el producto que necesitas.<br data-start=\"1755\" data-end=\"1758\" \/>Ofrece un rendimiento \u00f3ptimo durante a\u00f1os, este extractor no solo mejorar\u00e1 la calidad del aire en tu ba\u00f1o, sino que tambi\u00e9n proteger\u00e1 tu hogar del exceso de humedad, moho y malos olores.<\/p>\n<p><\/div><\/div><\/div><\/div><\/div><\/div><div class=\"vc_row wpb_row vc_row-fluid\"><div class=\"wpb_column vc_column_container vc_col-sm-6\"><div class=\"vc_column-inner\"><div class=\"wpb_wrapper\"><\/div><\/div><\/div><div class=\"wpb_column vc_column_container vc_col-sm-6\"><div class=\"vc_column-inner\"><div class=\"wpb_wrapper\"><\/div><\/div><\/div><\/div><div class=\"vc_row wpb_row vc_row-fluid\"><div class=\"wpb_column vc_column_container vc_col-sm-12\"><div class=\"vc_column-inner\"><div class=\"wpb_wrapper\"><div class=\"vc_btn3-container vc_btn3-inline\" ><a class=\"vc_general vc_btn3 vc_btn3-size-lg vc_btn3-shape-rounded vc_btn3-style-modern vc_btn3-color-danger\" href=\"https:\/\/goldmanservice.com\/wp-content\/uploads\/2024\/10\/Extractor-Airflow-100-LUX.pdf\" title=\"Descargar Manual Instrucciones y T\u00e9cnica\">Descargue Manual Instrucciones<\/a><\/div><\/div><\/div><\/div><\/div>\n<\/div>","protected":false},"excerpt":{"rendered":"<p class=\"a-size-large a-spacing-none\"><span class=\"a-size-large product-title-word-break\">MODELO: AIRFLOW 100LUX.<br \/>\nExtractor Ba\u00f1o\u00a0 Silencioso Ventilador Extractor de Aire Potente Anti Humedad Olores V\u00e1lvula Antirretorno | Di\u00e1metro: 100<br \/>\n<\/span><\/p>\n<ul class=\"a-unordered-list a-vertical a-spacing-mini\">\n<li class=\"a-spacing-mini\"><span class=\"a-list-item\">\u2705SILENCIOSO &#8211; Extractor de ba\u00f1o blanco con solo 45 dB(A), garantiza una ventilaci\u00f3n eficaz sin ruidos molestos, manteniendo tu ba\u00f1o libre de humedad y malos olores.<\/span><\/li>\n<li class=\"a-spacing-mini\"><span class=\"a-list-item\">\u2705 POTENTE FLUJO DE AIRE &#8211; Extractores de humedad con potente motor extrae hasta 54 m\u00b3\/h, asegurando un ambiente fresco y sin condensaci\u00f3n, ideal para ba\u00f1os y espacios sin ventanas.<\/span><\/li>\n<li class=\"a-spacing-mini\"><span class=\"a-list-item\">\u2705V\u00c1LVULA ANTIRRETORNO &#8211; Extractor aire antirretorno evita la entrada de malos olores e insectos gracias a su avanzada v\u00e1lvula antirretorno integrada. M\u00e1xima higiene para tu ba\u00f1o. Otros usos: cocinas, \u00e1ticos, dormitorios, s\u00f3tanos, garajes y salas de estar, ventilador ventana.<\/span><\/li>\n<li class=\"a-spacing-mini\"><span class=\"a-list-item\">\u2705AHORRO ENERG\u00c9TICO &#8211; Con solo 12 vatios de potencia, este extractor ofrece un alto rendimiento con bajo consumo energ\u00e9tico, ideal para usos prolongados y respetuoso con el medio ambiente.<\/span><\/li>\n<li class=\"a-spacing-mini\"><span class=\"a-list-item\">\u2705F\u00c1CIL INSTALACI\u00d3N &#8211; Extractor de ba\u00f1o 100mm de tubo de di\u00e1metro universal que incluye abrazadera, fabricado en ABS de alta calidad con dise\u00f1o es elegante y resistente. V\u00e1lido instalaci\u00f3n en pared y techo, encendiendo y apagando con el interruptor de la luz.<\/span><\/li>\n<\/ul>","protected":false},"featured_media":38528,"template":"","meta":[],"product_brand":[],"product_cat":[88,339,332,87,336],"product_tag":[],"class_list":{"0":"post-38521","1":"product","2":"type-product","3":"status-publish","4":"has-post-thumbnail","6":"product_cat-climatizacion","7":"product_cat-accesorios","8":"product_cat-hogar-y-cocina","9":"product_cat-hosteleria","10":"product_cat-ventilacion","11":"description-off","13":"first","14":"instock","15":"taxable","16":"shipping-taxable","17":"purchasable","18":"product-type-simple"},"_links":{"self":[{"href":"https:\/\/goldmanservice.com\/en\/wp-json\/wp\/v2\/product\/38521","targetHints":{"allow":["GET"]}}],"collection":[{"href":"https:\/\/goldmanservice.com\/en\/wp-json\/wp\/v2\/product"}],"about":[{"href":"https:\/\/goldmanservice.com\/en\/wp-json\/wp\/v2\/types\/product"}],"wp:featuredmedia":[{"embeddable":true,"href":"https:\/\/goldmanservice.com\/en\/wp-json\/wp\/v2\/media\/38528"}],"wp:attachment":[{"href":"https:\/\/goldmanservice.com\/en\/wp-json\/wp\/v2\/media?parent=38521"}],"wp:term":[{"taxonomy":"product_brand","embeddable":true,"href":"https:\/\/goldmanservice.com\/en\/wp-json\/wp\/v2\/product_brand?post=38521"},{"taxonomy":"product_cat","embeddable":true,"href":"https:\/\/goldmanservice.com\/en\/wp-json\/wp\/v2\/product_cat?post=38521"},{"taxonomy":"product_tag","embeddable":true,"href":"https:\/\/goldmanservice.com\/en\/wp-json\/wp\/v2\/product_tag?post=38521"}],"curies":[{"name":"wp","href":"https:\/\/api.w.org\/{rel}","templated":true}]}}