{"id":38530,"date":"2025-02-26T13:32:20","date_gmt":"2025-02-26T12:32:20","guid":{"rendered":"https:\/\/goldmanservice.com\/?post_type=product&#038;p=38530"},"modified":"2026-02-17T09:48:29","modified_gmt":"2026-02-17T08:48:29","slug":"bomba-de-condensado-aire-acondicionado-silenciosa","status":"publish","type":"product","link":"https:\/\/goldmanservice.com\/en\/climatizacion\/bomba-de-condensado-aire-acondicionado-silenciosa\/","title":{"rendered":"Bomba de Condensado Autom\u00e1tica Silenciosa Aire Acondicionado | Flujo 80 Litros\/Hora"},"content":{"rendered":"<div class=\"wpb-content-wrapper\"><div class=\"vc_row wpb_row vc_row-fluid\"><div class=\"wpb_column vc_column_container vc_col-sm-6\"><div class=\"vc_column-inner\"><div class=\"wpb_wrapper\"><div id=\"ultimate-video-347569e02235554a8\" class=\"ult-video  ult-adjust-bottom-margin ultimate-video-347569e02235554a8 ultv-2493\"><div class=\"ultv-video ultv-aspect-ratio-16_9 ultv-subscribe-responsive-none\" data-videotype=\"uv_iframe\">\n\t\t\t\t\t\t<div class=\"ultv-video__outer-wrap\" data-autoplay=\"0\" data-device=\"false\"  data-iconbg=\"#3A3A3A\" data-overcolor=\"#00000000\" data-defaultbg=\"#1f1f1e\" data-defaultplay=\"defaulticon\"><div class=\"ultv-video__play\" data-src=\"https:\/\/www.youtube.com\/embed\/W83Plr4wxJI?rel=0&#038;start&#038;end&#038;controls=1&#038;mute=0&#038;modestbranding=0&#038;autoplay=1\">\n\t\t\t\t\t\t\t\t<img decoding=\"async\" class=\"ultv-video__thumb\" src=\"https:\/\/goldmanservice.com\/wp-content\/uploads\/2025\/02\/bomba-condensado-aire-acondicionado.jpg\"\/>\n\t\t\t\t\t\t\t\t<div class=\"ultv-video__play-icon  ultv-animation-none\" style=\"width:75px\"><svg height=\"100%\" version=\"1.1\" viewbox=\"0 0 68 48\" width=\"100%\"><path class=\"ultv-youtube-icon-bg\" d=\"m .66,37.62 c 0,0 .66,4.70 2.70,6.77 2.58,2.71 5.98,2.63 7.49,2.91 5.43,.52 23.10,.68 23.12,.68 .00,-1.3e-5 14.29,-0.02 23.81,-0.71 1.32,-0.15 4.22,-0.17 6.81,-2.89 2.03,-2.07 2.70,-6.77 2.70,-6.77 0,0 .67,-5.52 .67,-11.04 l 0,-5.17 c 0,-5.52 -0.67,-11.04 -0.67,-11.04 0,0 -0.66,-4.70 -2.70,-6.77 C 62.03,.86 59.13,.84 57.80,.69 48.28,0 34.00,0 34.00,0 33.97,0 19.69,0 10.18,.69 8.85,.84 5.95,.86 3.36,3.58 1.32,5.65 .66,10.35 .66,10.35 c 0,0 -0.55,4.50 -0.66,9.45 l 0,8.36 c .10,4.94 .66,9.45 .66,9.45 z\" fill=\"#1f1f1e\" ><\/path><path d=\"m 26.96,13.67 18.37,9.62 -18.37,9.55 -0.00,-19.17 z\" fill=\"#fff\"><\/path><path d=\"M 45.02,23.46 45.32,23.28 26.96,13.67 43.32,22.34 45.02,23.46 z\" fill=\"#ccc\"><\/path><\/svg><\/div> <\/div> <\/div><\/div><\/div><\/div><\/div><\/div><div class=\"wpb_column vc_column_container vc_col-sm-6\"><div class=\"vc_column-inner\"><div class=\"wpb_wrapper\"><div id=\"ultimate-heading-87569e022355593b\" class=\"uvc-heading ult-adjust-bottom-margin ultimate-heading-87569e022355593b uvc-649  uvc-heading-default-font-sizes\" data-hspacer=\"no_spacer\"  data-halign=\"center\" style=\"text-align:center\"><div class=\"uvc-heading-spacer no_spacer\" style=\"top\"><\/div><div class=\"uvc-main-heading ult-responsive\"  data-ultimate-target='.uvc-heading.ultimate-heading-87569e022355593b h2'  data-responsive-json-new='{\"font-size\":\"\",\"line-height\":\"\"}' ><h2 style=\"--font-weight:theme;\">Bomba Condensado Aire Acondicionado<\/h2><\/div><div class=\"uvc-sub-heading ult-responsive\"  data-ultimate-target='.uvc-heading.ultimate-heading-87569e022355593b .uvc-sub-heading '  data-responsive-json-new='{\"font-size\":\"\",\"line-height\":\"\"}'  style=\"font-weight:normal;\"><\/p>\n<p style=\"text-align: left;\" data-start=\"50\" data-end=\"504\">\u00a1Descubre la soluci\u00f3n definitiva para deshacerte del agua de condensaci\u00f3n de tu aire acondicionado split! Nuestra Bomba de agua autom\u00e1tica, junto con su dep\u00f3sito especial, est\u00e1n dise\u00f1ados para la recogida y descarga de la condensaci\u00f3n. Adem\u00e1s, su tama\u00f1o compacto y el sencillo proceso de cableado hacen que la instalaci\u00f3n sea r\u00e1pida y sin complicaciones. \u00a1Di adi\u00f3s a los problemas de achique de agua acumulada con nuestra soluci\u00f3n compacta y eficiente!<\/p>\n<p style=\"text-align: left;\" data-start=\"506\" data-end=\"543\"><strong data-start=\"506\" data-end=\"541\">Notas importantes del producto:<\/strong><\/p>\n<p style=\"text-align: left;\" data-start=\"545\" data-end=\"620\"><strong data-start=\"545\" data-end=\"618\">\u00bfPara qu\u00e9 sirve la bomba para condensados desag\u00fce aire acondicionado?<\/strong><\/p>\n<p style=\"text-align: left;\" data-start=\"622\" data-end=\"858\">La bomba desag\u00fce aire acondicionado es \u00fatil en una variedad de sistemas, no s\u00f3lo en las unidades de refrigeraci\u00f3n, sino tambi\u00e9n en unidades de calefacci\u00f3n y ventilaci\u00f3n. Dimensiones reducidas para espacios limitados, 100 mm de altura.<\/p>\n<p style=\"text-align: left;\" data-start=\"860\" data-end=\"1258\">La principal utilidad de este accesorio es precisamente su capacidad para evacuar el agua generada por condensaci\u00f3n en aquellos casos en los que la gravedad sea nula o negativa. As\u00ed, la bomba condensados aire acondicionado puede servir cuando el nivel del desag\u00fce se encuentra por encima del equipo de aire acondicionado. Tambi\u00e9n en edificios en los que no est\u00e1n permitidos los desag\u00fces externos.<\/p>\n<p style=\"text-align: left;\" data-start=\"1260\" data-end=\"1624\">Es importante que siga los pasos del manual de instrucciones cuidadosamente en todos los idiomas. Antes de realizar cualquier operaci\u00f3n en la bomba, aseg\u00farese de que la instalaci\u00f3n est\u00e9 desconectada del suministro el\u00e9ctrico. La bomba ha sido evaluada para uso exclusivo con agua. <strong data-start=\"1540\" data-end=\"1555\">Importante:<\/strong> No haga funcionar esta bomba en seco. No incluye tubos de drenaje.<\/p>\n<p style=\"text-align: left;\" data-start=\"1626\" data-end=\"1647\"><strong data-start=\"1626\" data-end=\"1645\">Datos t\u00e9cnicos:<\/strong><\/p>\n<ul data-start=\"1649\" data-end=\"2033\">\n<li style=\"text-align: left;\" data-start=\"1649\" data-end=\"1670\"><strong data-start=\"1651\" data-end=\"1662\">Modelo:<\/strong> PC-80<\/li>\n<li style=\"text-align: left;\" data-start=\"1671\" data-end=\"1702\"><strong data-start=\"1673\" data-end=\"1685\">Voltaje:<\/strong> 230V (50-50Hz)<\/li>\n<li style=\"text-align: left;\" data-start=\"1703\" data-end=\"1755\"><strong data-start=\"1705\" data-end=\"1735\">Altura m\u00e1xima de descarga:<\/strong> 2 metros (6.5 ft)<\/li>\n<li style=\"text-align: left;\" data-start=\"1756\" data-end=\"1809\"><strong data-start=\"1758\" data-end=\"1779\">Flujo de desag\u00fce:<\/strong> M\u00e1x. 80 Litros\/Hora (21GPH)<\/li>\n<li style=\"text-align: left;\" data-start=\"1810\" data-end=\"1850\"><strong data-start=\"1812\" data-end=\"1837\">Capacidad del Tanque:<\/strong> 0,5 Litros<\/li>\n<li style=\"text-align: left;\" data-start=\"1851\" data-end=\"1915\"><strong data-start=\"1853\" data-end=\"1878\">Nivel de sonido a 1m:<\/strong> 23dB(A). Silencioso, sin vibraci\u00f3n<\/li>\n<li style=\"text-align: left;\" data-start=\"1916\" data-end=\"1960\"><strong data-start=\"1918\" data-end=\"1945\">Temperatura de trabajo:<\/strong> 0 \u00b0C \u2013 50 \u00b0C<\/li>\n<li style=\"text-align: left;\" data-start=\"1961\" data-end=\"1992\"><strong data-start=\"1963\" data-end=\"1984\">Peso del paquete:<\/strong> 560gr<\/li>\n<li style=\"text-align: left;\" data-start=\"1993\" data-end=\"2033\"><strong data-start=\"1995\" data-end=\"2019\">Medidas del paquete:<\/strong> 21x11x10 cm<\/li>\n<\/ul>\n<p><\/div><\/div><\/div><\/div><\/div><\/div><div class=\"vc_row wpb_row vc_row-fluid\"><div class=\"wpb_column vc_column_container vc_col-sm-12\"><div class=\"vc_column-inner\"><div class=\"wpb_wrapper\"><div class=\"vc_btn3-container vc_btn3-inline\" ><a class=\"vc_general vc_btn3 vc_btn3-size-lg vc_btn3-shape-rounded vc_btn3-style-modern vc_btn3-color-danger\" href=\"https:\/\/goldmanservice.com\/wp-content\/uploads\/2024\/11\/Manual-Bomba-80L-1.pdf\" title=\"Descargar Manual Instrucciones y T\u00e9cnica\">Descarga Manual Instrucciones<\/a><\/div><\/div><\/div><\/div><\/div>\n<\/div>","protected":false},"excerpt":{"rendered":"<p class=\"a-size-large a-spacing-none\"><span class=\"a-size-large product-title-word-break\">Bomba de Condensado Autom\u00e1tica Silenciosa para Drenaje y Desag\u00fce de Agua de Aire Acondicionado | Flujo 80 Litros\/Hora<br \/>\n<\/span><\/p>\n<p><span class=\"a-list-item\">\u2705UTILIDADES: Soluci\u00f3n compacta y eficiente para eliminar el agua de condensaci\u00f3n de aire acondicionado climatizador split, todo tipo de HVAC, calefacci\u00f3n, deshumidificadores, muebles refrigeradores, m\u00e1quinas de hielo y otros equipos que requieren una bomba de drenaje autom\u00e1tica<\/span><\/p>\n<p><span class=\"a-list-item\">\u2705INCLUYE: Bomba de condensados aire acondicionado Modelo PC-80A con capacidad de drenaje Max. 80 Litros \/ Hora (21GPH), Dep\u00f3sito agua 0,5 Litros de capacidad. Conexiones. Manual de instrucciones. No incluye tubo de drenaje<\/span><\/p>\n<p><span class=\"a-list-item\">\u2705SILENCIOSA: Nivel de sonido a un 1m de distancia: 23 dB(A), con su dise\u00f1o compacto Silent, ultra silencioso. Se integra f\u00e1cilmente en sistemas existentes sin interrumpir la armon\u00eda de tu hogar u oficina<\/span><\/p>\n<p><span class=\"a-list-item\">\u2705F\u00c1CIL INSTALACI\u00d3N: Compacta (100 mm de altura) para espacios limitados. R\u00e1pida de montar, con cableado simple e instruciones de montaje. Drena autom\u00e1ticamente el agua de condensaci\u00f3n, evitando estancamientos y da\u00f1os<\/span><\/p>\n<p><span class=\"a-list-item\">\u2705VIDA UTIL: Prolongar\u00e1s la vida \u00fatil de tu sistema de aire acondicionado con el disipador de agua para aire acondicionado Silencioso mientras disfrutas de un ambiente fresco y libre de preocupaciones<\/span><\/p>\n<h1 id=\"title\" class=\"a-size-large a-spacing-none\"><span id=\"productTitle\" class=\"a-size-large product-title-word-break\">\u00a0<\/span><\/h1>","protected":false},"featured_media":38537,"template":"","meta":[],"product_brand":[],"product_cat":[88,340],"product_tag":[],"class_list":{"0":"post-38530","1":"product","2":"type-product","3":"status-publish","4":"has-post-thumbnail","6":"product_cat-climatizacion","7":"product_cat-aire-acondicionado","8":"description-off","10":"first","11":"instock","12":"taxable","13":"shipping-taxable","14":"purchasable","15":"product-type-simple"},"_links":{"self":[{"href":"https:\/\/goldmanservice.com\/en\/wp-json\/wp\/v2\/product\/38530","targetHints":{"allow":["GET"]}}],"collection":[{"href":"https:\/\/goldmanservice.com\/en\/wp-json\/wp\/v2\/product"}],"about":[{"href":"https:\/\/goldmanservice.com\/en\/wp-json\/wp\/v2\/types\/product"}],"wp:featuredmedia":[{"embeddable":true,"href":"https:\/\/goldmanservice.com\/en\/wp-json\/wp\/v2\/media\/38537"}],"wp:attachment":[{"href":"https:\/\/goldmanservice.com\/en\/wp-json\/wp\/v2\/media?parent=38530"}],"wp:term":[{"taxonomy":"product_brand","embeddable":true,"href":"https:\/\/goldmanservice.com\/en\/wp-json\/wp\/v2\/product_brand?post=38530"},{"taxonomy":"product_cat","embeddable":true,"href":"https:\/\/goldmanservice.com\/en\/wp-json\/wp\/v2\/product_cat?post=38530"},{"taxonomy":"product_tag","embeddable":true,"href":"https:\/\/goldmanservice.com\/en\/wp-json\/wp\/v2\/product_tag?post=38530"}],"curies":[{"name":"wp","href":"https:\/\/api.w.org\/{rel}","templated":true}]}}