{"id":38540,"date":"2025-02-27T13:09:06","date_gmt":"2025-02-27T12:09:06","guid":{"rendered":"https:\/\/goldmanservice.com\/?post_type=product&#038;p=38540"},"modified":"2025-02-27T13:09:06","modified_gmt":"2025-02-27T12:09:06","slug":"grifo-cocina-fregadero-monomando","status":"publish","type":"product","link":"https:\/\/goldmanservice.com\/en\/hosteleria\/griferia-industrial\/grifo-cocina-fregadero-monomando\/","title":{"rendered":"Grifo de Fregadero Monomando Ca\u00f1o Alto Giratorio 360\u00b0"},"content":{"rendered":"<div class=\"wpb-content-wrapper\"><div class=\"vc_row wpb_row vc_row-fluid\"><div class=\"wpb_column vc_column_container vc_col-sm-6\"><div class=\"vc_column-inner\"><div class=\"wpb_wrapper\"><div id=\"ultimate-video-401469dff261561f7\" class=\"ult-video  ult-adjust-bottom-margin ultimate-video-401469dff261561f7 ultv-2737\"><div class=\"ultv-video ultv-aspect-ratio-16_9 ultv-subscribe-responsive-none\" data-videotype=\"uv_iframe\">\n\t\t\t\t\t\t<div class=\"ultv-video__outer-wrap\" data-autoplay=\"0\" data-device=\"false\"  data-iconbg=\"#3A3A3A\" data-overcolor=\"#DD3333\" data-defaultbg=\"#1f1f1e\" data-defaultplay=\"defaulticon\"><div class=\"ultv-video__play\" data-src=\"https:\/\/www.youtube.com\/embed\/bkleJLA9_AU?rel=0&#038;start&#038;end&#038;controls=1&#038;mute=0&#038;modestbranding=0&#038;autoplay=1\">\n\t\t\t\t\t\t\t\t<img decoding=\"async\" class=\"ultv-video__thumb\" src=\"https:\/\/i.ytimg.com\/vi\/bkleJLA9_AU\/hqdefault.jpg\"\/>\n\t\t\t\t\t\t\t\t<div class=\"ultv-video__play-icon  ultv-animation-none\" style=\"width:75px\"><svg height=\"100%\" version=\"1.1\" viewbox=\"0 0 68 48\" width=\"100%\"><path class=\"ultv-youtube-icon-bg\" d=\"m .66,37.62 c 0,0 .66,4.70 2.70,6.77 2.58,2.71 5.98,2.63 7.49,2.91 5.43,.52 23.10,.68 23.12,.68 .00,-1.3e-5 14.29,-0.02 23.81,-0.71 1.32,-0.15 4.22,-0.17 6.81,-2.89 2.03,-2.07 2.70,-6.77 2.70,-6.77 0,0 .67,-5.52 .67,-11.04 l 0,-5.17 c 0,-5.52 -0.67,-11.04 -0.67,-11.04 0,0 -0.66,-4.70 -2.70,-6.77 C 62.03,.86 59.13,.84 57.80,.69 48.28,0 34.00,0 34.00,0 33.97,0 19.69,0 10.18,.69 8.85,.84 5.95,.86 3.36,3.58 1.32,5.65 .66,10.35 .66,10.35 c 0,0 -0.55,4.50 -0.66,9.45 l 0,8.36 c .10,4.94 .66,9.45 .66,9.45 z\" fill=\"#1f1f1e\" ><\/path><path d=\"m 26.96,13.67 18.37,9.62 -18.37,9.55 -0.00,-19.17 z\" fill=\"#fff\"><\/path><path d=\"M 45.02,23.46 45.32,23.28 26.96,13.67 43.32,22.34 45.02,23.46 z\" fill=\"#ccc\"><\/path><\/svg><\/div> <\/div> <\/div><\/div><\/div><\/div><\/div><\/div><div class=\"wpb_column vc_column_container vc_col-sm-6\"><div class=\"vc_column-inner\"><div class=\"wpb_wrapper\"><div id=\"ultimate-heading-424069dff26156453\" class=\"uvc-heading ult-adjust-bottom-margin ultimate-heading-424069dff26156453 uvc-8021  uvc-heading-default-font-sizes\" data-hspacer=\"no_spacer\"  data-halign=\"center\" style=\"text-align:center\"><div class=\"uvc-heading-spacer no_spacer\" style=\"top\"><\/div><div class=\"uvc-main-heading ult-responsive\"  data-ultimate-target='.uvc-heading.ultimate-heading-424069dff26156453 h2'  data-responsive-json-new='{\"font-size\":\"\",\"line-height\":\"\"}' ><h2 style=\"--font-weight:theme;\">Grifo de Cocina Monomando Ca\u00f1o Alto Giratorio 360\u00ba<\/h2><\/div><div class=\"uvc-sub-heading ult-responsive\"  data-ultimate-target='.uvc-heading.ultimate-heading-424069dff26156453 .uvc-sub-heading '  data-responsive-json-new='{\"font-size\":\"\",\"line-height\":\"\"}'  style=\"font-weight:normal;\"><\/p>\n<p style=\"text-align: left;\">El grifo fregadero cocina monomando combina elegancia y funcionalidad, siendo una opci\u00f3n perfecta para cocinas modenernas. Fabricado con materiales de alta calidad, este grifo de cocina acero inoxidable garantiza durabilidad y resistencia a la corrosi\u00f3n, ideal para un uso prolongado. Su dise\u00f1o moderno incluye un ca\u00f1o alto giratorio 360\u00b0, ofreciendo m\u00e1xima flexibilidad y comodidad para todas tus tareas en el fregadero. Adem\u00e1s, el grifo de fregadero cuenta con un sistema Economy Water que reduce el consumo de agua sin afectar su rendimiento, haciendo que sea una elecci\u00f3n sostenible y eficiente. Este grifo cocina fregadero se adapta f\u00e1cilmente a diferentes estilos de decoraci\u00f3n, desde lo minimalista hasta lo sofisticado, aportando un toque elegante a tu cocina. Si buscas una opci\u00f3n audaz, la torneira de cozinha preta es ideal para crear un espacio con personalidad. Este grifo no solo es funcional, sino tambi\u00e9n un elemento decorativo que realza la est\u00e9tica de tu hogar. Mantenimiento Simple: La boquilla desmontable con filtro interno f\u00e1cil de limpiar simplifica el mantenimiento. Olv\u00eddate de la acumulaci\u00f3n de sedimentos; desenrosca, limpia y disfruta de un flujo de agua puro y eficiente en segundos. Datos T\u00e9cnicos del Grifo: Material: Acero inoxidable 304. Altura total: 405 mm; Altura del ca\u00f1o: 287,5 mm. Conexi\u00f3n manguitos: G1\/2 pulgada. Peso del grifo: 1,28 kg; Con embalaje: 1,75 kg. Dimensiones del embalaje: 41 x 22 x 6 cm. Rotaci\u00f3n: 360\u00b0. Incluye: Manguitos, juntas y anclajes. Sistema: Economy Water con filtro desmontable.<\/p>\n<p><\/div><\/div><\/div><\/div><\/div><\/div><div class=\"vc_row wpb_row vc_row-fluid\"><div class=\"wpb_column vc_column_container vc_col-sm-12\"><div class=\"vc_column-inner\"><div class=\"wpb_wrapper\"><\/div><\/div><\/div><\/div>\n<\/div>","protected":false},"excerpt":{"rendered":"<p class=\"a-size-large a-spacing-none\"><span class=\"a-size-large product-title-word-break\">Grifo de Fregadero Monomando Ca\u00f1o Alto Giratorio 360\u00b0 Grifo Cocina Modernos de Acero Inoxidable, Grifo de Cocina con Sistema Economy Water, Grifos Cocina Fregadero Elegantes<br \/>\n<\/span><\/p>\n<p><span class=\"a-list-item\">\u2705 Dise\u00f1o Moderno y Funcional: El grifo monomando para cocina de dise\u00f1o moderno combina funcionalidad y estilo. Este grifo cocina acero inoxidable con acabado resistente ofrece un ca\u00f1o giratorio 360\u00b0 para mayor comodidad. Ideal para cualquier grifo de fregadero moderno y pr\u00e1ctico.<\/span><\/p>\n<p><span class=\"a-list-item\">\u2705Calidad y Eficiencia en el Agua: Grifo fregadero cocina fabricado en materiales de alta calidad, resistente a la corrosi\u00f3n y f\u00e1cil de limpiar. Grifo de fregadero con sistema Economy Water, que reduce el consumo de agua sin comprometer el rendimiento. Perfecto para grifos de cocina elegantes.<\/span><\/p>\n<p><span class=\"a-list-item\">\u2705Dise\u00f1o Ergon\u00f3mico y Duradero: Grifo de cocina acero inoxidable con dise\u00f1o ergon\u00f3mico, ideal para el uso diario. Este grifo cocina fregadero es vers\u00e1til y pr\u00e1ctico, con instalaci\u00f3n sencilla, incluye anclajes, maguitos y juntas. Conexi\u00f3n de G1\/2 Pulgada. Una soluci\u00f3n duradera para tu hogar.<\/span><\/p>\n<p><span class=\"a-list-item\">\u2705Tecnolog\u00eda Avanzada y Estilo: Grifos de cocina para fregadero con tecnolog\u00eda avanzada con flujo de agua suave, sin salpicaduras. Limpieza sin esfuerzo, Boquilla desmontable y filtro interno f\u00e1cil de limpiar.<\/span><\/p>\n<p><span class=\"a-list-item\">\u2705 Elegancia para cocinas: Para cocinas modernas, grifo de cocina monomando con un dise\u00f1o elegante y moderno, ideal para cocinas contempor\u00e1neas. Este grifo fregadero combina innovaci\u00f3n y estilo, lo que lo convierte en una opci\u00f3n confiable para quienes buscan un grifo de cocina duradero y est\u00e9tico.<\/span><\/p>\n<h1 id=\"title\" class=\"a-size-large a-spacing-none\"><span id=\"productTitle\" class=\"a-size-large product-title-word-break\">\u00a0<\/span><\/h1>","protected":false},"featured_media":38547,"template":"","meta":[],"product_brand":[],"product_cat":[335,87],"product_tag":[],"class_list":{"0":"post-38540","1":"product","2":"type-product","3":"status-publish","4":"has-post-thumbnail","6":"product_cat-griferia-industrial","7":"product_cat-hosteleria","8":"description-off","10":"first","11":"instock","12":"taxable","13":"shipping-taxable","14":"purchasable","15":"product-type-simple"},"_links":{"self":[{"href":"https:\/\/goldmanservice.com\/en\/wp-json\/wp\/v2\/product\/38540","targetHints":{"allow":["GET"]}}],"collection":[{"href":"https:\/\/goldmanservice.com\/en\/wp-json\/wp\/v2\/product"}],"about":[{"href":"https:\/\/goldmanservice.com\/en\/wp-json\/wp\/v2\/types\/product"}],"wp:featuredmedia":[{"embeddable":true,"href":"https:\/\/goldmanservice.com\/en\/wp-json\/wp\/v2\/media\/38547"}],"wp:attachment":[{"href":"https:\/\/goldmanservice.com\/en\/wp-json\/wp\/v2\/media?parent=38540"}],"wp:term":[{"taxonomy":"product_brand","embeddable":true,"href":"https:\/\/goldmanservice.com\/en\/wp-json\/wp\/v2\/product_brand?post=38540"},{"taxonomy":"product_cat","embeddable":true,"href":"https:\/\/goldmanservice.com\/en\/wp-json\/wp\/v2\/product_cat?post=38540"},{"taxonomy":"product_tag","embeddable":true,"href":"https:\/\/goldmanservice.com\/en\/wp-json\/wp\/v2\/product_tag?post=38540"}],"curies":[{"name":"wp","href":"https:\/\/api.w.org\/{rel}","templated":true}]}}