{"id":38574,"date":"2025-03-03T13:46:24","date_gmt":"2025-03-03T12:46:24","guid":{"rendered":"https:\/\/goldmanservice.com\/?post_type=product&#038;p=38574"},"modified":"2025-03-03T13:46:24","modified_gmt":"2025-03-03T12:46:24","slug":"enjuagador-de-vidrio-automatico-de-alta-presion-para-fregadero-cocina-con-vasija","status":"publish","type":"product","link":"https:\/\/goldmanservice.com\/en\/hosteleria\/enjuagador-de-vidrio-automatico-de-alta-presion-para-fregadero-cocina-con-vasija\/","title":{"rendered":"Enjuagador de Vidrio Autom\u00e1tico de Alta Presi\u00f3n para Fregadero Cocina con Vasija"},"content":{"rendered":"<div class=\"wpb-content-wrapper\"><div class=\"vc_row wpb_row vc_row-fluid\"><div class=\"wpb_column vc_column_container vc_col-sm-6\"><div class=\"vc_column-inner\"><div class=\"wpb_wrapper\"><div id=\"ultimate-video-126969e2133c776a3\" class=\"ult-video  ult-adjust-bottom-margin ultimate-video-126969e2133c776a3 ultv-611\"><div class=\"ultv-video ultv-aspect-ratio-16_9 ultv-subscribe-responsive-none\" data-videotype=\"uv_iframe\">\n\t\t\t\t\t\t<div class=\"ultv-video__outer-wrap\" data-autoplay=\"0\" data-device=\"false\"  data-iconbg=\"#3A3A3A\" data-overcolor=\"#DD3333\" data-defaultbg=\"#1f1f1e\" data-defaultplay=\"defaulticon\"><div class=\"ultv-video__play\" data-src=\"https:\/\/www.youtube.com\/embed\/JgRG8sP-mz4?rel=0&#038;start&#038;end&#038;controls=1&#038;mute=0&#038;modestbranding=0&#038;autoplay=1\">\n\t\t\t\t\t\t\t\t<img decoding=\"async\" class=\"ultv-video__thumb\" src=\"https:\/\/i.ytimg.com\/vi\/JgRG8sP-mz4\/hqdefault.jpg\"\/>\n\t\t\t\t\t\t\t\t<div class=\"ultv-video__play-icon  ultv-animation-none\" style=\"width:75px\"><svg height=\"100%\" version=\"1.1\" viewbox=\"0 0 68 48\" width=\"100%\"><path class=\"ultv-youtube-icon-bg\" d=\"m .66,37.62 c 0,0 .66,4.70 2.70,6.77 2.58,2.71 5.98,2.63 7.49,2.91 5.43,.52 23.10,.68 23.12,.68 .00,-1.3e-5 14.29,-0.02 23.81,-0.71 1.32,-0.15 4.22,-0.17 6.81,-2.89 2.03,-2.07 2.70,-6.77 2.70,-6.77 0,0 .67,-5.52 .67,-11.04 l 0,-5.17 c 0,-5.52 -0.67,-11.04 -0.67,-11.04 0,0 -0.66,-4.70 -2.70,-6.77 C 62.03,.86 59.13,.84 57.80,.69 48.28,0 34.00,0 34.00,0 33.97,0 19.69,0 10.18,.69 8.85,.84 5.95,.86 3.36,3.58 1.32,5.65 .66,10.35 .66,10.35 c 0,0 -0.55,4.50 -0.66,9.45 l 0,8.36 c .10,4.94 .66,9.45 .66,9.45 z\" fill=\"#1f1f1e\" ><\/path><path d=\"m 26.96,13.67 18.37,9.62 -18.37,9.55 -0.00,-19.17 z\" fill=\"#fff\"><\/path><path d=\"M 45.02,23.46 45.32,23.28 26.96,13.67 43.32,22.34 45.02,23.46 z\" fill=\"#ccc\"><\/path><\/svg><\/div> <\/div> <\/div><\/div><\/div><\/div><\/div><\/div><div class=\"wpb_column vc_column_container vc_col-sm-6\"><div class=\"vc_column-inner\"><div class=\"wpb_wrapper\"><div id=\"ultimate-heading-500169e2133c7791f\" class=\"uvc-heading ult-adjust-bottom-margin ultimate-heading-500169e2133c7791f uvc-9818  uvc-heading-default-font-sizes\" data-hspacer=\"no_spacer\"  data-halign=\"center\" style=\"text-align:center\"><div class=\"uvc-heading-spacer no_spacer\" style=\"top\"><\/div><div class=\"uvc-main-heading ult-responsive\"  data-ultimate-target='.uvc-heading.ultimate-heading-500169e2133c7791f h2'  data-responsive-json-new='{\"font-size\":\"\",\"line-height\":\"\"}' ><h2 style=\"--font-weight:theme;\"> Descripci\u00f3n del producto<\/h2><\/div><div class=\"uvc-sub-heading ult-responsive\"  data-ultimate-target='.uvc-heading.ultimate-heading-500169e2133c7791f .uvc-sub-heading '  data-responsive-json-new='{\"font-size\":\"\",\"line-height\":\"\"}'  style=\"font-weight:normal;\"><\/p>\n<p style=\"text-align: left;\">Enjuagador de Vidrio Autom\u00e1tico de Alta Presi\u00f3n para Fregadero \u2013 Limpieza R\u00e1pida y Eficiente<\/p>\n<p style=\"text-align: left;\">Descubre el Limpiador de Vidrio Autom\u00e1tico de Alta Presi\u00f3n para Fregadero, dise\u00f1ado para ofrecer una limpieza eficiente y sin esfuerzo. Sus 5 potentes chorros de agua de alta presi\u00f3n garantizan una limpieza profunda, alcanzando los rincones m\u00e1s dif\u00edciles donde los cepillos tradicionales no llegan. \u00a1Elimina manchas persistentes y residuos secos en segundos!<\/p>\n<p style=\"text-align: left;\">El actuador negro de 11,5 cm limpia recipientes de diferentes tama\u00f1os, desde copas de vino hasta botellas deportivas y biberones con di\u00e1metros entre 1,52 cm y 12 cm.<\/p>\n<p style=\"text-align: left;\">Calidad y durabilidad premium: Vasija recipiente con desag\u00fce fabricado con acero inoxidable y acabado en n\u00edquel cepillado, este enjuagador es resistente a la corrosi\u00f3n y las manchas.<\/p>\n<p style=\"text-align: left;\">Eficiencia y ahorro de agua: La v\u00e1lvula antirretorno integrada previene el flujo inverso y optimiza el consumo de agua, evitando golpes de ariete y protegiendo la fontaner\u00eda. Instalaci\u00f3n f\u00e1cil y universal: Incluye tubo manguito largo 1 metro conexiones de m\u00e9trica 1\/2&#8243; para una instalaci\u00f3n sencilla. Junta aislante goma negra. Compatible con fregaderos est\u00e1ndar, podr\u00e1s montarlo en minutos sin herramientas especiales.<\/p>\n<p style=\"text-align: left;\">Medidas y versatilidad: Di\u00e1metro del actuador: 11,5 cm | Di\u00e1metro compatible: 1,52 cm &#8211; 12 cm | Peso: 575 gr | Material: Acero inoxidable | Acabado: N\u00edquel cepillado<\/p>\n<p style=\"text-align: left;\">Aplicaciones multifuncionales: Perfecto para cocinas dom\u00e9sticas e industriales, bares, cafeter\u00edas, restaurantes, vinotecas, comedores, catering, residencias, sanitario laboratorios y hospitales, este enjuagador optimiza el tiempo y garantiza una limpieza profesional en cada uso. Transforma tu rutina de limpieza. Olv\u00eddate de las manchas persistentes y el desperdicio de agua. \u00a1Haz clic en \u00aba\u00f1adir al carrito\u00bb y descubre por qu\u00e9 es la elecci\u00f3n n\u00famero uno en hogares y negocios!<\/p>\n<p><\/div><\/div><\/div><\/div><\/div><\/div>\n<\/div>","protected":false},"excerpt":{"rendered":"<p class=\"a-size-large a-spacing-none\"><span class=\"a-size-large product-title-word-break\">Enjuagador de Vidrio Autom\u00e1tico de Alta Presi\u00f3n para Fregadero Cocina &#8211; Limpiador de Vidrio Profesional con Vasija Cuadrada Acero Inoxidable | Medidas: 17 x 16 cm<br \/>\n<\/span><\/p>\n<p><span class=\"a-list-item\">\u2705 LIMPIEZA EFICIENTE | Lava Vasos de 5 chorros de alta presi\u00f3n limpian vasos, jarras, copas, biberones con precisi\u00f3n en segundos, reduciendo el tiempo de lavado hasta un 70%. \u00a1Resultados r\u00e1pidos y profesionales en cada uso!<\/span><\/p>\n<p><span class=\"a-list-item\">\u2705USOS M\u00daLTIPLES | Para fregaderos y cocinas industriales de restaurantes, bar, hosteler\u00eda, comedores, vinotecas, residencias, aplicaciones sanitarias, laboratorios y cocinas del hogar, garantizando limpieza profesional en entornos de alta demanda.<\/span><\/p>\n<p><span class=\"a-list-item\">\u2705INSTALACI\u00d3N R\u00c1PIDA | Incluye todos los accesorios necesarios, tubo manguito largo 1 metro m\u00e9trica 1\/2&#8243;. Compatible con fregaderos est\u00e1ndar, se instala en minutos sin complicaciones. Tama\u00f1o: 17,5 x 16 x 6 cm.<\/span><\/p>\n<p><span class=\"a-list-item\">\u2705AHORRO DE AGUA | La v\u00e1lvula antirretorno autom\u00e1tica integrada previene fugas optimizando el consumo de agua en cada uso y su protecci\u00f3n de goma previene golpes en el vidrio. \u00a1Una soluci\u00f3n eficiente y sostenible para tu cocina!<\/span><\/p>\n<p><span class=\"a-list-item\">\u2705MATERIALES DURADEROS: Con vasija recipiente con desag\u00fce, acabado resistente en acero inoxidable y actuador de silicona negra combina durabilidad y seguridad compatible con cualquier estilo de cocina, aportando un toque moderno y elegante.<\/span><\/p>\n<p id=\"title\" class=\"a-size-large a-spacing-none\"><span id=\"productTitle\" class=\"a-size-large product-title-word-break\">\u00a0<\/span><\/p>","protected":false},"featured_media":38581,"template":"","meta":[],"product_brand":[],"product_cat":[87,339,335],"product_tag":[],"class_list":{"0":"post-38574","1":"product","2":"type-product","3":"status-publish","4":"has-post-thumbnail","6":"product_cat-hosteleria","7":"product_cat-accesorios","8":"product_cat-griferia-industrial","9":"description-off","11":"first","12":"instock","13":"taxable","14":"shipping-taxable","15":"purchasable","16":"product-type-simple"},"_links":{"self":[{"href":"https:\/\/goldmanservice.com\/en\/wp-json\/wp\/v2\/product\/38574","targetHints":{"allow":["GET"]}}],"collection":[{"href":"https:\/\/goldmanservice.com\/en\/wp-json\/wp\/v2\/product"}],"about":[{"href":"https:\/\/goldmanservice.com\/en\/wp-json\/wp\/v2\/types\/product"}],"wp:featuredmedia":[{"embeddable":true,"href":"https:\/\/goldmanservice.com\/en\/wp-json\/wp\/v2\/media\/38581"}],"wp:attachment":[{"href":"https:\/\/goldmanservice.com\/en\/wp-json\/wp\/v2\/media?parent=38574"}],"wp:term":[{"taxonomy":"product_brand","embeddable":true,"href":"https:\/\/goldmanservice.com\/en\/wp-json\/wp\/v2\/product_brand?post=38574"},{"taxonomy":"product_cat","embeddable":true,"href":"https:\/\/goldmanservice.com\/en\/wp-json\/wp\/v2\/product_cat?post=38574"},{"taxonomy":"product_tag","embeddable":true,"href":"https:\/\/goldmanservice.com\/en\/wp-json\/wp\/v2\/product_tag?post=38574"}],"curies":[{"name":"wp","href":"https:\/\/api.w.org\/{rel}","templated":true}]}}